{"id":1298,"date":"2015-03-30T19:45:04","date_gmt":"2015-03-30T19:45:04","guid":{"rendered":"http:\/\/szkolenia-udt.pl\/?page_id=1298"},"modified":"2022-10-21T15:59:10","modified_gmt":"2022-10-21T13:59:10","slug":"container-og-palletransportorer","status":"publish","type":"page","link":"https:\/\/szkolenia-udt.pl\/nb\/kursy\/lotnictwo\/transportery-kontenerow-i-palet\/","title":{"rendered":"Container- og palletransport\u00f8rer"},"content":{"rendered":"<h3>Utstyr for lasting av containere p\u00e5 fly<\/h3>\n<div style=\"float: left; padding-right: 10px;\"><div id=\"metaslider-id-1315\" style=\"max-width: 300px;\" class=\"ml-slider-3-107-0 metaslider metaslider-flex metaslider-1315 ml-slider ms-theme-default nav-hidden\" role=\"region\" aria-label=\"Transport\u00f8rer\" data-height=\"225\" data-width=\"300\">\n    <div id=\"metaslider_container_1315\">\n        <div id=\"metaslider_1315\">\n            <ul class='slides'>\n                <li style=\"display: block; width: 100%;\" class=\"slide-1316 ms-image\" aria-roledescription=\"slide\" data-date=\"2015-03-30 20:46:34\" data-filename=\"trans-4.jpg\" data-slide-type=\"image\"><img loading=\"lazy\" decoding=\"async\" src=\"https:\/\/szkolenia-udt.pl\/wp-content\/uploads\/2015\/03\/trans-4.jpg\" height=\"225\" width=\"300\" alt=\"\" class=\"slider-1315 slide-1316 msDefaultImage\" \/><\/li>\n                <li style=\"display: none; width: 100%;\" class=\"slide-1317 ms-image\" aria-roledescription=\"slide\" data-date=\"2015-03-30 20:46:35\" data-filename=\"trans-3.jpg\" data-slide-type=\"image\"><img loading=\"lazy\" decoding=\"async\" src=\"https:\/\/szkolenia-udt.pl\/wp-content\/uploads\/2015\/03\/trans-3.jpg\" height=\"225\" width=\"300\" alt=\"\" class=\"slider-1315 slide-1317 msDefaultImage\" \/><\/li>\n                <li style=\"display: none; width: 100%;\" class=\"slide-1318 ms-image\" aria-roledescription=\"slide\" data-date=\"2015-03-30 20:46:36\" data-filename=\"trans-21.jpg\" data-slide-type=\"image\"><img loading=\"lazy\" decoding=\"async\" src=\"https:\/\/szkolenia-udt.pl\/wp-content\/uploads\/2015\/03\/trans-21.jpg\" height=\"225\" width=\"300\" alt=\"\" class=\"slider-1315 slide-1318 msDefaultImage\" \/><\/li>\n                <li style=\"display: none; width: 100%;\" class=\"slide-1319 ms-image\" aria-roledescription=\"slide\" data-date=\"2015-03-30 20:46:38\" data-filename=\"trans-1.png\" data-slide-type=\"image\"><img loading=\"lazy\" decoding=\"async\" src=\"https:\/\/szkolenia-udt.pl\/wp-content\/uploads\/2015\/03\/trans-1.png\" height=\"225\" width=\"300\" alt=\"\" class=\"slider-1315 slide-1319 msDefaultImage\" \/><\/li>\n            <\/ul>\n        <\/div>\n        \n    <\/div>\n<\/div><\/div>\n<div class=\"wyjustuj\">\n<p>W <a href=\"https:\/\/szkolenia-udt.pl\/nb\/o-firmie\/\">Oppl\u00e6ringssenter for operat\u00f8rer<\/a> OSO tilbyr profesjonell oppl\u00e6ring for container- og palletransport\u00f8rer som brukes p\u00e5 flyplasser. Dra nytte av <a href=\"https:\/\/szkolenia-udt.pl\/nb\/oferta\/\">v\u00e5rt tilbud<\/a> Transportere er lasteplattformer som er utformet slik at containere og paller kan lastes og losses fra dem. De brukes ofte p\u00e5 mange flyplasser rundt om i verden for \u00e5 h\u00e5ndtere last og andre fly. Transportutstyret er f\u00f8rst og fremst utformet som mobile sakselifter eller l\u00f8fteplattformer med to plattformer, som er tilpasset flyets dimensjoner og forenkler h\u00e5ndteringen av last - bagasje, containere og paller.<\/p>\n<p>I l\u00f8pet av kurset f\u00e5r deltakerne bred kunnskap om teorien bak drift av transportb\u00e5nd med vekt p\u00e5 helse- og sikkerhetssp\u00f8rsm\u00e5l, og de deltar i f\u00f8lgende aktiviteter<br \/>\nPraktiske kurs som l\u00e6rer deg \u00e5 bruke utstyret. Flyplasskursene vi tilbyr, er utviklet i samarbeid med erfarne og kompetente spesialister p\u00e5 omr\u00e5det og p\u00e5 grunnlag av gjeldende lovgivning.<\/p>\n<p><a href=\"https:\/\/szkolenia-udt.pl\/nb\/kontakt\/\">Vi inviterer deg til \u00e5 velge v\u00e5rt tilbud!<\/a><\/p>\n<\/div>","protected":false},"excerpt":{"rendered":"<p>Urz\u0105dzenia do za\u0142adunku kontener\u00f3w na statki powietrznych W O\u015brodku Szkolenia Operator\u00f3w OSO oferujemy Pa\u0144stwu profesjonalne szkolenia na transportery kontener\u00f3w i palet stosowane na portach lotniczych. Skorzystanie z naszej oferty to dobry wyb\u00f3r \u2013 nauka od specjalist\u00f3w w swojej dziedzinie w atrakcyjnych cenach.Transportery to platformy cargo, kt\u00f3re zosta\u0142y zaprojektowane tak, aby mo\u017cna by\u0142o za\u0142adowywa\u0107 i roz\u0142adowywa\u0107 [&hellip;]<\/p>\n","protected":false},"author":3,"featured_media":3420,"parent":1288,"menu_order":0,"comment_status":"closed","ping_status":"closed","template":"","meta":{"footnotes":""},"class_list":["post-1298","page","type-page","status-publish","has-post-thumbnail","hentry"],"aioseo_notices":[],"_links":{"self":[{"href":"https:\/\/szkolenia-udt.pl\/nb\/wp-json\/wp\/v2\/pages\/1298","targetHints":{"allow":["GET"]}}],"collection":[{"href":"https:\/\/szkolenia-udt.pl\/nb\/wp-json\/wp\/v2\/pages"}],"about":[{"href":"https:\/\/szkolenia-udt.pl\/nb\/wp-json\/wp\/v2\/types\/page"}],"author":[{"embeddable":true,"href":"https:\/\/szkolenia-udt.pl\/nb\/wp-json\/wp\/v2\/users\/3"}],"replies":[{"embeddable":true,"href":"https:\/\/szkolenia-udt.pl\/nb\/wp-json\/wp\/v2\/comments?post=1298"}],"version-history":[{"count":10,"href":"https:\/\/szkolenia-udt.pl\/nb\/wp-json\/wp\/v2\/pages\/1298\/revisions"}],"predecessor-version":[{"id":3421,"href":"https:\/\/szkolenia-udt.pl\/nb\/wp-json\/wp\/v2\/pages\/1298\/revisions\/3421"}],"up":[{"embeddable":true,"href":"https:\/\/szkolenia-udt.pl\/nb\/wp-json\/wp\/v2\/pages\/1288"}],"wp:featuredmedia":[{"embeddable":true,"href":"https:\/\/szkolenia-udt.pl\/nb\/wp-json\/wp\/v2\/media\/3420"}],"wp:attachment":[{"href":"https:\/\/szkolenia-udt.pl\/nb\/wp-json\/wp\/v2\/media?parent=1298"}],"curies":[{"name":"wp","href":"https:\/\/api.w.org\/{rel}","templated":true}]}}