{"id":1305,"date":"2015-03-30T19:50:34","date_gmt":"2015-03-30T19:50:34","guid":{"rendered":"http:\/\/szkolenia-udt.pl\/?page_id=1305"},"modified":"2022-10-21T15:42:55","modified_gmt":"2022-10-21T13:42:55","slug":"avisingsmaskiner","status":"publish","type":"page","link":"https:\/\/szkolenia-udt.pl\/nb\/kursy\/lotnictwo\/odladzarki\/","title":{"rendered":"Kurs for avisingsmaskiner"},"content":{"rendered":"<div style=\"float: left; padding-right: 10px;\"><div id=\"metaslider-id-1321\" style=\"max-width: 300px;\" class=\"ml-slider-3-108-0 metaslider metaslider-flex metaslider-1321 ml-slider ms-theme-default nav-hidden\" role=\"region\" aria-label=\"Maskiner for avising\" data-height=\"225\" data-width=\"300\">\n    <div id=\"metaslider_container_1321\">\n        <div id=\"metaslider_1321\">\n            <ul class='slides'>\n                <li style=\"display: block; width: 100%;\" class=\"slide-1375 ms-image\" aria-roledescription=\"slide\" data-date=\"2015-07-10 13:24:51\" data-filename=\"resodladzarki_spraying-on-wing-of-plane.jpg\" data-slide-type=\"image\"><img loading=\"lazy\" decoding=\"async\" src=\"https:\/\/szkolenia-udt.pl\/wp-content\/uploads\/2015\/07\/resodladzarki_spraying-on-wing-of-plane.jpg\" height=\"225\" width=\"300\" alt=\"\" class=\"slider-1321 slide-1375 msDefaultImage\" \/><\/li>\n                <li style=\"display: none; width: 100%;\" class=\"slide-1374 ms-image\" aria-roledescription=\"slide\" data-date=\"2015-07-10 13:24:50\" data-filename=\"resodladzarki_KLM-deicing.jpg\" data-slide-type=\"image\"><img loading=\"lazy\" decoding=\"async\" src=\"https:\/\/szkolenia-udt.pl\/wp-content\/uploads\/2015\/07\/resodladzarki_KLM-deicing.jpg\" height=\"225\" width=\"300\" alt=\"\" class=\"slider-1321 slide-1374 msDefaultImage\" \/><\/li>\n                <li style=\"display: none; width: 100%;\" class=\"slide-1372 ms-image\" aria-roledescription=\"slide\" data-date=\"2015-07-10 13:24:49\" data-filename=\"resodladzarki_8465882939_2d4d48b966_b.jpg\" data-slide-type=\"image\"><img loading=\"lazy\" decoding=\"async\" src=\"https:\/\/szkolenia-udt.pl\/wp-content\/uploads\/2015\/07\/resodladzarki_8465882939_2d4d48b966_b.jpg\" height=\"225\" width=\"300\" alt=\"\" class=\"slider-1321 slide-1372 msDefaultImage\" \/><\/li>\n                <li style=\"display: none; width: 100%;\" class=\"slide-1373 ms-image\" aria-roledescription=\"slide\" data-date=\"2015-07-10 13:24:49\" data-filename=\"resodladzarki_Delicing__3__23.jpg\" data-slide-type=\"image\"><img loading=\"lazy\" decoding=\"async\" src=\"https:\/\/szkolenia-udt.pl\/wp-content\/uploads\/2015\/07\/resodladzarki_Delicing__3__23.jpg\" height=\"225\" width=\"300\" alt=\"\" class=\"slider-1321 slide-1373 msDefaultImage\" \/><\/li>\n                <li style=\"display: none; width: 100%;\" class=\"slide-1371 ms-image\" aria-roledescription=\"slide\" data-date=\"2015-07-10 13:24:48\" data-filename=\"resodladzarki_101217-airplane-deicing-hmed-901a.jpg\" data-slide-type=\"image\"><img loading=\"lazy\" decoding=\"async\" src=\"https:\/\/szkolenia-udt.pl\/wp-content\/uploads\/2015\/07\/resodladzarki_101217-airplane-deicing-hmed-901a.jpg\" height=\"225\" width=\"300\" alt=\"\" class=\"slider-1321 slide-1371 msDefaultImage\" \/><\/li>\n                <li style=\"display: none; width: 100%;\" class=\"slide-1370 ms-image\" aria-roledescription=\"slide\" data-date=\"2015-07-10 13:24:46\" data-filename=\"resodladzarki_34t9vl0.jpg\" data-slide-type=\"image\"><img loading=\"lazy\" decoding=\"async\" src=\"https:\/\/szkolenia-udt.pl\/wp-content\/uploads\/2015\/07\/resodladzarki_34t9vl0.jpg\" height=\"225\" width=\"300\" alt=\"\" class=\"slider-1321 slide-1370 msDefaultImage\" \/><\/li>\n            <\/ul>\n        <\/div>\n        \n    <\/div>\n<\/div><\/div>\n<div class=\"wyjustuj\">\n<p><a href=\"https:\/\/szkolenia-udt.pl\/nb\/o-firmie\/\">CSO Operat\u00f8roppl\u00e6ringssenter<\/a> inviterer deg til avisingskursene vi tilbyr for dem som \u00f8nsker \u00e5 f\u00e5 den n\u00f8dvendige sertifiseringen for \u00e5 betjene denne typen utstyr p\u00e5 flyplasser.avisere er utstyr som er utviklet for \u00e5 avise fly. Form\u00e5let er \u00e5 fjerne laget av frossen is fra flyets overflate og deretter beskytte flyet mot ytterligere isdannelse. Avisingen utf\u00f8res f\u00f8r flyet tar av p\u00e5 rullebanene p\u00e5 asfalten. Det foreg\u00e5r ved at en ansatt i en lift spr\u00f8yter en blanding av glykol og vann p\u00e5 flyets overflate ved riktig temperatur. Det er kvalifiserte operat\u00f8rer som er ansvarlige for \u00e5 betjene heisene, og de m\u00e5 ha den n\u00f8dvendige autorisasjonen til \u00e5 gj\u00f8re dette.<\/p>\n<p>I l\u00f8pet av kursene f\u00e5r deltakerne omfattende kunnskap om teorien bak bruken av avisingsutstyr, prinsippene for helse og sikkerhet, og de deltar ogs\u00e5 i praktiske aktiviteter.<\/p>\n<p>Tilgjengelig p\u00e5 senteret v\u00e5rt <a href=\"https:\/\/szkolenia-udt.pl\/nb\/kursy\/lotnictwo\/\">oppl\u00e6ring for flybesetningen<\/a> er utviklet i samarbeid med erfarne spesialister p\u00e5 omr\u00e5det og basert p\u00e5 gjeldende lovgivning.<\/p>\n<p>Vi inviterer deg til \u00e5 gj\u00f8re bruk av <a href=\"https:\/\/szkolenia-udt.pl\/nb\/oferta\/\">v\u00e5rt tilbud<\/a>!<\/p>\n<\/div>","protected":false},"excerpt":{"rendered":"<p>O\u015brodek Szkolenia Operator\u00f3w OSO zaprasza na kursy na odladzarki oferowane przez nas dla os\u00f3b chc\u0105cych uzyska\u0107 odpowiednie uprawnienia do obs\u0142ugi urz\u0105dze\u0144 tego rodzaju na portach lotniczych.Odladzarki to urz\u0105dzenia przeznaczone do odladzania samolot\u00f3w. Ich celem jest usuwanie z powierzchni samolotu warstwy stworzonej przez przymarzni\u0119ty l\u00f3d, a nast\u0119pnie ich zabezpieczenie przed powstaniem kolejnego oblodzenia. Odladzanie jest prowadzone [&hellip;]<\/p>\n","protected":false},"author":3,"featured_media":3416,"parent":1288,"menu_order":0,"comment_status":"closed","ping_status":"closed","template":"","meta":{"footnotes":""},"class_list":["post-1305","page","type-page","status-publish","has-post-thumbnail","hentry"],"aioseo_notices":[],"_links":{"self":[{"href":"https:\/\/szkolenia-udt.pl\/nb\/wp-json\/wp\/v2\/pages\/1305","targetHints":{"allow":["GET"]}}],"collection":[{"href":"https:\/\/szkolenia-udt.pl\/nb\/wp-json\/wp\/v2\/pages"}],"about":[{"href":"https:\/\/szkolenia-udt.pl\/nb\/wp-json\/wp\/v2\/types\/page"}],"author":[{"embeddable":true,"href":"https:\/\/szkolenia-udt.pl\/nb\/wp-json\/wp\/v2\/users\/3"}],"replies":[{"embeddable":true,"href":"https:\/\/szkolenia-udt.pl\/nb\/wp-json\/wp\/v2\/comments?post=1305"}],"version-history":[{"count":6,"href":"https:\/\/szkolenia-udt.pl\/nb\/wp-json\/wp\/v2\/pages\/1305\/revisions"}],"predecessor-version":[{"id":3417,"href":"https:\/\/szkolenia-udt.pl\/nb\/wp-json\/wp\/v2\/pages\/1305\/revisions\/3417"}],"up":[{"embeddable":true,"href":"https:\/\/szkolenia-udt.pl\/nb\/wp-json\/wp\/v2\/pages\/1288"}],"wp:featuredmedia":[{"embeddable":true,"href":"https:\/\/szkolenia-udt.pl\/nb\/wp-json\/wp\/v2\/media\/3416"}],"wp:attachment":[{"href":"https:\/\/szkolenia-udt.pl\/nb\/wp-json\/wp\/v2\/media?parent=1305"}],"curies":[{"name":"wp","href":"https:\/\/api.w.org\/{rel}","templated":true}]}}