{"id":1558,"date":"2016-07-04T19:26:40","date_gmt":"2016-07-04T19:26:40","guid":{"rendered":"http:\/\/szkolenia-udt.pl\/?page_id=1558"},"modified":"2023-12-11T00:53:55","modified_gmt":"2023-12-10T23:53:55","slug":"om-selskapet","status":"publish","type":"page","link":"https:\/\/szkolenia-udt.pl\/nb\/o-firmie\/","title":{"rendered":"Om oss"},"content":{"rendered":"<div style=\"float: left; padding-right: 10px;\"><div id=\"metaslider-id-373\" style=\"max-width: 300px;\" class=\"ml-slider-3-107-0 metaslider metaslider-flex metaslider-373 ml-slider ms-theme-default nav-hidden\" role=\"region\" aria-label=\"Om selskapet 2\" data-height=\"225\" data-width=\"300\">\n    <div id=\"metaslider_container_373\">\n        <div id=\"metaslider_373\">\n            <ul class='slides'>\n                <li style=\"display: block; width: 100%;\" class=\"slide-1109 ms-image\" aria-roledescription=\"slide\" data-date=\"2014-11-12 13:56:05\" data-filename=\"bizness3a.jpg\" data-slide-type=\"image\"><img loading=\"lazy\" decoding=\"async\" src=\"https:\/\/szkolenia-udt.pl\/wp-content\/uploads\/2014\/11\/bizness3a.jpg\" height=\"225\" width=\"300\" alt=\"oppl\u00e6ring\" class=\"slider-373 slide-1109 msDefaultImage\" \/><\/li>\n                <li style=\"display: none; width: 100%;\" class=\"slide-1106 ms-image\" aria-roledescription=\"slide\" data-date=\"2014-11-12 13:56:03\" data-filename=\"biznes5a.jpg\" data-slide-type=\"image\"><img loading=\"lazy\" decoding=\"async\" src=\"https:\/\/szkolenia-udt.pl\/wp-content\/uploads\/2014\/11\/biznes5a.jpg\" height=\"225\" width=\"300\" alt=\"teknisk kontrollmyndighet\" class=\"slider-373 slide-1106 msDefaultImage\" \/><\/li>\n                <li style=\"display: none; width: 100%;\" class=\"slide-1110 ms-image\" aria-roledescription=\"slide\" data-date=\"2014-11-12 14:04:12\" data-filename=\"meeting-2a.jpg\" data-slide-type=\"image\"><img loading=\"lazy\" decoding=\"async\" src=\"https:\/\/szkolenia-udt.pl\/wp-content\/uploads\/2014\/11\/meeting-2a.jpg\" height=\"225\" width=\"300\" alt=\"udt-kurs\" class=\"slider-373 slide-1110 msDefaultImage\" \/><\/li>\n                <li style=\"display: none; width: 100%;\" class=\"slide-1199 ms-image\" aria-roledescription=\"slide\" data-date=\"2014-11-17 21:17:06\" data-filename=\"firma-5a.jpg\" data-slide-type=\"image\"><img loading=\"lazy\" decoding=\"async\" src=\"https:\/\/szkolenia-udt.pl\/wp-content\/uploads\/2014\/11\/firma-5a.jpg\" height=\"225\" width=\"300\" alt=\"warsaw gaffeltrucker\" class=\"slider-373 slide-1199 msDefaultImage\" \/><\/li>\n                <li style=\"display: none; width: 100%;\" class=\"slide-1196 ms-image\" aria-roledescription=\"slide\" data-date=\"2014-11-17 21:17:04\" data-filename=\"Firma-2a.jpg\" data-slide-type=\"image\"><img loading=\"lazy\" decoding=\"async\" src=\"https:\/\/szkolenia-udt.pl\/wp-content\/uploads\/2014\/11\/Firma-2a.jpg\" height=\"225\" width=\"300\" alt=\"\" class=\"slider-373 slide-1196 msDefaultImage\" \/><\/li>\n            <\/ul>\n        <\/div>\n        \n    <\/div>\n<\/div><\/div>\n<div class=\"wyjustuj\">\n<p>OSO Operator Training Centre har v\u00e6rt i drift i mer enn 15 \u00e5r, men vi har mer enn 20 \u00e5rs erfaring. Vi tilbyr omfattende oppl\u00e6ringstjenester for ulike yrkesgrupper. V\u00e5rt tilbud omfatter blant annet <a href=\"https:\/\/szkolenia-udt.pl\/nb\/kursy\/szkolenie-audytorskie-udt\/\">UDT-oppl\u00e6ring<\/a>, <a href=\"https:\/\/szkolenia-udt.pl\/nb\/kursy\/sep-g1-g2-g3\/g1\/\">G1<\/a>, <a href=\"https:\/\/szkolenia-udt.pl\/nb\/kursy\/sep-g1-g2-g3\/g2\/\">G2<\/a>, <a href=\"https:\/\/szkolenia-udt.pl\/nb\/kursy\/sep-g1-g2-g3\/g3\/\">G3<\/a>, HDS, ogs\u00e5 oppl\u00e6ring i helse, milj\u00f8 og sikkerhet, brannslukking og f\u00f8rstehjelp. I tillegg har vi spesialisert oss p\u00e5 helse-, milj\u00f8- og brannsikkerhetstjenester for bedrifter.<\/p>\n<p>V\u00e5rt hovedm\u00e5l er \u00e5 tilby kundene v\u00e5re oppl\u00e6ringstjenester av h\u00f8yeste kvalitet. Sentrene v\u00e5re best\u00e5r av instrukt\u00f8rer med mange \u00e5rs erfaring, kvalifiserte metodikere og andre personer som er opptatt av kvaliteten p\u00e5 oppl\u00e6ringen og deltakernes tilfredshet. If\u00f8lge v\u00e5re unders\u00f8kelser vil s\u00e5 mange som 98%-deltakere p\u00e5 v\u00e5re kurs absolutt anbefale dem til andre.<\/p>\n<p>Vi samarbeider med institusjoner som Office of Technical Inspection og Association of Polish Electricians. Sammen med deres eksperter utarbeider vi l\u00e6replaner og gjennomf\u00f8rer eksamener for lisenser. Vi er opptatt av \u00e5 undervise p\u00e5 et h\u00f8yt niv\u00e5, og derfor tar vi ogs\u00e5 vare p\u00e5 utstyret i oppl\u00e6ringslokalene v\u00e5re, moderne fasiliteter og legger vekt p\u00e5 praksis - b\u00e5de den teoretiske undervisningen og \u00f8velsene v\u00e5re gjennomf\u00f8res ved hjelp av aktiviserende metoder.<\/p>\n<h2 class=\"boldnagl\"><strong>Hvorfor sivilsamfunnsorganisasjoner?<\/strong><\/h2>\n<p>Vi har mange \u00e5rs erfaring og samarbeider med de beste instrukt\u00f8rene over hele landet. I undervisningen bruker vi innovative og aktiviserende undervisningsmetoder. Kursprogrammene v\u00e5re er basert p\u00e5 de nyeste forskriftene, inkludert de som er utarbeidet av Office of Technical Inspection, Association of Polish Electricians og andre bransjeorganer. Vi gir effektiv oppl\u00e6ring - vi utmerker oss ved at vi har den h\u00f8yeste andelen best\u00e5tte eksamener. Vi tilbyr ogs\u00e5 rimelige priser.<\/p>\n<h2 class=\"boldnagl\"><strong>Hvor skal vi trene?<\/strong><\/h2>\n<p>Vi tilbyr oppl\u00e6ring prim\u00e6rt i Warszawa, der hovedkontoret v\u00e5rt ligger, men vi er ogs\u00e5 tilgjengelige andre steder i Polen. Vi tilbyr oppl\u00e6ring i byer som Krak\u00f3w, \u0141\u00f3d\u017a, Wroc\u0142aw, Pozna\u0144, Gda\u0144sk, Gdynia, Szczecin, Bydgoszcz, Lublin, Katowice og Bielsko-Bia\u0142a. I tillegg tilbyr vi oppl\u00e6ring bak lukkede d\u00f8rer, som finner sted p\u00e5 et sted som er avtalt p\u00e5 forh\u00e5nd med kunden.<\/p>\n<p>Hovedkontoret v\u00e5rt ligger i Warszawa, der profesjonelt innredede klasserom venter p\u00e5 deltakerne. Du er ogs\u00e5 velkommen til \u00e5 bes\u00f8ke v\u00e5re filialer i Krakow, Katowice og Bielsko-Biala.<\/p>\n<div style=\"float: left; padding-right: 10px;\"><div id=\"metaslider-id-372\" style=\"max-width: 300px;\" class=\"ml-slider-3-107-0 metaslider metaslider-flex metaslider-372 ml-slider ms-theme-default nav-hidden nav-hidden\" role=\"region\" aria-label=\"om selskapet\" data-height=\"225\" data-width=\"300\">\n    <div id=\"metaslider_container_372\">\n        <div id=\"metaslider_372\">\n            <ul class='slides'>\n                <li style=\"display: block; width: 100%;\" class=\"slide-1108 ms-image\" aria-roledescription=\"slide\" data-date=\"2014-11-12 13:56:05\" data-filename=\"bizness2a.jpg\" data-slide-type=\"image\"><img loading=\"lazy\" decoding=\"async\" src=\"https:\/\/szkolenia-udt.pl\/wp-content\/uploads\/2014\/11\/bizness2a.jpg\" height=\"225\" width=\"300\" alt=\"warszawa udt-kurs\" class=\"slider-372 slide-1108 msDefaultImage\" \/><\/li>\n                <li style=\"display: none; width: 100%;\" class=\"slide-1111 ms-image\" aria-roledescription=\"slide\" data-date=\"2014-11-12 14:04:13\" data-filename=\"meeting2.jpg\" data-slide-type=\"image\"><img loading=\"lazy\" decoding=\"async\" src=\"https:\/\/szkolenia-udt.pl\/wp-content\/uploads\/2014\/11\/meeting2.jpg\" height=\"225\" width=\"300\" alt=\"oso warszawa\" class=\"slider-372 slide-1111 msDefaultImage\" \/><\/li>\n                <li style=\"display: none; width: 100%;\" class=\"slide-1198 ms-image\" aria-roledescription=\"slide\" data-date=\"2014-11-17 21:17:05\" data-filename=\"firma-4a.jpg\" data-slide-type=\"image\"><img loading=\"lazy\" decoding=\"async\" src=\"https:\/\/szkolenia-udt.pl\/wp-content\/uploads\/2014\/11\/firma-4a.jpg\" height=\"225\" width=\"300\" alt=\"oppl\u00e6ring\" class=\"slider-372 slide-1198 msDefaultImage\" \/><\/li>\n                <li style=\"display: none; width: 100%;\" class=\"slide-1197 ms-image\" aria-roledescription=\"slide\" data-date=\"2014-11-17 21:17:05\" data-filename=\"firma-3a.jpg\" data-slide-type=\"image\"><img loading=\"lazy\" decoding=\"async\" src=\"https:\/\/szkolenia-udt.pl\/wp-content\/uploads\/2014\/11\/firma-3a.jpg\" height=\"225\" width=\"300\" alt=\"f\u00f8rere av gaffeltrucker\" class=\"slider-372 slide-1197 msDefaultImage\" \/><\/li>\n                <li style=\"display: none; width: 100%;\" class=\"slide-1195 ms-image\" aria-roledescription=\"slide\" data-date=\"2014-11-17 21:17:03\" data-filename=\"firma-1a.jpg\" data-slide-type=\"image\"><img loading=\"lazy\" decoding=\"async\" src=\"https:\/\/szkolenia-udt.pl\/wp-content\/uploads\/2014\/11\/firma-1a.jpg\" height=\"225\" width=\"300\" alt=\"\" class=\"slider-372 slide-1195 msDefaultImage\" \/><\/li>\n            <\/ul>\n        <\/div>\n        \n    <\/div>\n<\/div><\/div>\n<div class=\"wyjustuj\">\n<p>Vi fokuserer p\u00e5 kundenes behov, s\u00e5 hvis du trenger profesjonell hjelp til \u00e5 l\u00e6re opp bedriftens ansatte eller bare \u00f8nsker \u00e5 forbedre din posisjon p\u00e5 arbeidsmarkedet, kan du sjekke ut tilbudet v\u00e5rt n\u00e5, velge en passende dato og melde deg selv eller dine ansatte p\u00e5 kurs. Hvis du har sp\u00f8rsm\u00e5l, st\u00e5r vi alltid til din disposisjon - det er bare \u00e5 ringe, sende en e-post eller bes\u00f8ke en av filialene v\u00e5re.OSO Operator Training Centre er en ikke-offentlig utdanningsinstitusjon som driver oppl\u00e6ringsvirksomhet i registret over ikke-offentlige skoler og institusjoner i Warszawa.<\/p>\n<p>Hvis du har sp\u00f8rsm\u00e5l om tjenestene v\u00e5re, er vi alltid tilgjengelige - ikke n\u00f8l med \u00e5 kontakte oss. Ta en titt p\u00e5 hele oppl\u00e6ringstilbudet v\u00e5rt p\u00e5 nettstedet v\u00e5rt, og velg gjerne v\u00e5re tjenester!<\/p>\n<p>Vi inviterer deg hjertelig til \u00e5 velge v\u00e5re tjenester!<br \/>\nTeamet ved CSO Operator Training Centre<\/p>\n<\/div>\n<\/div>","protected":false},"excerpt":{"rendered":"<p>O\u015brodek Szkolenia Operator\u00f3w OSO dzia\u0142a od ponad 15 lat, ale nasze do\u015bwiadczenie si\u0119ga ponad 20 lat wstecz. Zajmujemy si\u0119 \u015bwiadczeniem kompleksowych us\u0142ug szkoleniowych dla r\u00f3\u017cnych grup zawodowych. W naszej ofercie znajduj\u0105 si\u0119 mi\u0119dzy innymi szkolenia UDT, G1, G2, G3, HDS, tak\u017ce szkolenia BHP, PPO\u017b oraz pierwszej pomocy przedmedycznej. Dodatkowo nasz\u0105 specjalno\u015bci\u0105 s\u0105 us\u0142ugi BHP i [&hellip;]<\/p>\n","protected":false},"author":3,"featured_media":0,"parent":0,"menu_order":0,"comment_status":"closed","ping_status":"closed","template":"","meta":{"footnotes":""},"class_list":["post-1558","page","type-page","status-publish","hentry"],"aioseo_notices":[],"_links":{"self":[{"href":"https:\/\/szkolenia-udt.pl\/nb\/wp-json\/wp\/v2\/pages\/1558","targetHints":{"allow":["GET"]}}],"collection":[{"href":"https:\/\/szkolenia-udt.pl\/nb\/wp-json\/wp\/v2\/pages"}],"about":[{"href":"https:\/\/szkolenia-udt.pl\/nb\/wp-json\/wp\/v2\/types\/page"}],"author":[{"embeddable":true,"href":"https:\/\/szkolenia-udt.pl\/nb\/wp-json\/wp\/v2\/users\/3"}],"replies":[{"embeddable":true,"href":"https:\/\/szkolenia-udt.pl\/nb\/wp-json\/wp\/v2\/comments?post=1558"}],"version-history":[{"count":5,"href":"https:\/\/szkolenia-udt.pl\/nb\/wp-json\/wp\/v2\/pages\/1558\/revisions"}],"predecessor-version":[{"id":2901,"href":"https:\/\/szkolenia-udt.pl\/nb\/wp-json\/wp\/v2\/pages\/1558\/revisions\/2901"}],"wp:attachment":[{"href":"https:\/\/szkolenia-udt.pl\/nb\/wp-json\/wp\/v2\/media?parent=1558"}],"curies":[{"name":"wp","href":"https:\/\/api.w.org\/{rel}","templated":true}]}}