{"id":1841,"date":"2016-10-11T20:42:45","date_gmt":"2016-10-11T20:42:45","guid":{"rendered":"http:\/\/szkolenia-udt.pl\/?page_id=1841"},"modified":"2021-07-19T21:57:05","modified_gmt":"2021-07-19T21:57:05","slug":"kompressorer","status":"publish","type":"page","link":"https:\/\/szkolenia-udt.pl\/nb\/kursy\/sprezarki\/","title":{"rendered":"Kompressorer"},"content":{"rendered":"<h2 class=\"boldnagl\">OPPL\u00c6RING FOR KOMPRESSORER<\/h2>\n<p>Vi oppfordrer deg til \u00e5 melde deg p\u00e5 profesjonell kompressoroppl\u00e6ring. V\u00e5r <a href=\"https:\/\/szkolenia-udt.pl\/nb\/o-firmie\/\">sentrum<\/a> er en kombinasjon av service av topp kvalitet og spesialisert utdanning som hjelper deg med \u00e5 oppn\u00e5 de yrkeskvalifikasjonene du \u00f8nsker.<\/p>\n<h3 class=\"boldnagl\">FORM\u00c5LET MED OPPL\u00c6RINGEN<\/h3>\n<p>Som en del av yrkesutdannelsen tilbyr vi profesjonelle klasser der hver deltaker kan l\u00e6re \u00e5 bruke f\u00f8lgende utstyr:<\/p>\n<ul>\n<li>kompressorer,<\/li>\n<li>kompressorer,<\/li>\n<li>Idioter,<\/li>\n<li>bl\u00e5sere,<\/li>\n<li>trykkluftsystemer.<\/li>\n<\/ul>\n<p>Vi tilbyr praktisk og teoretisk undervisning der du kan tilegne deg ferdigheter knyttet til drift og overv\u00e5king av utstyr.<br \/>\nP\u00e5 slutten av kurset har hver deltaker mulighet til \u00e5 avlegge en fagpr\u00f8ve foran en kvalifikasjonsnemnd. Sertifikatet er gyldig i 5 \u00e5r, og deretter m\u00e5 kvalifikasjonen fornyes.<\/p>\n<h3 class=\"boldnagl\">DELTAKERE<\/h3>\n<p>Alle over 18 \u00e5r og med minst grunnskoleutdanning kan delta i aktivitetene.<\/p>\n<h3 class=\"boldnagl\">FORDELENE MED YRKESFAGLIG UTDANNING<\/h3>\n<p>I l\u00f8pet av kurset kan hver enkelt deltaker l\u00e6re om den viktigste lovgivningen som regulerer driften av utstyr og installasjoner i detalj, samt inndelingen av kompressorer og deres forskjellige typer. Dette omfatter ogs\u00e5 kunnskaper og ferdigheter for drift av utstyret i oppstarts- og nedstengningsfasene, samt kunnskaper om utstyrets konstruksjon og driftsprinsipper. Kurset inneholder ogs\u00e5 leksjoner i arbeidsmilj\u00f8 og brannsikkerhet.<br \/>\nVi oppfordrer deg til \u00e5 registrere deg for <a href=\"https:\/\/szkolenia-udt.pl\/nb\/kursy\/\">v\u00e5re oppl\u00e6ringskurs<\/a> p\u00e5 kompressorer og for \u00e5 <a href=\"https:\/\/szkolenia-udt.pl\/nb\/kontakt\/\">kontakt per telefon eller e-post<\/a>.<\/p>","protected":false},"excerpt":{"rendered":"<p>SZKOLENIA NA SPR\u0118\u017bARKI Zach\u0119camy do zapisania si\u0119 na profesjonalne szkolenie obs\u0142ugi spr\u0119\u017carek. Nasz o\u015brodek to po\u0142\u0105czenie najwy\u017cszej jako\u015bci obs\u0142ugi oraz specjalistyczna edukacja, dzi\u0119ki kt\u00f3rej mo\u017cna zyska\u0107 upragnione uprawnienia zawodowe. CEL SZKOLENIA W ramach procesu edukacji zawodowej zapewniamy profesjonalne zaj\u0119cia, na kt\u00f3rych ka\u017cdy uczestnik mo\u017ce si\u0119 nauczy\u0107 obs\u0142ugiwa\u0107 nast\u0119puj\u0105ce urz\u0105dzenia: spr\u0119\u017carki, kompresory, ssawy, dmuchawy, instalacje spr\u0119\u017conego [&hellip;]<\/p>\n","protected":false},"author":3,"featured_media":0,"parent":22,"menu_order":0,"comment_status":"closed","ping_status":"closed","template":"","meta":{"footnotes":""},"class_list":["post-1841","page","type-page","status-publish","hentry"],"aioseo_notices":[],"_links":{"self":[{"href":"https:\/\/szkolenia-udt.pl\/nb\/wp-json\/wp\/v2\/pages\/1841","targetHints":{"allow":["GET"]}}],"collection":[{"href":"https:\/\/szkolenia-udt.pl\/nb\/wp-json\/wp\/v2\/pages"}],"about":[{"href":"https:\/\/szkolenia-udt.pl\/nb\/wp-json\/wp\/v2\/types\/page"}],"author":[{"embeddable":true,"href":"https:\/\/szkolenia-udt.pl\/nb\/wp-json\/wp\/v2\/users\/3"}],"replies":[{"embeddable":true,"href":"https:\/\/szkolenia-udt.pl\/nb\/wp-json\/wp\/v2\/comments?post=1841"}],"version-history":[{"count":6,"href":"https:\/\/szkolenia-udt.pl\/nb\/wp-json\/wp\/v2\/pages\/1841\/revisions"}],"predecessor-version":[{"id":2379,"href":"https:\/\/szkolenia-udt.pl\/nb\/wp-json\/wp\/v2\/pages\/1841\/revisions\/2379"}],"up":[{"embeddable":true,"href":"https:\/\/szkolenia-udt.pl\/nb\/wp-json\/wp\/v2\/pages\/22"}],"wp:attachment":[{"href":"https:\/\/szkolenia-udt.pl\/nb\/wp-json\/wp\/v2\/media?parent=1841"}],"curies":[{"name":"wp","href":"https:\/\/api.w.org\/{rel}","templated":true}]}}