{"id":1853,"date":"2017-06-15T17:03:26","date_gmt":"2017-06-15T17:03:26","guid":{"rendered":"http:\/\/szkolenia-udt.pl\/?page_id=1853"},"modified":"2026-03-04T12:10:29","modified_gmt":"2026-03-04T11:10:29","slug":"fiberoptisk-sveising","status":"publish","type":"page","link":"https:\/\/szkolenia-udt.pl\/nb\/kursy\/spawanie-swiatlowodow\/","title":{"rendered":"Fiberoptisk sveising"},"content":{"rendered":"<h2>Kurs i fiberoptisk sveising<\/h2>\n<div class=\"wyjustuj\">\n<p><a href=\"https:\/\/szkolenia-udt.pl\/wp-content\/uploads\/2021\/07\/Projekt-bez-tytulu-34.jpg\"><img loading=\"lazy\" decoding=\"async\" class=\"wp-image-2386 size-medium alignleft\" src=\"https:\/\/szkolenia-udt.pl\/wp-content\/uploads\/2021\/07\/Projekt-bez-tytulu-34-300x251.jpg\" alt=\"\" width=\"300\" height=\"251\" srcset=\"https:\/\/szkolenia-udt.pl\/wp-content\/uploads\/2021\/07\/Projekt-bez-tytulu-34-300x251.jpg 300w, https:\/\/szkolenia-udt.pl\/wp-content\/uploads\/2021\/07\/Projekt-bez-tytulu-34-768x644.jpg 768w, https:\/\/szkolenia-udt.pl\/wp-content\/uploads\/2021\/07\/Projekt-bez-tytulu-34.jpg 940w\" sizes=\"auto, (max-width: 300px) 100vw, 300px\" \/><\/a>Du er hjertelig velkommen til \u00e5 melde deg p\u00e5 et fiberoptisk sveisekurs hos OSO! Vi inviterer deg til \u00e5 melde deg p\u00e5 et fiberoptisk sveisekurs hos v\u00e5rt Operator Training Centre. Vi er en oppl\u00e6ringsbedrift med mange \u00e5rs erfaring som tilbyr v\u00e5re kunder profesjonelle tjenester til rimelige priser!<\/p>\n<p>Jobber som fiberoptisk sveising krever tilstrekkelig teoretisk og praktisk oppl\u00e6ring. I dag, n\u00e5r fiberoptiske kabler legges stadig oftere, er det \u00e5 kunne betjene en fiberoptisk sveisemaskin sv\u00e6rt nyttig for \u00e5 f\u00e5 jobb.<\/p>\n<h3><strong>Form\u00e5let med oppl\u00e6ringen<\/strong><\/h3>\n<p>For deg som vil begynne \u00e5 sveise fiberoptikk, er et kurs innen dette omr\u00e5det det beste valget. Kurset tar for seg teori og praksis for \u00e5 betjene et apparat som en fibersveisemaskin og lage skj\u00f8ter. Du l\u00e6rer hvordan en fibersveisemaskin fungerer, hvordan den skal betjenes, samt hvordan du klargj\u00f8r fiberoptiske kabler og etterbehandler dem.<\/p>\n<h3><strong>Oppl\u00e6ringstemaene omfatter hovedsakelig<\/strong><\/h3>\n<ul>\n<li>typer optiske fibre og deres parametere<\/li>\n<li>fiberoptiske kontakter og deres typer og bruksomr\u00e5der<\/li>\n<li>klargj\u00f8ring av fiberoptiske kabler og tilbeh\u00f8r for sveising<\/li>\n<li>drift av fiberoptisk sveisemaskin<\/li>\n<li>Fiberoptisk sveising<\/li>\n<li>kontrollm\u00e5linger<\/li>\n<li>helse- og sikkerhetsregler p\u00e5 arbeidsplassen<\/li>\n<\/ul>\n<div style=\"width: 640px;\" class=\"wp-video\"><video id=\"video-1853-1\" width=\"640\" height=\"360\" poster=\"https:\/\/szkolenia-udt.pl\/wp-content\/uploads\/2023\/03\/okladka-spawacz-swiatlowodow-OSO.jpg\" preload=\"metadata\" controls=\"controls\"><source type=\"video\/mp4\" src=\"https:\/\/szkolenia-udt.pl\/wp-content\/uploads\/2023\/03\/spawacz-swiatlowodow-SZKOLENIA-UDT.PL-OSO.mp4?_=1\" \/><a href=\"https:\/\/szkolenia-udt.pl\/wp-content\/uploads\/2023\/03\/spawacz-swiatlowodow-SZKOLENIA-UDT.PL-OSO.mp4\">https:\/\/szkolenia-udt.pl\/wp-content\/uploads\/2023\/03\/spawacz-swiatlowodow-SZKOLENIA-UDT.PL-OSO.mp4<\/a><\/video><\/div>\n<p>\u00a0<\/p>\n<\/div>\n\n\n<h2 class=\"wp-block-heading\"><strong>Rettigheter<\/strong><\/h2>\n\n\n\n<p>Etter utdanningen kan du f\u00e5 sveiselisens bekreftet med et relevant sertifikat.<\/p>\n\n\n\n<h2 class=\"wp-block-heading\"><strong>Pris<\/strong><\/h2>\n\n\n\n<p>Hvis du er interessert i et kurs i fiberoptisk sveising, er prisen p\u00e5 v\u00e5rt senter sv\u00e6rt attraktiv. Vi tilbyr ogs\u00e5 attraktive rabatter for st\u00f8rre grupper. For priser, se prislisten eller kontakt oss.<\/p>\n\n\n\n<h2 class=\"wp-block-heading\"><strong>Hvor opererer vi?<\/strong><\/h2>\n\n\n\n<p>For sveisekurs inviterer vi deg til v\u00e5re sentre som er landsdekkende. Vi kan ogs\u00e5 reise ut til kunder i hele landet for lukkede kurs.<\/p>\n\n\n\n<p>Hvis du har ytterligere sp\u00f8rsm\u00e5l, er du velkommen til \u00e5 kontakte oss. V\u00e5re ansatte vil gi deg utfyllende svar.<\/p>\n\n\n\n<h2 class=\"wp-block-heading\">Internasjonale sertifikater<\/h2>\n\n\n\n<p>CFOS\/S Fibre Optic Welding-kurset er en del av et internasjonalt sertifiseringsl\u00f8p for \u00e5 oppn\u00e5 praktiske ferdigheter og et prestisjetungt sertifikat i fiberoptikkbransjen.<\/p>\n\n\n\n<h3 class=\"wp-block-heading\">CFOT - Sertifisert fiberoptisk tekniker<\/h3>\n\n\n\n<p>Grunnleggende sertifikat for fiberoptiske teknikere - installasjon, grunnleggende sveising og m\u00e5ling.<\/p>\n\n\n\n<h3 class=\"wp-block-heading\">CFOS\/O - Utenfor anlegget<\/h3>\n\n\n\n<p>Spesialiserer seg p\u00e5 bygging og vedlikehold av utend\u00f8rs nettverk i bakken, kloakk og p\u00e5 stolper.<\/p>\n\n\n\n<h3 class=\"wp-block-heading\">CFOS\/S - Skj\u00f8ting<\/h3>\n\n\n\n<p>Praktisk fibersveising, forberedelse og beskyttelse av fuger, sveisekvalitetskontroll.<\/p>\n\n\n\n<h3 class=\"wp-block-heading\">CFOS\/T - Testing<\/h3>\n\n\n\n<p>M\u00e5ling og diagnostikk av fiberoptiske nettverk, OTDR-drift og rapportering av resultater.<\/p>","protected":false},"excerpt":{"rendered":"<p>Kurs spawania \u015bwiat\u0142owod\u00f3w Zapraszamy serdecznie na kurs spawacza \u015bwiat\u0142owod\u00f3w do OSO!Zapraszamy do zapisania si\u0119 na kurs spawania \u015bwiat\u0142owod\u00f3w w naszym O\u015brodku Szkolenia Operator\u00f3w. Jeste\u015bmy firm\u0105 szkoleniow\u0105 z wieloletnim do\u015bwiadczeniem, kt\u00f3ra zapewnia swoim klientom profesjonalne us\u0142ugi w przyst\u0119pnych cenach! Prace takie jak spawanie \u015bwiat\u0142owod\u00f3w wymaga odpowiedniego przygotowania teoretycznego i praktycznego. Obecnie, gdy kable \u015bwiat\u0142owodowe k\u0142adzione s\u0105 [&hellip;]<\/p>\n","protected":false},"author":3,"featured_media":2386,"parent":22,"menu_order":0,"comment_status":"closed","ping_status":"closed","template":"","meta":{"footnotes":""},"class_list":["post-1853","page","type-page","status-publish","has-post-thumbnail","hentry"],"aioseo_notices":[],"_links":{"self":[{"href":"https:\/\/szkolenia-udt.pl\/nb\/wp-json\/wp\/v2\/pages\/1853","targetHints":{"allow":["GET"]}}],"collection":[{"href":"https:\/\/szkolenia-udt.pl\/nb\/wp-json\/wp\/v2\/pages"}],"about":[{"href":"https:\/\/szkolenia-udt.pl\/nb\/wp-json\/wp\/v2\/types\/page"}],"author":[{"embeddable":true,"href":"https:\/\/szkolenia-udt.pl\/nb\/wp-json\/wp\/v2\/users\/3"}],"replies":[{"embeddable":true,"href":"https:\/\/szkolenia-udt.pl\/nb\/wp-json\/wp\/v2\/comments?post=1853"}],"version-history":[{"count":10,"href":"https:\/\/szkolenia-udt.pl\/nb\/wp-json\/wp\/v2\/pages\/1853\/revisions"}],"predecessor-version":[{"id":5792,"href":"https:\/\/szkolenia-udt.pl\/nb\/wp-json\/wp\/v2\/pages\/1853\/revisions\/5792"}],"up":[{"embeddable":true,"href":"https:\/\/szkolenia-udt.pl\/nb\/wp-json\/wp\/v2\/pages\/22"}],"wp:featuredmedia":[{"embeddable":true,"href":"https:\/\/szkolenia-udt.pl\/nb\/wp-json\/wp\/v2\/media\/2386"}],"wp:attachment":[{"href":"https:\/\/szkolenia-udt.pl\/nb\/wp-json\/wp\/v2\/media?parent=1853"}],"curies":[{"name":"wp","href":"https:\/\/api.w.org\/{rel}","templated":true}]}}