{"id":1895,"date":"2017-12-06T15:39:54","date_gmt":"2017-12-06T15:39:54","guid":{"rendered":"http:\/\/szkolenia-udt.pl\/?page_id=1895"},"modified":"2023-12-11T01:01:39","modified_gmt":"2023-12-11T00:01:39","slug":"sep-g1-g2-g3","status":"publish","type":"page","link":"https:\/\/szkolenia-udt.pl\/nb\/kursy\/sep-g1-g2-g3\/","title":{"rendered":"Velkommen til G1-, G2- og G3-kurs - Warszawa"},"content":{"rendered":"<h2 class=\"boldnagl\">G1-, G2- og G3-kurs - Warszawa og hele Polen<\/h2>\n<div class=\"sliderpage\"><div id=\"metaslider-id-1940\" style=\"max-width: 300px;\" class=\"ml-slider-3-109-0 metaslider metaslider-flex metaslider-1940 ml-slider ms-theme-default nav-hidden\" role=\"region\" aria-label=\"sep\" data-height=\"225\" data-width=\"300\">\n    <div id=\"metaslider_container_1940\">\n        <div id=\"metaslider_1940\">\n            <ul class='slides'>\n                <li style=\"display: block; width: 100%;\" class=\"slide-2001 ms-image\" aria-roledescription=\"slide\" data-date=\"2017-12-29 10:30:02\" data-filename=\"SEP_blog2-1-1030x686-300x225.jpg\" data-slide-type=\"image\"><img loading=\"lazy\" decoding=\"async\" src=\"https:\/\/szkolenia-udt.pl\/wp-content\/uploads\/2017\/12\/SEP_blog2-1-1030x686-300x225.jpg\" height=\"225\" width=\"300\" alt=\"\" class=\"slider-1940 slide-2001 msDefaultImage\" \/><\/li>\n            <\/ul>\n        <\/div>\n        \n    <\/div>\n<\/div><\/div>\n<p>Du er velkommen til \u00e5 delta p\u00e5 kurs for \u00e5 forberede deg til eksamener ved en valgfri nemnd, f.eks: <a href=\"https:\/\/szkolenia-udt.pl\/nb\/kursy\/sep-g1-g2-g3\/komisje-certyfikujace-sep-pse-simp-sitps\/\">SEP<\/a>PSE, SIMP, SITPS p\u00e5 Operator Training Centre! Vi tilbyr omfattende og profesjonelle kurs i Warszawa og andre byer i Polen. Hvis du \u00f8nsker \u00e5 jobbe som elektriker med gass- eller varmeinstallasjoner, nettverk og apparater, m\u00e5 du ha en bekreftelse p\u00e5 at du har de n\u00f8dvendige kvalifikasjonene.<\/p>\n<h3 class=\"boldnagl\">Vi tilbyr undervisning i f\u00f8lgende kategorier:<\/h3>\n<ul>\n<li><a href=\"https:\/\/szkolenia-udt.pl\/nb\/kursy\/sep-g1-g2-g3\/g1\/\">elektrisk oppl\u00e6ring - G1<\/a> - elektrisk utstyr, installasjoner og nettverk<\/li>\n<li><a href=\"https:\/\/szkolenia-udt.pl\/nb\/kursy\/sep-g1-g2-g3\/g2\/\">termisk trening - G2<\/a> - termiske anlegg, installasjoner og nettverk<\/li>\n<li><a href=\"https:\/\/szkolenia-udt.pl\/nb\/kursy\/sep-g1-g2-g3\/g3\/\">gassoppl\u00e6ring - G3<\/a> - gassutstyr, -installasjoner og -nettverk<\/li>\n<\/ul>\n<p>Kursene er rettet mot tilsyns- og driftspersonell, som i l\u00f8pet av kurset f\u00e5r tilstrekkelig kunnskap om forskrifter og krav til elektrisk, termisk og gassrelatert utstyr og installasjoner.<\/p>\n<h3 class=\"boldnagl\">Form\u00e5let med oppl\u00e6ringen<\/h3>\n<p>Dette kurset, som forbereder deg til G1-, G2- og G3-eksamenene, gj\u00f8r deg kvalifisert til \u00e5 arbeide med elektrisk, termisk eller gassrelatert utstyr, installasjoner og nettverk, enten i tilsyn eller drift.<\/p>\n<h3 class=\"boldnagl\">Rettigheter<\/h3>\n<p>Hvert kurs avsluttes med en eksamen. Hvis deltakeren best\u00e5r eksamen, vil han\/hun motta de relevante dokumentene som bekrefter at han\/hun er kvalifisert for den aktuelle stillingen. Lisensen er gyldig i fem \u00e5r fra utstedelsesdatoen. De omtales ogs\u00e5 som elektrofagbrev eller fagbrev opp til 1 kV.<\/p>\n<h3 class=\"boldnagl\">Krav<\/h3>\n<p>De som \u00f8nsker \u00e5 delta i oppl\u00e6ringen, m\u00e5 oppfylle f\u00f8lgende krav:<\/p>\n<ul>\n<li>minst 18 \u00e5r gammel<\/li>\n<li>minimum grunnskoleutdanning<\/li>\n<\/ul>\n<h3 class=\"boldnagl\">Pris<\/h3>\n<p>N\u00e5r du \u00f8nsker \u00e5 melde deg p\u00e5 et kurs hos oss, tilbyr vi sv\u00e6rt attraktive priser. Du finner en oppdatert prisliste p\u00e5 nettstedet v\u00e5rt eller ved \u00e5 ringe det oppgitte telefonnummeret. Vi har utarbeidet attraktive rabatter for st\u00f8rre grupper.<\/p>\n<h3 class=\"boldnagl\">Undervisningssted<\/h3>\n<p>Vi tilbyr oppl\u00e6ring i hele Polen, blant annet i Warszawa, samt i v\u00e5re regionale avdelinger. Vi holder ogs\u00e5 lukkede kurs rettet mot organiserte grupper, og i slike tilfeller kan vi reise til det avtalte stedet.<\/p>\n<p>Hvis du har ytterligere sp\u00f8rsm\u00e5l, er du velkommen til \u00e5 kontakte oss. Vi vil gi deg all n\u00f8dvendig informasjon.<\/p>\n<p>OSO Operator Training Centre inviterer deg til oppl\u00e6ringskurs - i Warszawa og over hele Polen!<\/p>","protected":false},"excerpt":{"rendered":"<p>Szkolenia G1, G2, G3 \u2013 Warszawa i ca\u0142a Polska Zapraszamy na szkolenia przygotowuj\u0105ce do egzamin\u00f3w przed komisj\u0105 wybran\u0105 przez kursanta np.: SEP, PSE, SIMP, SITPS w O\u015brodku Szkolenia Operator\u00f3w! Zajmujemy si\u0119 kompleksowym i profesjonalnym prowadzeniem kurs\u00f3w w Warszawie oraz w innych miastach w Polsce. Gdy chcesz pracowa\u0107 w zawodzie elektryka, zajmowa\u0107 si\u0119 prac\u0105 z instalacjami, [&hellip;]<\/p>\n","protected":false},"author":3,"featured_media":5320,"parent":22,"menu_order":0,"comment_status":"closed","ping_status":"closed","template":"","meta":{"footnotes":""},"class_list":["post-1895","page","type-page","status-publish","has-post-thumbnail","hentry"],"aioseo_notices":[],"_links":{"self":[{"href":"https:\/\/szkolenia-udt.pl\/nb\/wp-json\/wp\/v2\/pages\/1895","targetHints":{"allow":["GET"]}}],"collection":[{"href":"https:\/\/szkolenia-udt.pl\/nb\/wp-json\/wp\/v2\/pages"}],"about":[{"href":"https:\/\/szkolenia-udt.pl\/nb\/wp-json\/wp\/v2\/types\/page"}],"author":[{"embeddable":true,"href":"https:\/\/szkolenia-udt.pl\/nb\/wp-json\/wp\/v2\/users\/3"}],"replies":[{"embeddable":true,"href":"https:\/\/szkolenia-udt.pl\/nb\/wp-json\/wp\/v2\/comments?post=1895"}],"version-history":[{"count":10,"href":"https:\/\/szkolenia-udt.pl\/nb\/wp-json\/wp\/v2\/pages\/1895\/revisions"}],"predecessor-version":[{"id":2899,"href":"https:\/\/szkolenia-udt.pl\/nb\/wp-json\/wp\/v2\/pages\/1895\/revisions\/2899"}],"up":[{"embeddable":true,"href":"https:\/\/szkolenia-udt.pl\/nb\/wp-json\/wp\/v2\/pages\/22"}],"wp:featuredmedia":[{"embeddable":true,"href":"https:\/\/szkolenia-udt.pl\/nb\/wp-json\/wp\/v2\/media\/5320"}],"wp:attachment":[{"href":"https:\/\/szkolenia-udt.pl\/nb\/wp-json\/wp\/v2\/media?parent=1895"}],"curies":[{"name":"wp","href":"https:\/\/api.w.org\/{rel}","templated":true}]}}