{"id":1897,"date":"2017-12-06T15:44:11","date_gmt":"2017-12-06T15:44:11","guid":{"rendered":"http:\/\/szkolenia-udt.pl\/?page_id=1897"},"modified":"2022-06-13T12:07:08","modified_gmt":"2022-06-13T10:07:08","slug":"g1","status":"publish","type":"page","link":"https:\/\/szkolenia-udt.pl\/nb\/kursy\/sep-g1-g2-g3\/g1\/","title":{"rendered":"Velkommen til G1-kurset - Warszawa"},"content":{"rendered":"<h2 class=\"boldnagl\">G1-kurs - Warszawa og hele Polen<\/h2>\n<div class=\"sliderpage\"><div id=\"metaslider-id-1951\" style=\"max-width: 300px;\" class=\"ml-slider-3-109-0 metaslider metaslider-flex metaslider-1951 ml-slider ms-theme-default nav-hidden\" role=\"region\" aria-label=\"sep-g1\" data-height=\"225\" data-width=\"300\">\n    <div id=\"metaslider_container_1951\">\n        <div id=\"metaslider_1951\">\n            <ul class='slides'>\n                <li style=\"display: block; width: 100%;\" class=\"slide-2003 ms-image\" aria-roledescription=\"slide\" data-date=\"2017-12-29 10:31:03\" data-filename=\"SEP_4-1030x687-300x225.jpg\" data-slide-type=\"image\"><img loading=\"lazy\" decoding=\"async\" src=\"https:\/\/szkolenia-udt.pl\/wp-content\/uploads\/2017\/12\/SEP_4-1030x687-300x225.jpg\" height=\"225\" width=\"300\" alt=\"\" class=\"slider-1951 slide-2003 msDefaultImage\" \/><\/li>\n            <\/ul>\n        <\/div>\n        \n    <\/div>\n<\/div><\/div>\n<p><a href=\"https:\/\/szkolenia-udt.pl\/nb\/o-firmie\/\">CSO Operat\u00f8roppl\u00e6ringssenter<\/a> inviterer deg til \u00e5 delta p\u00e5 et kurs som forbereder deg til eksamen i kategori G1 for elektrisk utstyr, installasjoner og nettverk. Kurset forbereder deg til eksamen og til arbeidet som elektriker innen tilsyn og drift av utstyr, installasjoner og nettverk klassifisert i gruppe 1 opp til og over 1 kV.<\/p>\n<h2 class=\"boldnagl\">Form\u00e5let med oppl\u00e6ringen<\/h2>\n<p>M\u00e5let med oppl\u00e6ringen er \u00e5 forberede deltakerne p\u00e5 \u00e5 g\u00e5 opp til eksamen og f\u00e5 et kvalifikasjonsbevis innen det valgte fagomr\u00e5det. De tilgjengelige aktivitetene er: drift, vedlikehold, reparasjon, montering og <a href=\"https:\/\/szkolenia-udt.pl\/nb\/kursy\/sep-g1-g2-g3\/prace-kontrolno-pomiarowe\/\">kontroll- og m\u00e5learbeid<\/a>.<\/p>\n<h2 class=\"boldnagl\">G1-innehavere kan utf\u00f8re arbeid p\u00e5 f\u00f8lgende omr\u00e5der:<\/h2>\n<ul>\n<li>produksjonsutstyr som er koblet til det nasjonale str\u00f8mnettet, uavhengig av spenningsniv\u00e5<\/li>\n<li>elektrisk utstyr, installasjoner og nettverk med en spenning p\u00e5 1 kV eller mindre<\/li>\n<li>utstyr, installasjoner og nettverk med en nominell spenning p\u00e5 over 1 kV<\/li>\n<li>generatorsett med en effekt p\u00e5 mer enn 50 kW<\/li>\n<li>elektrotermisk utstyr<\/li>\n<li>elektrolyseutstyr<\/li>\n<li>nettverk for elektrisk gatebelysning<\/li>\n<li>elektrisk kontaktledning<\/li>\n<li>eksplosjonssikkert elektrisk utstyr<\/li>\n<li>kontroll- og m\u00e5leapparater og automatisk kontroll- og beskyttelsesutstyr og -installasjoner for utstyret og installasjonene nevnt ovenfor<\/li>\n<\/ul>\n<h2 class=\"boldnagl\">Rettigheter<\/h2>\n<p>Kvalifikasjonsbeviset, den s\u00e5kalte elektrokvalifikasjonen, utstedes etter best\u00e5tt eksamen foran en nemnd som eleven selv velger, f.eks: <a href=\"https:\/\/szkolenia-udt.pl\/nb\/kursy\/sep-g1-g2-g3\/komisje-certyfikujace-sep-pse-simp-sitps\/\">SEP<\/a>, PSE, SIMP, SITPS. Kvalifikasjonens gyldighetsperiode er 5 \u00e5r.<\/p>\n<h2 class=\"boldnagl\">Krav<\/h2>\n<p>G1-kurset er rettet mot de som oppfyller f\u00f8lgende krav<\/p>\n<ul>\n<li>minst 18 \u00e5r gammel<\/li>\n<li>minimum grunnskoleutdanning<\/li>\n<\/ul>\n<h2 class=\"boldnagl\">Pris<\/h2>\n<ul>\n<li>Kursene kj\u00f8res daglig<\/li>\n<li>kostnaden for selve oppl\u00e6ringen PLN 90,<\/li>\n<li>kostnad for oppl\u00e6ring med eksamen PLN 303<\/li>\n<\/ul>\n<h2 class=\"boldnagl\">Undervisningssted<\/h2>\n<p>Undervisningen foreg\u00e5r i Warszawa og p\u00e5 andre steder i Polen, ved regionale CSO-fasiliteter. Vi tilbyr ogs\u00e5 oppl\u00e6ring i lukkede rom i henhold til kundens behov.<\/p>\n<p>Hvis du har ytterligere sp\u00f8rsm\u00e5l, er du velkommen til \u00e5 kontakte oss. <a href=\"https:\/\/szkolenia-udt.pl\/nb\/kontakt\/\">Kontakt oss<\/a> for \u00e5 f\u00e5 et svar.<\/p>\n<p>OSO Operator Training Centre inviterer deg til oppl\u00e6ringskurs for elektriske kvalifikasjoner opp til 1 kV - i Warszawa og over hele Polen!<\/p>","protected":false},"excerpt":{"rendered":"<p>Szkolenia G1 \u2013 Warszawa i ca\u0142a Polska O\u015brodek Szkolenia Operator\u00f3w OSO zaprasza do skorzystania z kursu przygotowuj\u0105ce do egzamin\u00f3w w kategorii G1 na urz\u0105dzenia, instalacje i sieci elektroenergetyczne. Zaj\u0119cia przygotowuj\u0105 do egzaminu oraz pracy na stanowisku elektryka w zakresie dozoru i eksploatacji urz\u0105dze\u0144, instalacji oraz sieci zaliczanych do grupy 1 do i powy\u017cej 1 kV. [&hellip;]<\/p>\n","protected":false},"author":3,"featured_media":2002,"parent":1895,"menu_order":0,"comment_status":"closed","ping_status":"closed","template":"","meta":{"footnotes":""},"class_list":["post-1897","page","type-page","status-publish","has-post-thumbnail","hentry"],"aioseo_notices":[],"_links":{"self":[{"href":"https:\/\/szkolenia-udt.pl\/nb\/wp-json\/wp\/v2\/pages\/1897","targetHints":{"allow":["GET"]}}],"collection":[{"href":"https:\/\/szkolenia-udt.pl\/nb\/wp-json\/wp\/v2\/pages"}],"about":[{"href":"https:\/\/szkolenia-udt.pl\/nb\/wp-json\/wp\/v2\/types\/page"}],"author":[{"embeddable":true,"href":"https:\/\/szkolenia-udt.pl\/nb\/wp-json\/wp\/v2\/users\/3"}],"replies":[{"embeddable":true,"href":"https:\/\/szkolenia-udt.pl\/nb\/wp-json\/wp\/v2\/comments?post=1897"}],"version-history":[{"count":9,"href":"https:\/\/szkolenia-udt.pl\/nb\/wp-json\/wp\/v2\/pages\/1897\/revisions"}],"predecessor-version":[{"id":2897,"href":"https:\/\/szkolenia-udt.pl\/nb\/wp-json\/wp\/v2\/pages\/1897\/revisions\/2897"}],"up":[{"embeddable":true,"href":"https:\/\/szkolenia-udt.pl\/nb\/wp-json\/wp\/v2\/pages\/1895"}],"wp:featuredmedia":[{"embeddable":true,"href":"https:\/\/szkolenia-udt.pl\/nb\/wp-json\/wp\/v2\/media\/2002"}],"wp:attachment":[{"href":"https:\/\/szkolenia-udt.pl\/nb\/wp-json\/wp\/v2\/media?parent=1897"}],"curies":[{"name":"wp","href":"https:\/\/api.w.org\/{rel}","templated":true}]}}