{"id":1899,"date":"2017-12-06T15:46:28","date_gmt":"2017-12-06T15:46:28","guid":{"rendered":"http:\/\/szkolenia-udt.pl\/?page_id=1899"},"modified":"2022-06-13T12:07:25","modified_gmt":"2022-06-13T10:07:25","slug":"g2","status":"publish","type":"page","link":"https:\/\/szkolenia-udt.pl\/nb\/kursy\/sep-g1-g2-g3\/g2\/","title":{"rendered":"Meld deg p\u00e5 G2-kurset - Warszawa"},"content":{"rendered":"<div style=\"float: left; padding-right: 10px;\"><div id=\"metaslider-id-1958\" style=\"max-width: 300px;\" class=\"ml-slider-3-108-0 metaslider metaslider-flex metaslider-1958 ml-slider ms-theme-default nav-hidden\" role=\"region\" aria-label=\"sep-g2\" data-height=\"225\" data-width=\"300\">\n    <div id=\"metaslider_container_1958\">\n        <div id=\"metaslider_1958\">\n            <ul class='slides'>\n                <li style=\"display: block; width: 100%;\" class=\"slide-2005 ms-image\" aria-roledescription=\"slide\" data-date=\"2017-12-29 10:39:49\" data-filename=\"GAZ1-236x177.jpg\" data-slide-type=\"image\"><img loading=\"lazy\" decoding=\"async\" src=\"https:\/\/szkolenia-udt.pl\/wp-content\/uploads\/2017\/12\/GAZ1-236x177.jpg\" height=\"225\" width=\"300\" alt=\"\" class=\"slider-1958 slide-2005 msDefaultImage\" \/><\/li>\n            <\/ul>\n        <\/div>\n        \n    <\/div>\n<\/div><\/div>\n<h2 class=\"boldnagl\"><strong>G2-kurs - Warszawa og hele Polen <\/strong><\/h2>\n<p><a href=\"https:\/\/szkolenia-udt.pl\/nb\/o-firmie\/\">CSO Operat\u00f8roppl\u00e6ringssenter<\/a> inviterer deg til \u00e5 melde deg p\u00e5 G2-kurset for termisk utstyr, installasjoner og nettverk. Kurset forbereder deg til \u00e5 ta gruppe 2-eksamen i tilsyn og drift av utstyr, installasjoner og nettverk.<\/p>\n<p class=\"boldnagl\"><strong>Form\u00e5let med oppl\u00e6ringen<\/strong><br \/>\nKurset er rettet mot de som \u00f8nsker \u00e5 oppn\u00e5 kvalifikasjoner for \u00e5 arbeide med drift og tilsyn av utstyr i kategori G2. Kurset forbereder til eksamen for en kommisjon som kursdeltakeren selv velger, f.eks: <a href=\"https:\/\/szkolenia-udt.pl\/nb\/kursy\/sep-g1-g2-g3\/komisje-certyfikujace-sep-pse-simp-sitps\/\">SEP<\/a>, PSE, SIMP, SITPS presenterer informasjon om konstruksjon og drift av utstyr, kontroll- og m\u00e5leapparater, regler for helse og sikkerhet p\u00e5 arbeidsplassen og lovbestemmelser.<\/p>\n<p><strong>G2-innehavere kan utf\u00f8re arbeid innenfor f\u00f8lgende omr\u00e5der: <\/strong><\/p>\n<ul>\n<li>damp- og vannkjeler som fyres med fast, flytende og gassformig brensel med en effekt p\u00e5 over 50 kW, inkludert hjelpeutstyr<\/li>\n<li>ventilasjons-, klimaanlegg- og kj\u00f8leenheter over 50 kW<\/li>\n<li>anlegg for lagring, lagring og lossing av drivstoff med en lagringskapasitet p\u00e5 over 100 Mg<\/li>\n<li>damp- og vannturbiner p\u00e5 mer enn 50 kW, inkludert hjelpeutstyr<\/li>\n<li>kompressorer over 20 kW og trykkluft- og industrigassinstallasjoner<\/li>\n<li>varmenettverk og -installasjoner, inkludert tilleggsutstyr, med varmeoverf\u00f8ring p\u00e5 mer enn 50 kW<\/li>\n<li>industrielle damp- og varmtvannsforbruksenheter med en kapasitet p\u00e5 mer enn 50 kW<\/li>\n<li>pumper, avtrekk, vifter og bl\u00e5sere med en effekt p\u00e5 mer enn 50 kW<\/li>\n<li>industriovner p\u00e5 over 50 kW<\/li>\n<li>kontroll- og m\u00e5leapparater og automatisk kontroll- og beskyttelsesutstyr og -installasjoner for utstyret og installasjonene nevnt ovenfor<\/li>\n<\/ul>\n<h2 class=\"boldnagl\"><strong>Rettigheter <\/strong><\/h2>\n<p>Et kvalifikasjonsbevis, dvs. en gruppe G2-lisens, oppn\u00e5s etter best\u00e5tt eksamen. Lisensen er gyldig i 5 \u00e5r.<\/p>\n<h2 class=\"boldnagl\"><strong>Krav <\/strong><\/h2>\n<p>G2-kurset er rettet mot deg som oppfyller f\u00f8lgende krav<\/p>\n<ul>\n<li>minst 18 \u00e5r gammel<\/li>\n<li>minimum grunnskoleutdanning<\/li>\n<\/ul>\n<h3 class=\"boldnagl\"><strong>Pris <\/strong><\/h3>\n<p>N\u00e5r det gjelder rettigheter, <a href=\"https:\/\/szkolenia-udt.pl\/nb\/oferta\/\">pris<\/a> p\u00e5 CSO-senteret v\u00e5rt er konkurransedyktig. Bes\u00f8k nettstedet v\u00e5rt for n\u00f8yaktig kostnadsinformasjon. Vi oppfordrer deg ogs\u00e5 til \u00e5 kontakte oss for mer informasjon.<\/p>\n<h3 class=\"boldnagl\"><strong>Undervisningssted <\/strong><\/h3>\n<p>Vi gjennomf\u00f8rer oppl\u00e6ring i Warszawa og p\u00e5 OSOs feltsteder i Polen. Vi tilbyr ogs\u00e5 oppl\u00e6ring i lukkede rom p\u00e5 et tidspunkt og sted som avtales med kunden.<\/p>\n<p>Hvis du har ytterligere sp\u00f8rsm\u00e5l, kan du kontakte <a href=\"https:\/\/szkolenia-udt.pl\/nb\/kontakt\/\">Kontakt oss<\/a> via e-post eller telefon. Vi vil svare utfyllende p\u00e5 alle sp\u00f8rsm\u00e5l.<\/p>\n<p>OSO Operator Training Centre inviterer deg til oppl\u00e6ringskurs - i Warszawa og over hele Polen!<\/p>","protected":false},"excerpt":{"rendered":"<p>Szkolenia G2 \u2013 Warszawa i ca\u0142a Polska O\u015brodek Szkolenia Operator\u00f3w OSO zaprasza do zapisania si\u0119 na szkolenie cieplne G2 dla urz\u0105dze\u0144, instalacji i sieci cieplnych. Zaj\u0119cia przygotowuj\u0105 do podej\u015bcia do egzaminu w zakresie dozoru i eksploatacji urz\u0105dze\u0144, instalacji oraz sieci w grupie 2. Cel szkolenia Zaj\u0119cia skierowane s\u0105 do os\u00f3b pragn\u0105cych uzyska\u0107 kwalifikacje do pracy [&hellip;]<\/p>\n","protected":false},"author":3,"featured_media":2004,"parent":1895,"menu_order":0,"comment_status":"closed","ping_status":"closed","template":"","meta":{"footnotes":""},"class_list":["post-1899","page","type-page","status-publish","has-post-thumbnail","hentry"],"aioseo_notices":[],"_links":{"self":[{"href":"https:\/\/szkolenia-udt.pl\/nb\/wp-json\/wp\/v2\/pages\/1899","targetHints":{"allow":["GET"]}}],"collection":[{"href":"https:\/\/szkolenia-udt.pl\/nb\/wp-json\/wp\/v2\/pages"}],"about":[{"href":"https:\/\/szkolenia-udt.pl\/nb\/wp-json\/wp\/v2\/types\/page"}],"author":[{"embeddable":true,"href":"https:\/\/szkolenia-udt.pl\/nb\/wp-json\/wp\/v2\/users\/3"}],"replies":[{"embeddable":true,"href":"https:\/\/szkolenia-udt.pl\/nb\/wp-json\/wp\/v2\/comments?post=1899"}],"version-history":[{"count":7,"href":"https:\/\/szkolenia-udt.pl\/nb\/wp-json\/wp\/v2\/pages\/1899\/revisions"}],"predecessor-version":[{"id":2895,"href":"https:\/\/szkolenia-udt.pl\/nb\/wp-json\/wp\/v2\/pages\/1899\/revisions\/2895"}],"up":[{"embeddable":true,"href":"https:\/\/szkolenia-udt.pl\/nb\/wp-json\/wp\/v2\/pages\/1895"}],"wp:featuredmedia":[{"embeddable":true,"href":"https:\/\/szkolenia-udt.pl\/nb\/wp-json\/wp\/v2\/media\/2004"}],"wp:attachment":[{"href":"https:\/\/szkolenia-udt.pl\/nb\/wp-json\/wp\/v2\/media?parent=1899"}],"curies":[{"name":"wp","href":"https:\/\/api.w.org\/{rel}","templated":true}]}}