{"id":1901,"date":"2017-12-06T15:49:02","date_gmt":"2017-12-06T15:49:02","guid":{"rendered":"http:\/\/szkolenia-udt.pl\/?page_id=1901"},"modified":"2022-06-13T11:46:13","modified_gmt":"2022-06-13T09:46:13","slug":"g3","status":"publish","type":"page","link":"https:\/\/szkolenia-udt.pl\/nb\/kursy\/sep-g1-g2-g3\/g3\/","title":{"rendered":"Velkommen til G3 training - Warszawa"},"content":{"rendered":"<div style=\"float: left; padding-right: 10px;\"><div id=\"metaslider-id-1966\" style=\"max-width: 300px;\" class=\"ml-slider-3-107-0 metaslider metaslider-flex metaslider-1966 ml-slider ms-theme-default nav-hidden\" role=\"region\" aria-label=\"sep-g3\" data-height=\"325\" data-width=\"300\">\n    <div id=\"metaslider_container_1966\">\n        <div id=\"metaslider_1966\">\n            <ul class='slides'>\n                <li style=\"display: block; width: 100%;\" class=\"slide-2007 ms-image\" aria-roledescription=\"slide\" data-date=\"2017-12-29 11:07:03\" data-filename=\"g3-5-213x230.jpg\" data-slide-type=\"image\"><img loading=\"lazy\" decoding=\"async\" src=\"https:\/\/szkolenia-udt.pl\/wp-content\/uploads\/2017\/12\/g3-5-213x230.jpg\" height=\"325\" width=\"300\" alt=\"\" class=\"slider-1966 slide-2007 msDefaultImage\" \/><\/li>\n            <\/ul>\n        <\/div>\n        \n    <\/div>\n<\/div><\/div>\n<h2 class=\"boldnagl\"><strong>G3-kurs - Warszawa og hele Polen <\/strong><\/h2>\n<p>Du inviteres til \u00e5 melde deg p\u00e5 et kurs for \u00e5 forberede deg til eksamen f\u00f8r komiteene <a href=\"https:\/\/szkolenia-udt.pl\/nb\/kursy\/sep-g1-g2-g3\/komisje-certyfikujace-sep-pse-simp-sitps\/\">SEP<\/a>PSE, SIMP, SITPS i G3-kategorien p\u00e5 CSO Operator Training Centre! Undervisningen gis av v\u00e5re eksperter, og forbereder deg p\u00e5 arbeid innen tilsyn og drift av utstyr, installasjoner og nettverk i gruppe 3.<\/p>\n<h2 class=\"boldnagl\"><strong>Form\u00e5let med oppl\u00e6ringen <\/strong><\/h2>\n<p>M\u00e5let med kurset <a href=\"https:\/\/szkolenia-udt.pl\/nb\/kursy\/sep-g1-g2-g3\/g1\/\">G1<\/a> er \u00e5 forberede deltakerne grundig p\u00e5 \u00e5 avlegge eksamen for \u00e5 f\u00e5 gasslisens for drift og tilsyn, avhengig av hvilket alternativ som velges.<\/p>\n<p><strong>G3-innehavere kan utf\u00f8re <\/strong><\/p>\n<ul>\n<li>arbeid p\u00e5 f\u00f8lgende omr\u00e5der:<\/li>\n<li>utstyr for produksjon av gassformig brensel, gassgeneratorer<\/li>\n<li>gassapparater og -installasjoner med et trykk p\u00e5 over 5 kPa<\/li>\n<li>gassapparater og -installasjoner med et trykk p\u00e5 ikke mer enn 5 kPa<\/li>\n<li>anlegg for prosessering og behandling av gassbrensel, anlegg for nedbryting av gassbrensel, anlegg for prosessering av naturgass, anlegg for rensing av gass, anlegg for ekspansjon og tapping av flytende petroleumsgass (LPG), denitrifikasjon, blandingsanlegg<\/li>\n<li>lagringsanlegg for gassformig brensel<\/li>\n<li>gassturbiner<\/li>\n<li>gassdistribusjonsnettverk med et trykk som ikke overstiger 0,5 MPa (gassr\u00f8rledninger og trykkreduksjonspunkter, bensinstasjoner)<\/li>\n<li>gassoverf\u00f8ringsnettverk med et trykk p\u00e5 over 0,5 MPa (gassr\u00f8rledninger, bensinstasjoner, gasskompressorstasjoner)<\/li>\n<li>industrielle forbrukere av gassformig brensel med en effekt p\u00e5 over 50 kW<\/li>\n<li>kontroll- og m\u00e5leapparater og automatisk kontroll- og beskyttelsesutstyr og -installasjoner for utstyret og installasjonene nevnt ovenfor<\/li>\n<\/ul>\n<h2 class=\"boldnagl\"><strong>Rettigheter <\/strong><\/h2>\n<p>En gasslisens, kvalifikasjonsbeviset for gruppe G3, oppn\u00e5s etter best\u00e5tt eksamen. Lisensen er gyldig i 5 \u00e5r.<\/p>\n<h2 class=\"boldnagl\"><strong>Krav <\/strong><\/h2>\n<p>G3-kurset er \u00e5pent for de som har:<\/p>\n<ul>\n<li>minst 18 \u00e5r gammel<\/li>\n<li>minimum grunnskoleutdanning<\/li>\n<\/ul>\n<h3 class=\"boldnagl\"><strong>Pris <\/strong><\/h3>\n<p>N\u00e5r du \u00f8nsker \u00e5 bli bemyndiget , <a href=\"https:\/\/szkolenia-udt.pl\/nb\/oferta\/\">pris<\/a> p\u00e5 senteret v\u00e5rt er sv\u00e6rt attraktive og konkurransedyktige. Informasjon om kostnader finner du p\u00e5 nettstedet v\u00e5rt eller ved \u00e5 ringe det angitte nummeret. Det p\u00e5l\u00f8per en ekstra kostnad for unders\u00f8kelsen.<\/p>\n<h3 class=\"boldnagl\"><strong>Undervisningssted <\/strong><\/h3>\n<p>Undervisningen organiseres i Warszawa og andre steder i Polen der det finnes regionale CSO-sentre. Vi kan ogs\u00e5 arrangere lukkede klasser p\u00e5 et forh\u00e5ndsavtalt sted og en forh\u00e5ndsavtalt dato.<\/p>\n<p>Hvis du har ytterligere sp\u00f8rsm\u00e5l <a href=\"https:\/\/szkolenia-udt.pl\/nb\/kontakt\/\">vennligst kontakt oss<\/a> med v\u00e5re spesialister.<\/p>\n<p>OSO Operator Training Centre inviterer deg til et kurs i G3-kategorien - i Warszawa og over hele Polen!<\/p>","protected":false},"excerpt":{"rendered":"<p>Szkolenia G3 \u2013 Warszawa i ca\u0142a Polska Zach\u0119camy do zapisania si\u0119 na kurs przygotowuj\u0105ce do egzamin\u00f3w przed komisjami SEP, PSE, SIMP, SITPS w kategorii G3 w O\u015brodku Szkolenia Operator\u00f3w OSO! Prowadzone przez naszych ekspert\u00f3w zaj\u0119cia przygotowuj\u0105 do podj\u0119cia pracy w zakresie dozoru i eksploatacji urz\u0105dze\u0144, instalacji oraz sieci w grupie 3. Cel szkolenia Celem kursu [&hellip;]<\/p>\n","protected":false},"author":3,"featured_media":2006,"parent":1895,"menu_order":0,"comment_status":"closed","ping_status":"closed","template":"","meta":{"footnotes":""},"class_list":["post-1901","page","type-page","status-publish","has-post-thumbnail","hentry"],"aioseo_notices":[],"_links":{"self":[{"href":"https:\/\/szkolenia-udt.pl\/nb\/wp-json\/wp\/v2\/pages\/1901","targetHints":{"allow":["GET"]}}],"collection":[{"href":"https:\/\/szkolenia-udt.pl\/nb\/wp-json\/wp\/v2\/pages"}],"about":[{"href":"https:\/\/szkolenia-udt.pl\/nb\/wp-json\/wp\/v2\/types\/page"}],"author":[{"embeddable":true,"href":"https:\/\/szkolenia-udt.pl\/nb\/wp-json\/wp\/v2\/users\/3"}],"replies":[{"embeddable":true,"href":"https:\/\/szkolenia-udt.pl\/nb\/wp-json\/wp\/v2\/comments?post=1901"}],"version-history":[{"count":7,"href":"https:\/\/szkolenia-udt.pl\/nb\/wp-json\/wp\/v2\/pages\/1901\/revisions"}],"predecessor-version":[{"id":2892,"href":"https:\/\/szkolenia-udt.pl\/nb\/wp-json\/wp\/v2\/pages\/1901\/revisions\/2892"}],"up":[{"embeddable":true,"href":"https:\/\/szkolenia-udt.pl\/nb\/wp-json\/wp\/v2\/pages\/1895"}],"wp:featuredmedia":[{"embeddable":true,"href":"https:\/\/szkolenia-udt.pl\/nb\/wp-json\/wp\/v2\/media\/2006"}],"wp:attachment":[{"href":"https:\/\/szkolenia-udt.pl\/nb\/wp-json\/wp\/v2\/media?parent=1901"}],"curies":[{"name":"wp","href":"https:\/\/api.w.org\/{rel}","templated":true}]}}