{"id":1903,"date":"2017-12-06T15:50:24","date_gmt":"2017-12-06T15:50:24","guid":{"rendered":"http:\/\/szkolenia-udt.pl\/?page_id=1903"},"modified":"2022-06-13T11:54:26","modified_gmt":"2022-06-13T09:54:26","slug":"sertifiseringskomiteer-sep-pse-simp-sitps","status":"publish","type":"page","link":"https:\/\/szkolenia-udt.pl\/nb\/kursy\/sep-g1-g2-g3\/komisje-certyfikujace-sep-pse-simp-sitps\/","title":{"rendered":"Sertifiseringskomiteer: SEP, PSE, SIMP, SITPS"},"content":{"rendered":"<div style=\"float: left; padding-right: 10px;\"><div id=\"metaslider-id-1974\" style=\"max-width: 450px;\" class=\"ml-slider-3-107-0 metaslider metaslider-flex metaslider-1974 ml-slider ms-theme-default nav-hidden\" role=\"region\" aria-label=\"com-sep\" data-height=\"400\" data-width=\"450\">\n    <div id=\"metaslider_container_1974\">\n        <div id=\"metaslider_1974\">\n            <ul class='slides'>\n                <li style=\"display: block; width: 100%;\" class=\"slide-2009 ms-image\" aria-roledescription=\"slide\" data-date=\"2017-12-29 11:08:48\" data-filename=\"images-3-217x192.jpg\" data-slide-type=\"image\"><img loading=\"lazy\" decoding=\"async\" src=\"https:\/\/szkolenia-udt.pl\/wp-content\/uploads\/2017\/12\/images-3-217x192.jpg\" height=\"400\" width=\"450\" alt=\"\" class=\"slider-1974 slide-2009 msDefaultImage\" \/><\/li>\n            <\/ul>\n        <\/div>\n        \n    <\/div>\n<\/div><\/div>\n<h2 class=\"boldnagl\"><strong>SEP, PSE, SIMP, SITPS - sertifiseringstavler godkjent av ERO <\/strong><\/h2>\n<p>Det er vanlig \u00e5 referere til kurs som gir den relevante kvalifikasjonen for kraft-, varme- og gassutstyr, installasjoner og nettverk som \"SEP-kurs\". P\u00e5 samme m\u00e5te omtales \"SEP-eksamen\" ogs\u00e5 som sertifiseringseksamen. I realiteten kan den imidlertid ogs\u00e5 avlegges foran andre sertifiseringsorganer.<\/p>\n<p>Energireguleringsmyndigheten (URE) er det sentrale administrative organet som regulerer det polske energimarkedet. Det er URE som godkjenner eksamenskommisjonene som man kan avlegge eksamener for, de s\u00e5kalte SEP-ene. I tillegg til SEP er det i dag ogs\u00e5 mulig \u00e5 g\u00e5 opp til eksamen i andre komiteer.<\/p>\n<h2 class=\"boldnagl\"><strong>Sertifiseringsnemnder som eksamen kan avlegges foran: <\/strong><\/h2>\n<ul>\n<li>SEP - Foreningen av polske elektroingeni\u00f8rer<\/li>\n<li>PSE - Polsk forening for elektriske installasjoner<\/li>\n<li>SIMP - Foreningen av polske maskiningeni\u00f8rer<\/li>\n<li>SITPS eller SITSpo\u017c - Foreningen for ingeni\u00f8rer og teknikere i n\u00e6ringsmiddelindustrien<\/li>\n<\/ul>\n<p>Society of Polish Electricians, eller SEP, er den mest popul\u00e6re foreningen, <a href=\"https:\/\/szkolenia-udt.pl\/nb\/kursy\/sep-g1-g2-g3\/egzamin-sep-pse-simp-sitps\/\">f\u00f8r hvilke eksamener som gjennomf\u00f8res<\/a>men kan ogs\u00e5 kontaktes av de ovennevnte foreningene og andre som er opprettet av Energitilsynet.<\/p>","protected":false},"excerpt":{"rendered":"<p>SEP, PSE, SIMP, SITPS \u2013 komisje certyfikuj\u0105ce zatwierdzone przez URE Przyj\u0119\u0142o si\u0119 m\u00f3wi\u0107, \u017ce kursy nadaj\u0105ce odpowiednie potwierdzenie kwalifikacji dla urz\u0105dze\u0144, instalacji i sieci energetycznych, cieplnych i gazowych okre\u015blane s\u0105 jako &#8222;kursy SEP&#8221;. Podobnie jako &#8222;egzamin SEP&#8221; okre\u015bla si\u0119 te\u017c egzamin na uprawnienia. W rzeczywisto\u015bci jednak mo\u017cna zdawa\u0107 go tak\u017ce przed innymi komisjami certyfikuj\u0105cymi. Urz\u0105d [&hellip;]<\/p>\n","protected":false},"author":3,"featured_media":2008,"parent":1895,"menu_order":0,"comment_status":"closed","ping_status":"closed","template":"","meta":{"footnotes":""},"class_list":["post-1903","page","type-page","status-publish","has-post-thumbnail","hentry"],"aioseo_notices":[],"_links":{"self":[{"href":"https:\/\/szkolenia-udt.pl\/nb\/wp-json\/wp\/v2\/pages\/1903","targetHints":{"allow":["GET"]}}],"collection":[{"href":"https:\/\/szkolenia-udt.pl\/nb\/wp-json\/wp\/v2\/pages"}],"about":[{"href":"https:\/\/szkolenia-udt.pl\/nb\/wp-json\/wp\/v2\/types\/page"}],"author":[{"embeddable":true,"href":"https:\/\/szkolenia-udt.pl\/nb\/wp-json\/wp\/v2\/users\/3"}],"replies":[{"embeddable":true,"href":"https:\/\/szkolenia-udt.pl\/nb\/wp-json\/wp\/v2\/comments?post=1903"}],"version-history":[{"count":5,"href":"https:\/\/szkolenia-udt.pl\/nb\/wp-json\/wp\/v2\/pages\/1903\/revisions"}],"predecessor-version":[{"id":2894,"href":"https:\/\/szkolenia-udt.pl\/nb\/wp-json\/wp\/v2\/pages\/1903\/revisions\/2894"}],"up":[{"embeddable":true,"href":"https:\/\/szkolenia-udt.pl\/nb\/wp-json\/wp\/v2\/pages\/1895"}],"wp:featuredmedia":[{"embeddable":true,"href":"https:\/\/szkolenia-udt.pl\/nb\/wp-json\/wp\/v2\/media\/2008"}],"wp:attachment":[{"href":"https:\/\/szkolenia-udt.pl\/nb\/wp-json\/wp\/v2\/media?parent=1903"}],"curies":[{"name":"wp","href":"https:\/\/api.w.org\/{rel}","templated":true}]}}