{"id":1905,"date":"2017-12-06T15:51:23","date_gmt":"2017-12-06T15:51:23","guid":{"rendered":"http:\/\/szkolenia-udt.pl\/?page_id=1905"},"modified":"2022-06-13T11:20:39","modified_gmt":"2022-06-13T09:20:39","slug":"sep-pse-simp-sitps-eksamen","status":"publish","type":"page","link":"https:\/\/szkolenia-udt.pl\/nb\/kursy\/sep-g1-g2-g3\/egzamin-sep-pse-simp-sitps\/","title":{"rendered":"Hvordan fungerer eksamenene G1, G2, G3, PSE, SIMP, SITPS?"},"content":{"rendered":"<div style=\"float: left; padding-right: 10px;\"><div id=\"metaslider-id-1940\" style=\"max-width: 300px;\" class=\"ml-slider-3-109-0 metaslider metaslider-flex metaslider-1940 ml-slider ms-theme-default nav-hidden\" role=\"region\" aria-label=\"sep\" data-height=\"225\" data-width=\"300\">\n    <div id=\"metaslider_container_1940\">\n        <div id=\"metaslider_1940\">\n            <ul class='slides'>\n                <li style=\"display: block; width: 100%;\" class=\"slide-2001 ms-image\" aria-roledescription=\"slide\" data-date=\"2017-12-29 10:30:02\" data-filename=\"SEP_blog2-1-1030x686-300x225.jpg\" data-slide-type=\"image\"><img loading=\"lazy\" decoding=\"async\" src=\"https:\/\/szkolenia-udt.pl\/wp-content\/uploads\/2017\/12\/SEP_blog2-1-1030x686-300x225.jpg\" height=\"225\" width=\"300\" alt=\"\" class=\"slider-1940 slide-2001 msDefaultImage\" \/><\/li>\n            <\/ul>\n        <\/div>\n        \n    <\/div>\n<\/div><\/div>\n<h2 class=\"boldnagl\"><strong>Eksamen G1, G2, G3, PSE, SIMP, SITPS <\/strong><\/h2>\n<p>For \u00e5 v\u00e6re kvalifisert til \u00e5 utf\u00f8re arbeid med drift og tilsyn av elektrisk, termisk og gassrelatert utstyr, installasjoner og nettverk, er det n\u00f8dvendig \u00e5 best\u00e5 en eksamen.<\/p>\n<h3 class=\"boldnagl\"><strong>Sertifiseringskomiteer<\/strong><\/h3>\n<p>Denne eksamenen, som ogs\u00e5 kalles \"SEP-eksamen\", avlegges imidlertid ikke bare for det polske elektrikerforbundet, som er det mest popul\u00e6re.<\/p>\n<p>Sertifisering utf\u00f8res ogs\u00e5 av andre komiteer som er godkjent av Energitilsynet (ERO), blant annet den polske elinstallasjonsforeningen (PSE), foreningen for polske maskiningeni\u00f8rer (SIMP) og foreningen for ingeni\u00f8rer og teknikere i n\u00e6ringsmiddelindustrien (SITPS eller SITSpo\u017c).<\/p>\n<h2 class=\"boldnagl\"><strong>Hvordan g\u00e5r det med unders\u00f8kelsen?<\/strong><\/h2>\n<p>Det rettslige grunnlaget for \u00e5 gjennomf\u00f8re unders\u00f8kelsen for \u00e5 f\u00e5 lisens er forskrift fra ministeren for \u00f8konomi, arbeid og sosialpolitikk av 28. april 2003, avhengig av installasjoner, utstyr og nettverk for elektrisitet, energi eller gass.<\/p>\n<p>Det fremg\u00e5r at eksamen gjennomf\u00f8res av en eksamensgruppe p\u00e5 minst tre personer som oppnevnes av styrets leder. Eksaminasjonen er muntlig og tester kandidatens kunnskaper innenfor det valgte omr\u00e5det - enten tilsyns- eller driftsstillinger.<\/p>\n<p>Sp\u00f8rsm\u00e5lene under eksamen omhandler blant annet forskrifter, prinsipper for sikker drift av utstyr, installasjoner og nettverk, prinsipper for utf\u00f8relse av inspeksjons- og m\u00e5learbeid, beredskapsinstrukser, prinsipper for avhending av str\u00f8mmen til utstyr som er koblet til nettet.<\/p>","protected":false},"excerpt":{"rendered":"<p>Egzamin G1, G2, G3, PSE, SIMP, SITPS W celu uzyskania odpowiednich uprawnie\u0144 do prowadzenia prac dotycz\u0105cych eksploatacji i dozoru urz\u0105dze\u0144, instalacji oraz sieci elektroenergetycznych, cieplnych i gazowych konieczne jest pozytywne zaliczenie egzaminu. Komisje certyfikuj\u0105ce Egzamin ten, kt\u00f3ry okre\u015blany jest te\u017c jako &#8222;egzamin SEP&#8221;, prowadzony jest jednak nie tylko przed Stowarzyszeniem Elektryk\u00f3w Polskich, kt\u00f3re jest najbardziej [&hellip;]<\/p>\n","protected":false},"author":3,"featured_media":2000,"parent":1895,"menu_order":0,"comment_status":"closed","ping_status":"closed","template":"","meta":{"footnotes":""},"class_list":["post-1905","page","type-page","status-publish","has-post-thumbnail","hentry"],"aioseo_notices":[],"_links":{"self":[{"href":"https:\/\/szkolenia-udt.pl\/nb\/wp-json\/wp\/v2\/pages\/1905","targetHints":{"allow":["GET"]}}],"collection":[{"href":"https:\/\/szkolenia-udt.pl\/nb\/wp-json\/wp\/v2\/pages"}],"about":[{"href":"https:\/\/szkolenia-udt.pl\/nb\/wp-json\/wp\/v2\/types\/page"}],"author":[{"embeddable":true,"href":"https:\/\/szkolenia-udt.pl\/nb\/wp-json\/wp\/v2\/users\/3"}],"replies":[{"embeddable":true,"href":"https:\/\/szkolenia-udt.pl\/nb\/wp-json\/wp\/v2\/comments?post=1905"}],"version-history":[{"count":5,"href":"https:\/\/szkolenia-udt.pl\/nb\/wp-json\/wp\/v2\/pages\/1905\/revisions"}],"predecessor-version":[{"id":2887,"href":"https:\/\/szkolenia-udt.pl\/nb\/wp-json\/wp\/v2\/pages\/1905\/revisions\/2887"}],"up":[{"embeddable":true,"href":"https:\/\/szkolenia-udt.pl\/nb\/wp-json\/wp\/v2\/pages\/1895"}],"wp:featuredmedia":[{"embeddable":true,"href":"https:\/\/szkolenia-udt.pl\/nb\/wp-json\/wp\/v2\/media\/2000"}],"wp:attachment":[{"href":"https:\/\/szkolenia-udt.pl\/nb\/wp-json\/wp\/v2\/media?parent=1905"}],"curies":[{"name":"wp","href":"https:\/\/api.w.org\/{rel}","templated":true}]}}