{"id":2087,"date":"2019-12-18T15:52:31","date_gmt":"2019-12-18T15:52:31","guid":{"rendered":"https:\/\/szkolenia-udt.pl\/?page_id=2087"},"modified":"2022-06-20T21:59:44","modified_gmt":"2022-06-20T19:59:44","slug":"udt-lisensens-kategorier","status":"publish","type":"page","link":"https:\/\/szkolenia-udt.pl\/nb\/uprawnienia-udt\/kategorie-uprawnien-udt\/","title":{"rendered":"Kategorier av rettigheter"},"content":{"rendered":"<div style=\"float: left; padding-right: 10px;\"><div id=\"metaslider-id-373\" style=\"max-width: 300px;\" class=\"ml-slider-3-108-0 metaslider metaslider-flex metaslider-373 ml-slider ms-theme-default nav-hidden\" role=\"region\" aria-label=\"Om selskapet 2\" data-height=\"225\" data-width=\"300\">\n    <div id=\"metaslider_container_373\">\n        <div id=\"metaslider_373\">\n            <ul class='slides'>\n                <li style=\"display: block; width: 100%;\" class=\"slide-1109 ms-image\" aria-roledescription=\"slide\" data-date=\"2014-11-12 13:56:05\" data-filename=\"bizness3a.jpg\" data-slide-type=\"image\"><img loading=\"lazy\" decoding=\"async\" src=\"https:\/\/szkolenia-udt.pl\/wp-content\/uploads\/2014\/11\/bizness3a.jpg\" height=\"225\" width=\"300\" alt=\"oppl\u00e6ring\" class=\"slider-373 slide-1109 msDefaultImage\" \/><\/li>\n                <li style=\"display: none; width: 100%;\" class=\"slide-1106 ms-image\" aria-roledescription=\"slide\" data-date=\"2014-11-12 13:56:03\" data-filename=\"biznes5a.jpg\" data-slide-type=\"image\"><img loading=\"lazy\" decoding=\"async\" src=\"https:\/\/szkolenia-udt.pl\/wp-content\/uploads\/2014\/11\/biznes5a.jpg\" height=\"225\" width=\"300\" alt=\"teknisk kontrollmyndighet\" class=\"slider-373 slide-1106 msDefaultImage\" \/><\/li>\n                <li style=\"display: none; width: 100%;\" class=\"slide-1110 ms-image\" aria-roledescription=\"slide\" data-date=\"2014-11-12 14:04:12\" data-filename=\"meeting-2a.jpg\" data-slide-type=\"image\"><img loading=\"lazy\" decoding=\"async\" src=\"https:\/\/szkolenia-udt.pl\/wp-content\/uploads\/2014\/11\/meeting-2a.jpg\" height=\"225\" width=\"300\" alt=\"udt-kurs\" class=\"slider-373 slide-1110 msDefaultImage\" \/><\/li>\n                <li style=\"display: none; width: 100%;\" class=\"slide-1199 ms-image\" aria-roledescription=\"slide\" data-date=\"2014-11-17 21:17:06\" data-filename=\"firma-5a.jpg\" data-slide-type=\"image\"><img loading=\"lazy\" decoding=\"async\" src=\"https:\/\/szkolenia-udt.pl\/wp-content\/uploads\/2014\/11\/firma-5a.jpg\" height=\"225\" width=\"300\" alt=\"warsaw gaffeltrucker\" class=\"slider-373 slide-1199 msDefaultImage\" \/><\/li>\n                <li style=\"display: none; width: 100%;\" class=\"slide-1196 ms-image\" aria-roledescription=\"slide\" data-date=\"2014-11-17 21:17:04\" data-filename=\"Firma-2a.jpg\" data-slide-type=\"image\"><img loading=\"lazy\" decoding=\"async\" src=\"https:\/\/szkolenia-udt.pl\/wp-content\/uploads\/2014\/11\/Firma-2a.jpg\" height=\"225\" width=\"300\" alt=\"\" class=\"slider-373 slide-1196 msDefaultImage\" \/><\/li>\n            <\/ul>\n        <\/div>\n        \n    <\/div>\n<\/div><\/div>\n<div class=\"wyjustuj\">\n<p>P\u00e5 denne siden finner du en detaljert liste over utstyr som krever UDT-lisens. Dette er utstyr som er underlagt teknisk tilsyn, og som krever oppl\u00e6ring for \u00e5 kunne betjenes og best\u00e5 en eksamen foran en nemnd i Office of Technical Inspection. Ved \u00e5 velge v\u00e5rt personellutviklingssenter kan du f\u00e5 UDT-autorisasjoner i det omr\u00e5det du \u00f8nsker. Vi tilbyr omfattende oppl\u00e6ring til rimelige priser, og undervisningsmetodene v\u00e5re gj\u00f8r at praktisk talt alle kursdeltakerne best\u00e5r eksamen p\u00e5 f\u00f8rste fors\u00f8k. Vi tilbyr rimelige kurspriser, og fordi vi samarbeider med kontoret, arrangeres eksamenene p\u00e5 tidspunkter som passer kundene v\u00e5re.For mer informasjon om UDT-rettigheter og tekniske innretninger som er underlagt teknisk tilsyn, kan du bes\u00f8ke nettstedet v\u00e5rt p\u00e5 <a href=\"http:\/\/www.udt.gov.pl\" target=\"_blank\" rel=\"noopener noreferrer\">http:\/\/www.udt.gov.pl<\/a>. N\u00e5r du har sp\u00f8rsm\u00e5l om <a href=\"https:\/\/szkolenia-udt.pl\/nb\/oferta\/\">v\u00e5re tjenester<\/a> oppl\u00e6ring eller \u00f8nsker \u00e5 bestille et kurs, kan du g\u00e5 til <a href=\"https:\/\/szkolenia-udt.pl\/nb\/kontakt\/\">Kontakt oss<\/a> - vi svarer s\u00e5 snart som mulig!<\/p>\n<\/div>\n<div style=\"width: 100%;overflow: auto;\">\n<table>\n<tbody>\n<tr>\n<th style=\"text-align: center;\" colspan=\"3\">SERVICE<\/th>\n<\/tr>\n<tr>\n<td colspan=\"2\">Typer teknisk utstyr som det kreves kvalifikasjonsbevis for \u00e5 betjene<\/td>\n<td>Kvalifikasjonsbevisenes gyldighetsperiode (i \u00e5r)<\/td>\n<\/tr>\n<tr>\n<td rowspan=\"2\">Vinsjer og taljer<\/td>\n<td>Allsidige taljer og vinsjer<\/td>\n<td>10<\/td>\n<\/tr>\n<tr>\n<td>Taljer og vinsjer for generelle og spesielle form\u00e5l<\/td>\n<td>5<\/td>\n<\/tr>\n<tr>\n<td rowspan=\"2\">Traverskraner<\/td>\n<td>Kraner, taljer og vinsjer til generelle form\u00e5l<\/td>\n<td>10<\/td>\n<\/tr>\n<tr>\n<td>Kraner, taljer og vinsjer til generelle og spesielle form\u00e5l<\/td>\n<td>5<\/td>\n<\/tr>\n<tr>\n<td rowspan=\"8\">Kraner<\/td>\n<td>Stasjon\u00e6re kraner<\/td>\n<td>10<\/td>\n<\/tr>\n<tr>\n<td>Mobile og b\u00e6rbare kraner<br \/>\n(gir rett til \u00e5 f\u00f8re mobile og b\u00e6rbare kraner og stasjon\u00e6re kraner)<\/td>\n<td>10<\/td>\n<\/tr>\n<tr>\n<td>Mobilkraner<br \/>\n(gir tillatelse til bruk av mobile, mobile og b\u00e6rbare kraner og stasjon\u00e6re kraner)<\/td>\n<td>5<\/td>\n<\/tr>\n<tr>\n<td>Skinnemonterte kraner<\/td>\n<td>5<\/td>\n<\/tr>\n<tr>\n<td>T\u00e5rn- og h\u00f8yhastighetskraner<br \/>\n(Autorisert til \u00e5 operere t\u00e5rn- og h\u00f8yhastighetskraner og skinnemonterte kraner)<\/td>\n<td>5<\/td>\n<\/tr>\n<tr>\n<td>Jernbane- og ombordkraner<\/td>\n<td>5<\/td>\n<\/tr>\n<tr>\n<td>Dekkskraner<\/td>\n<td>5<\/td>\n<\/tr>\n<tr>\n<td>Flytekraner<br \/>\n(gir rett til \u00e5 operere flytekraner og dekkskraner)<\/td>\n<td>5<\/td>\n<\/tr>\n<tr>\n<td>Stablerkraner<\/td>\n<td>Stablerkraner<\/td>\n<td>10<\/td>\n<\/tr>\n<tr>\n<td>Godsheiser<\/td>\n<td>Godsheiser<\/td>\n<td>10<\/td>\n<\/tr>\n<tr>\n<td>Skipsheiser<\/td>\n<td>Skipsheiser<\/td>\n<td>10<\/td>\n<\/tr>\n<tr>\n<td rowspan=\"5\">Mobile plattformer<\/td>\n<td>Stasjon\u00e6re mobile plattformer<\/td>\n<td>10<\/td>\n<\/tr>\n<tr>\n<td>Opphengte mobile plattformer<br \/>\n(tillatelse til \u00e5 drive opphengte og faste plattformer)<\/td>\n<td>10<\/td>\n<\/tr>\n<tr>\n<td>Mastmonterte mobile plattformer<br \/>\n(gir rett til \u00e5 drive master og faste plattformer)<\/td>\n<td>10<\/td>\n<\/tr>\n<tr>\n<td>Mobile l\u00f8fteplattformer<\/td>\n<td>5<\/td>\n<\/tr>\n<tr>\n<td>Plattformer p\u00e5 jernbanekj\u00f8ret\u00f8y<\/td>\n<td>10<\/td>\n<\/tr>\n<tr>\n<td rowspan=\"2\">L\u00f8ftetrucker<\/td>\n<td>Motordrevne stablere med bom og motordrevne stablere med f\u00f8rer l\u00f8ftet med last<br \/>\n(gir deg ogs\u00e5 rett til \u00e5 betjene alle andre <a href=\"https:\/\/szkolenia-udt.pl\/nb\/kursy\/wozki-widlowe\/budowa-wozka-jezdniowego\/\">gaffeltrucker<\/a> motordrevet l\u00f8fteutstyr)<\/td>\n<td>5<\/td>\n<\/tr>\n<tr>\n<td>Motordrevne stablere, unntatt skyvemasttrucker og grensel\u00f8ftere<\/td>\n<td>10<\/td>\n<\/tr>\n<tr>\n<td rowspan=\"2\">Kraner<\/td>\n<td>Bygge kraner<br \/>\n(gir tillatelse til bruk av bygningsheiser og vare- og personheiser)<\/td>\n<td>10<\/td>\n<\/tr>\n<tr>\n<td>Kraner og personl\u00f8ftere til bruk p\u00e5 sykehus og i huset<br \/>\n(gir tillatelse til drift av vare- og personheiser med intern kontroll og sykehusheiser uten kabinlastkontroll)<\/td>\n<td>10<\/td>\n<\/tr>\n<tr>\n<td>Linotor kraner<\/td>\n<td>Linotor kraner<\/td>\n<td>10<\/td>\n<\/tr>\n<tr>\n<td>Utstyr for h\u00e5ndtering av containere<\/td>\n<td>Teknisk utstyr for flytting av containere under omlastingsoperasjoner<\/td>\n<td>10<\/td>\n<\/tr>\n<tr>\n<td>Stabler<\/td>\n<td>Sporleggingsmaskiner<\/td>\n<td>10<\/td>\n<\/tr>\n<tr>\n<td rowspan=\"6\">Taubaner<\/td>\n<td>Taubaner for godstransport<\/td>\n<td>10<\/td>\n<\/tr>\n<tr>\n<td>Passasjertog med enkelttau over bakken med useleede stoler<\/td>\n<td>5<\/td>\n<\/tr>\n<tr>\n<td>Luftseilbaner med enkelttau og stolheiser eller gondoler med sammenkoblede kj\u00f8ret\u00f8yer<\/td>\n<td>5<\/td>\n<\/tr>\n<tr>\n<td>Taubaner for passasjerer taubaner med flere tau, gondolbaner med trekkvogner<\/td>\n<td>5<\/td>\n<\/tr>\n<tr>\n<td>Enkelt- eller dobbeltkablet taubane<\/td>\n<td>5<\/td>\n<\/tr>\n<tr>\n<td>Taubaner for passasjerer<\/td>\n<td>5<\/td>\n<\/tr>\n<tr>\n<td rowspan=\"4\">Heiser for forflytning av mennesker i forbindelse med turisme og idrett<\/td>\n<td>For skil\u00f8pere som beveger seg p\u00e5 sn\u00f8 eller fast underlag med h\u00f8y eller lav kabelf\u00f8ring, st\u00f8ttet eller ust\u00f8ttet, kontrollert fra plattformen eller fra maskinrommet<\/td>\n<td>5<\/td>\n<\/tr>\n<tr>\n<td>Multitau for vannb\u00e5rne skil\u00f8pere med h\u00f8y tauf\u00f8ring med sirkul\u00e6r bevegelse<\/td>\n<td>5<\/td>\n<\/tr>\n<tr>\n<td>Dobbel st\u00f8tte for vannb\u00e5rne skil\u00f8pere med h\u00f8y eller lav tauf\u00f8ring med reversibel eller sirkul\u00e6r bevegelse<\/td>\n<td>5<\/td>\n<\/tr>\n<tr>\n<td>Tyngdekraftsrutsjebaner, kjelkeheiser, inkludert infrastruktur for nedoverbakke<\/td>\n<td>5<\/td>\n<\/tr>\n<tr>\n<td rowspan=\"2\">Plattformer og mobile plattformer med kraftenheter i fergehavner<\/td>\n<td>Mobile plattformer med fremdriftsenheter i maritime fergehavner<\/td>\n<td>10<\/td>\n<\/tr>\n<tr>\n<td>Flyttbare plattformer med fremdriftsenheter i innlandsfergehavner<\/td>\n<td>10<\/td>\n<\/tr>\n<tr>\n<td>B\u00e6rbare tanker<\/td>\n<td>Fylling av b\u00e6rbare trykkbeholdere over 350 cm3<\/td>\n<td>10<\/td>\n<\/tr>\n<tr>\n<td rowspan=\"3\"><a href=\"https:\/\/szkolenia-udt.pl\/nb\/kursy\/uprawnienia-udt-tdt-wdt\/uno-tdt\/\">Utstyr for fylling og t\u00f8mming av tanker<\/a> transport av farlige materialer<\/td>\n<td>Utstyr for fylling og t\u00f8mming av transporttanker for farlige stoffer i klasse ....... i henhold til ADR \/ RID \/ ADN<\/td>\n<td>5<\/td>\n<\/tr>\n<tr>\n<td>Utstyr for fylling og t\u00f8mming av transporttanker for farlige stoffer i klasser ........ i henhold til ADR \/ RID \/ ADN<\/td>\n<td><\/td>\n<\/tr>\n<tr>\n<td>IMDG-armer for lasting av farlig gods i havn<\/td>\n<td>5<\/td>\n<\/tr>\n<tr>\n<td rowspan=\"2\">Utstyr for fylling og t\u00f8mming av transporttanker for ikke-farlige materialer<\/td>\n<td>Utstyr for fylling og t\u00f8mming av transporttanker for ikke-farlige materialer som fylles, t\u00f8mmes eller transporteres under trykk<\/td>\n<td>10<\/td>\n<\/tr>\n<tr>\n<td>Lastearmer i havn for ufarlig gods<\/td>\n<td>10<\/td>\n<\/tr>\n<tr>\n<td rowspan=\"4\">Tanker med flytende eller komprimert gass for forsyning av forbrenningsmotorer i kj\u00f8ret\u00f8yer<\/td>\n<td>P\u00e5fylling av LPG-tanker som er installert i drivstoffsystemet til kj\u00f8ret\u00f8y og fart\u00f8yer p\u00e5 innlands vannveier<\/td>\n<td>10<\/td>\n<\/tr>\n<tr>\n<td>P\u00e5fylling av CNG-tanker installert i forsyningssystemer for kj\u00f8ret\u00f8y og fart\u00f8y p\u00e5 indre vannveier<\/td>\n<td>10<\/td>\n<\/tr>\n<tr>\n<td>P\u00e5fylling av LNG-tanker som er montert for \u00e5 drive kj\u00f8ret\u00f8y og fart\u00f8y p\u00e5 innlands vannveier<\/td>\n<td>10<\/td>\n<\/tr>\n<tr>\n<td>P\u00e5fylling av hydrogenbeholdere som er installert i str\u00f8mforsyningen til kj\u00f8ret\u00f8y og fart\u00f8y p\u00e5 indre vannveier<\/td>\n<td>10<\/td>\n<\/tr>\n<tr>\n<td>Dampkjeler med et volum p\u00e5 mer enn 2 dm3 som er konstruert for \u00e5 generere damp fra v\u00e6sker ved hjelp av varmen fra brenselet ved en eksoterm reaksjon<\/td>\n<td>Dampkjeler<\/td>\n<td>5<\/td>\n<\/tr>\n<tr>\n<td>Vinsjer for flytting av vogner p\u00e5 spor<\/td>\n<td>Vinsjer for flytting av vogner p\u00e5 spor<\/td>\n<td>10<\/td>\n<\/tr>\n<tr>\n<td rowspan=\"12\">Lasting, lossing eller forflytning av utstyr i h\u00e5ndteringslinjer<\/td>\n<td>Vognlossere<\/td>\n<td>10<\/td>\n<\/tr>\n<tr>\n<td>Lossing av skip<\/td>\n<td>10<\/td>\n<\/tr>\n<tr>\n<td>Tippere for jernbanevogner<\/td>\n<td>10<\/td>\n<\/tr>\n<tr>\n<td>Lastere, inkludert skipslastere<\/td>\n<td>10<\/td>\n<\/tr>\n<tr>\n<td>Heavers<\/td>\n<td>10<\/td>\n<\/tr>\n<tr>\n<td>Heap-lastere<\/td>\n<td>10<\/td>\n<\/tr>\n<tr>\n<td>Opphengte transportb\u00e5nd<\/td>\n<td>10<\/td>\n<\/tr>\n<tr>\n<td>Matere<\/td>\n<td>10<\/td>\n<\/tr>\n<tr>\n<td>Transport\u00f8rer<\/td>\n<td>10<\/td>\n<\/tr>\n<tr>\n<td>Skiheiser<\/td>\n<td>10<\/td>\n<\/tr>\n<tr>\n<td>Pneumatisk transportutstyr for bulkmaterialer<\/td>\n<td>10<\/td>\n<\/tr>\n<tr>\n<td>Dynelastere og matere<\/td>\n<td>10<\/td>\n<\/tr>\n<tr>\n<td rowspan=\"8\">Spesialutstyr underlagt milit\u00e6rteknisk tilsyn<\/td>\n<td>B\u00e6rbare trykkbeholdere p\u00e5 luftfart\u00f8yer og fart\u00f8yer og kampkj\u00f8ret\u00f8yer som tilh\u00f8rer Republikken Polens v\u00e6pnede styrker - med hensyn til fylling av dem<\/td>\n<td>10<\/td>\n<\/tr>\n<tr>\n<td>P\u00e5fyllingsutstyr for v\u00e5pen og milit\u00e6rt utstyr<\/td>\n<td>10<\/td>\n<\/tr>\n<tr>\n<td>Feltr\u00f8rledninger for transport av flytende drivstoff<\/td>\n<td>10<\/td>\n<\/tr>\n<tr>\n<td>Lasting og lossing av utstyr for milit\u00e6re broer<\/td>\n<td>10<\/td>\n<\/tr>\n<tr>\n<td>Mekaniske laste- og utskytningsanordninger for raketter<\/td>\n<td>10<\/td>\n<\/tr>\n<tr>\n<td>Mekaniske lasteinnretninger for torpedoer<\/td>\n<td>10<\/td>\n<\/tr>\n<tr>\n<td>Treningsutstyr for fallskjermhopp<\/td>\n<td>10<\/td>\n<\/tr>\n<tr>\n<td>Vinsjer som brukes til \u00e5 flytte personer eller farlig last p\u00e5 fly, fart\u00f8yer, kampkj\u00f8ret\u00f8yer og kj\u00f8ret\u00f8yer som tilh\u00f8rer Republikken Polens v\u00e6pnede styrker<\/td>\n<td>10<\/td>\n<\/tr>\n<\/tbody>\n<\/table>\n<\/div>","protected":false},"excerpt":{"rendered":"<p>Na tej stronie znajdziesz szczeg\u00f3\u0142owy wykaz urz\u0105dze\u0144, do kt\u00f3rych obs\u0142ugi potrzebne s\u0105 uprawnienia UDT. S\u0105 to urz\u0105dzenia podlegaj\u0105ce dozorowi technicznemu i wymagaj\u0105ce pocz\u0105tkowego przeszkolenia do obs\u0142ugi oraz zdania egzaminu przed komisj\u0105 Urz\u0119du Dozoru Technicznego. Wybieraj\u0105c nasz O\u015brodek Doskonalenia Kadr, mo\u017cesz uzyska\u0107 uprawnienia UDT w wybranym przez siebie zakresie. Zapewniamy kompleksowe przeszkolenie w przyst\u0119pnych cenach, a [&hellip;]<\/p>\n","protected":false},"author":3,"featured_media":0,"parent":37,"menu_order":0,"comment_status":"closed","ping_status":"closed","template":"","meta":{"footnotes":""},"class_list":["post-2087","page","type-page","status-publish","hentry"],"aioseo_notices":[],"_links":{"self":[{"href":"https:\/\/szkolenia-udt.pl\/nb\/wp-json\/wp\/v2\/pages\/2087","targetHints":{"allow":["GET"]}}],"collection":[{"href":"https:\/\/szkolenia-udt.pl\/nb\/wp-json\/wp\/v2\/pages"}],"about":[{"href":"https:\/\/szkolenia-udt.pl\/nb\/wp-json\/wp\/v2\/types\/page"}],"author":[{"embeddable":true,"href":"https:\/\/szkolenia-udt.pl\/nb\/wp-json\/wp\/v2\/users\/3"}],"replies":[{"embeddable":true,"href":"https:\/\/szkolenia-udt.pl\/nb\/wp-json\/wp\/v2\/comments?post=2087"}],"version-history":[{"count":8,"href":"https:\/\/szkolenia-udt.pl\/nb\/wp-json\/wp\/v2\/pages\/2087\/revisions"}],"predecessor-version":[{"id":2911,"href":"https:\/\/szkolenia-udt.pl\/nb\/wp-json\/wp\/v2\/pages\/2087\/revisions\/2911"}],"up":[{"embeddable":true,"href":"https:\/\/szkolenia-udt.pl\/nb\/wp-json\/wp\/v2\/pages\/37"}],"wp:attachment":[{"href":"https:\/\/szkolenia-udt.pl\/nb\/wp-json\/wp\/v2\/media?parent=2087"}],"curies":[{"name":"wp","href":"https:\/\/api.w.org\/{rel}","templated":true}]}}