{"id":2102,"date":"2020-01-05T22:13:44","date_gmt":"2020-01-05T22:13:44","guid":{"rendered":"https:\/\/szkolenia-udt.pl\/?page_id=2102"},"modified":"2020-01-05T22:17:00","modified_gmt":"2020-01-05T22:17:00","slug":"opplaering-i-beskyttelse-av-personopplysninger-rodo-warszawa","status":"publish","type":"page","link":"https:\/\/szkolenia-udt.pl\/nb\/kursy\/szkolenie-z-ochrony-danych-osobowych-rodo-warszawa\/","title":{"rendered":"Oppl\u00e6ring i personvern RODO - Warszawa og hele Polen"},"content":{"rendered":"<p>Den 25. mai 2018 trer RODO, EUs nye personvernforordning, i kraft. Det er derfor i alle behandlingsansvarliges interesse \u00e5 sende den ansatte som er ansvarlig for personvernsp\u00f8rsm\u00e5l, p\u00e5 RODO-oppl\u00e6ring.<\/p>\n<p>I henhold til den nyeste lovgivningen vil behandlingsansvarlige bare ha 72 timer p\u00e5 seg til \u00e5 rapportere brudd p\u00e5 personopplysningssikkerheten. En rekke institusjoner og selskaper vil ogs\u00e5 m\u00e5tte utnevne en IDO - Data Protection Officer. Regelverket for behandling av personopplysninger blir ogs\u00e5 oppdatert. Behandlingsansvarlige som ikke overholder regelverket, risikerer store b\u00f8ter.<\/p>\n<p>Ledet av v\u00e5r <a href=\"https:\/\/szkolenia-udt.pl\/nb\/o-firmie\/\">Oppl\u00e6ringssenter for operat\u00f8rer<\/a> RODO-kurset inneholder et omfattende sett med teoretisk informasjon og praksis i samsvar med de nyeste EU-reglene.<\/p>\n<p><strong>I l\u00f8pet av oppl\u00e6ringen vil informasjon som f.eks:<\/strong><\/p>\n<ul>\n<li>rettslig grunnlag for behandling av personopplysninger<\/li>\n<li>grunnleggende definisjoner av databeskyttelse<\/li>\n<li>organisasjonsstruktur for beskyttelse av personopplysninger<\/li>\n<li>prinsipper for behandling av personopplysninger<\/li>\n<li>vilk\u00e5r for \u00e5 gi samtykke til behandling av personopplysninger<\/li>\n<li>behandling av s\u00e6rlige kategorier av personopplysninger<\/li>\n<li>den registrertes rett til innsyn<\/li>\n<li>behandlingsansvarlig og den behandlingsansvarliges oppgaver<\/li>\n<li>behandler av personopplysninger<\/li>\n<li>personvernombudets status og oppgaver<\/li>\n<li>registrering av behandlingsoperasjoner<\/li>\n<li>generelle vilk\u00e5r for ileggelse av administrative b\u00f8ter<\/li>\n<\/ul>\n<p>Prisen p\u00e5 kurset inkluderer ogs\u00e5 forpleining og lunsjpause.<\/p>\n<p><strong>Pris<\/strong><\/p>\n<p>Datatreningen v\u00e5r er tilgjengelig til en rimelig pris - ytterligere informasjon er tilgjengelig p\u00e5 nettstedet og kan f\u00e5s fra v\u00e5re spesialister via telefon og e-post<\/p>\n<p><strong>Hvor opererer vi?<\/strong><\/p>\n<p>Undervisningen foreg\u00e5r p\u00e5 senteret v\u00e5rt i Warszawa.<\/p>\n<p>Hvis du har ytterligere sp\u00f8rsm\u00e5l om <a href=\"https:\/\/szkolenia-udt.pl\/nb\/oferta\/\">v\u00e5rt tilbud<\/a> st\u00e5r vi fortsatt til din disposisjon.<\/p>\n<p>Vi \u00f8nsker alle som vil vite hvordan personvern vil se ut i praksis under den nyeste EU-lovgivningen, velkommen!<\/p>","protected":false},"excerpt":{"rendered":"<p>25 maja 2018 roku wchodzi w \u017cycie RODO, czyli nowe unijne rozporz\u0105dzenie dotycz\u0105ce ochrony danych osobowych. W zwi\u0105zku z tym w interesie ka\u017cdego administratora danych jest wys\u0142anie pracownika odpowiedzialnego za kwestie ochrony danych na szkolenie RODO. Zgodnie z najnowszymi przepisami administratorzy danych b\u0119d\u0105 mieli tylko 72 godziny na zg\u0142oszenie faktu naruszenia danych osobowych. W szeregu [&hellip;]<\/p>\n","protected":false},"author":3,"featured_media":0,"parent":22,"menu_order":0,"comment_status":"closed","ping_status":"closed","template":"","meta":{"footnotes":""},"class_list":["post-2102","page","type-page","status-publish","hentry"],"aioseo_notices":[],"_links":{"self":[{"href":"https:\/\/szkolenia-udt.pl\/nb\/wp-json\/wp\/v2\/pages\/2102","targetHints":{"allow":["GET"]}}],"collection":[{"href":"https:\/\/szkolenia-udt.pl\/nb\/wp-json\/wp\/v2\/pages"}],"about":[{"href":"https:\/\/szkolenia-udt.pl\/nb\/wp-json\/wp\/v2\/types\/page"}],"author":[{"embeddable":true,"href":"https:\/\/szkolenia-udt.pl\/nb\/wp-json\/wp\/v2\/users\/3"}],"replies":[{"embeddable":true,"href":"https:\/\/szkolenia-udt.pl\/nb\/wp-json\/wp\/v2\/comments?post=2102"}],"version-history":[{"count":2,"href":"https:\/\/szkolenia-udt.pl\/nb\/wp-json\/wp\/v2\/pages\/2102\/revisions"}],"predecessor-version":[{"id":2105,"href":"https:\/\/szkolenia-udt.pl\/nb\/wp-json\/wp\/v2\/pages\/2102\/revisions\/2105"}],"up":[{"embeddable":true,"href":"https:\/\/szkolenia-udt.pl\/nb\/wp-json\/wp\/v2\/pages\/22"}],"wp:attachment":[{"href":"https:\/\/szkolenia-udt.pl\/nb\/wp-json\/wp\/v2\/media?parent=2102"}],"curies":[{"name":"wp","href":"https:\/\/api.w.org\/{rel}","templated":true}]}}