{"id":2115,"date":"2020-03-20T19:24:15","date_gmt":"2020-03-20T19:24:15","guid":{"rendered":"https:\/\/szkolenia-udt.pl\/?page_id=2115"},"modified":"2024-10-23T12:39:19","modified_gmt":"2024-10-23T10:39:19","slug":"e-priser","status":"publish","type":"page","link":"https:\/\/szkolenia-udt.pl\/nb\/e-kursy\/","title":{"rendered":"UDT\/G1, G2, G3\/BHP-kvalifikasjoner og koronavirus? - MED OSS! OSO nettbaserte kurs!"},"content":{"rendered":"<p style=\"text-align: center;\"><strong>Kj\u00e6re herrer,<\/strong><\/p>\n<p>CSO implementerer utdanning #BHP #UDT #TDT #G1, <a href=\"https:\/\/szkolenia-udt.pl\/nb\/kursy\/sep-g1-g2-g3\/g2\/\">G2<\/a>, <a href=\"https:\/\/szkolenia-udt.pl\/nb\/kursy\/sep-g1-g2-g3\/g3\/\">G3<\/a> ved hjelp av moderne teknologi og Internett, i form av nettbasert e-l\u00e6ring og webinarer - lyd- og videooverf\u00f8ring i sanntid.<\/p>\n<p>V\u00e5re e-kurs #UDT #TDT #G1, G2, G3 #BHP og #Heights i konstruksjonstilgang, samt for #Hooks eller #Sygnalists er tilgjengelige p\u00e5<\/p>\n<p>N\u00e5r oppl\u00e6ringen er bestilt:<\/p>\n<ol>\n<li>Du vil f\u00e5 tilgang i form av en innloggingskode og et passord for \u00e5 logge deg p\u00e5 konferanserommet p\u00e5 <a href=\"\/\/testy-udt.edu.pl\/\" rel=\"nofollow\">strefa.edu.pl.<\/a><\/li>\n<li>Foreleseren gjennomf\u00f8rer undervisningen \"live\" ved hjelp av aktivitetsbaserte metoder, blant annet gjennom forelesninger, oppgaver, quiz og diskusjoner og sp\u00f8rreunders\u00f8kelser\/tester.<\/li>\n<li>Etter oppl\u00e6ringen tester han deltakernes kunnskaper, enten muntlig eller gjennom en elektronisk test.<\/li>\n<\/ol>\n<div>\n<div style=\"float: right;\"><\/div>\n<div><img loading=\"lazy\" decoding=\"async\" width=\"300\" height=\"168\" class=\"alignnone size-medium wp-image-2126\" style=\"max-width: 250px;\" src=\"https:\/\/szkolenia-udt.pl\/wp-content\/uploads\/2020\/03\/foto2-300x168.jpg\" alt=\"&quot;\/\" srcset=\"https:\/\/szkolenia-udt.pl\/wp-content\/uploads\/2020\/03\/foto2-300x168.jpg 300w, https:\/\/szkolenia-udt.pl\/wp-content\/uploads\/2020\/03\/foto2.jpg 656w\" sizes=\"auto, (max-width: 300px) 100vw, 300px\" \/><\/div>\n<\/div>\n<p><a href=\"\/\/testy-udt.edu.pl\/\" rel=\"nofollow\">zone.edu.pl<\/a>\u00a0er ikke bare tilgang til materiell, oppl\u00e6ringsvideoer og UDT-testgeneratoren, men ogs\u00e5 virtuelle rom der man kan ha kontakt med kurslederen. Hver deltaker f\u00e5r tilgang til oppl\u00e6ringen p\u00e5 et avtalt tidspunkt ved \u00e5 logge seg p\u00e5 systemet v\u00e5rt ved hjelp av for eksempel et nettbrett eller en b\u00e6rbar datamaskin p\u00e5 jobben eller hjemme.<\/p>\n<p>Systemet gj\u00f8r det mulig for undervisere \u00e5 tilby PPTX\/PDF-multimediapresentasjoner, filmprojeksjoner og lyd-\/videooverf\u00f8ring i sanntid - webinarer.<\/p>\n<div>Senteret tilbyr ogs\u00e5 nettbasert oppl\u00e6ring i form av webinarer for en organisert gruppe personer p\u00e5 deres kontorer og i lokaler hos kunden. Minimumskravet er en stabil internettforbindelse, en projektor eller TV og en datamaskin, f.eks. en b\u00e6rbar PC med eksterne h\u00f8yttalere (videokonferansesett kan leies\/leveres).<\/div>\n<div style=\"float: right;\"><img loading=\"lazy\" decoding=\"async\" class=\"alignnone size-medium wp-image-2123\" src=\"https:\/\/szkolenia-udt.pl\/wp-content\/uploads\/2020\/03\/ekurs-300x169.jpg\" alt=\"\" width=\"300\" height=\"169\" srcset=\"https:\/\/szkolenia-udt.pl\/wp-content\/uploads\/2020\/03\/ekurs-300x169.jpg 300w, https:\/\/szkolenia-udt.pl\/wp-content\/uploads\/2020\/03\/ekurs.jpg 622w\" sizes=\"auto, (max-width: 300px) 100vw, 300px\" \/><\/div>\n<p>Hvis det er behov for \u00e5 arrangere praktisk undervisning, arrangerer senteret slik undervisning og UDT- og TDT-eksamener. <a href=\"https:\/\/szkolenia-udt.pl\/nb\/kursy\/sep-g1-g2-g3\/komisje-certyfikujace-sep-pse-simp-sitps\/\">SEP<\/a>som gjennomf\u00f8res av eksterne kvalifikasjonskomiteer i senterets undervisnings- og l\u00e6ringsfasiliteter og i kundens lokaler. Undervisningen kan planlegges individuelt for hver enkelt deltaker eller i sm\u00e5 grupper p\u00e5 3 til 8 personer.<\/p>\n<p>De ovennevnte l\u00f8sningene er basert p\u00e5 undervisning basert p\u00e5 aktiveringsmetoder, samtidig som en slik form reduserer oppl\u00e6ringstiden ved blant annet \u00e5 pendle til teoretiske gruppetimer. Metodene som er presentert ovenfor, minimerer ogs\u00e5 effektivt den forretningsmessige og faglige risikoen.<\/p>\n<p>Vi ser frem til \u00e5 samarbeide med deg.<\/p>\n<div class=\"kontakt-txt\">REGISTRERING: <span style=\"font-size: 28px;\">+48 504 477 077<\/span><\/div>\n<p><span style=\"font-size: 26px;\">VI TILBYR OPPL\u00c6RING I:<\/span><\/p>\n<ul>\n<li>SEP:\n<ul>\n<li>G-1 (elektroteknikk)<\/li>\n<li>G-2 (varme, kompressorer)<\/li>\n<li>G-3 (gasser)<\/li>\n<li>inspeksjons- og m\u00e5learbeid p\u00e5 elektrisk utstyr og elektriske installasjoner<\/li>\n<\/ul>\n<\/li>\n<li>gaffeltrucker\n<ul>\n<li>l\u00f8fting (h\u00e5ndtering)<\/li>\n<li>H\u00f8ylager \/ Elektrisk<\/li>\n<li>forbrenningsmotorer med LPG-sylinderbytte (service)<\/li>\n<li>l\u00f8fte operat\u00f8ren med lasten (h\u00e5ndtering)<\/li>\n<li>med variabelt overheng (drift)<\/li>\n<li>Gaffeltrucker (vedlikehold)<\/li>\n<\/ul>\n<\/li>\n<li>teleskopl\u00f8ftere, Manitou, (drift)<\/li>\n<li>mobile plattformer (drift)\n<ul>\n<li>sakselifter og frihjulsbomlifter (drift)<\/li>\n<li>mobile plattformer edderkopper (operat\u00f8r)<\/li>\n<li>arbeidsplattformer, lastebilmonterte plattformer (service)<\/li>\n<li>sakselift, bomlift MEWP ISO 18878 (h\u00e5ndtering)<\/li>\n<li>Hengende (service)<\/li>\n<li>stasjon\u00e6r<\/li>\n<li>mast<\/li>\n<li>Vedlikeholder av UDT-utstyr<\/li>\n<li>arbeidsplattformer (vedlikehold)<\/li>\n<li>lasting, inkludert passasjertransport (vedlikehold)<\/li>\n<li>stasjon\u00e6r, anheng og mast (vedlikehold)<\/li>\n<li>p\u00e5 jernbanekj\u00f8ret\u00f8y (vedlikehold)<\/li>\n<li>p\u00e5 jernbanekj\u00f8ret\u00f8y (drift)<\/li>\n<\/ul>\n<\/li>\n<li>utstyr for funksjonshemmede (vedlikehold)<\/li>\n<li><a href=\"https:\/\/szkolenia-udt.pl\/nb\/kursy\/prace-wysokosciowe\/\">kurs i stor h\u00f8yde<\/a> (fjellklatring), inkludert: industriklatrer, niv\u00e5 1 h\u00f8ydetrening, tauoppl\u00e6ring ; <span style=\"display:none;\">IRATA-rettigheter<\/span><\/li>\n<li>h\u00f8ydeoppl\u00e6ring: h\u00e5ndtering av seler\/ seler\/ arbeid i h\u00f8yden h\u00e5ndtering av personlig verneutstyr<\/li>\n<li>kraner:\n<ul>\n<li>styres fra arbeidsplanet og fra f\u00f8rerhuset for generell\/spesiell bruk (drift)<\/li>\n<li>generelle og\/eller spesielle form\u00e5l (vedlikehold)<\/li>\n<\/ul>\n<\/li>\n<li>generelle og\/eller spesialvinsjer og vinsjer som styres fra arbeidsniv\u00e5et og f\u00f8rerhuset (h\u00e5ndtering)<\/li>\n<li>generelle og\/eller spesielle vinsjer og taljer (vedlikehold)<\/li>\n<li>kraner:\n<ul>\n<li>t\u00e5rn (tjeneste)<\/li>\n<li>t\u00e5rn (vedlikehold)<\/li>\n<li>selvg\u00e5ende \/ kraner (h\u00e5ndtering)<\/li>\n<li>kraner (fellesnavn) - mobilkraner (h\u00e5ndtering)<\/li>\n<li>selvg\u00e5ende \/ kraner (vedlikehold)<\/li>\n<li>Mobil HDS (h\u00e5ndtering)<\/li>\n<li>Mobil HDS (vedlikehold)<\/li>\n<li>stasjon\u00e6r (service)<\/li>\n<li>stasjon\u00e6r (vedlikehold)<\/li>\n<li>jernbaner og p\u00e5 skinneg\u00e5ende kj\u00f8ret\u00f8y (drift)<\/li>\n<li>jernbane (drift)<\/li>\n<li>jernbaner og p\u00e5 skinneg\u00e5ende kj\u00f8ret\u00f8y (vedlikehold)<\/li>\n<li>skipsbygging og havn (vedlikehold)<\/li>\n<li>om bord (vedlikehold)<\/li>\n<li>flytende (vedlikehold)<\/li>\n<li>om bord (drift)<\/li>\n<li>flytende (h\u00e5ndtering)<\/li>\n<\/ul>\n<\/li>\n<li>UNO - Utstyr for fylling og t\u00f8mming av transporttanker for farlige stoffer<\/li>\n<li>sveising og sveising av plast (i henhold til ISO13067, elektrosveising og stumpsveising)<\/li>\n<li>krok, signalmann (sikker bruk av stropper)<\/li>\n<li>krokrigger<\/li>\n<li>Signalgiver\/Slinger (bankmann) kroksignalgiver<\/li>\n<li>lagerkraner (vedlikehold)<\/li>\n<li>lagerkraner (drift)<\/li>\n<li>vareheiser (tjeneste)<\/li>\n<li>vareheiser (vedlikehold)<\/li>\n<li>skipsheiser<\/li>\n<li>taljer for l\u00f8fting av last, inkludert kj\u00f8ret\u00f8y (vedlikehold)<\/li>\n<li>jekker for l\u00f8fting av jernbanekj\u00f8ret\u00f8y (vedlikehold)<\/li>\n<li>kj\u00f8ret\u00f8ymonterte jekker, inkludert forskyvnings- og nivelleringsanordninger for oppheng og justering av kontaktledningen (vedlikehold)<\/li>\n<li>skipsheiser<\/li>\n<li>containerh\u00e5ndteringsutstyr - Reachstacker, Kalmry<\/li>\n<li>kraner:\n<ul>\n<li>konstruksjon (heiser) (drift)<\/li>\n<li>Passasjerer, gods (heiser) (service)<\/li>\n<li>elektrisk drevne passasjer- og godskj\u00f8ret\u00f8y (vedlikehold)<\/li>\n<li>Person- og godskj\u00f8ret\u00f8y med hydraulisk drift (vedlikehold)<\/li>\n<li>konstruksjon (vedlikehold)<\/li>\n<\/ul>\n<\/li>\n<li>acetylon-oksygen-, plasma- og elektrisk skj\u00e6ring<\/li>\n<li>sveising<\/li>\n<li>lodding (sveisemetode)<\/li>\n<li>sveising av optiske fibre<\/li>\n<li>sandmaler<\/li>\n<li>stillasbygger<\/li>\n<li>gravemaskiner<\/li>\n<li>TDT<\/li>\n<li>UDT<\/li>\n<li>trekkvogner for flytting av vogner p\u00e5 spor<\/li>\n<li>lasting, lossing eller overf\u00f8ring av utstyr (drift\/vedlikehold) i h\u00e5ndteringslinjer<\/li>\n<li>Trykkutstyr - Transportable tanker - Flasker (oksygen, nitrogen, argon, hydrogen, luft)<\/li>\n<li>inspeksjoner av stropper, Inspeksjoner av stropper<\/li>\n<li>oppl\u00e6ring i helse og sikkerhet\n<ul>\n<li>for arbeidstakere<\/li>\n<li>for ingeni\u00f8rer og teknisk personale<\/li>\n<li>for nyansatte medarbeidere<\/li>\n<li>for personer som utf\u00f8rer farlig arbeid<\/li>\n<li>for administrativt personale og kontoransatte<\/li>\n<li>for arbeidsgivere og ledere<\/li>\n<li>for helse- og sikkerhetstjenesten p\u00e5 arbeidsplassen<\/li>\n<\/ul>\n<\/li>\n<li>juridisk arbeidsbeskyttelse<\/li>\n<li>f\u00f8rstehjelp<\/li>\n<li>brann<\/li>\n<li>HACCP<\/li>\n<\/ul>","protected":false},"excerpt":{"rendered":"<p>Szanowni Pa\u0144stwo, OSO wdra\u017ca edukacj\u0119 #BHP #UDT #TDT #G1, G2, G3 przy wykorzystaniu nowoczesnej technologii i Internetu, w formie on-line czyli e-learningu oraz webinari\u00f3w &#8211; transmisji audio-wideo w czasie rzeczywistym. Nasze E-Kursy #UDT\u00a0 #TDT #G1, G2, G3 \u00a0#BHP oraz #Wysoko\u015bciowe w dost\u0119pie budowlanym, a tak\u017ce dla #Hakowych czy #Sygnalist\u00f3w s\u0105 dost\u0119pne na stronie Po zam\u00f3wieniu [&hellip;]<\/p>\n","protected":false},"author":3,"featured_media":0,"parent":0,"menu_order":0,"comment_status":"closed","ping_status":"closed","template":"","meta":{"footnotes":""},"class_list":["post-2115","page","type-page","status-publish","hentry"],"aioseo_notices":[],"_links":{"self":[{"href":"https:\/\/szkolenia-udt.pl\/nb\/wp-json\/wp\/v2\/pages\/2115","targetHints":{"allow":["GET"]}}],"collection":[{"href":"https:\/\/szkolenia-udt.pl\/nb\/wp-json\/wp\/v2\/pages"}],"about":[{"href":"https:\/\/szkolenia-udt.pl\/nb\/wp-json\/wp\/v2\/types\/page"}],"author":[{"embeddable":true,"href":"https:\/\/szkolenia-udt.pl\/nb\/wp-json\/wp\/v2\/users\/3"}],"replies":[{"embeddable":true,"href":"https:\/\/szkolenia-udt.pl\/nb\/wp-json\/wp\/v2\/comments?post=2115"}],"version-history":[{"count":33,"href":"https:\/\/szkolenia-udt.pl\/nb\/wp-json\/wp\/v2\/pages\/2115\/revisions"}],"predecessor-version":[{"id":5634,"href":"https:\/\/szkolenia-udt.pl\/nb\/wp-json\/wp\/v2\/pages\/2115\/revisions\/5634"}],"wp:attachment":[{"href":"https:\/\/szkolenia-udt.pl\/nb\/wp-json\/wp\/v2\/media?parent=2115"}],"curies":[{"name":"wp","href":"https:\/\/api.w.org\/{rel}","templated":true}]}}