{"id":22,"date":"2014-10-07T16:01:41","date_gmt":"2014-10-07T16:01:41","guid":{"rendered":"http:\/\/szkolenia-udt.pl\/?page_id=22"},"modified":"2023-12-11T00:58:30","modified_gmt":"2023-12-10T23:58:30","slug":"kurs","status":"publish","type":"page","link":"https:\/\/szkolenia-udt.pl\/nb\/kursy\/","title":{"rendered":"Kurs"},"content":{"rendered":"<h2>Oppl\u00e6ringskurs p\u00e5 OSO-senteret<\/h2>\n<div style=\"float: left; padding-right: 10px;\"><div id=\"metaslider-id-519\" style=\"max-width: 300px;\" class=\"ml-slider-3-108-0 metaslider metaslider-flex metaslider-519 ml-slider ms-theme-default nav-hidden\" role=\"region\" aria-label=\"Kurs\" data-height=\"225\" data-width=\"300\">\n    <div id=\"metaslider_container_519\">\n        <div id=\"metaslider_519\">\n            <ul class='slides'>\n                <li style=\"display: block; width: 100%;\" class=\"slide-521 ms-image\" aria-roledescription=\"slide\" data-date=\"2014-10-11 11:25:53\" data-filename=\"MC30_001-300x225.jpg\" data-slide-type=\"image\"><img loading=\"lazy\" decoding=\"async\" src=\"https:\/\/szkolenia-udt.pl\/wp-content\/uploads\/2014\/10\/MC30_001-300x225.jpg\" height=\"225\" width=\"300\" alt=\"Oppl\u00e6ringssenter for operat\u00f8rer\" class=\"slider-519 slide-521 msDefaultImage\" \/><\/li>\n                <li style=\"display: none; width: 100%;\" class=\"slide-524 ms-image\" aria-roledescription=\"slide\" data-date=\"2014-10-11 16:22:29\" data-filename=\"D\u017awig-kursy.jpg\" data-slide-type=\"image\"><img loading=\"lazy\" decoding=\"async\" src=\"https:\/\/szkolenia-udt.pl\/wp-content\/uploads\/2014\/10\/D\u017awig-kursy.jpg\" height=\"225\" width=\"300\" alt=\"Kran\" class=\"slider-519 slide-524 msDefaultImage\" \/><\/li>\n                <li style=\"display: none; width: 100%;\" class=\"slide-1172 ms-image\" aria-roledescription=\"slide\" data-date=\"2014-11-17 19:01:41\" data-filename=\"78XE_003a.jpg\" data-slide-type=\"image\"><img loading=\"lazy\" decoding=\"async\" src=\"https:\/\/szkolenia-udt.pl\/wp-content\/uploads\/2014\/11\/78XE_003a.jpg\" height=\"225\" width=\"300\" alt=\"oppl\u00e6ring warszawa\" class=\"slider-519 slide-1172 msDefaultImage\" \/><\/li>\n                <li style=\"display: none; width: 100%;\" class=\"slide-525 ms-image\" aria-roledescription=\"slide\" data-date=\"2014-10-11 16:22:32\" data-filename=\"suwnica-kursy-warszawa.jpg\" data-slide-type=\"image\"><img loading=\"lazy\" decoding=\"async\" src=\"https:\/\/szkolenia-udt.pl\/wp-content\/uploads\/2014\/10\/suwnica-kursy-warszawa.jpg\" height=\"225\" width=\"300\" alt=\"Kurs og oppl\u00e6ring\" class=\"slider-519 slide-525 msDefaultImage\" \/><\/li>\n                <li style=\"display: none; width: 100%;\" class=\"slide-700 ms-image\" aria-roledescription=\"slide\" data-date=\"2014-10-12 11:29:18\" data-filename=\"Kursy-oraz-szkolenia-uprawnienia-udt.jpg\" data-slide-type=\"image\"><img loading=\"lazy\" decoding=\"async\" src=\"https:\/\/szkolenia-udt.pl\/wp-content\/uploads\/2014\/10\/Kursy-oraz-szkolenia-uprawnienia-udt.jpg\" height=\"225\" width=\"300\" alt=\"udt-oppl\u00e6ring\" class=\"slider-519 slide-700 msDefaultImage\" \/><\/li>\n            <\/ul>\n        <\/div>\n        \n    <\/div>\n<\/div><\/div>\n<div class=\"wyjustuj\">\n<p>Vi har drevet profesjonell oppl\u00e6ring av ansatte i Polen i mer enn et dusin \u00e5r. Takket v\u00e6re oss kan du f\u00e5 UDT-rettigheter (Office of Technical Inspection) og begynne \u00e5 jobbe som maskinoperat\u00f8r som krever slike rettigheter. Kursene v\u00e5re henvender seg til alle som \u00f8nsker omfattende hjelp til \u00e5 forbedre kvalifikasjonene sine.<\/p>\n<p><strong>V\u00e5rt produktsortiment omfatter blant annet<\/strong><\/p>\n<ul>\n<li>kurs for mobile plattformer i kategori I P og II P<\/li>\n<li>Kurs for gaffeltruckf\u00f8rere i kategoriene I WJO, II WJO, III WJO<\/li>\n<li><a href=\"https:\/\/szkolenia-udt.pl\/nb\/kursy\/suwnice\/\">Krankurs<\/a> i kategoriene I S og II S<\/li>\n<li><a href=\"https:\/\/szkolenia-udt.pl\/nb\/kursy\/hds\/\">HDS-kurs<\/a> for UDT-rettigheter<\/li>\n<\/ul>\n<p>I tillegg tilbyr OSO-senteret v\u00e5rt kurs i helse og sikkerhet, brannslukking, f\u00f8rstehjelp, ADR, kj\u00f8ret\u00f8ydiagnostikk, signalmann, kran og TDT-p\u00e5fyllingsoperat\u00f8r.<\/p>\n<p>Undervisningen gis av kvalifiserte instrukt\u00f8rer og p\u00e5 grunnlag av programmer som er utviklet i samarbeid med sertifiseringsorganene som utsteder kvalifikasjonene, og med hjelp av v\u00e5re metodikere. Vi s\u00f8rger for at vi ikke bare formidler kunnskap, men at kursene v\u00e5re er fulle av praktiske \u00f8velser som befester kunnskapen. Det er slik vi oppn\u00e5r en s\u00e5 h\u00f8y best\u00e5elsesprosent samtidig som deltakerne er forn\u00f8yde.<\/p>\n<p>Prisene for oppl\u00e6ringstjenester avhenger av antall deltakere. N\u00e5r det gjelder st\u00f8rre grupper, gir vi alltid attraktive rabatter og \u00e5pner for forhandlinger. <a href=\"https:\/\/szkolenia-udt.pl\/nb\/kontakt\/\">Kontakt oss<\/a>, for mer informasjon om priser - vi utarbeider et individuelt tilbud.<\/p>\n<div style=\"float: left; padding-right: 10px;\"><div id=\"metaslider-id-528\" style=\"max-width: 300px;\" class=\"ml-slider-3-108-0 metaslider metaslider-flex metaslider-528 ml-slider ms-theme-default nav-hidden nav-hidden\" role=\"region\" aria-label=\"Kurs2\" data-height=\"225\" data-width=\"300\">\n    <div id=\"metaslider_container_528\">\n        <div id=\"metaslider_528\">\n            <ul class='slides'>\n                <li style=\"display: block; width: 100%;\" class=\"slide-530 ms-image\" aria-roledescription=\"slide\" data-date=\"2014-10-11 16:30:32\" data-filename=\"4678st1hjuffalicranes.jpg\" data-slide-type=\"image\"><img loading=\"lazy\" decoding=\"async\" src=\"https:\/\/szkolenia-udt.pl\/wp-content\/uploads\/2014\/10\/4678st1hjuffalicranes.jpg\" height=\"225\" width=\"300\" alt=\"Kurs og oppl\u00e6ring\" class=\"slider-528 slide-530 msDefaultImage\" \/><\/li>\n                <li style=\"display: none; width: 100%;\" class=\"slide-531 ms-image\" aria-roledescription=\"slide\" data-date=\"2014-10-11 16:31:01\" data-filename=\"Marketing-Image-Big-Yellow-Crane2.jpg\" data-slide-type=\"image\"><img loading=\"lazy\" decoding=\"async\" src=\"https:\/\/szkolenia-udt.pl\/wp-content\/uploads\/2014\/10\/Marketing-Image-Big-Yellow-Crane2.jpg\" height=\"225\" width=\"300\" alt=\"teleskoplaster\" class=\"slider-528 slide-531 msDefaultImage\" \/><\/li>\n                <li style=\"display: none; width: 100%;\" class=\"slide-1202 ms-image\" aria-roledescription=\"slide\" data-date=\"2014-11-17 21:26:13\" data-filename=\"podnosnik-kosz1a.jpg\" data-slide-type=\"image\"><img loading=\"lazy\" decoding=\"async\" src=\"https:\/\/szkolenia-udt.pl\/wp-content\/uploads\/2014\/11\/podnosnik-kosz1a.jpg\" height=\"225\" width=\"300\" alt=\"\" class=\"slider-528 slide-1202 msDefaultImage\" \/><\/li>\n                <li style=\"display: none; width: 100%;\" class=\"slide-1203 ms-image\" aria-roledescription=\"slide\" data-date=\"2014-11-17 21:31:14\" data-filename=\"wozki1a.jpg\" data-slide-type=\"image\"><img loading=\"lazy\" decoding=\"async\" src=\"https:\/\/szkolenia-udt.pl\/wp-content\/uploads\/2014\/11\/wozki1a.jpg\" height=\"225\" width=\"300\" alt=\"\" class=\"slider-528 slide-1203 msDefaultImage\" \/><\/li>\n                <li style=\"display: none; width: 100%;\" class=\"slide-1211 ms-image\" aria-roledescription=\"slide\" data-date=\"2014-11-17 21:42:16\" data-filename=\"suw3a.jpg\" data-slide-type=\"image\"><img loading=\"lazy\" decoding=\"async\" src=\"https:\/\/szkolenia-udt.pl\/wp-content\/uploads\/2014\/11\/suw3a.jpg\" height=\"225\" width=\"300\" alt=\"\" class=\"slider-528 slide-1211 msDefaultImage\" \/><\/li>\n            <\/ul>\n        <\/div>\n        \n    <\/div>\n<\/div><\/div>\n<p>Vi organiserer kurs i \u00e5pen form - de gjennomf\u00f8res i henhold til timeplanen som er lagt ut p\u00e5 nettstedet v\u00e5rt, samt i lukket form - for organiserte grupper som er henvist av arbeidsgivere eller institusjoner. De lukkede kursene kan skreddersys individuelt til kundenes behov i henhold til kravene p\u00e5 arbeidsplassen.<\/p>\n<p>Vi oppfordrer deg til \u00e5 velge <a href=\"https:\/\/szkolenia-udt.pl\/nb\/oferta\/\">v\u00e5re tjenester<\/a>!<\/p>\n<\/div>","protected":false},"excerpt":{"rendered":"<p>Szkolenia UDT w O\u015brodku OSO Od kilkunastu lat zajmujemy si\u0119 profesjonalnym szkoleniem pracownik\u00f3w na terenie Polski. Dzi\u0119ki nam mo\u017cesz uzyska\u0107 uprawnienia UDT (Urz\u0119du Dozoru Technicznego) i zacz\u0105\u0107 pracowa\u0107 na stanowisku operatora maszyn wymagaj\u0105cych tego rodzaju uprawnie\u0144. Nasze zaj\u0119cia skierowane s\u0105 do wszystkich os\u00f3b, kt\u00f3re poszukuj\u0105 kompleksowej pomocy w podnoszeniu swoich kwalifikacji. W naszej ofercie znajduj\u0105 [&hellip;]<\/p>\n","protected":false},"author":3,"featured_media":0,"parent":0,"menu_order":2,"comment_status":"closed","ping_status":"closed","template":"template-podkategorie.php","meta":{"footnotes":""},"class_list":["post-22","page","type-page","status-publish","hentry"],"aioseo_notices":[],"_links":{"self":[{"href":"https:\/\/szkolenia-udt.pl\/nb\/wp-json\/wp\/v2\/pages\/22","targetHints":{"allow":["GET"]}}],"collection":[{"href":"https:\/\/szkolenia-udt.pl\/nb\/wp-json\/wp\/v2\/pages"}],"about":[{"href":"https:\/\/szkolenia-udt.pl\/nb\/wp-json\/wp\/v2\/types\/page"}],"author":[{"embeddable":true,"href":"https:\/\/szkolenia-udt.pl\/nb\/wp-json\/wp\/v2\/users\/3"}],"replies":[{"embeddable":true,"href":"https:\/\/szkolenia-udt.pl\/nb\/wp-json\/wp\/v2\/comments?post=22"}],"version-history":[{"count":37,"href":"https:\/\/szkolenia-udt.pl\/nb\/wp-json\/wp\/v2\/pages\/22\/revisions"}],"predecessor-version":[{"id":2575,"href":"https:\/\/szkolenia-udt.pl\/nb\/wp-json\/wp\/v2\/pages\/22\/revisions\/2575"}],"wp:attachment":[{"href":"https:\/\/szkolenia-udt.pl\/nb\/wp-json\/wp\/v2\/media?parent=22"}],"curies":[{"name":"wp","href":"https:\/\/api.w.org\/{rel}","templated":true}]}}