{"id":231,"date":"2014-10-08T17:04:53","date_gmt":"2014-10-08T17:04:53","guid":{"rendered":"http:\/\/szkolenia-udt.pl\/?page_id=231"},"modified":"2022-09-01T22:07:21","modified_gmt":"2022-09-01T20:07:21","slug":"kjore-gaffeltruck","status":"publish","type":"page","link":"https:\/\/szkolenia-udt.pl\/nb\/kursy\/wozki-widlowe\/kierowanie-wozkami-jezdniowymi\/","title":{"rendered":"Lastebilkj\u00f8ring"},"content":{"rendered":"<div style=\"float: left; padding-right: 10px;\"><div id=\"metaslider-id-396\" style=\"max-width: 300px;\" class=\"ml-slider-3-107-0 metaslider metaslider-flex metaslider-396 ml-slider ms-theme-default nav-hidden\" role=\"region\" aria-label=\"Gaffeltrucker\" data-height=\"225\" data-width=\"300\">\n    <div id=\"metaslider_container_396\">\n        <div id=\"metaslider_396\">\n            <ul class='slides'>\n                <li style=\"display: block; width: 100%;\" class=\"slide-400 ms-image\" aria-roledescription=\"slide\" data-date=\"2014-10-10 12:07:59\" data-filename=\"6260676228_3a0fdacf7d_o.jpg\" data-slide-type=\"image\"><img loading=\"lazy\" decoding=\"async\" src=\"https:\/\/szkolenia-udt.pl\/wp-content\/uploads\/2014\/10\/6260676228_3a0fdacf7d_o.jpg\" height=\"225\" width=\"300\" alt=\"Gaffeltruck\" class=\"slider-396 slide-400 msDefaultImage\" \/><\/li>\n                <li style=\"display: none; width: 100%;\" class=\"slide-577 ms-image\" aria-roledescription=\"slide\" data-date=\"2014-10-12 05:27:57\" data-filename=\"Szkolenia-w\u00f3zki-wid\u0142owe.jpg\" data-slide-type=\"image\"><img loading=\"lazy\" decoding=\"async\" src=\"https:\/\/szkolenia-udt.pl\/wp-content\/uploads\/2014\/10\/Szkolenia-w\u00f3zki-wid\u0142owe.jpg\" height=\"225\" width=\"300\" alt=\"Oppl\u00e6ring av gaffeltrucker\" class=\"slider-396 slide-577 msDefaultImage\" \/><\/li>\n                <li style=\"display: none; width: 100%;\" class=\"slide-578 ms-image\" aria-roledescription=\"slide\" data-date=\"2014-10-12 05:34:04\" data-filename=\"W\u00f3zki-wid\u0142owe-UDT.jpg\" data-slide-type=\"image\"><img loading=\"lazy\" decoding=\"async\" src=\"https:\/\/szkolenia-udt.pl\/wp-content\/uploads\/2014\/10\/W\u00f3zki-wid\u0142owe-UDT.jpg\" height=\"225\" width=\"300\" alt=\"\" class=\"slider-396 slide-578 msDefaultImage\" \/><\/li>\n                <li style=\"display: none; width: 100%;\" class=\"slide-1205 ms-image\" aria-roledescription=\"slide\" data-date=\"2014-11-17 21:31:17\" data-filename=\"wozki3a.jpg\" data-slide-type=\"image\"><img loading=\"lazy\" decoding=\"async\" src=\"https:\/\/szkolenia-udt.pl\/wp-content\/uploads\/2014\/11\/wozki3a.jpg\" height=\"225\" width=\"300\" alt=\"\" class=\"slider-396 slide-1205 msDefaultImage\" \/><\/li>\n                <li style=\"display: none; width: 100%;\" class=\"slide-1204 ms-image\" aria-roledescription=\"slide\" data-date=\"2014-11-17 21:31:16\" data-filename=\"wozki2a.jpg\" data-slide-type=\"image\"><img loading=\"lazy\" decoding=\"async\" src=\"https:\/\/szkolenia-udt.pl\/wp-content\/uploads\/2014\/11\/wozki2a.jpg\" height=\"225\" width=\"300\" alt=\"\" class=\"slider-396 slide-1204 msDefaultImage\" \/><\/li>\n            <\/ul>\n        <\/div>\n        \n    <\/div>\n<\/div><\/div>\n<div class=\"wyjustuj\">\n<p>I dag er gaffeltrucker mye brukt i logistikksentre, lager- og butikkhaller, samt i produksjon og industri. De er p\u00e5litelige og uunnv\u00e6rlige i materialh\u00e5ndteringen, og gj\u00f8r det mulig \u00e5 flytte last raskt og enkelt, selv mellom trange reoler. Her f\u00e5r du teoretisk informasjon og f\u00e5r delta i \u00f8velser i hvordan du bruker maskinen, slik at du deretter kan ta eksamen og f\u00e5 f\u00f8rerkortet ditt. Kurset tar blant annet for seg riktig kontroll av gaffeltrucker, noe som er avgj\u00f8rende for sikkerheten p\u00e5 arbeidsplassen.<\/p>\n<p><strong>P\u00e5 grunn av konstruksjonen kan man utf\u00f8re flere typer bevegelser n\u00e5r man bruker en gaffeltruck:<\/strong><\/p>\n<ul>\n<li>sporingskontroll av selve enheten<\/li>\n<li>kontroll av en mast som b\u00e6rer en vogn med gafler<\/li>\n<li>kontroll av gaflene som lasten er plassert p\u00e5<\/li>\n<\/ul>\n<p>Styring av gaffeltrucker kan sammenlignes med styring av biler. Maskinene er utstyrt med ratt samt gass- og bremsepedaler p\u00e5 de fleste modeller. I tillegg har noen typer en clutch. Girene er vanligvis to - raskere og langsommere. Gaffeltruckene kan drives av elektrisitet og batterier, og de kan ogs\u00e5 ha en vanlig forbrenningsdrift. I v\u00e5rt truckf\u00f8rerkurs ser vi n\u00e6rmere p\u00e5 hvordan utstyret er konstruert.<\/p>\n<p>N\u00e5r du styrer, er det viktig \u00e5 huske p\u00e5 at sitte-p\u00e5-vogner er mye mer man\u00f8vrerbare enn personbiler. Den lille svingradiusen gj\u00f8r dem vanskelige \u00e5 kj\u00f8re for uerfarne f\u00f8rere. Det gj\u00f8r at trucken kan kj\u00f8re mellom hyllene uten problemer, siden det er enklere \u00e5 man\u00f8vrere selv p\u00e5 liten plass, men samtidig er det ogs\u00e5 viktig \u00e5 huske sikkerhetsreglene for ikke \u00e5 for\u00e5rsake en ulykke. Den vanligste \u00e5rsaken til ulykker for operat\u00f8ren <a href=\"https:\/\/szkolenia-udt.pl\/nb\/kursy\/wozki-widlowe\/budowa-wozka-jezdniowego\/\">gaffeltruck<\/a> er utilstrekkelig veiledning under lasting. En tralle med hevede gafler og tung last er ekstremt utsatt for overbelastning og velt, og den m\u00e5 derfor styres sv\u00e6rt forsiktig og i henhold til alle regler for helse, milj\u00f8 og sikkerhet og korrekt h\u00e5ndtering.<\/p>\n<div style=\"float: left; padding-right: 10px;\"><div id=\"metaslider-id-605\" style=\"max-width: 300px;\" class=\"ml-slider-3-107-0 metaslider metaslider-flex metaslider-605 ml-slider ms-theme-default nav-hidden nav-hidden\" role=\"region\" aria-label=\"Forbudte aktiviteter med tralle\" data-height=\"225\" data-width=\"300\">\n    <div id=\"metaslider_container_605\">\n        <div id=\"metaslider_605\">\n            <ul class='slides'>\n                <li style=\"display: block; width: 100%;\" class=\"slide-580 ms-image\" aria-roledescription=\"slide\" data-date=\"2014-10-12 05:36:13\" data-filename=\"Kurs-W\u00f3zek-Wid\u0142owy.jpg\" data-slide-type=\"image\"><img loading=\"lazy\" decoding=\"async\" src=\"https:\/\/szkolenia-udt.pl\/wp-content\/uploads\/2014\/10\/Kurs-W\u00f3zek-Wid\u0142owy.jpg\" height=\"225\" width=\"300\" alt=\"\" class=\"slider-605 slide-580 msDefaultImage\" \/><\/li>\n                <li style=\"display: none; width: 100%;\" class=\"slide-579 ms-image\" aria-roledescription=\"slide\" data-date=\"2014-10-12 05:36:12\" data-filename=\"Szkolenie-W\u00f3zki-wid\u0142owe.jpg\" data-slide-type=\"image\"><img loading=\"lazy\" decoding=\"async\" src=\"https:\/\/szkolenia-udt.pl\/wp-content\/uploads\/2014\/10\/Szkolenie-W\u00f3zki-wid\u0142owe.jpg\" height=\"225\" width=\"300\" alt=\"Oppl\u00e6ring av gaffeltrucker\" class=\"slider-605 slide-579 msDefaultImage\" \/><\/li>\n                <li style=\"display: none; width: 100%;\" class=\"slide-591 ms-image\" aria-roledescription=\"slide\" data-date=\"2014-10-12 05:43:41\" data-filename=\"Kursy-W\u00f3zki-wid\u0142owe.jpg\" data-slide-type=\"image\"><img loading=\"lazy\" decoding=\"async\" src=\"https:\/\/szkolenia-udt.pl\/wp-content\/uploads\/2014\/10\/Kursy-W\u00f3zki-wid\u0142owe.jpg\" height=\"225\" width=\"300\" alt=\"Kurs for gaffeltruckf\u00f8rere\" class=\"slider-605 slide-591 msDefaultImage\" \/><\/li>\n                <li style=\"display: none; width: 100%;\" class=\"slide-594 ms-image\" aria-roledescription=\"slide\" data-date=\"2014-10-12 05:43:43\" data-filename=\"Szkolenia-w\u00f3zki-wid\u0142owe1.jpg\" data-slide-type=\"image\"><img loading=\"lazy\" decoding=\"async\" src=\"https:\/\/szkolenia-udt.pl\/wp-content\/uploads\/2014\/10\/Szkolenia-w\u00f3zki-wid\u0142owe1.jpg\" height=\"225\" width=\"300\" alt=\"\" class=\"slider-605 slide-594 msDefaultImage\" \/><\/li>\n                <li style=\"display: none; width: 100%;\" class=\"slide-1212 ms-image\" aria-roledescription=\"slide\" data-date=\"2014-11-17 21:42:16\" data-filename=\"wozki5a.jpg\" data-slide-type=\"image\"><img loading=\"lazy\" decoding=\"async\" src=\"https:\/\/szkolenia-udt.pl\/wp-content\/uploads\/2014\/11\/wozki5a.jpg\" height=\"225\" width=\"300\" alt=\"\" class=\"slider-605 slide-1212 msDefaultImage\" \/><\/li>\n            <\/ul>\n        <\/div>\n        \n    <\/div>\n<\/div><\/div>\n<p>I v\u00e5r <a href=\"https:\/\/szkolenia-udt.pl\/nb\/o-firmie\/\">Sentrum<\/a> <a href=\"https:\/\/szkolenia-udt.pl\/nb\/kursy\/uprawnienia-udt-tdt-wdt\/wozki-widlowe\/\">Kurs for gaffeltrucker<\/a> inkluderer detaljerte instruksjoner for korrekt styring. Vi formidler ikke bare teori til studentene v\u00e5re, men ogs\u00e5 til <a href=\"https:\/\/szkolenia-udt.pl\/nb\/kursy\/wozki-widlowe\/\">f\u00f8rerkort for gaffeltruck<\/a> var lettere \u00e5 tilegne seg, bruker vi mye tid p\u00e5 praktiske \u00f8velser. Deltakere som bestemmer seg for \u00e5 ta eksamen f\u00f8r UDT Warszawa eller p\u00e5 v\u00e5re feltsentre, m\u00e5 vite hvordan de skal betjene gaffeltrucken riktig med og uten last. UDT-kvalifikasjonen som er oppn\u00e5dd, lar deg betjene utstyr i henhold til kategorien.<\/p>\n<\/div>","protected":false},"excerpt":{"rendered":"<p>Aktualnie z w\u00f3zk\u00f3w wid\u0142owych korzysta si\u0119 powszechnie w centrach logistycznych, halach magazynowych, handlowych, a tak\u017ce produkcyjnych czy przemys\u0142owych. To niezawodne i niezast\u0105pione w transporcie bliskim urz\u0105dzenia, kt\u00f3re pozwalaj\u0105 na szybkie i \u0142atwe przenoszenie \u0142adunk\u00f3w, nawet pomi\u0119dzy w\u0105skimi rega\u0142ami.Aby pracowa\u0107 na stanowisku operatora w\u00f3zka wid\u0142owego, potrzebny jest kurs na w\u00f3zek wid\u0142owy. Dzi\u0119ki niemu mo\u017cna uzyska\u0107 informacje [&hellip;]<\/p>\n","protected":false},"author":3,"featured_media":400,"parent":33,"menu_order":0,"comment_status":"closed","ping_status":"closed","template":"","meta":{"footnotes":""},"class_list":["post-231","page","type-page","status-publish","has-post-thumbnail","hentry"],"aioseo_notices":[],"_links":{"self":[{"href":"https:\/\/szkolenia-udt.pl\/nb\/wp-json\/wp\/v2\/pages\/231","targetHints":{"allow":["GET"]}}],"collection":[{"href":"https:\/\/szkolenia-udt.pl\/nb\/wp-json\/wp\/v2\/pages"}],"about":[{"href":"https:\/\/szkolenia-udt.pl\/nb\/wp-json\/wp\/v2\/types\/page"}],"author":[{"embeddable":true,"href":"https:\/\/szkolenia-udt.pl\/nb\/wp-json\/wp\/v2\/users\/3"}],"replies":[{"embeddable":true,"href":"https:\/\/szkolenia-udt.pl\/nb\/wp-json\/wp\/v2\/comments?post=231"}],"version-history":[{"count":8,"href":"https:\/\/szkolenia-udt.pl\/nb\/wp-json\/wp\/v2\/pages\/231\/revisions"}],"predecessor-version":[{"id":3254,"href":"https:\/\/szkolenia-udt.pl\/nb\/wp-json\/wp\/v2\/pages\/231\/revisions\/3254"}],"up":[{"embeddable":true,"href":"https:\/\/szkolenia-udt.pl\/nb\/wp-json\/wp\/v2\/pages\/33"}],"wp:featuredmedia":[{"embeddable":true,"href":"https:\/\/szkolenia-udt.pl\/nb\/wp-json\/wp\/v2\/media\/400"}],"wp:attachment":[{"href":"https:\/\/szkolenia-udt.pl\/nb\/wp-json\/wp\/v2\/media?parent=231"}],"curies":[{"name":"wp","href":"https:\/\/api.w.org\/{rel}","templated":true}]}}