{"id":233,"date":"2014-10-08T17:05:28","date_gmt":"2014-10-08T17:05:28","guid":{"rendered":"http:\/\/szkolenia-udt.pl\/?page_id=233"},"modified":"2021-08-31T22:12:49","modified_gmt":"2021-08-31T22:12:49","slug":"lastmanipulering","status":"publish","type":"page","link":"https:\/\/szkolenia-udt.pl\/nb\/kursy\/wozki-widlowe\/manipulacja-ladunkiem\/","title":{"rendered":"Manipulering av last"},"content":{"rendered":"<div style=\"float: left; padding-right: 10px;\"><div id=\"metaslider-id-584\" style=\"max-width: 300px;\" class=\"ml-slider-3-107-0 metaslider metaslider-flex metaslider-584 ml-slider ms-theme-default nav-hidden\" role=\"region\" aria-label=\"Konstruksjon av vognen\" data-height=\"225\" data-width=\"300\">\n    <div id=\"metaslider_container_584\">\n        <div id=\"metaslider_584\">\n            <ul class='slides'>\n                <li style=\"display: block; width: 100%;\" class=\"slide-586 ms-image\" aria-roledescription=\"slide\" data-date=\"2014-10-12 05:43:37\" data-filename=\"Kurs-na-w\u00f3zki-wid\u0142owe.jpg\" data-slide-type=\"image\"><img loading=\"lazy\" decoding=\"async\" src=\"https:\/\/szkolenia-udt.pl\/wp-content\/uploads\/2014\/10\/Kurs-na-w\u00f3zki-wid\u0142owe.jpg\" height=\"225\" width=\"300\" alt=\"Kurs for gaffeltrucker\" class=\"slider-584 slide-586 msDefaultImage\" \/><\/li>\n                <li style=\"display: none; width: 100%;\" class=\"slide-591 ms-image\" aria-roledescription=\"slide\" data-date=\"2014-10-12 05:43:41\" data-filename=\"Kursy-W\u00f3zki-wid\u0142owe.jpg\" data-slide-type=\"image\"><img loading=\"lazy\" decoding=\"async\" src=\"https:\/\/szkolenia-udt.pl\/wp-content\/uploads\/2014\/10\/Kursy-W\u00f3zki-wid\u0142owe.jpg\" height=\"225\" width=\"300\" alt=\"Kurs for gaffeltruckf\u00f8rere\" class=\"slider-584 slide-591 msDefaultImage\" \/><\/li>\n                <li style=\"display: none; width: 100%;\" class=\"slide-596 ms-image\" aria-roledescription=\"slide\" data-date=\"2014-10-12 05:43:44\" data-filename=\"Szkolenie-W\u00f3zki-wid\u0142owe1.jpg\" data-slide-type=\"image\"><img loading=\"lazy\" decoding=\"async\" src=\"https:\/\/szkolenia-udt.pl\/wp-content\/uploads\/2014\/10\/Szkolenie-W\u00f3zki-wid\u0142owe1.jpg\" height=\"225\" width=\"300\" alt=\"\" class=\"slider-584 slide-596 msDefaultImage\" \/><\/li>\n                <li style=\"display: none; width: 100%;\" class=\"slide-685 ms-image\" aria-roledescription=\"slide\" data-date=\"2014-10-12 11:03:23\" data-filename=\"Kursy-urz\u0105dzenia-manipulacji-kontenerami.jpg\" data-slide-type=\"image\"><img loading=\"lazy\" decoding=\"async\" src=\"https:\/\/szkolenia-udt.pl\/wp-content\/uploads\/2014\/10\/Kursy-urz\u0105dzenia-manipulacji-kontenerami.jpg\" height=\"225\" width=\"300\" alt=\"Oppl\u00e6ringssenter for operat\u00f8rer i Warszawa\" class=\"slider-584 slide-685 msDefaultImage\" \/><\/li>\n                <li style=\"display: none; width: 100%;\" class=\"slide-679 ms-image\" aria-roledescription=\"slide\" data-date=\"2014-10-12 10:48:10\" data-filename=\"OSO-Warszawa2.jpg\" data-slide-type=\"image\"><img loading=\"lazy\" decoding=\"async\" src=\"https:\/\/szkolenia-udt.pl\/wp-content\/uploads\/2014\/10\/OSO-Warszawa2.jpg\" height=\"225\" width=\"300\" alt=\"\" class=\"slider-584 slide-679 msDefaultImage\" \/><\/li>\n            <\/ul>\n        <\/div>\n        \n    <\/div>\n<\/div><\/div>\n<div class=\"wyjustuj\">\n<p><a href=\"https:\/\/szkolenia-udt.pl\/nb\/kursy\/wozki-widlowe\/budowa-wozka-jezdniowego\/\">Mobile lastebiler<\/a> er konstruert for \u00e5 flytte last raskt. Gaffeltruckf\u00f8rerens oppgave er \u00e5 laste riktig, transportere pallen eller en annen type gjenstand til stedet og losse den. V\u00e5re <a href=\"https:\/\/szkolenia-udt.pl\/nb\/kursy\/uprawnienia-udt-tdt-wdt\/wozki-widlowe\/\">Kurs for gaffeltrucker<\/a> l\u00e6rer n\u00f8yaktig hvordan du skal h\u00e5ndtere belastningen riktig. <a href=\"https:\/\/szkolenia-udt.pl\/nb\/kursy\/uprawnienia-udt-tdt-wdt\/wozki-widlowe-oso\/\">gaffeltruckf\u00f8rer<\/a> kan utf\u00f8re tre hovedbevegelser ved h\u00e5ndtering av last - heve og senke gaflene, vippe truckens mast fra side til side og flytte vognen med gaflene sidelengs. Avhengig av maskinens modell kan bevegelsene ogs\u00e5 v\u00e6re andre, for eksempel slik at den kan flytte gaflene ved \u00e5 posisjonere dem, dvs. justere avstanden.<\/p>\n<p>N\u00e5r du velger truckf\u00f8rerkurset, f\u00e5r du all den viktigste informasjonen om styring og lasth\u00e5ndtering p\u00e5 senteret v\u00e5rt. Dette er viktig kunnskap og \u00f8velse for \u00e5 kunne ta eksamen, og en vellykket gjennomf\u00f8ring gir deg <a href=\"https:\/\/szkolenia-udt.pl\/nb\/kursy\/wozki-widlowe\/\">f\u00f8rerkort for gaffeltruck<\/a>. Under eksamen gjennomf\u00f8res det ogs\u00e5 \u00f8velser som inneb\u00e6rer lasting, transport og lossing av gjenstanden.<\/p>\n<p>F\u00f8r du arbeider med en last, b\u00f8r operat\u00f8ren alltid kontrollere vekten og sammenligne den med den maksimale nominelle lastekapasiteten. Lasten som plasseres p\u00e5 vognen m\u00e5 v\u00e6re stabil og sikker. Det m\u00e5 utvises spesiell forsiktighet med last som ikke har standardm\u00e5l.<\/p>\n<p>OSO-truckkurset gir teoretisk informasjon og l\u00e6rer deg hvordan du skal bruke trucken riktig i praksis. Kunnskapene og ferdighetene er nyttige n\u00e5r du skal best\u00e5 UDT-eksamen.<\/p>\n<p><strong>Prosedyrer ved h\u00e5ndtering av last:<\/strong><\/p>\n<ol>\n<li>Kj\u00f8r fronten av gaffeltrucken mot lasten i transportstilling - gaffelh\u00f8yden skal v\u00e6re 100 til 300 millimeter over gulvflaten<\/li>\n<li>Stanse vognen foran lasten og plassere masten i riktig vertikal posisjon<\/li>\n<li>Justering av gaffelavstand og -h\u00f8yde for \u00e5 tilpasse lastens bredde<\/li>\n<li>Kj\u00f8r gaffeltrucken og plasser gaflene sakte under lasten<\/li>\n<li>L\u00f8fte gaflene med lasten til riktig h\u00f8yde<\/li>\n<li>Vippe masten bakover<\/li>\n<li>Ankomst til lossestedet<\/li>\n<li>Retting av vognmasten<\/li>\n<li>Langsom senking av gaffelen ved lossing<\/li>\n<li>Foroverhelling av boggimasten<\/li>\n<li>Sette lasten p\u00e5 plass<\/li>\n<\/ol>\n<p>Ved h\u00e5ndtering av last m\u00e5 f\u00f8reren huske \u00e5 v\u00e6re ekstra forsiktig. Spesielt med tung last m\u00e5 trucken ikke beveges for raskt, noe som kan f\u00f8re til at den velter. Ved \u00e5 melde deg p\u00e5 v\u00e5rt truckkurs f\u00e5r du all den viktigste informasjonen om korrekt lasting og lossing, slik at arbeidet ditt er forbundet med lavest mulig risiko.<\/p>\n<\/div>","protected":false},"excerpt":{"rendered":"<p>W\u00f3zki jezdniowe s\u0105 przeznaczone do szybkiego przemieszczania \u0142adunk\u00f3w. Zadaniem operatora w\u00f3zka jest poprawny za\u0142adunek, przewiezienie palety lub innego rodzaju obiektu na miejsce oraz jego roz\u0142adowanie. Nasz kurs na w\u00f3zki wid\u0142owe dok\u0142adnie uczy, jak poprawnie manipulowa\u0107 \u0142adunkiem.Podczas pracy operator w\u00f3zka wid\u0142owego mo\u017ce wykona\u0107 trzy g\u0142\u00f3wne ruchy przy manipulacji \u0142adunkami \u2013 podnoszenie i opuszczanie wide\u0142, przechylanie masztu [&hellip;]<\/p>\n","protected":false},"author":3,"featured_media":586,"parent":33,"menu_order":0,"comment_status":"closed","ping_status":"closed","template":"","meta":{"footnotes":""},"class_list":["post-233","page","type-page","status-publish","has-post-thumbnail","hentry"],"aioseo_notices":[],"_links":{"self":[{"href":"https:\/\/szkolenia-udt.pl\/nb\/wp-json\/wp\/v2\/pages\/233","targetHints":{"allow":["GET"]}}],"collection":[{"href":"https:\/\/szkolenia-udt.pl\/nb\/wp-json\/wp\/v2\/pages"}],"about":[{"href":"https:\/\/szkolenia-udt.pl\/nb\/wp-json\/wp\/v2\/types\/page"}],"author":[{"embeddable":true,"href":"https:\/\/szkolenia-udt.pl\/nb\/wp-json\/wp\/v2\/users\/3"}],"replies":[{"embeddable":true,"href":"https:\/\/szkolenia-udt.pl\/nb\/wp-json\/wp\/v2\/comments?post=233"}],"version-history":[{"count":7,"href":"https:\/\/szkolenia-udt.pl\/nb\/wp-json\/wp\/v2\/pages\/233\/revisions"}],"predecessor-version":[{"id":2249,"href":"https:\/\/szkolenia-udt.pl\/nb\/wp-json\/wp\/v2\/pages\/233\/revisions\/2249"}],"up":[{"embeddable":true,"href":"https:\/\/szkolenia-udt.pl\/nb\/wp-json\/wp\/v2\/pages\/33"}],"wp:featuredmedia":[{"embeddable":true,"href":"https:\/\/szkolenia-udt.pl\/nb\/wp-json\/wp\/v2\/media\/586"}],"wp:attachment":[{"href":"https:\/\/szkolenia-udt.pl\/nb\/wp-json\/wp\/v2\/media?parent=233"}],"curies":[{"name":"wp","href":"https:\/\/api.w.org\/{rel}","templated":true}]}}