{"id":235,"date":"2014-10-08T17:06:42","date_gmt":"2014-10-08T17:06:42","guid":{"rendered":"http:\/\/szkolenia-udt.pl\/?page_id=235"},"modified":"2021-08-31T22:10:01","modified_gmt":"2021-08-31T22:10:01","slug":"forbudte-aktiviteter-ved-bruk-av-gaffeltruck","status":"publish","type":"page","link":"https:\/\/szkolenia-udt.pl\/nb\/kursy\/wozki-widlowe\/czynnosci-zabronione-przy-obsludze-wozka-widlowego\/","title":{"rendered":"Forbudte aktiviteter ved bruk av gaffeltrucker"},"content":{"rendered":"<div style=\"float: left; padding-right: 10px;\"><div id=\"metaslider-id-605\" style=\"max-width: 300px;\" class=\"ml-slider-3-107-0 metaslider metaslider-flex metaslider-605 ml-slider ms-theme-default nav-hidden\" role=\"region\" aria-label=\"Forbudte aktiviteter med tralle\" data-height=\"225\" data-width=\"300\">\n    <div id=\"metaslider_container_605\">\n        <div id=\"metaslider_605\">\n            <ul class='slides'>\n                <li style=\"display: block; width: 100%;\" class=\"slide-580 ms-image\" aria-roledescription=\"slide\" data-date=\"2014-10-12 05:36:13\" data-filename=\"Kurs-W\u00f3zek-Wid\u0142owy.jpg\" data-slide-type=\"image\"><img loading=\"lazy\" decoding=\"async\" src=\"https:\/\/szkolenia-udt.pl\/wp-content\/uploads\/2014\/10\/Kurs-W\u00f3zek-Wid\u0142owy.jpg\" height=\"225\" width=\"300\" alt=\"\" class=\"slider-605 slide-580 msDefaultImage\" \/><\/li>\n                <li style=\"display: none; width: 100%;\" class=\"slide-579 ms-image\" aria-roledescription=\"slide\" data-date=\"2014-10-12 05:36:12\" data-filename=\"Szkolenie-W\u00f3zki-wid\u0142owe.jpg\" data-slide-type=\"image\"><img loading=\"lazy\" decoding=\"async\" src=\"https:\/\/szkolenia-udt.pl\/wp-content\/uploads\/2014\/10\/Szkolenie-W\u00f3zki-wid\u0142owe.jpg\" height=\"225\" width=\"300\" alt=\"Oppl\u00e6ring av gaffeltrucker\" class=\"slider-605 slide-579 msDefaultImage\" \/><\/li>\n                <li style=\"display: none; width: 100%;\" class=\"slide-591 ms-image\" aria-roledescription=\"slide\" data-date=\"2014-10-12 05:43:41\" data-filename=\"Kursy-W\u00f3zki-wid\u0142owe.jpg\" data-slide-type=\"image\"><img loading=\"lazy\" decoding=\"async\" src=\"https:\/\/szkolenia-udt.pl\/wp-content\/uploads\/2014\/10\/Kursy-W\u00f3zki-wid\u0142owe.jpg\" height=\"225\" width=\"300\" alt=\"Kurs for gaffeltruckf\u00f8rere\" class=\"slider-605 slide-591 msDefaultImage\" \/><\/li>\n                <li style=\"display: none; width: 100%;\" class=\"slide-594 ms-image\" aria-roledescription=\"slide\" data-date=\"2014-10-12 05:43:43\" data-filename=\"Szkolenia-w\u00f3zki-wid\u0142owe1.jpg\" data-slide-type=\"image\"><img loading=\"lazy\" decoding=\"async\" src=\"https:\/\/szkolenia-udt.pl\/wp-content\/uploads\/2014\/10\/Szkolenia-w\u00f3zki-wid\u0142owe1.jpg\" height=\"225\" width=\"300\" alt=\"\" class=\"slider-605 slide-594 msDefaultImage\" \/><\/li>\n                <li style=\"display: none; width: 100%;\" class=\"slide-1212 ms-image\" aria-roledescription=\"slide\" data-date=\"2014-11-17 21:42:16\" data-filename=\"wozki5a.jpg\" data-slide-type=\"image\"><img loading=\"lazy\" decoding=\"async\" src=\"https:\/\/szkolenia-udt.pl\/wp-content\/uploads\/2014\/11\/wozki5a.jpg\" height=\"225\" width=\"300\" alt=\"\" class=\"slider-605 slide-1212 msDefaultImage\" \/><\/li>\n            <\/ul>\n        <\/div>\n        \n    <\/div>\n<\/div><\/div>\n<div class=\"wyjustuj\">Gaffeltrucker, som brukes daglig p\u00e5 mange arbeidsplasser, krever f\u00f8rerkort for \u00e5 kunne betjene dem. Dette kan man f\u00e5 ved \u00e5 velge et truckkurs, der deltakerne l\u00e6rer \u00e5 man\u00f8vrere denne typen utstyr p\u00e5 riktig m\u00e5te. V\u00e5re gaffeltruckkurs <a href=\"https:\/\/szkolenia-udt.pl\/nb\/o-firmie\/\">Sentrum<\/a> P\u00e5 truckkursene f\u00e5r du omfattende kunnskaper og ferdigheter om hvordan utstyret er konstruert og hvordan det brukes. Hovedvekten ligger p\u00e5 helse- og sikkerhetsprinsipper, for det er ikke vanskelig \u00e5 komme ut for en ulykke n\u00e5r man bruker en gaffeltruck. Derfor er truckkurset grunnleggende, og helse- og sikkerhetsregler gjelder for f\u00f8reren b\u00e5de f\u00f8r, under og etter arbeidet med trucken. Det er blant annet viktig \u00e5 sjekke utstyret grundig, kjenne til hvordan det fungerer, de tekniske parameterne som l\u00f8ftekapasitet, den maksimale h\u00f8yden p\u00e5 lasten som skal l\u00f8ftes eller den optimale m\u00e5ten \u00e5 plassere lasten p\u00e5 gaffeltruckens gafler. I tillegg b\u00f8r alle operat\u00f8rer kjenne til listen over forbudte aktiviteter ved bruk av gaffeltruck. Vi presenterer den nedenfor.<br \/>\n<strong><br \/>\nHva du m\u00e5 huske p\u00e5:<\/strong><\/p>\n<ul>\n<li>ikke bruk utstyret under p\u00e5virkning av alkohol eller andre rusmidler<\/li>\n<li>Kontroller den maksimale arbeidsbelastningen for ikke \u00e5 overbelaste maskinen<\/li>\n<li>rullestolen m\u00e5 ikke brukes til andre form\u00e5l enn det den er beregnet for<\/li>\n<li>Apparatet m\u00e5 kun brukes av en person som har <a href=\"https:\/\/szkolenia-udt.pl\/nb\/kursy\/wozki-widlowe\/\">f\u00f8rerkort for gaffeltruck<\/a><\/li>\n<li>det er forbudt \u00e5 overskride fartsgrensen<\/li>\n<li>br\u00e5 akselerasjon og bremsing er forbudt<\/li>\n<li>apparatet m\u00e5 ikke etterlates i drift<\/li>\n<li>V\u00e6r forsiktig n\u00e5r du kj\u00f8rer i stigninger<\/li>\n<li>det er ikke mulig \u00e5 kj\u00f8re rullestolen inn i andre gjenstander<\/li>\n<li>sikkerhetsdekslene m\u00e5 ikke fjernes<\/li>\n<li>det er forbudt \u00e5 bruke \u00e5pen ild under kj\u00f8ring av vognen<\/li>\n<li>det er forbudt \u00e5 foreta uautoriserte endringer p\u00e5 apparatet<\/li>\n<li>Lasten m\u00e5 ikke etterlates p\u00e5 hevede gafler<\/li>\n<li>det er forbudt \u00e5 st\u00e5 eller g\u00e5 under de hevede gaflene p\u00e5 et apparat<\/li>\n<li>gaffeltrucken m\u00e5 ikke brukes med glatte sko eller hender<\/li>\n<li>det er ikke tillatt \u00e5 kj\u00f8re nedover skr\u00e5tt underlag med stasjonen sl\u00e5tt av eller i n\u00f8ytral gir<\/li>\n<li>mastens posisjon kan ikke endres under svinging<\/li>\n<li>det er ikke tillatt \u00e5 kj\u00f8re rullestolen p\u00e5 underlag som ikke er egnet for dette form\u00e5let<\/li>\n<\/ul>\n<p>Vi minner om at du trenger truckf\u00f8rerbevis for \u00e5 kj\u00f8re truck. Det er mulig \u00e5 f\u00e5 dem uten \u00e5 best\u00e5 en eksamen ved Office of Technical Inspection, men det er alltid en fremtidsrettet beslutning \u00e5 skaffe seg kvalifikasjoner fra UDT Warszawa eller andre filialer, ettersom de verdsettes av arbeidsgivere.<\/p>\n<\/div>","protected":false},"excerpt":{"rendered":"<p>Codziennie wykorzystywane w wielu zak\u0142adach pracy w\u00f3zki wid\u0142owe wymagaj\u0105 posiadania uprawnie\u0144 do ich obs\u0142ugi. Mo\u017cna uzyska\u0107 je, wybieraj\u0105c kurs w\u00f3zka wid\u0142owego, podczas kt\u00f3rego uczestnicy dowiaduj\u0105 si\u0119, jak nale\u017cy prawid\u0142owo manewrowa\u0107 tego rodzaju urz\u0105dzeniami. Prowadzone w naszym O\u015brodku kursy na w\u00f3zki wid\u0142owe przekazuj\u0105 kompleksow\u0105 wiedz\u0119 oraz umiej\u0119tno\u015bci dotycz\u0105ce budowy urz\u0105dze\u0144 i ich eksploatacji. Nacisk k\u0142adziemy przede [&hellip;]<\/p>\n","protected":false},"author":3,"featured_media":580,"parent":33,"menu_order":0,"comment_status":"closed","ping_status":"closed","template":"","meta":{"footnotes":""},"class_list":["post-235","page","type-page","status-publish","has-post-thumbnail","hentry"],"aioseo_notices":[],"_links":{"self":[{"href":"https:\/\/szkolenia-udt.pl\/nb\/wp-json\/wp\/v2\/pages\/235","targetHints":{"allow":["GET"]}}],"collection":[{"href":"https:\/\/szkolenia-udt.pl\/nb\/wp-json\/wp\/v2\/pages"}],"about":[{"href":"https:\/\/szkolenia-udt.pl\/nb\/wp-json\/wp\/v2\/types\/page"}],"author":[{"embeddable":true,"href":"https:\/\/szkolenia-udt.pl\/nb\/wp-json\/wp\/v2\/users\/3"}],"replies":[{"embeddable":true,"href":"https:\/\/szkolenia-udt.pl\/nb\/wp-json\/wp\/v2\/comments?post=235"}],"version-history":[{"count":5,"href":"https:\/\/szkolenia-udt.pl\/nb\/wp-json\/wp\/v2\/pages\/235\/revisions"}],"predecessor-version":[{"id":1622,"href":"https:\/\/szkolenia-udt.pl\/nb\/wp-json\/wp\/v2\/pages\/235\/revisions\/1622"}],"up":[{"embeddable":true,"href":"https:\/\/szkolenia-udt.pl\/nb\/wp-json\/wp\/v2\/pages\/33"}],"wp:featuredmedia":[{"embeddable":true,"href":"https:\/\/szkolenia-udt.pl\/nb\/wp-json\/wp\/v2\/media\/580"}],"wp:attachment":[{"href":"https:\/\/szkolenia-udt.pl\/nb\/wp-json\/wp\/v2\/media?parent=235"}],"curies":[{"name":"wp","href":"https:\/\/api.w.org\/{rel}","templated":true}]}}