{"id":237,"date":"2014-10-08T17:07:15","date_gmt":"2014-10-08T17:07:15","guid":{"rendered":"http:\/\/szkolenia-udt.pl\/?page_id=237"},"modified":"2021-08-31T22:08:40","modified_gmt":"2021-08-31T22:08:40","slug":"konstruksjon-av-en-mobil-lastebil","status":"publish","type":"page","link":"https:\/\/szkolenia-udt.pl\/nb\/kursy\/wozki-widlowe\/budowa-wozka-jezdniowego\/","title":{"rendered":"Konstruksjon av gaffeltrucken"},"content":{"rendered":"<div class=\"wyjustuj\">\n<p><a href=\"https:\/\/szkolenia-udt.pl\/nb\/kursy\/wozki-widlowe\/\">Kurs for gaffeltrucker<\/a> viser hvilke komponenter disse maskinene er laget av. Alle operat\u00f8rer b\u00f8r vite hvilke komponenter truckene er laget av, noe som ogs\u00e5 er viktig for sikker og korrekt bruk.<\/p>\n<h2><strong>F\u00f8lgende er alle elementer i konstruksjonen av trucker: <\/strong><\/h2>\n<ul>\n<li>maskinramme - laget av st\u00e5l, st\u00f8rrelse og form avhenger av vogntype<\/li>\n<li>boggichassis - tre eller fire hjul, avhengig av boggitype<\/li>\n<li>motor - de fleste lastebiler er utstyrt med LPG-motorer, men det brukes ogs\u00e5 elektriske, batteridrevne, bensin- og dieseldrevne lastebiler<\/li>\n<li>mast - er den delen i form av en vertikal ramme som vognen og dens gafler er festet p\u00e5<\/li>\n<li>Vogn - frontplate som er koblet til masten, gaflene er festet til vognen.<\/li>\n<li>gafler - festet til vognen, de er konstruert for \u00e5 b\u00e6re last og kan ha forskjellige dimensjoner og tilleggsutstyr avhengig av lasten, for eksempel fat<\/li>\n<li>beskyttelsesgitter - brukes for \u00e5 forhindre at lasten beveger seg<\/li>\n<li>motvekt - plassert bak p\u00e5 vognen og har til form\u00e5l \u00e5 belaste vognen n\u00e5r den b\u00e6rer last for \u00e5 opprettholde stabiliteten.<\/li>\n<li>Sikkerhetsbur - beskytter gaffeltruckf\u00f8reren mot lasten<\/li>\n<li>f\u00f8rerhus - \u00e5pent, men lukket p\u00e5 sidene for \u00e5 beskytte f\u00f8reren. F\u00f8rerhuset inneholder verkt\u00f8yene for \u00e5 styre trucken, inkludert pedaler, ratt og spaker.<\/li>\n<\/ul>\n<div style=\"float: left; padding-right: 10px;\"><div id=\"metaslider-id-1427\" style=\"max-width: 300px;\" class=\"ml-slider-3-107-0 metaslider metaslider-flex metaslider-1427 ml-slider ms-theme-default nav-hidden\" role=\"region\" aria-label=\"Konstruksjon2\" data-height=\"225\" data-width=\"300\">\n    <div id=\"metaslider_container_1427\">\n        <div id=\"metaslider_1427\">\n            <ul class='slides'>\n                <li style=\"display: block; width: 100%;\" class=\"slide-1425 ms-image\" aria-roledescription=\"slide\" data-date=\"2015-07-11 06:23:04\" data-filename=\"resbudowa_Fork-Lift_04.jpg\" data-slide-type=\"image\"><img loading=\"lazy\" decoding=\"async\" src=\"https:\/\/szkolenia-udt.pl\/wp-content\/uploads\/2015\/07\/resbudowa_Fork-Lift_04.jpg\" height=\"225\" width=\"300\" alt=\"\" class=\"slider-1427 slide-1425 msDefaultImage\" \/><\/li>\n                <li style=\"display: none; width: 100%;\" class=\"slide-1426 ms-image\" aria-roledescription=\"slide\" data-date=\"2015-07-11 06:23:04\" data-filename=\"resbudowa_maszt_i_rezzta.jpg\" data-slide-type=\"image\"><img loading=\"lazy\" decoding=\"async\" src=\"https:\/\/szkolenia-udt.pl\/wp-content\/uploads\/2015\/07\/resbudowa_maszt_i_rezzta.jpg\" height=\"225\" width=\"300\" alt=\"\" class=\"slider-1427 slide-1426 msDefaultImage\" \/><\/li>\n                <li style=\"display: none; width: 100%;\" class=\"slide-1423 ms-image\" aria-roledescription=\"slide\" data-date=\"2015-07-11 06:23:03\" data-filename=\"resbudowa_2013-02-05-091000214875.jpg\" data-slide-type=\"image\"><img loading=\"lazy\" decoding=\"async\" src=\"https:\/\/szkolenia-udt.pl\/wp-content\/uploads\/2015\/07\/resbudowa_2013-02-05-091000214875.jpg\" height=\"225\" width=\"300\" alt=\"\" class=\"slider-1427 slide-1423 msDefaultImage\" \/><\/li>\n                <li style=\"display: none; width: 100%;\" class=\"slide-1424 ms-image\" aria-roledescription=\"slide\" data-date=\"2015-07-11 06:23:03\" data-filename=\"resbudowa_bww1.jpg\" data-slide-type=\"image\"><img loading=\"lazy\" decoding=\"async\" src=\"https:\/\/szkolenia-udt.pl\/wp-content\/uploads\/2015\/07\/resbudowa_bww1.jpg\" height=\"225\" width=\"300\" alt=\"\" class=\"slider-1427 slide-1424 msDefaultImage\" \/><\/li>\n                <li style=\"display: none; width: 100%;\" class=\"slide-1422 ms-image\" aria-roledescription=\"slide\" data-date=\"2015-07-11 06:23:02\" data-filename=\"resbudowa_2_Ton_diesel_forklift_truck_634594464567574414_1.jpg\" data-slide-type=\"image\"><img loading=\"lazy\" decoding=\"async\" src=\"https:\/\/szkolenia-udt.pl\/wp-content\/uploads\/2015\/07\/resbudowa_2_Ton_diesel_forklift_truck_634594464567574414_1.jpg\" height=\"225\" width=\"300\" alt=\"\" class=\"slider-1427 slide-1422 msDefaultImage\" \/><\/li>\n            <\/ul>\n        <\/div>\n        \n    <\/div>\n<\/div><\/div>\n<p>Gaffeltrucker er utstyrt med et hydraulikksystem som s\u00f8rger for at lasten l\u00f8ftes med h\u00f8y hastighet p\u00e5 gaflene. Avhengig av konstruksjonen kan gaffeltrucker ogs\u00e5 inneholde andre komponenter, som omtales i gaffeltruckkurset vi tilbyr.<\/p>\n<p>Det er sv\u00e6rt nyttig \u00e5 kjenne til konstruksjonen til de mest brukte gaffeltruckene n\u00e5r maskinen skal betjenes. F\u00f8r man starter arbeidet med en ny gaffeltruck, b\u00f8r man imidlertid alltid gj\u00f8re seg kjent med truckens konstruksjon, driftsforhold og tekniske parametere for \u00e5 unng\u00e5 ulykker.<\/p>\n<\/div>","protected":false},"excerpt":{"rendered":"<p>Kursy na w\u00f3zki wid\u0142owe przedstawiaj\u0105, z jakich element\u00f3w zbudowane s\u0105 te urz\u0105dzenia. Ka\u017cdy operator powinien wiedzie\u0107, z jakich element\u00f3w zbudowane s\u0105 w\u00f3zki, co ma tak\u017ce znaczenie dla ich bezpiecznej i prawid\u0142owej obs\u0142ugi. Poni\u017cej przedstawiamy wszystkie elementy budowy w\u00f3zk\u00f3w jezdniowych podno\u015bnikowych: rama urz\u0105dzenia \u2013 wykonana ze stali, jej wielko\u015b\u0107 i kszta\u0142t zale\u017cne s\u0105 od typu w\u00f3zka [&hellip;]<\/p>\n","protected":false},"author":3,"featured_media":1425,"parent":33,"menu_order":0,"comment_status":"closed","ping_status":"closed","template":"","meta":{"footnotes":""},"class_list":["post-237","page","type-page","status-publish","has-post-thumbnail","hentry"],"aioseo_notices":[],"_links":{"self":[{"href":"https:\/\/szkolenia-udt.pl\/nb\/wp-json\/wp\/v2\/pages\/237","targetHints":{"allow":["GET"]}}],"collection":[{"href":"https:\/\/szkolenia-udt.pl\/nb\/wp-json\/wp\/v2\/pages"}],"about":[{"href":"https:\/\/szkolenia-udt.pl\/nb\/wp-json\/wp\/v2\/types\/page"}],"author":[{"embeddable":true,"href":"https:\/\/szkolenia-udt.pl\/nb\/wp-json\/wp\/v2\/users\/3"}],"replies":[{"embeddable":true,"href":"https:\/\/szkolenia-udt.pl\/nb\/wp-json\/wp\/v2\/comments?post=237"}],"version-history":[{"count":13,"href":"https:\/\/szkolenia-udt.pl\/nb\/wp-json\/wp\/v2\/pages\/237\/revisions"}],"predecessor-version":[{"id":2509,"href":"https:\/\/szkolenia-udt.pl\/nb\/wp-json\/wp\/v2\/pages\/237\/revisions\/2509"}],"up":[{"embeddable":true,"href":"https:\/\/szkolenia-udt.pl\/nb\/wp-json\/wp\/v2\/pages\/33"}],"wp:featuredmedia":[{"embeddable":true,"href":"https:\/\/szkolenia-udt.pl\/nb\/wp-json\/wp\/v2\/media\/1425"}],"wp:attachment":[{"href":"https:\/\/szkolenia-udt.pl\/nb\/wp-json\/wp\/v2\/media?parent=237"}],"curies":[{"name":"wp","href":"https:\/\/api.w.org\/{rel}","templated":true}]}}