{"id":2397,"date":"2021-08-19T12:12:22","date_gmt":"2021-08-19T12:12:22","guid":{"rendered":"https:\/\/szkolenia-udt.pl\/?page_id=2397"},"modified":"2022-08-31T21:24:14","modified_gmt":"2022-08-31T19:24:14","slug":"kurs-i-arbeidsplattform","status":"publish","type":"page","link":"https:\/\/szkolenia-udt.pl\/nb\/kursy\/uprawnienia-udt-tdt-wdt\/kurs-podnosnik-koszowy\/","title":{"rendered":"Kurs i arbeidsplattform"},"content":{"rendered":"<p><a href=\"https:\/\/szkolenia-udt.pl\/wp-content\/uploads\/2021\/08\/szkolenia-udt.pl-0014-OPUBLIKOWANY-v2.jpg\"><img loading=\"lazy\" decoding=\"async\" class=\"paddingleft10 wp-image-2502 size-medium alignleft\" src=\"https:\/\/szkolenia-udt.pl\/wp-content\/uploads\/2021\/08\/szkolenia-udt.pl-0014-OPUBLIKOWANY-v2-300x199.jpg\" alt=\"Bomlifter er materialh\u00e5ndteringsutstyr med en plattform og bom montert p\u00e5 et kj\u00f8ret\u00f8y\" width=\"300\" height=\"199\" srcset=\"https:\/\/szkolenia-udt.pl\/wp-content\/uploads\/2021\/08\/szkolenia-udt.pl-0014-OPUBLIKOWANY-v2-300x199.jpg 300w, https:\/\/szkolenia-udt.pl\/wp-content\/uploads\/2021\/08\/szkolenia-udt.pl-0014-OPUBLIKOWANY-v2-1024x680.jpg 1024w, https:\/\/szkolenia-udt.pl\/wp-content\/uploads\/2021\/08\/szkolenia-udt.pl-0014-OPUBLIKOWANY-v2-768x510.jpg 768w, https:\/\/szkolenia-udt.pl\/wp-content\/uploads\/2021\/08\/szkolenia-udt.pl-0014-OPUBLIKOWANY-v2-1536x1020.jpg 1536w, https:\/\/szkolenia-udt.pl\/wp-content\/uploads\/2021\/08\/szkolenia-udt.pl-0014-OPUBLIKOWANY-v2-2048x1360.jpg 2048w\" sizes=\"auto, (max-width: 300px) 100vw, 300px\" \/><\/a>Denne oppl\u00e6ringen gir deltakerne mulighet til \u00e5 l\u00e6re om drift, konstruksjon og prinsipper for bruk av arbeidsplattformer - de popul\u00e6re bomliftene. Kandidater til \u00e5 bli operat\u00f8rer av disse enhetene l\u00e6rer teoretiske og praktiske sp\u00f8rsm\u00e5l som er n\u00f8dvendige for \u00e5 best\u00e5 UDT-eksamen. Oppl\u00e6ringen organiseres p\u00e5 ulike niv\u00e5er, ogs\u00e5 for nybegynnere som enn\u00e5 ikke har erfaring med arbeidsplattformer.<\/p>\n<h2>Arbeidsplattformer - utstyr underlagt teknisk inspeksjon<\/h2>\n<p>L\u00f8fteplattformer (jekker, jekker) er materialh\u00e5ndteringsutstyr, dvs. utstyr som brukes til \u00e5 flytte personer, materialer eller verkt\u00f8y til en arbeidsstasjon i h\u00f8yden. I henhold til klassifiseringen til Office of Technical Inspection klassifiseres l\u00f8fteplattformer som mobile plattformer, og de faller dermed inn under kategorien selvg\u00e5ende mobile plattformer. De er underlagt teknisk tilsyn, noe som blant annet inneb\u00e6rer at de er forpliktet til \u00e5 f\u00f8re register over driften, utf\u00f8re tester og inspeksjoner, og for operat\u00f8rer er det n\u00f8dvendig \u00e5 innhente sertifikater fra UDT som bekrefter faglige kvalifikasjoner.<\/p>\n<p>Kjennetegn ved oppskalering:<\/p>\n<ul>\n<li>Kurven\/plattformen er plassert p\u00e5 en hydraulisk bom<\/li>\n<li>Jibben er festet til s\u00f8ylen p\u00e5 et svingbart b\u00e5nd som er festet til kj\u00f8ret\u00f8yets understell<\/li>\n<li>De er utstyrt med teleskop-, sakse- eller leddbom<\/li>\n<li>Avhengig av dimensjoner, type drivverk og plattform kan de brukes utend\u00f8rs eller innend\u00f8rs<\/li>\n<li>De ulike modellene varierer i parametere som utforming av l\u00f8ftesystemet (leddet, leddet teleskopisk, saks), arbeidsh\u00f8yde, l\u00f8fteh\u00f8yde, maksimal l\u00f8ftekapasitet, maskinens vekt, rotasjonsvinkel, overheng og arbeidsomr\u00e5de, tilpasning for elektrisk arbeid<\/li>\n<\/ul>\n<h2>Hva er kurset for operat\u00f8rer av arbeidsplattformer?<\/h2>\n<p>Som med alle oppl\u00e6ringskurs for mobile plattformer, <a href=\"https:\/\/szkolenia-udt.pl\/nb\/kursy\/uprawnienia-udt-tdt-wdt\/podnosniki-koszowe\/\">kurs i arbeidsplattform<\/a> er utformet for \u00e5 forberede deltakerne p\u00e5 UDT-eksamen. Instrukt\u00f8rene formidler kunnskap om konstruksjon av heiser og de enkelte komponentene, sikkerhetsforskrifter, teknisk tilsyn, eksamener og tester. Oppl\u00e6ringen best\u00e5r av teoretiske forelesninger og en praktisk del, der deltakerne l\u00e6rer \u00e5 betjene heisene individuelt og hvilke sikkerhetsregler som gjelder for bruk av dem.<\/p>\n<h2>Kurs - arbeidsplattformer: organisatoriske detaljer<\/h2>\n<ul>\n<li>Kursdatoer: se timeplanen p\u00e5 nettstedet for aktuelle datoer<\/li>\n<li>Sted: byer der det holdes kurs i bomlifter: Warszawa, Krakow, Katowice. For bedriftskunder kan vi ogs\u00e5 organisere oppl\u00e6ring p\u00e5 andre steder i Polen. Det er ogs\u00e5 mulig \u00e5 delta p\u00e5 nettkurs<\/li>\n<li>Hva den inneholder <a href=\"https:\/\/szkolenia-udt.pl\/nb\/oferta\/\">pris<\/a>Praktisk og teoretisk undervisning, tilgang til materiell p\u00e5 en pedagogisk plattform, tilgang til helse- og sikkerhetsutstyr og -fasiliteter, kursbevis, forfriskninger i kaffepausene, avleggelse av UDT-eksamen.<\/li>\n<li>Kursets varighet: avhengig av deltakernes erfaring og behov, fra ca. 8 timer (for de med erfaring) til ca. 20-35 timer (for nybegynnere)<\/li>\n<\/ul>\n<div class=\"filmw\">\n<div class=\"responsive-youtube\"><iframe loading=\"lazy\" title=\"YouTube-videospiller\" src=\"https:\/\/www.youtube.com\/embed\/OUKdY5V51M4\" width=\"560\" height=\"315\" frameborder=\"0\" allowfullscreen=\"allowfullscreen\"><\/iframe><\/div>\n<\/div>\n<h2>L\u00f8ftekurs eksamen<\/h2>\n<p>Etter \u00e5 ha fullf\u00f8rt kurset og best\u00e5tt en intern test, kan deltakerne ta en ekstern eksamen. Hvis du best\u00e5r, vil Office of Technical Inspection tildele deg en kvalifikasjon som gj\u00f8r at du kan jobbe som operat\u00f8r. Eksamen gjennomf\u00f8res i form av en lukket pr\u00f8ve med lukkede sp\u00f8rsm\u00e5l, der sensoren tildeler kandidaten oppgaver p\u00e5 man\u00f8vreringsomr\u00e5det og tester hans eller hennes evne til \u00e5 betjene bommen.<\/p>\n<h2>Tillatelse til \u00e5 arbeide i h\u00f8ylandet - sysselsettingsmuligheter<\/h2>\n<p>En heisoperat\u00f8r kan blant annet s\u00f8ke arbeid i selskaper som driver med<\/p>\n<ul>\n<li>Byggearbeid<\/li>\n<li>Renovering av bygninger - innvendig og utvendig<\/li>\n<li>Vedlikehold, installasjon og vedlikehold av installasjoner<\/li>\n<li>Reparasjoner av belysning og trafikklys<\/li>\n<li>Rengj\u00f8ring av tak, bygningsfasader og vinduer<\/li>\n<li>Installasjon av reklametavler, lysreklame og annen reklame i storformat<\/li>\n<\/ul>\n<p><a href=\"https:\/\/szkolenia-udt.pl\/wp-content\/uploads\/2021\/08\/0016-oso-podnosniki-koszowe.jpg\"><img loading=\"lazy\" decoding=\"async\" class=\"alignnone wp-image-2399 size-large\" src=\"https:\/\/szkolenia-udt.pl\/wp-content\/uploads\/2021\/08\/0016-oso-podnosniki-koszowe-1024x853.jpg\" alt=\"Arbeidsplattformer kan brukes til renovering, konstruksjon og monteringsarbeid\" width=\"750\" height=\"625\" srcset=\"https:\/\/szkolenia-udt.pl\/wp-content\/uploads\/2021\/08\/0016-oso-podnosniki-koszowe-1024x853.jpg 1024w, https:\/\/szkolenia-udt.pl\/wp-content\/uploads\/2021\/08\/0016-oso-podnosniki-koszowe-300x250.jpg 300w, https:\/\/szkolenia-udt.pl\/wp-content\/uploads\/2021\/08\/0016-oso-podnosniki-koszowe-768x640.jpg 768w, https:\/\/szkolenia-udt.pl\/wp-content\/uploads\/2021\/08\/0016-oso-podnosniki-koszowe.jpg 1200w\" sizes=\"auto, (max-width: 750px) 100vw, 750px\" \/><\/a><\/p>","protected":false},"excerpt":{"rendered":"<p>To szkolenie, kt\u00f3re pozwala pozna\u0107 specyfik\u0119 dzia\u0142ania, budow\u0119, zasady obs\u0142ugi podno\u015bnik\u00f3w koszowych \u2013 popularnych zwy\u017cek. Kandydaci na operator\u00f3w tych urz\u0105dze\u0144 ucz\u0105 si\u0119 zagadnie\u0144 teoretycznych i praktycznych, niezb\u0119dnych do zaliczenia egzaminu na uprawnienia UDT. Szkolenia s\u0105 organizowane na r\u00f3\u017cnych poziomach zaawansowania, tak\u017ce dla os\u00f3b pocz\u0105tkuj\u0105cych, kt\u00f3re nie mia\u0142y jeszcze do czynienia ze zwy\u017ckami. Podno\u015bniki koszowe &#8211; [&hellip;]<\/p>\n","protected":false},"author":3,"featured_media":2502,"parent":2266,"menu_order":0,"comment_status":"closed","ping_status":"closed","template":"","meta":{"footnotes":""},"class_list":["post-2397","page","type-page","status-publish","has-post-thumbnail","hentry"],"aioseo_notices":[],"_links":{"self":[{"href":"https:\/\/szkolenia-udt.pl\/nb\/wp-json\/wp\/v2\/pages\/2397","targetHints":{"allow":["GET"]}}],"collection":[{"href":"https:\/\/szkolenia-udt.pl\/nb\/wp-json\/wp\/v2\/pages"}],"about":[{"href":"https:\/\/szkolenia-udt.pl\/nb\/wp-json\/wp\/v2\/types\/page"}],"author":[{"embeddable":true,"href":"https:\/\/szkolenia-udt.pl\/nb\/wp-json\/wp\/v2\/users\/3"}],"replies":[{"embeddable":true,"href":"https:\/\/szkolenia-udt.pl\/nb\/wp-json\/wp\/v2\/comments?post=2397"}],"version-history":[{"count":4,"href":"https:\/\/szkolenia-udt.pl\/nb\/wp-json\/wp\/v2\/pages\/2397\/revisions"}],"predecessor-version":[{"id":3236,"href":"https:\/\/szkolenia-udt.pl\/nb\/wp-json\/wp\/v2\/pages\/2397\/revisions\/3236"}],"up":[{"embeddable":true,"href":"https:\/\/szkolenia-udt.pl\/nb\/wp-json\/wp\/v2\/pages\/2266"}],"wp:featuredmedia":[{"embeddable":true,"href":"https:\/\/szkolenia-udt.pl\/nb\/wp-json\/wp\/v2\/media\/2502"}],"wp:attachment":[{"href":"https:\/\/szkolenia-udt.pl\/nb\/wp-json\/wp\/v2\/media?parent=2397"}],"curies":[{"name":"wp","href":"https:\/\/api.w.org\/{rel}","templated":true}]}}