{"id":240,"date":"2014-10-08T17:08:41","date_gmt":"2014-10-08T17:08:41","guid":{"rendered":"http:\/\/szkolenia-udt.pl\/?page_id=240"},"modified":"2021-08-31T22:00:51","modified_gmt":"2021-08-31T22:00:51","slug":"drift-av-mobile-plattformer","status":"publish","type":"page","link":"https:\/\/szkolenia-udt.pl\/nb\/kursy\/podesty-ruchome\/obsluga-podestow-ruchomych\/","title":{"rendered":"Drift av mobile plattformer"},"content":{"rendered":"<div style=\"float: left; padding-right: 10px;\"><div id=\"metaslider-id-1219\" style=\"max-width: 300px;\" class=\"ml-slider-3-107-0 metaslider metaslider-flex metaslider-1219 ml-slider ms-theme-default nav-hidden\" role=\"region\" aria-label=\"Mobile plattformer 3\" data-height=\"225\" data-width=\"300\">\n    <div id=\"metaslider_container_1219\">\n        <div id=\"metaslider_1219\">\n            <ul class='slides'>\n                <li style=\"display: block; width: 100%;\" class=\"slide-1218 ms-image\" aria-roledescription=\"slide\" data-date=\"2014-11-18 10:21:09\" data-filename=\"78XE_001a.jpg\" data-slide-type=\"image\"><img loading=\"lazy\" decoding=\"async\" src=\"https:\/\/szkolenia-udt.pl\/wp-content\/uploads\/2014\/11\/78XE_001a.jpg\" height=\"225\" width=\"300\" alt=\"heiser\" class=\"slider-1219 slide-1218 msDefaultImage\" \/><\/li>\n                <li style=\"display: none; width: 100%;\" class=\"slide-1217 ms-image\" aria-roledescription=\"slide\" data-date=\"2014-11-18 10:21:08\" data-filename=\"78SEC_006a.jpg\" data-slide-type=\"image\"><img loading=\"lazy\" decoding=\"async\" src=\"https:\/\/szkolenia-udt.pl\/wp-content\/uploads\/2014\/11\/78SEC_006a.jpg\" height=\"225\" width=\"300\" alt=\"udt-oppl\u00e6ring\" class=\"slider-1219 slide-1217 msDefaultImage\" \/><\/li>\n                <li style=\"display: none; width: 100%;\" class=\"slide-1216 ms-image\" aria-roledescription=\"slide\" data-date=\"2014-11-18 10:21:07\" data-filename=\"78SEC_004a.jpg\" data-slide-type=\"image\"><img loading=\"lazy\" decoding=\"async\" src=\"https:\/\/szkolenia-udt.pl\/wp-content\/uploads\/2014\/11\/78SEC_004a.jpg\" height=\"225\" width=\"300\" alt=\"warszawa udt-kurs\" class=\"slider-1219 slide-1216 msDefaultImage\" \/><\/li>\n                <li style=\"display: none; width: 100%;\" class=\"slide-1215 ms-image\" aria-roledescription=\"slide\" data-date=\"2014-11-18 10:21:06\" data-filename=\"60V_026a.jpg\" data-slide-type=\"image\"><img loading=\"lazy\" decoding=\"async\" src=\"https:\/\/szkolenia-udt.pl\/wp-content\/uploads\/2014\/11\/60V_026a.jpg\" height=\"225\" width=\"300\" alt=\"udt oppl\u00e6ringssenter\" class=\"slider-1219 slide-1215 msDefaultImage\" \/><\/li>\n                <li style=\"display: none; width: 100%;\" class=\"slide-1214 ms-image\" aria-roledescription=\"slide\" data-date=\"2014-11-18 10:21:04\" data-filename=\"60V_007a.jpg\" data-slide-type=\"image\"><img loading=\"lazy\" decoding=\"async\" src=\"https:\/\/szkolenia-udt.pl\/wp-content\/uploads\/2014\/11\/60V_007a.jpg\" height=\"225\" width=\"300\" alt=\"\" class=\"slider-1219 slide-1214 msDefaultImage\" \/><\/li>\n            <\/ul>\n        <\/div>\n        \n    <\/div>\n<\/div><\/div>\n<div class=\"wyjustuj\">\n<p>For \u00e5 kunne betjene mobile plattformer er det n\u00f8dvendig \u00e5 gjennomg\u00e5 en oppl\u00e6ring som gir deg rett til \u00e5 avlegge en eksamen for Office of Technical Inspection. Etter best\u00e5tt eksamen f\u00e5r deltakeren tildelt en UDT-lisens. Kursene omfatter informasjon om konstruksjon og drift av utstyret, samt helse- og sikkerhetsregler. Her f\u00f8lger reglene for betjening av utstyr som mobile, traverserende og sakteg\u00e5ende plattformer.<\/p>\n<h2 class=\"boldnagl\"><strong>Bruk av plattformer og h\u00e5ndtering av ulykker<\/strong><\/h2>\n<p>Mobile plattformer m\u00e5 kun brukes av personer med autorisasjon. Alle som bruker utstyret, m\u00e5 v\u00e6re kjent med hvordan det fungerer. Det er forbudt \u00e5 bruke plattformene hvis man ikke er kjent med redningsprosedyrene, eller hvis det ikke finnes personer i n\u00e6rheten som er kjent med bruken av dem.<\/p>\n<h2 class=\"boldnagl\"><strong>F\u00f8r du flytter den mobile plattformen<\/strong><\/h2>\n<p>F\u00f8r arbeidet p\u00e5begynnes, m\u00e5 den mobile plattformen kontrolleres av operat\u00f8ren med hensyn til skader og tekniske egenskaper. Plattformens tilstand m\u00e5 kontrolleres hver gang det utf\u00f8res arbeid p\u00e5 den. Det er forbudt \u00e5 bruke defekte eller skadde plattformer. Det er ogs\u00e5 forbudt \u00e5 bruke plattformer p\u00e5 et uegnet underlag. Underlaget m\u00e5 ikke ha skader eller synlige hindringer i enhetens bevegelsesretning.<\/p>\n<h3 class=\"boldnagl\"><strong>Manipulering av den mobile plattformen<\/strong><\/h3>\n<p>Ved bruk av den mobile plattformen m\u00e5 operat\u00f8ren hele tiden kontrollere underlaget som plattformen beveger seg p\u00e5, samt underlaget over den i bevegelsesretningen. Hvis det finnes hindringer p\u00e5 veien, m\u00e5 operat\u00f8ren styre enheten slik at den unng\u00e5r dem, og utvise ekstrem forsiktighet. Plattformen m\u00e5 ikke overskride tillatt hastighet. Personer p\u00e5 plattformen m\u00e5 ikke lene seg ut over rekkverket, og det er forbudt \u00e5 lene seg mot maskinens kontrollpanel eller \u00e5 plassere gjenstander p\u00e5 panelet. Det er forbudt \u00e5 bruke mobiltelefon under bruk av plattformen. N\u00e5r den mobile plattformen plasseres i riktig posisjon, m\u00e5 riktig h\u00f8yde bestemmes med hensyn til takets overflate, underlaget og hindringer.<\/p>\n<p>Hver enkelt <a href=\"https:\/\/szkolenia-udt.pl\/nb\/kursy\/podesty-ruchome\/\">kurs for mobile plattformer<\/a> i v\u00e5r <a href=\"https:\/\/szkolenia-udt.pl\/nb\/o-firmie\/\">Sentrum<\/a> tar for seg viktig informasjon om helse og sikkerhet p\u00e5 operat\u00f8rens arbeidsplass. Gjennom praktisk undervisning kan deltakerne ogs\u00e5 pr\u00f8ve ut kunnskapen sin i bruk av utstyr. Vi gleder oss til \u00e5 se deg p\u00e5 kurset for mobile plattformer!<\/p>\n<\/div>","protected":false},"excerpt":{"rendered":"<p>Do obs\u0142ugi podest\u00f3w ruchomych konieczne jest odbycie przeszkolenia, kt\u00f3re upowa\u017cnia do podej\u015bcia do egzaminu przed Urz\u0119dem Dozoru Technicznego. Po pozytywnym zdaniu egzaminu uczestnik otrzymuje uprawnienia UDT. Podczas kurs\u00f3w poruszane s\u0105 informacje zwi\u0105zane z budow\u0105 i eksploatacj\u0105 urz\u0105dze\u0144, a tak\u017ce z zasadami bezpiecze\u0144stwa i higieny pracy. Poni\u017cej przedstawiamy zasady dotycz\u0105ce obs\u0142ugi takich urz\u0105dze\u0144 jak podesty ruchome, [&hellip;]<\/p>\n","protected":false},"author":3,"featured_media":1218,"parent":35,"menu_order":0,"comment_status":"closed","ping_status":"closed","template":"","meta":{"footnotes":""},"class_list":["post-240","page","type-page","status-publish","has-post-thumbnail","hentry"],"aioseo_notices":[],"_links":{"self":[{"href":"https:\/\/szkolenia-udt.pl\/nb\/wp-json\/wp\/v2\/pages\/240","targetHints":{"allow":["GET"]}}],"collection":[{"href":"https:\/\/szkolenia-udt.pl\/nb\/wp-json\/wp\/v2\/pages"}],"about":[{"href":"https:\/\/szkolenia-udt.pl\/nb\/wp-json\/wp\/v2\/types\/page"}],"author":[{"embeddable":true,"href":"https:\/\/szkolenia-udt.pl\/nb\/wp-json\/wp\/v2\/users\/3"}],"replies":[{"embeddable":true,"href":"https:\/\/szkolenia-udt.pl\/nb\/wp-json\/wp\/v2\/comments?post=240"}],"version-history":[{"count":7,"href":"https:\/\/szkolenia-udt.pl\/nb\/wp-json\/wp\/v2\/pages\/240\/revisions"}],"predecessor-version":[{"id":2244,"href":"https:\/\/szkolenia-udt.pl\/nb\/wp-json\/wp\/v2\/pages\/240\/revisions\/2244"}],"up":[{"embeddable":true,"href":"https:\/\/szkolenia-udt.pl\/nb\/wp-json\/wp\/v2\/pages\/35"}],"wp:featuredmedia":[{"embeddable":true,"href":"https:\/\/szkolenia-udt.pl\/nb\/wp-json\/wp\/v2\/media\/1218"}],"wp:attachment":[{"href":"https:\/\/szkolenia-udt.pl\/nb\/wp-json\/wp\/v2\/media?parent=240"}],"curies":[{"name":"wp","href":"https:\/\/api.w.org\/{rel}","templated":true}]}}