{"id":2404,"date":"2021-08-19T14:02:11","date_gmt":"2021-08-19T14:02:11","guid":{"rendered":"https:\/\/szkolenia-udt.pl\/?page_id=2404"},"modified":"2023-03-13T16:37:31","modified_gmt":"2023-03-13T15:37:31","slug":"tauplattformoperator","status":"publish","type":"page","link":"https:\/\/szkolenia-udt.pl\/nb\/kursy\/uprawnienia-udt-tdt-wdt\/operator-podestow-linowych\/","title":{"rendered":"Kurs for operat\u00f8rer av personl\u00f8ftere"},"content":{"rendered":"<p><a href=\"https:\/\/szkolenia-udt.pl\/wp-content\/uploads\/2021\/08\/szkolenia-udt.pl-0014-OPUBLIKOWANY-v4.jpg\"><img loading=\"lazy\" decoding=\"async\" class=\"paddingleft10 alignleft wp-image-2499 size-medium\" src=\"https:\/\/szkolenia-udt.pl\/wp-content\/uploads\/2021\/08\/szkolenia-udt.pl-0014-OPUBLIKOWANY-v4-300x236.jpg\" alt=\"Opphengt mobil plattform brukes til \u00e5 transportere personer, verkt\u00f8y og materialer til en passende h\u00f8yde\/arbeidsstasjon\" width=\"300\" height=\"236\" srcset=\"https:\/\/szkolenia-udt.pl\/wp-content\/uploads\/2021\/08\/szkolenia-udt.pl-0014-OPUBLIKOWANY-v4-300x236.jpg 300w, https:\/\/szkolenia-udt.pl\/wp-content\/uploads\/2021\/08\/szkolenia-udt.pl-0014-OPUBLIKOWANY-v4-768x603.jpg 768w, https:\/\/szkolenia-udt.pl\/wp-content\/uploads\/2021\/08\/szkolenia-udt.pl-0014-OPUBLIKOWANY-v4.jpg 993w\" sizes=\"auto, (max-width: 300px) 100vw, 300px\" \/><\/a>Dette er et kurs for personer som planlegger \u00e5 jobbe som plattformoperat\u00f8r og som \u00f8nsker \u00e5 oppn\u00e5 de n\u00f8dvendige UDT-kvalifikasjonene. Kurset er \u00e5pent for b\u00e5de personer uten erfaring og de som allerede har jobbet p\u00e5 plattformer. Vi arrangerer kurs for nybegynnere, fra bunnen av og for viderekomne. P\u00e5 slutten av hvert kurs arrangeres det en statlig eksamen, og hvis du best\u00e5r denne eksamenen, f\u00e5r du de kvalifikasjonene som kreves for \u00e5 jobbe i dette yrket.<\/p>\n<h2>Emner som dekkes p\u00e5 kurset for opphengte arbeidsplattformer<\/h2>\n<p>I l\u00f8pet av de teoretiske timene f\u00e5r deltakerne informasjon om<\/p>\n<ul>\n<li>Typer av hengende plattformer<\/li>\n<li>Konstruksjon av utstyret og de enkelte delene<\/li>\n<li>Stabilitet i utstyret<\/li>\n<li>Aktiviteter f\u00f8r, under og etter jobb<\/li>\n<li>Mekaniske, hydrauliske og elektriske sikkerhetsanordninger for ledninger<\/li>\n<li>Helse- og sikkerhetsregler for arbeid i h\u00f8yden<\/li>\n<li>Klargj\u00f8ring av utstyret for drift, med hensyn til milj\u00f8 og str\u00f8mforhold<\/li>\n<li>Utf\u00f8re styrke- og stabilitetstester og -fors\u00f8k<\/li>\n<li>Forskrifter for teknisk inspeksjon<\/li>\n<\/ul>\n<p>De som fullf\u00f8rer den teoretiske delen, kan delta i den praktiske undervisningen. De f\u00e5r da utlevert utstyr fra senterets base. I l\u00f8pet av kursene l\u00e6rer instrukt\u00f8rene hvordan plattformene skal brukes p\u00e5 en sikker og ufarlig m\u00e5te for arbeiderne og omgivelsene.<br \/>\n<div style=\"width: 640px;\" class=\"wp-video\"><video id=\"video-2404-1\" width=\"640\" height=\"360\" poster=\"https:\/\/szkolenia-udt.pl\/wp-content\/uploads\/2023\/03\/okladka-podnosnik-OSO.jpg\" preload=\"metadata\" controls=\"controls\"><source type=\"video\/mp4\" src=\"https:\/\/szkolenia-udt.pl\/wp-content\/uploads\/2023\/03\/podnosnik-SZKOLENIA-UDT.PL-OSO.mp4?_=1\" \/><a href=\"https:\/\/szkolenia-udt.pl\/wp-content\/uploads\/2023\/03\/podnosnik-SZKOLENIA-UDT.PL-OSO.mp4\">https:\/\/szkolenia-udt.pl\/wp-content\/uploads\/2023\/03\/podnosnik-SZKOLENIA-UDT.PL-OSO.mp4<\/a><\/video><\/div>\n<h2>Hvem kurset er beregnet p\u00e5<\/h2>\n<p>De grunnleggende kravene til deltakerne er: alder - minst 18 \u00e5r, utdanning - minst grunnskoleniv\u00e5, og helse - ingen helsekontraindikasjoner (legeattest eller egenerkl\u00e6ring kreves).<\/p>\n<p>Det kreves ingen erfaring eller kunnskap om plattformdrift for \u00e5 delta i oppl\u00e6ringen. <a href=\"https:\/\/szkolenia-udt.pl\/nb\/kursy\/podesty-ruchome\/\">Kurs for mobile plattformer<\/a> hengende er opprettet for nybegynnere som \u00f8nsker \u00e5 f\u00e5 UDT-utstedte kvalifikasjoner i et nytt yrke. Etter behov oppretter vi ogs\u00e5 grupper for personer med erfaring som bare \u00f8nsker \u00e5 supplere eller oppdatere kunnskapen sin. I slike grupper er tiden som kreves for l\u00e6ring kortere, ettersom ikke alle emnene som kreves for eksamen, dekkes.<\/p>\n<div class=\"filmw\">\n<div class=\"responsive-youtube\"><iframe loading=\"lazy\" title=\"YouTube-videospiller\" src=\"https:\/\/www.youtube.com\/embed\/OUKdY5V51M4\" width=\"560\" height=\"315\" frameborder=\"0\" allowfullscreen=\"allowfullscreen\"><\/iframe><\/div>\n<\/div>\n<h2>Kurs - mobile plattformer: pris, datoer, undervisningssted<\/h2>\n<p>Vi publiserer datoene for kommende kurs p\u00e5 nettstedet v\u00e5rt. Kursene holdes ved hovedkontoret v\u00e5rt i Warszawa eller ved v\u00e5re filialer: Krakow og Katowice. Vi arrangerer ogs\u00e5 oppl\u00e6ring i hengende plattform for bedrifter, i kundens lokaler.<\/p>\n<p>Den n\u00f8yaktige kostnaden for deltakelse i oppl\u00e6ringen blir kommunisert til kundene i p\u00e5meldingsfasen, ettersom <a href=\"https:\/\/szkolenia-udt.pl\/nb\/oferta\/\">pris<\/a> er ikke fast og kan avhenge av flere faktorer.<\/p>\n<h2>Kvalifikasjoner for hengende arbeidsplattform<\/h2>\n<p>Denne typen plattform er klassifisert som kategori II P av UDT. Tillatelser i denne kategorien utstedes for 10 \u00e5r.<\/p>\n<p>De utstedes p\u00e5 grunnlag av en best\u00e5tt statlig eksamen, som arrangeres p\u00e5 slutten av oppl\u00e6ringskurset. UDT utnevner inspekt\u00f8rer til \u00e5 gjennomf\u00f8re pr\u00f8ven, og organiseringen av kvalifikasjonskontrollen formidles av <a href=\"https:\/\/szkolenia-udt.pl\/nb\/o-firmie\/\">Sentrum<\/a>. Traineer trenger ikke \u00e5 gj\u00f8re dette personlig. UDT Warszawa er ansvarlig for \u00e5 gjennomf\u00f8re eksamen for de som tar oppl\u00e6ringen i senterets lokaler, p\u00e5 andre steder - kontorets filialer.<\/p>\n<p>Eksamen best\u00e5r av en teoretisk del (test) og en praktisk del (test av evnen til \u00e5 bruke utstyret).<\/p>\n<p><a href=\"https:\/\/szkolenia-udt.pl\/wp-content\/uploads\/2021\/08\/szkolenia-udt-0018-oso-podesty-ruchime-wiszace.jpg\"><img loading=\"lazy\" decoding=\"async\" class=\"alignnone wp-image-2407 size-large\" src=\"https:\/\/szkolenia-udt.pl\/wp-content\/uploads\/2021\/08\/szkolenia-udt-0018-oso-podesty-ruchime-wiszace-1024x853.jpg\" alt=\"Arbeid som maling, rengj\u00f8ring og sandbl\u00e5sing av fasader kan enkelt utf\u00f8res ved hjelp av den hengende mobile plattformen.\" width=\"750\" height=\"625\" srcset=\"https:\/\/szkolenia-udt.pl\/wp-content\/uploads\/2021\/08\/szkolenia-udt-0018-oso-podesty-ruchime-wiszace-1024x853.jpg 1024w, https:\/\/szkolenia-udt.pl\/wp-content\/uploads\/2021\/08\/szkolenia-udt-0018-oso-podesty-ruchime-wiszace-300x250.jpg 300w, https:\/\/szkolenia-udt.pl\/wp-content\/uploads\/2021\/08\/szkolenia-udt-0018-oso-podesty-ruchime-wiszace-768x640.jpg 768w, https:\/\/szkolenia-udt.pl\/wp-content\/uploads\/2021\/08\/szkolenia-udt-0018-oso-podesty-ruchime-wiszace.jpg 1200w\" sizes=\"auto, (max-width: 750px) 100vw, 750px\" \/><\/a><\/p>","protected":false},"excerpt":{"rendered":"<p>To zaj\u0119cia przeznaczone dla os\u00f3b, kt\u00f3re planuj\u0105 prac\u0119 w zawodzie operatora podest\u00f3w wisz\u0105cych i chc\u0105 zdoby\u0107 niezb\u0119dne uprawnienia UDT. Na kurs zapraszamy zar\u00f3wno osoby nieposiadaj\u0105ce do\u015bwiadczenia, jak i takie, kt\u00f3re pracowa\u0142y ju\u017c na podestach. Organizujemy zaj\u0119cia dla pocz\u0105tkuj\u0105cych, od podstaw, oraz dla zaawansowanych. Na koniec ka\u017cdego kursu organizowany jest egzamin pa\u0144stwowy, kt\u00f3rego zaliczenie oznacza otrzymanie [&hellip;]<\/p>\n","protected":false},"author":3,"featured_media":2499,"parent":2266,"menu_order":0,"comment_status":"closed","ping_status":"closed","template":"","meta":{"footnotes":""},"class_list":["post-2404","page","type-page","status-publish","has-post-thumbnail","hentry"],"aioseo_notices":[],"_links":{"self":[{"href":"https:\/\/szkolenia-udt.pl\/nb\/wp-json\/wp\/v2\/pages\/2404","targetHints":{"allow":["GET"]}}],"collection":[{"href":"https:\/\/szkolenia-udt.pl\/nb\/wp-json\/wp\/v2\/pages"}],"about":[{"href":"https:\/\/szkolenia-udt.pl\/nb\/wp-json\/wp\/v2\/types\/page"}],"author":[{"embeddable":true,"href":"https:\/\/szkolenia-udt.pl\/nb\/wp-json\/wp\/v2\/users\/3"}],"replies":[{"embeddable":true,"href":"https:\/\/szkolenia-udt.pl\/nb\/wp-json\/wp\/v2\/comments?post=2404"}],"version-history":[{"count":6,"href":"https:\/\/szkolenia-udt.pl\/nb\/wp-json\/wp\/v2\/pages\/2404\/revisions"}],"predecessor-version":[{"id":4523,"href":"https:\/\/szkolenia-udt.pl\/nb\/wp-json\/wp\/v2\/pages\/2404\/revisions\/4523"}],"up":[{"embeddable":true,"href":"https:\/\/szkolenia-udt.pl\/nb\/wp-json\/wp\/v2\/pages\/2266"}],"wp:featuredmedia":[{"embeddable":true,"href":"https:\/\/szkolenia-udt.pl\/nb\/wp-json\/wp\/v2\/media\/2499"}],"wp:attachment":[{"href":"https:\/\/szkolenia-udt.pl\/nb\/wp-json\/wp\/v2\/media?parent=2404"}],"curies":[{"name":"wp","href":"https:\/\/api.w.org\/{rel}","templated":true}]}}