{"id":2412,"date":"2021-08-20T08:36:29","date_gmt":"2021-08-20T08:36:29","guid":{"rendered":"https:\/\/szkolenia-udt.pl\/?page_id=2412"},"modified":"2023-03-13T16:35:57","modified_gmt":"2023-03-13T15:35:57","slug":"mastoperatorens-mobile-plattformer","status":"publish","type":"page","link":"https:\/\/szkolenia-udt.pl\/nb\/kursy\/uprawnienia-udt-tdt-wdt\/podesty-ruchome-masztowe-operator\/","title":{"rendered":"Mastl\u00f8fterkurs for operat\u00f8rer"},"content":{"rendered":"<p><a href=\"https:\/\/szkolenia-udt.pl\/wp-content\/uploads\/2021\/08\/szkolenia-udt.pl-0014-OPUBLIKOWANY-v9.jpg\"><img loading=\"lazy\" decoding=\"async\" class=\"paddingleft10 wp-image-2497 size-medium alignleft\" src=\"https:\/\/szkolenia-udt.pl\/wp-content\/uploads\/2021\/08\/szkolenia-udt.pl-0014-OPUBLIKOWANY-v9-300x169.jpg\" alt=\"Mastmonterte mobile lifter er utstyr som er underlagt teknisk tilsyn og krever lisens.\" width=\"300\" height=\"169\" srcset=\"https:\/\/szkolenia-udt.pl\/wp-content\/uploads\/2021\/08\/szkolenia-udt.pl-0014-OPUBLIKOWANY-v9-300x169.jpg 300w, https:\/\/szkolenia-udt.pl\/wp-content\/uploads\/2021\/08\/szkolenia-udt.pl-0014-OPUBLIKOWANY-v9.jpg 768w\" sizes=\"auto, (max-width: 300px) 100vw, 300px\" \/><\/a>Vi har laget dette kurset for personer som \u00f8nsker \u00e5 tilegne seg spesialisert kunnskap innen drift og deretter f\u00e5 det n\u00f8dvendige UDT-sertifikatet for stasjon\u00e6re mobile plattformer. Kurset er en forberedelse til den statlige eksamenen, samtidig som det p\u00e5 en praktisk m\u00e5te l\u00e6rer deg \u00e5 betjene utstyret p\u00e5 en sikker og forskriftsmessig m\u00e5te. Operat\u00f8rer som utdannes p\u00e5 denne m\u00e5ten, er etterspurte spesialister p\u00e5 arbeidsmarkedet og kan begynne \u00e5 jobbe i yrket sitt praktisk talt umiddelbart.<\/p>\n<h2>Informasjon om kurset for mastl\u00f8ftere<\/h2>\n<p><a href=\"https:\/\/szkolenia-udt.pl\/nb\/kursy\/uprawnienia-udt-tdt-wdt\/szkolenia-z-zakresu-udt\/\">UDT-kurs<\/a> (i samsvar med kravene til denne organisasjonen) inkluderer et passende antall timer med forelesninger og praktiske aktiviteter for gruppen. Kursets varighet avhenger av deltakernes kunnskaps- og ferdighetsniv\u00e5, og kan variere fra 8-10 til 20-35 timer. Kursdeltakerne blir informert om dette ved p\u00e5melding.<\/p>\n<p>V\u00e5re instrukt\u00f8rer gir informasjon om blant annet:<\/p>\n<ul>\n<li>Den mobile mastplattformens oppbygging og virkem\u00e5te<\/li>\n<li>Sikkerhetsregler og operat\u00f8rens tilh\u00f8rende ansvar<\/li>\n<li>Bestemmelser fra lov om teknisk tilsyn<\/li>\n<li>H\u00e5ndtering av uvanlige situasjoner: n\u00f8dsituasjoner, ulykker<\/li>\n<\/ul>\n<p>Deltakerne p\u00e5 mastplattformoperat\u00f8rkurset deltar i tillegg i \u00f8velser p\u00e5 man\u00f8vreringsplassen. Dette er en mulighet til \u00e5 l\u00e6re \u00e5 operere i praksis og bli bedre kjent med sikkerhetsreglene.<\/p>\n<p>Oppl\u00e6ringskurset avsluttes med en avsluttende eksamen for en UDT-kommisjon. Autorisasjon gis til de som best\u00e5r de teoretiske og praktiske delene med positivt resultat.<br \/>\n<div style=\"width: 640px;\" class=\"wp-video\"><video id=\"video-2412-1\" width=\"640\" height=\"360\" poster=\"https:\/\/szkolenia-udt.pl\/wp-content\/uploads\/2023\/03\/okladka-podnosnik-OSO.jpg\" preload=\"metadata\" controls=\"controls\"><source type=\"video\/mp4\" src=\"https:\/\/szkolenia-udt.pl\/wp-content\/uploads\/2023\/03\/podnosnik-SZKOLENIA-UDT.PL-OSO.mp4?_=1\" \/><a href=\"https:\/\/szkolenia-udt.pl\/wp-content\/uploads\/2023\/03\/podnosnik-SZKOLENIA-UDT.PL-OSO.mp4\">https:\/\/szkolenia-udt.pl\/wp-content\/uploads\/2023\/03\/podnosnik-SZKOLENIA-UDT.PL-OSO.mp4<\/a><\/video><\/div>\n<h2>Jobbmuligheter etter kurset<\/h2>\n<p>Etter \u00e5 ha best\u00e5tt eksamen og fullf\u00f8rt <a href=\"https:\/\/szkolenia-udt.pl\/nb\/kursy\/szkolenie-audytorskie-udt\/\">UDT-oppl\u00e6ring<\/a> innvilger kvalifikasjoner i 10 \u00e5r. Med et kvalifikasjonsbevis kan du utf\u00f8re arbeid i hele Polen og i de fleste EU-land.<\/p>\n<p>Den mobile masteplattformen er en innretning som gj\u00f8r det mulig \u00e5 transportere arbeidere i flere meters h\u00f8yde til en arbeidsstasjon. Den fungerer p\u00e5 f\u00f8lgende m\u00e5te: En kurv - arbeidsplattformen for transport av arbeidere - flyttes langs en metallmast ved hjelp av et drivverk - en jekk. Styringen skjer ved hjelp av et panel eller en fjernkontroll. Det hele er plassert p\u00e5 et chassis utstyrt med hjul for sleping og st\u00f8tter for stabilisering.<\/p>\n<p>Dette praktiske og brukervennlige utstyret har mange bruksomr\u00e5der i byggebransjen og andre steder. Avhengig av modell kan masteplattformene brukes b\u00e5de innend\u00f8rs og utend\u00f8rs. Masten med arbeidsplattform muliggj\u00f8r transport under byggearbeid, montering (montering av vinduer, installasjoner, belysning), renovering (pussing, isolering, maling) og letter tilgangen til h\u00f8yere varer p\u00e5 lageret.<\/p>\n<div class=\"filmw\">\n<div class=\"responsive-youtube\"><iframe loading=\"lazy\" title=\"YouTube-videospiller\" src=\"https:\/\/www.youtube.com\/embed\/OUKdY5V51M4\" width=\"560\" height=\"315\" frameborder=\"0\" allowfullscreen=\"allowfullscreen\"><\/iframe><\/div>\n<\/div>\n<h2>Praktisk informasjon<\/h2>\n<p>Nedenfor finner du organisasjonsinformasjon om oppl\u00e6ring for mobile plattformer (<a href=\"https:\/\/szkolenia-udt.pl\/nb\/oferta\/\">pris<\/a>, vilk\u00e5r for deltakelse, etc.):<\/p>\n<p>Oppl\u00e6ringen er \u00e5pen for alle voksne, uten helsemessige kontraindikasjoner, med minst grunnskoleutdanning.<\/p>\n<p>Kursene holdes p\u00e5 forskjellige steder i landet: Vi organiserer UDT-oppl\u00e6ring i Warszawa, Krakow, Schlesien og andre st\u00f8rre byer.<\/p>\n<p>Gruppene kj\u00f8res 1-2 ganger i m\u00e5neden. Den gjeldende timeplanen finner du p\u00e5 <a href=\"http:\/\/www.platformaedukacji.pl\">www.platformaedukacji.pl<\/a>. Det er ogs\u00e5 her du kan bestille plass p\u00e5 den datoen du \u00f8nsker. Vi tar ogs\u00e5 imot s\u00f8knader per telefon og e-post.<\/p>\n<p>Det er ogs\u00e5 mulig \u00e5 delta p\u00e5 oppl\u00e6ringskurs p\u00e5 avstand. Webinarer foreg\u00e5r live p\u00e5 v\u00e5r l\u00e6ringsplattform. Dette gjelder kun den teoretiske delen, den praktiske delen m\u00e5 gjennomf\u00f8res stasjon\u00e6rt.<\/p>\n<p>Hvis du er interessert i \u00e5 organisere oppl\u00e6ring for bedriftens ansatte, <a href=\"https:\/\/szkolenia-udt.pl\/nb\/kontakt\/\">vennligst kontakt oss<\/a> via e-post eller telefon. Vi finner en passende dato og et passende sted. Vi arrangerer ogs\u00e5 kurs for kvalifisering av arbeidsplattformer - kurvl\u00f8ftere (selvg\u00e5ende mobile plattformer), kurs for sakselifter og annet materialh\u00e5ndteringsutstyr.<\/p>\n<p><a href=\"https:\/\/szkolenia-udt.pl\/wp-content\/uploads\/2021\/08\/0020-oso-podesty-ruchome-masztowe-1.jpg\"><img loading=\"lazy\" decoding=\"async\" class=\"alignnone wp-image-2414 size-large\" src=\"https:\/\/szkolenia-udt.pl\/wp-content\/uploads\/2021\/08\/0020-oso-podesty-ruchome-masztowe-1-1024x853.jpg\" alt=\"I den mobile masteplattformen flyttes arbeidsplattformen langs masten.\" width=\"750\" height=\"625\" srcset=\"https:\/\/szkolenia-udt.pl\/wp-content\/uploads\/2021\/08\/0020-oso-podesty-ruchome-masztowe-1-1024x853.jpg 1024w, https:\/\/szkolenia-udt.pl\/wp-content\/uploads\/2021\/08\/0020-oso-podesty-ruchome-masztowe-1-300x250.jpg 300w, https:\/\/szkolenia-udt.pl\/wp-content\/uploads\/2021\/08\/0020-oso-podesty-ruchome-masztowe-1-768x640.jpg 768w, https:\/\/szkolenia-udt.pl\/wp-content\/uploads\/2021\/08\/0020-oso-podesty-ruchome-masztowe-1.jpg 1200w\" sizes=\"auto, (max-width: 750px) 100vw, 750px\" \/><\/a><\/p>","protected":false},"excerpt":{"rendered":"<p>Szkolenie stworzyli\u015bmy z my\u015bl\u0105 o osobach, kt\u00f3re chcia\u0142yby zdoby\u0107 specjalistyczn\u0105 wiedz\u0119 w zakresie eksploatacji, a nast\u0119pnie uzyska\u0107 potrzebne do pracy uprawnienia UDT na podesty ruchome stacjonarne. Kurs jest przygotowaniem do egzaminu pa\u0144stwowego, a jednocze\u015bnie w praktyczny spos\u00f3b uczy bezpiecznej, zgodnej z przepisami obs\u0142ugi urz\u0105dze\u0144. Tak przygotowani operatorzy s\u0105 specjalistami poszukiwanymi na rynku pracy i mog\u0105 [&hellip;]<\/p>\n","protected":false},"author":3,"featured_media":2497,"parent":2266,"menu_order":0,"comment_status":"closed","ping_status":"closed","template":"","meta":{"footnotes":""},"class_list":["post-2412","page","type-page","status-publish","has-post-thumbnail","hentry"],"aioseo_notices":[],"_links":{"self":[{"href":"https:\/\/szkolenia-udt.pl\/nb\/wp-json\/wp\/v2\/pages\/2412","targetHints":{"allow":["GET"]}}],"collection":[{"href":"https:\/\/szkolenia-udt.pl\/nb\/wp-json\/wp\/v2\/pages"}],"about":[{"href":"https:\/\/szkolenia-udt.pl\/nb\/wp-json\/wp\/v2\/types\/page"}],"author":[{"embeddable":true,"href":"https:\/\/szkolenia-udt.pl\/nb\/wp-json\/wp\/v2\/users\/3"}],"replies":[{"embeddable":true,"href":"https:\/\/szkolenia-udt.pl\/nb\/wp-json\/wp\/v2\/comments?post=2412"}],"version-history":[{"count":4,"href":"https:\/\/szkolenia-udt.pl\/nb\/wp-json\/wp\/v2\/pages\/2412\/revisions"}],"predecessor-version":[{"id":4521,"href":"https:\/\/szkolenia-udt.pl\/nb\/wp-json\/wp\/v2\/pages\/2412\/revisions\/4521"}],"up":[{"embeddable":true,"href":"https:\/\/szkolenia-udt.pl\/nb\/wp-json\/wp\/v2\/pages\/2266"}],"wp:featuredmedia":[{"embeddable":true,"href":"https:\/\/szkolenia-udt.pl\/nb\/wp-json\/wp\/v2\/media\/2497"}],"wp:attachment":[{"href":"https:\/\/szkolenia-udt.pl\/nb\/wp-json\/wp\/v2\/media?parent=2412"}],"curies":[{"name":"wp","href":"https:\/\/api.w.org\/{rel}","templated":true}]}}