{"id":2418,"date":"2021-08-20T09:57:03","date_gmt":"2021-08-20T09:57:03","guid":{"rendered":"https:\/\/szkolenia-udt.pl\/?page_id=2418"},"modified":"2021-08-25T12:21:48","modified_gmt":"2021-08-25T12:21:48","slug":"udt-for-vedlikeholdere","status":"publish","type":"page","link":"https:\/\/szkolenia-udt.pl\/nb\/kursy\/uprawnienia-udt-tdt-wdt\/udt-dla-konserwatorow\/","title":{"rendered":"UDT-kurs for vedlikeholdsarbeidere: klasser + statseksamen"},"content":{"rendered":"<p><a href=\"https:\/\/szkolenia-udt.pl\/wp-content\/uploads\/2021\/08\/szkolenia-udt.pl-0014-OPUBLIKOWANY-v10.jpg\"><img loading=\"lazy\" decoding=\"async\" class=\"paddingleft10 alignleft wp-image-2493 size-medium\" src=\"https:\/\/szkolenia-udt.pl\/wp-content\/uploads\/2021\/08\/szkolenia-udt.pl-0014-OPUBLIKOWANY-v10-300x200.jpg\" alt=\"En sertifisert vedlikeholdstekniker kan reparere kraner, heiser og annet utstyr under teknisk tilsyn.\" width=\"300\" height=\"200\" srcset=\"https:\/\/szkolenia-udt.pl\/wp-content\/uploads\/2021\/08\/szkolenia-udt.pl-0014-OPUBLIKOWANY-v10-300x200.jpg 300w, https:\/\/szkolenia-udt.pl\/wp-content\/uploads\/2021\/08\/szkolenia-udt.pl-0014-OPUBLIKOWANY-v10-768x511.jpg 768w, https:\/\/szkolenia-udt.pl\/wp-content\/uploads\/2021\/08\/szkolenia-udt.pl-0014-OPUBLIKOWANY-v10.jpg 1016w\" sizes=\"auto, (max-width: 300px) 100vw, 300px\" \/><\/a>Den statlige eksamenen som arrangeres av UDT er den eneste m\u00e5ten \u00e5 oppn\u00e5 de n\u00f8dvendige kvalifikasjonene for \u00e5 bli vedlikeholdstekniker for utstyr under teknisk tilsyn. Kvalifikasjonene er n\u00f8dvendige for \u00e5 kunne arbeide med utstyr som mobile plattformer, lastere, gaffeltrucker, traverskraner, kraner og annet utstyr som brukes i byggebransjen, industrien eller landbruket. Kursene vi tilbyr deg f\u00f8lger et egenutviklet program som fokuserer p\u00e5 \u00e5 forberede elevene best mulig til eksamen. Vi underviser i teorien som kreves til eksamen, og under utstyrskursene viser vi deg hvordan du omsetter denne kunnskapen til praktiske ferdigheter. Eksamen er inkludert i prisen for vedlikeholdskurset og finner sted etter at den teoretiske og praktiske oppl\u00e6ringen er fullf\u00f8rt.<\/p>\n<h2>Typer h\u00e5ndteringsutstyr<\/h2>\n<p>I v\u00e5r <a href=\"https:\/\/szkolenia-udt.pl\/nb\/o-firmie\/\">sentrum<\/a> Vi gjennomf\u00f8rer UDT-vedlikeholdskurs for de vanligste utstyrstypene under teknisk veiledning. Vi arrangerer jevnlig vedlikeholdskurs for arbeidsplattformer, gaffeltrucker, kraner, lastebilkraner og t\u00e5rnkraner. Hvert kurs er dedikert til \u00e9n type utstyr. Hvis du er interessert i \u00e5 skaffe deg kvalifikasjoner for vedlikehold av flere typer utstyr, kan du kombinere kvalifiseringen i to eller flere kurs - i slike tilfeller <a href=\"https:\/\/szkolenia-udt.pl\/nb\/kontakt\/\">vennligst kontakt oss<\/a>.<\/p>\n<h2>Oppgaver som vedlikeholds-UDT<\/h2>\n<p>Etter \u00e5 ha f\u00e5tt UDT-lisens <a href=\"https:\/\/szkolenia-udt.pl\/nb\/kursy\/uprawnienia-udt-tdt-wdt\/konserwator-urzadzen\/\">vedlikeholdsansvarlig for utstyr<\/a> En PT kan ha fulltidsjobb eller drive egen virksomhet. De viktigste oppgavene er blant annet<\/p>\n<ul>\n<li>Reparasjon av eksisterende feil<\/li>\n<li>S\u00f8rge for at utstyret er i god stand<\/li>\n<li>Utf\u00f8re inspeksjoner f\u00f8r utstyret tas i bruk<\/li>\n<li>Gjennomf\u00f8ring av periodiske tekniske inspeksjoner<\/li>\n<li>Skifte av oljer, sm\u00f8remidler og andre forbruksvarer<\/li>\n<li>Vedlikehold av teknisk dokumentasjon for utstyret<\/li>\n<\/ul>\n<h2>Kurs: vedlikehold av h\u00e5ndteringsutstyr - detaljert informasjon<\/h2>\n<p>Program <a href=\"https:\/\/szkolenia-udt.pl\/nb\/kursy\/szkolenie-audytorskie-udt\/\">UDT-oppl\u00e6ring<\/a> for naturvernere<\/p>\n<p>Undervisningen er delt inn i to deler: teoretisk og praktisk. Etter \u00e5 ha best\u00e5tt disse, har studentene mulighet til \u00e5 ta en eksamen organisert av Office of Technical Inspection.<\/p>\n<p>Rammeprogrammet for oppl\u00e6ring omfatter:<\/p>\n<ul>\n<li>Teknisk inspeksjon av utstyr: regler, forskrifter<\/li>\n<li>Generell informasjon om konstruksjon av h\u00e5ndteringsutstyr<\/li>\n<li>Inspeksjon og reparasjon - vedlikeholdsoppgaver<\/li>\n<li>Typiske feil p\u00e5 utstyret som omfattes av oppl\u00e6ringen, og metoder for \u00e5 utbedre dem.<\/li>\n<li>Drift og vedlikehold - gjeldende helse- og sikkerhetsregler<\/li>\n<li>Mekaniske, elektriske og hydrauliske deler<\/li>\n<li>M\u00e5ter \u00e5 sikre utstyrets tekniske ytelse p\u00e5<\/li>\n<\/ul>\n<p>Hver deltaker har ogs\u00e5 mulighet til \u00e5 forberede seg praktisk til eksamen ved hjelp av utstyret vi stiller til r\u00e5dighet.<\/p>\n<p>Den totale oppl\u00e6ringstiden kan variere fra ca. 32 til 96 timer. Vi tilpasser denne tiden til deltakernes behov.<\/p>\n<h2>UDT-eksamen for kvalifisering av vedlikeholdsarbeidere<\/h2>\n<p>Alle som fullf\u00f8rer vedlikeholdsteknikerkurset hos oss, kan ta den statlige eksamenen. Eksamen, som best\u00e5r av en pr\u00f8ve og en praktisk del, avlegges foran UDT-kommisjonen. Du trenger ikke \u00e5 melde deg opp til eksamen i tillegg - vi tar oss av alt det formelle.<\/p>\n<p>Den som best\u00e5r eksamen, f\u00e5r et kvalifikasjonsbevis som gir rett til \u00e5 arbeide som vedlikeholdstekniker for det valgte utstyret. Denne rettigheten er gyldig i fem \u00e5r.<\/p>\n<h2>P\u00e5melding til vedlikeholdsoppl\u00e6ring<\/h2>\n<p>P\u00e5melding til oppl\u00e6ringen skjer i henhold til tidsplanen som er publisert p\u00e5 <a href=\"https:\/\/platformaedukacji.pl\/sklep\/\">https:\/\/platformaedukacji.pl\/sklep\/<\/a>. Vi arrangerer vedlikeholdsoppl\u00e6ring i Warszawa og andre st\u00f8rre byer. Du kan melde deg p\u00e5 ved \u00e5 legge \u00f8nsket dato i handlekurven og betale. P\u00e5 foresp\u00f8rsel fra bedrifter arrangerer vi ogs\u00e5 lukkede kurs for ansatte - hvis du er interessert i slik oppl\u00e6ring, kan du kontakte oss p\u00e5 telefon eller e-post.<\/p>\n<p>UDTs vedlikeholdskurs er \u00e5pne for voksne med minst grunnskoleutdanning. Vi krever at deltakerne erkl\u00e6rer at de ikke har noen helsemessige kontraindikasjoner. For noen kurs kreves det ogs\u00e5 kunnskaper i elektroteknikk og andre fag (se kursbeskrivelsen for mer informasjon).<\/p>\n<p><a href=\"https:\/\/szkolenia-udt.pl\/wp-content\/uploads\/2021\/08\/oso-0021-konserwator-udzadzen-udt-1.jpg\"><img loading=\"lazy\" decoding=\"async\" class=\"alignnone wp-image-2420 size-large\" src=\"https:\/\/szkolenia-udt.pl\/wp-content\/uploads\/2021\/08\/oso-0021-konserwator-udzadzen-udt-1-1024x853.jpg\" alt=\"Reparasjon, vedlikehold og inspeksjon av utstyr under tilsyn av teknisk kontrollorgan krever lisens.\" width=\"750\" height=\"625\" srcset=\"https:\/\/szkolenia-udt.pl\/wp-content\/uploads\/2021\/08\/oso-0021-konserwator-udzadzen-udt-1-1024x853.jpg 1024w, https:\/\/szkolenia-udt.pl\/wp-content\/uploads\/2021\/08\/oso-0021-konserwator-udzadzen-udt-1-300x250.jpg 300w, https:\/\/szkolenia-udt.pl\/wp-content\/uploads\/2021\/08\/oso-0021-konserwator-udzadzen-udt-1-768x640.jpg 768w, https:\/\/szkolenia-udt.pl\/wp-content\/uploads\/2021\/08\/oso-0021-konserwator-udzadzen-udt-1.jpg 1200w\" sizes=\"auto, (max-width: 750px) 100vw, 750px\" \/><\/a><\/p>","protected":false},"excerpt":{"rendered":"<p>Egzamin pa\u0144stwowy organizowany przez UDT jest jedyn\u0105 drog\u0105 do zdobycia uprawnie\u0144 potrzebnych w zawodzie konserwatora urz\u0105dze\u0144 obj\u0119tych dozorem technicznym. Uprawnienia s\u0105 niezb\u0119dne do pracy z takimi urz\u0105dzeniami, jak podesty ruchome, \u0142adowarki, w\u00f3zki wid\u0142owe, suwnice, \u017curawie, d\u017awigi i inne, wykorzystywane w budownictwie, przemy\u015ble czy rolnictwie. Zaj\u0119cia, kt\u00f3re Pa\u0144stwu proponujemy, prowadzimy wed\u0142ug autorskiego programu, w kt\u00f3rym skupiamy [&hellip;]<\/p>\n","protected":false},"author":3,"featured_media":2493,"parent":2266,"menu_order":0,"comment_status":"closed","ping_status":"closed","template":"","meta":{"footnotes":""},"class_list":["post-2418","page","type-page","status-publish","has-post-thumbnail","hentry"],"aioseo_notices":[],"_links":{"self":[{"href":"https:\/\/szkolenia-udt.pl\/nb\/wp-json\/wp\/v2\/pages\/2418","targetHints":{"allow":["GET"]}}],"collection":[{"href":"https:\/\/szkolenia-udt.pl\/nb\/wp-json\/wp\/v2\/pages"}],"about":[{"href":"https:\/\/szkolenia-udt.pl\/nb\/wp-json\/wp\/v2\/types\/page"}],"author":[{"embeddable":true,"href":"https:\/\/szkolenia-udt.pl\/nb\/wp-json\/wp\/v2\/users\/3"}],"replies":[{"embeddable":true,"href":"https:\/\/szkolenia-udt.pl\/nb\/wp-json\/wp\/v2\/comments?post=2418"}],"version-history":[{"count":2,"href":"https:\/\/szkolenia-udt.pl\/nb\/wp-json\/wp\/v2\/pages\/2418\/revisions"}],"predecessor-version":[{"id":2494,"href":"https:\/\/szkolenia-udt.pl\/nb\/wp-json\/wp\/v2\/pages\/2418\/revisions\/2494"}],"up":[{"embeddable":true,"href":"https:\/\/szkolenia-udt.pl\/nb\/wp-json\/wp\/v2\/pages\/2266"}],"wp:featuredmedia":[{"embeddable":true,"href":"https:\/\/szkolenia-udt.pl\/nb\/wp-json\/wp\/v2\/media\/2493"}],"wp:attachment":[{"href":"https:\/\/szkolenia-udt.pl\/nb\/wp-json\/wp\/v2\/media?parent=2418"}],"curies":[{"name":"wp","href":"https:\/\/api.w.org\/{rel}","templated":true}]}}