{"id":242,"date":"2014-10-08T17:09:07","date_gmt":"2014-10-08T17:09:07","guid":{"rendered":"http:\/\/szkolenia-udt.pl\/?page_id=242"},"modified":"2021-08-31T22:04:16","modified_gmt":"2021-08-31T22:04:16","slug":"riktig-overflate-for-mobile-plattformer","status":"publish","type":"page","link":"https:\/\/szkolenia-udt.pl\/nb\/kursy\/podesty-ruchome\/prawidlowa-nawierzchnia-pod-podesty-ruchome\/","title":{"rendered":"Riktig asfaltering for mobile plattformer"},"content":{"rendered":"<div style=\"float: left; padding-right: 10px;\"><div id=\"metaslider-id-1412\" style=\"max-width: 300px;\" class=\"ml-slider-3-107-0 metaslider metaslider-flex metaslider-1412 ml-slider ms-theme-default nav-hidden\" role=\"region\" aria-label=\"overflater\" data-height=\"225\" data-width=\"300\">\n    <div id=\"metaslider_container_1412\">\n        <div id=\"metaslider_1412\">\n            <ul class='slides'>\n                <li style=\"display: block; width: 100%;\" class=\"slide-1410 ms-image\" aria-roledescription=\"slide\" data-date=\"2015-07-10 14:50:45\" data-filename=\"resnawierzchnia-200ATJ_008.jpg\" data-slide-type=\"image\"><img loading=\"lazy\" decoding=\"async\" src=\"https:\/\/szkolenia-udt.pl\/wp-content\/uploads\/2015\/07\/resnawierzchnia-200ATJ_008.jpg\" height=\"225\" width=\"300\" alt=\"\" class=\"slider-1412 slide-1410 msDefaultImage\" \/><\/li>\n                <li style=\"display: none; width: 100%;\" class=\"slide-1411 ms-image\" aria-roledescription=\"slide\" data-date=\"2015-07-10 14:50:46\" data-filename=\"resnawierzchnia-456.png\" data-slide-type=\"image\"><img loading=\"lazy\" decoding=\"async\" src=\"https:\/\/szkolenia-udt.pl\/wp-content\/uploads\/2015\/07\/resnawierzchnia-456.png\" height=\"225\" width=\"300\" alt=\"\" class=\"slider-1412 slide-1411 msDefaultImage\" \/><\/li>\n                <li style=\"display: none; width: 100%;\" class=\"slide-1409 ms-image\" aria-roledescription=\"slide\" data-date=\"2015-07-10 14:50:44\" data-filename=\"resnawierzchnia-188.png\" data-slide-type=\"image\"><img loading=\"lazy\" decoding=\"async\" src=\"https:\/\/szkolenia-udt.pl\/wp-content\/uploads\/2015\/07\/resnawierzchnia-188.png\" height=\"225\" width=\"300\" alt=\"\" class=\"slider-1412 slide-1409 msDefaultImage\" \/><\/li>\n                <li style=\"display: none; width: 100%;\" class=\"slide-1408 ms-image\" aria-roledescription=\"slide\" data-date=\"2015-07-10 14:50:43\" data-filename=\"resnawierzchnia-160atj.jpg\" data-slide-type=\"image\"><img loading=\"lazy\" decoding=\"async\" src=\"https:\/\/szkolenia-udt.pl\/wp-content\/uploads\/2015\/07\/resnawierzchnia-160atj.jpg\" height=\"225\" width=\"300\" alt=\"\" class=\"slider-1412 slide-1408 msDefaultImage\" \/><\/li>\n                <li style=\"display: none; width: 100%;\" class=\"slide-1407 ms-image\" aria-roledescription=\"slide\" data-date=\"2015-07-10 14:50:42\" data-filename=\"resnawierzchnia-156.png\" data-slide-type=\"image\"><img loading=\"lazy\" decoding=\"async\" src=\"https:\/\/szkolenia-udt.pl\/wp-content\/uploads\/2015\/07\/resnawierzchnia-156.png\" height=\"225\" width=\"300\" alt=\"\" class=\"slider-1412 slide-1407 msDefaultImage\" \/><\/li>\n                <li style=\"display: none; width: 100%;\" class=\"slide-1406 ms-image\" aria-roledescription=\"slide\" data-date=\"2015-07-10 14:50:41\" data-filename=\"resnawierzchnia-132.png\" data-slide-type=\"image\"><img loading=\"lazy\" decoding=\"async\" src=\"https:\/\/szkolenia-udt.pl\/wp-content\/uploads\/2015\/07\/resnawierzchnia-132.png\" height=\"225\" width=\"300\" alt=\"\" class=\"slider-1412 slide-1406 msDefaultImage\" \/><\/li>\n            <\/ul>\n        <\/div>\n        \n    <\/div>\n<\/div><\/div>\n<div class=\"wyjustuj\">\n<p>Rulletrapper skal kun brukes p\u00e5 egnet underlag. Dette er en av de grunnleggende sikkerhetsreglene for arbeid med disse innretningene. Hvis forskriftene ikke overholdes, \u00f8ker risikoen for arbeidsulykker. Kurset v\u00e5rt om arbeidsplattformer gir deltakerne en innf\u00f8ring i alle prosedyrene som er involvert i valg og klargj\u00f8ring av underlaget, noe som har betydning for sikker bruk av utstyret og for hvor komfortabelt og raskt det kan forflyttes. Dette gjelder ikke utstyr som hengende plattformer, men operat\u00f8ren m\u00e5 ogs\u00e5 hele tiden kontrollere omgivelsene for \u00e5 unng\u00e5 ulykker. Det finnes ulike typer mobile plattformer, og noen av dem er spesialtilpasset for bruk p\u00e5 vanskelige underlag.<\/p>\n<p>Underlaget skal v\u00e6re stabilt og kompakt for ikke \u00e5 \u00f8ke risikoen for arbeidsulykker. Alle sakselifter, kurvl\u00f8ftere, s\u00f8yleheiser og andre typer mobile plattformer m\u00e5 inspiseres f\u00f8r bruk. Saksel\u00f8ftere, kurvl\u00f8ftere og andre typer plattformer har egne krav til bruk, og det b\u00f8r derfor kontrolleres hvilke underlag de kan brukes p\u00e5. Utstyret skal v\u00e6re egnet for det aktuelle underlaget, og hvis det oppst\u00e5r skader p\u00e5 underlaget n\u00e5r man st\u00f8ter p\u00e5 hindringer, skal det ogs\u00e5 forberedes p\u00e5 riktig m\u00e5te.<\/p>\n<p>Visuell inspeksjon kan avgj\u00f8re hvilken type fortau det er snakk om, men i noen tilfeller brukes geokjemisk testing. Beleggets tilstand p\u00e5virkes ogs\u00e5 av v\u00e6ret, spesielt regn og sn\u00f8fall, som kan f\u00f8re til at omr\u00e5det blir vannmettet.<\/p>\n<h2 class=\"boldnagl\"><strong>Typer fortau og risikoen forbundet med bruken av dem:<\/strong><\/h2>\n<ul>\n<li>Brostein, betong, asfalt - stort sett trygt, men v\u00e6r forsiktig n\u00e5r du plasserer plattformen p\u00e5 kantene av fortauet, utvasking av omr\u00e5det og skitt er ogs\u00e5 farer.<\/li>\n<li>Gressomr\u00e5der - relativt trygge, b\u00f8r v\u00e6re flate eller tilstrekkelig jevne, men v\u00e6r forsiktig med omr\u00e5der som er vasket og vannmasser.<\/li>\n<li>Brakklegging - sjekk om det finnes umerkede groper og strukturer i omr\u00e5det.<\/li>\n<li>urbane omr\u00e5der - n\u00e5r du setter ut plattformen, m\u00e5 du sjekke om det er kloakkbr\u00f8nner, kloakker, tunneler, groper, kjellere i n\u00e6rheten.<\/li>\n<li>Strender - vanskelig terreng som krever spesielle forberedelser p\u00e5 grunn av l\u00f8s sand og fare for utvasking.<\/li>\n<\/ul>\n<p>Brett brukes vanligvis til \u00e5 jevne ut og stabilisere underlaget for sakser, kurver og andre typer plattformer. Hvis det brukes treplattformer, b\u00f8r de kontrolleres n\u00f8ye f\u00f8r bruk.<\/p>\n<p>Ved \u00e5 velge v\u00e5r <a href=\"https:\/\/szkolenia-udt.pl\/nb\/kursy\/uprawnienia-udt-tdt-wdt\/kurs-podnosnik-koszowy\/\">kurs i arbeidsplattform<\/a>, sakser og annet, f\u00e5r deltakeren n\u00f8dvendig informasjon om overflatebehandling. <a href=\"https:\/\/szkolenia-udt.pl\/nb\/kontakt\/\">Du er hjertelig invitert<\/a> for v\u00e5re kurs om sakselifter og arbeidsplattformer i byene Warszawa, Katowice, Krakow og Bielsko-Bia\u0142a!<\/p>\n<\/div>","protected":false},"excerpt":{"rendered":"<p>Podesty ruchome powinny by\u0107 u\u017cywane tylko na odpowiednio przystosowanych tego celu nawierzchniach. To jedna z podstawowych zasad bezpiecze\u0144stwa pracy z tymi urz\u0105dzeniami. Nieprzestrzeganie przepis\u00f3w zwi\u0119ksza ryzyko wyst\u0105pienia wypadk\u00f3w przy pracy. Nasz kurs na podno\u015bniki przedstawia uczestnikom wszystkie procedury zwi\u0105zane z wyborem oraz przygotowaniem nawierzchni, co ma wp\u0142yw na bezpiecze\u0144stwo u\u017cycia urz\u0105dzenia oraz wygod\u0119 i szybko\u015b\u0107 [&hellip;]<\/p>\n","protected":false},"author":3,"featured_media":1410,"parent":35,"menu_order":0,"comment_status":"closed","ping_status":"closed","template":"","meta":{"footnotes":""},"class_list":["post-242","page","type-page","status-publish","has-post-thumbnail","hentry"],"aioseo_notices":[],"_links":{"self":[{"href":"https:\/\/szkolenia-udt.pl\/nb\/wp-json\/wp\/v2\/pages\/242","targetHints":{"allow":["GET"]}}],"collection":[{"href":"https:\/\/szkolenia-udt.pl\/nb\/wp-json\/wp\/v2\/pages"}],"about":[{"href":"https:\/\/szkolenia-udt.pl\/nb\/wp-json\/wp\/v2\/types\/page"}],"author":[{"embeddable":true,"href":"https:\/\/szkolenia-udt.pl\/nb\/wp-json\/wp\/v2\/users\/3"}],"replies":[{"embeddable":true,"href":"https:\/\/szkolenia-udt.pl\/nb\/wp-json\/wp\/v2\/comments?post=242"}],"version-history":[{"count":8,"href":"https:\/\/szkolenia-udt.pl\/nb\/wp-json\/wp\/v2\/pages\/242\/revisions"}],"predecessor-version":[{"id":2381,"href":"https:\/\/szkolenia-udt.pl\/nb\/wp-json\/wp\/v2\/pages\/242\/revisions\/2381"}],"up":[{"embeddable":true,"href":"https:\/\/szkolenia-udt.pl\/nb\/wp-json\/wp\/v2\/pages\/35"}],"wp:featuredmedia":[{"embeddable":true,"href":"https:\/\/szkolenia-udt.pl\/nb\/wp-json\/wp\/v2\/media\/1410"}],"wp:attachment":[{"href":"https:\/\/szkolenia-udt.pl\/nb\/wp-json\/wp\/v2\/media?parent=242"}],"curies":[{"name":"wp","href":"https:\/\/api.w.org\/{rel}","templated":true}]}}