{"id":2424,"date":"2021-08-20T10:35:30","date_gmt":"2021-08-20T10:35:30","guid":{"rendered":"https:\/\/szkolenia-udt.pl\/?page_id=2424"},"modified":"2022-08-31T21:22:33","modified_gmt":"2022-08-31T19:22:33","slug":"opplaering-i-sakseloftbom","status":"publish","type":"page","link":"https:\/\/szkolenia-udt.pl\/nb\/kursy\/uprawnienia-udt-tdt-wdt\/scissor-lift-boom-lift-training\/","title":{"rendered":"Kurs for betjening av sakselifter og arbeidsplattformer (sakselift, bomlift) med eksamen for arbeid i utlandet."},"content":{"rendered":"<p><a href=\"https:\/\/szkolenia-udt.pl\/wp-content\/uploads\/2021\/08\/szkolenia-udt.pl-0014-OPUBLIKOWANY-v8.jpg\"><img loading=\"lazy\" decoding=\"async\" class=\"paddingleft10 alignleft wp-image-2492 size-medium\" src=\"https:\/\/szkolenia-udt.pl\/wp-content\/uploads\/2021\/08\/szkolenia-udt.pl-0014-OPUBLIKOWANY-v8-300x225.jpg\" alt=\"Sakselifter og bomlifter er det internasjonale navnet for sakse- og kurvlifter\" width=\"300\" height=\"225\" srcset=\"https:\/\/szkolenia-udt.pl\/wp-content\/uploads\/2021\/08\/szkolenia-udt.pl-0014-OPUBLIKOWANY-v8-300x225.jpg 300w, https:\/\/szkolenia-udt.pl\/wp-content\/uploads\/2021\/08\/szkolenia-udt.pl-0014-OPUBLIKOWANY-v8-1024x768.jpg 1024w, https:\/\/szkolenia-udt.pl\/wp-content\/uploads\/2021\/08\/szkolenia-udt.pl-0014-OPUBLIKOWANY-v8-768x576.jpg 768w, https:\/\/szkolenia-udt.pl\/wp-content\/uploads\/2021\/08\/szkolenia-udt.pl-0014-OPUBLIKOWANY-v8-1536x1152.jpg 1536w, https:\/\/szkolenia-udt.pl\/wp-content\/uploads\/2021\/08\/szkolenia-udt.pl-0014-OPUBLIKOWANY-v8-135x100.jpg 135w, https:\/\/szkolenia-udt.pl\/wp-content\/uploads\/2021\/08\/szkolenia-udt.pl-0014-OPUBLIKOWANY-v8.jpg 1600w\" sizes=\"auto, (max-width: 300px) 100vw, 300px\" \/><\/a>Dette er et kurs for fremtidige heisoperat\u00f8rer, utviklet i samsvar med MEWP ISO 18878-standarden og OMHEC-foreningens retningslinjer. Et program som er utformet p\u00e5 denne m\u00e5ten, inneb\u00e6rer at fullf\u00f8rt oppl\u00e6ring og best\u00e5tt eksamen anerkjennes som tilstrekkelig kvalifikasjon for \u00e5 kunne arbeide i utlandet. Sertifikatet er gyldig i Norge, Danmark, Storbritannia og Nederland, og kan ogs\u00e5 anerkjennes av arbeidsgivere i andre land. Etter fullf\u00f8rt kurs f\u00e5r deltakeren autorisasjoner som er gyldige for arbeid p\u00e5 land og til sj\u00f8s.<\/p>\n<p>De som \u00f8nsker \u00e5 jobbe i utlandet som sakselift- og liftoperat\u00f8rer, kan delta p\u00e5 kurs p\u00e5 stedet, som holdes i Warszawa, eller e-l\u00e6ringskurs, som er tilgjengelige via Internett.<\/p>\n<h2>Hvilke muligheter f\u00e5r du ved \u00e5 ta sertifikatet?<\/h2>\n<p>Kursdeltakerne er f\u00f8rst og fremst de som planlegger \u00e5 jobbe p\u00e5 oljerigger i Norskehavet. Der kreves det sertifisering i henhold til MEWP ISO 18878-standarden for alt arbeid i h\u00f8yder over 2 meter: installasjon, vedlikehold, overhaling.<\/p>\n<p>Fullf\u00f8rt oppl\u00e6ringskurs og best\u00e5tt avsluttende eksamen gir deg rett til \u00e5 betjene f\u00f8lgende utstyr:<\/p>\n<ul>\n<li>arbeidsplattformer (internasjonalt navn: bomlifter) - selvg\u00e5ende mobile plattformer, kjent som kirseb\u00e6rplukkere, med en bom og plattformkurv, montert p\u00e5 et kj\u00f8ret\u00f8y<\/li>\n<li>Sakselifter (internasjonalt navn: scissor lifts) - mobile plattformer som er fritt bevegelige, med en teleskopisk eller ledddelt sakseformet bom, montert p\u00e5 en plattform med hjul.<\/li>\n<\/ul>\n<p>De som har sertifikatet, f\u00e5r mange flere jobbmuligheter enn bare p\u00e5 plattformer i Norge. Sertifikatet er anerkjent av alle OMHECs medlemsland (<a href=\"https:\/\/szkolenia-udt.pl\/nb\/kursy\/onshore-i-offshore\/\">Offshore<\/a> Mechanical Handling Equipment Committee), det vil si ogs\u00e5 Danmark, Nederland og Storbritannia. I disse landene brukes skyvemast- og sakselifter til lignende form\u00e5l som i Polen: til bygge- og renoveringsarbeid, fasademaling og -vedlikehold, belysningsinstallasjon, vinduspuss eller innvendige reparasjoner.<\/p>\n<div class=\"filmw\">\n<div class=\"responsive-youtube\"><iframe loading=\"lazy\" title=\"YouTube-videospiller\" src=\"https:\/\/www.youtube.com\/embed\/OUKdY5V51M4\" width=\"560\" height=\"315\" frameborder=\"0\" allowfullscreen=\"allowfullscreen\"><\/iframe><\/div>\n<\/div>\n<h2>Kursdetaljer<\/h2>\n<p>Undervisningen gjennomf\u00f8res i form av forelesninger (stasjon\u00e6re eller eksterne), etterfulgt av en praktisk del. Emner som dekkes p\u00e5 kurset inkluderer:<\/p>\n<ul>\n<li>Konstruksjon av utstyr<\/li>\n<li>Sikkerhetsforskrifter som gjelder i utlandet<\/li>\n<li>H\u00e5ndtering av ulykker og funksjonsfeil i forbindelse med drift av mobile plattformer<\/li>\n<li>Stabilisering av heiser<\/li>\n<li>Typer mobile plattformer og deres form\u00e5l for ulike typer arbeid<\/li>\n<\/ul>\n<p>Under den praktiske delen f\u00e5r hver enkelt deltaker mulighet til \u00e5 l\u00e6re seg \u00e5 bruke heisene p\u00e5 senterets man\u00f8vreringsomr\u00e5de.<\/p>\n<p>Hvert kurs avsluttes med en eksamen som organiseres av senterets instrukt\u00f8rer, og som best\u00e5r av en teoretisk og en praktisk del. De som best\u00e5r eksamen, f\u00e5r et sertifikat i l\u00f8pet av noen uker. Om n\u00f8dvendig kan de inntil da bruke et midlertidig sertifikat utstedt av <a href=\"https:\/\/szkolenia-udt.pl\/nb\/o-firmie\/\">Sentrum<\/a>. Vi utsteder ogs\u00e5 et Hot Work-kort p\u00e5 foresp\u00f8rsel (ekstra kostnad - \u00a3 300).<\/p>\n<p>For mer informasjon og for \u00e5 melde deg p\u00e5 kurset p\u00e5 den datoen du \u00f8nsker, vennligst bes\u00f8k <a href=\"https:\/\/szkolenia-udt.pl\/nb\/kontakt\/\">kontakt per telefon eller e-post<\/a>.<\/p>\n<p><a href=\"https:\/\/szkolenia-udt.pl\/wp-content\/uploads\/2021\/08\/0017-oso-scissor-liftboom-lift.jpg\"><img loading=\"lazy\" decoding=\"async\" class=\"alignnone wp-image-2427 size-large\" src=\"https:\/\/szkolenia-udt.pl\/wp-content\/uploads\/2021\/08\/0017-oso-scissor-liftboom-lift-1024x853.jpg\" alt=\"Bomlifter (arbeidsplattformer) og sakselifter (sakselifter) er utstyr som blant annet brukes p\u00e5 oljeplattformer\" width=\"750\" height=\"625\" srcset=\"https:\/\/szkolenia-udt.pl\/wp-content\/uploads\/2021\/08\/0017-oso-scissor-liftboom-lift-1024x853.jpg 1024w, https:\/\/szkolenia-udt.pl\/wp-content\/uploads\/2021\/08\/0017-oso-scissor-liftboom-lift-300x250.jpg 300w, https:\/\/szkolenia-udt.pl\/wp-content\/uploads\/2021\/08\/0017-oso-scissor-liftboom-lift-768x640.jpg 768w, https:\/\/szkolenia-udt.pl\/wp-content\/uploads\/2021\/08\/0017-oso-scissor-liftboom-lift.jpg 1200w\" sizes=\"auto, (max-width: 750px) 100vw, 750px\" \/><\/a><\/p>","protected":false},"excerpt":{"rendered":"<p>To zaj\u0119cia dla przysz\u0142ych operator\u00f3w podno\u015bnik\u00f3w, stworzone zgodnie z norm\u0105 MEWP ISO 18878 oraz wytycznymi stowarzyszenia OMHEC. Tak przygotowany program oznacza, \u017ce uko\u0144czenie szkolenia oraz zaliczenie egzaminu ko\u0144cowego jest uznawane za wystarczaj\u0105ce kwalifikacje do podj\u0119cia pracy za granic\u0105. Uzyskany w ten spos\u00f3b certyfikat jest wa\u017cny w Norwegii, Danii, Wielkiej Brytanii i Holandii, mo\u017ce by\u0107 te\u017c [&hellip;]<\/p>\n","protected":false},"author":3,"featured_media":2492,"parent":2266,"menu_order":0,"comment_status":"closed","ping_status":"closed","template":"","meta":{"footnotes":""},"class_list":["post-2424","page","type-page","status-publish","has-post-thumbnail","hentry"],"aioseo_notices":[],"_links":{"self":[{"href":"https:\/\/szkolenia-udt.pl\/nb\/wp-json\/wp\/v2\/pages\/2424","targetHints":{"allow":["GET"]}}],"collection":[{"href":"https:\/\/szkolenia-udt.pl\/nb\/wp-json\/wp\/v2\/pages"}],"about":[{"href":"https:\/\/szkolenia-udt.pl\/nb\/wp-json\/wp\/v2\/types\/page"}],"author":[{"embeddable":true,"href":"https:\/\/szkolenia-udt.pl\/nb\/wp-json\/wp\/v2\/users\/3"}],"replies":[{"embeddable":true,"href":"https:\/\/szkolenia-udt.pl\/nb\/wp-json\/wp\/v2\/comments?post=2424"}],"version-history":[{"count":6,"href":"https:\/\/szkolenia-udt.pl\/nb\/wp-json\/wp\/v2\/pages\/2424\/revisions"}],"predecessor-version":[{"id":3232,"href":"https:\/\/szkolenia-udt.pl\/nb\/wp-json\/wp\/v2\/pages\/2424\/revisions\/3232"}],"up":[{"embeddable":true,"href":"https:\/\/szkolenia-udt.pl\/nb\/wp-json\/wp\/v2\/pages\/2266"}],"wp:featuredmedia":[{"embeddable":true,"href":"https:\/\/szkolenia-udt.pl\/nb\/wp-json\/wp\/v2\/media\/2492"}],"wp:attachment":[{"href":"https:\/\/szkolenia-udt.pl\/nb\/wp-json\/wp\/v2\/media?parent=2424"}],"curies":[{"name":"wp","href":"https:\/\/api.w.org\/{rel}","templated":true}]}}