{"id":2438,"date":"2021-08-22T09:19:16","date_gmt":"2021-08-22T09:19:16","guid":{"rendered":"https:\/\/szkolenia-udt.pl\/?page_id=2438"},"modified":"2023-03-13T16:34:16","modified_gmt":"2023-03-13T15:34:16","slug":"sakselifter-pa-frihjul","status":"publish","type":"page","link":"https:\/\/szkolenia-udt.pl\/nb\/kursy\/uprawnienia-udt-tdt-wdt\/podnosniki-nozycowe-wolnobiezne\/","title":{"rendered":"Sakselifter med frihjul"},"content":{"rendered":"<p><a href=\"https:\/\/szkolenia-udt.pl\/wp-content\/uploads\/2021\/08\/szkolenia-udt.pl-0014-OPUBLIKOWANY-v1.jpg\"><img loading=\"lazy\" decoding=\"async\" class=\"paddingleft10 alignleft wp-image-2488 size-medium\" src=\"https:\/\/szkolenia-udt.pl\/wp-content\/uploads\/2021\/08\/szkolenia-udt.pl-0014-OPUBLIKOWANY-v1-300x225.jpg\" alt=\"Sakselifter - en type mobile frittl\u00f8pende plattformer\" width=\"300\" height=\"225\" srcset=\"https:\/\/szkolenia-udt.pl\/wp-content\/uploads\/2021\/08\/szkolenia-udt.pl-0014-OPUBLIKOWANY-v1-300x225.jpg 300w, https:\/\/szkolenia-udt.pl\/wp-content\/uploads\/2021\/08\/szkolenia-udt.pl-0014-OPUBLIKOWANY-v1-1024x768.jpg 1024w, https:\/\/szkolenia-udt.pl\/wp-content\/uploads\/2021\/08\/szkolenia-udt.pl-0014-OPUBLIKOWANY-v1-768x576.jpg 768w, https:\/\/szkolenia-udt.pl\/wp-content\/uploads\/2021\/08\/szkolenia-udt.pl-0014-OPUBLIKOWANY-v1-1536x1152.jpg 1536w, https:\/\/szkolenia-udt.pl\/wp-content\/uploads\/2021\/08\/szkolenia-udt.pl-0014-OPUBLIKOWANY-v1-135x100.jpg 135w, https:\/\/szkolenia-udt.pl\/wp-content\/uploads\/2021\/08\/szkolenia-udt.pl-0014-OPUBLIKOWANY-v1.jpg 1800w\" sizes=\"auto, (max-width: 300px) 100vw, 300px\" \/><\/a>En sakselift (offisielt navn: frittg\u00e5ende mobil plattform) er en allsidig innretning som brukes til \u00e5 l\u00f8fte personer som arbeider i h\u00f8yden. Den s\u00e5kalte frittg\u00e5ende sakseliften best\u00e5r av en plattform, som arbeiderne klatrer opp p\u00e5, og sammenleggbare sakselignende elementer. Det hele er plassert p\u00e5 en tralle.<\/p>\n<h2>Typer av sakselifter<\/h2>\n<p>Denne heistypen skiller seg f\u00f8rst og fremst ut p\u00e5 grunn av drivverket:<\/p>\n<ul>\n<li>Elektrisk drift: Elektriske sakselifter har kraftige batterier. De er vanligvis sm\u00e5, enkle \u00e5 styre og man\u00f8vrere. De fungerer godt innend\u00f8rs.<\/li>\n<li>Dieseldrevne: Denne typen containere er hovedsakelig konstruert for arbeid i terrenget. De er ofte firehjulsdrevne, slik at de takler ujevnheter i terrenget.<\/li>\n<\/ul>\n<div style=\"width: 640px;\" class=\"wp-video\"><video id=\"video-2438-1\" width=\"640\" height=\"360\" poster=\"https:\/\/szkolenia-udt.pl\/wp-content\/uploads\/2023\/03\/okladka-podnosnik-OSO.jpg\" preload=\"metadata\" controls=\"controls\"><source type=\"video\/mp4\" src=\"https:\/\/szkolenia-udt.pl\/wp-content\/uploads\/2023\/03\/podnosnik-SZKOLENIA-UDT.PL-OSO.mp4?_=1\" \/><a href=\"https:\/\/szkolenia-udt.pl\/wp-content\/uploads\/2023\/03\/podnosnik-SZKOLENIA-UDT.PL-OSO.mp4\">https:\/\/szkolenia-udt.pl\/wp-content\/uploads\/2023\/03\/podnosnik-SZKOLENIA-UDT.PL-OSO.mp4<\/a><\/video><\/div>\n<h2>Fordeler med sakselifter:<\/h2>\n<ul>\n<li>Den store plattformen gj\u00f8r det mulig \u00e5 transportere opptil 7 personer samtidig.<\/li>\n<li>Man\u00f8vrerbare og kompakte - takket v\u00e6re den lille st\u00f8rrelsen kan de brukes innend\u00f8rs eller p\u00e5 vanskelig tilgjengelige steder<\/li>\n<li>Bredt bruksomr\u00e5de: utvendig renovering, fasademaling og isolering, innvendige reparasjoner, montering av storformatreklame, glassvask i kontorbygg.<\/li>\n<\/ul>\n<h2>Hvordan blir jeg sertifisert til \u00e5 betjene sakselifter?<\/h2>\n<p>I Polen h\u00e5ndteres innvilgelse av autorisasjoner av Office of Technical Inspection. UDT-godkjenninger gis for alle typer mobile plattformer, inkludert sakselifter. Driftstillatelsen er gyldig i 5 eller 10 \u00e5r (avhengig av utstyret) etter best\u00e5tt eksamen. Eksamen av kandidatenes kvalifikasjoner best\u00e5r av en teoretisk og en praktisk del.<\/p>\n<div class=\"filmw\">\n<div class=\"responsive-youtube\"><iframe loading=\"lazy\" title=\"YouTube-videospiller\" src=\"https:\/\/www.youtube.com\/embed\/OUKdY5V51M4\" width=\"560\" height=\"315\" frameborder=\"0\" allowfullscreen=\"allowfullscreen\"><\/iframe><\/div>\n<\/div>\n<h2>UDT-kvalifikasjoner: oppl\u00e6ring eller en-til-en-undervisning?<\/h2>\n<p>Kurset gj\u00f8r det mulig for de som allerede har jobbet med denne typen utstyr \u00e5 tilegne seg teoretisk og praktisk kunnskap og friske opp kunnskapen.<\/p>\n<h2>Hva er kursen for sakselifter p\u00e5 frihjul?<\/h2>\n<p>Heish\u00e5ndteringskurset leveres i klasseromsformat eller p\u00e5 nettet som et aktivt live-webinar. Kurset kan v\u00e6re \u00e5pent - for individuelle kunder - eller lukket, utelukkende for ansatte i en bestemt bedrift. Kursets omfang er i tr\u00e5d med temaene som kreves for sertifiseringseksamen. Kurset best\u00e5r av en teoretisk del og en praktisk del, der deltakerne l\u00e6rer alt om hvordan man betjener bomlifter.<\/p>\n<p>Denne typen oppl\u00e6ring foretrekkes b\u00e5de av enkeltkunder og arbeidsgivere som \u00f8nsker \u00e5 utdanne sine ansatte til bomoperat\u00f8rer.<\/p>\n<p><a href=\"https:\/\/szkolenia-udt.pl\/nb\/oferta\/\">Pris<\/a> Kursets varighet og innhold avhenger av individuelle avtaler med kunden, kundens erfaring med bruk av sakselifter og oppl\u00e6ringsbehov. Vi gjennomf\u00f8rer alltid et intervju i forkant av tilbudet for \u00e5 innhente ovennevnte informasjon.<\/p>\n<p>For informasjon om heiskurs, vennligst kontakt <a href=\"https:\/\/szkolenia-udt.pl\/nb\/kontakt\/\">kontakt per telefon eller e-post<\/a>.<\/p>\n<p><a href=\"https:\/\/szkolenia-udt.pl\/wp-content\/uploads\/2021\/08\/0014-oso-zwyzki-nozycowe-i-wysiegnikowe.jpg\"><img loading=\"lazy\" decoding=\"async\" class=\"alignnone wp-image-2440 size-large\" src=\"https:\/\/szkolenia-udt.pl\/wp-content\/uploads\/2021\/08\/0014-oso-zwyzki-nozycowe-i-wysiegnikowe-1024x853.jpg\" alt=\"\" width=\"750\" height=\"625\" srcset=\"https:\/\/szkolenia-udt.pl\/wp-content\/uploads\/2021\/08\/0014-oso-zwyzki-nozycowe-i-wysiegnikowe-1024x853.jpg 1024w, https:\/\/szkolenia-udt.pl\/wp-content\/uploads\/2021\/08\/0014-oso-zwyzki-nozycowe-i-wysiegnikowe-300x250.jpg 300w, https:\/\/szkolenia-udt.pl\/wp-content\/uploads\/2021\/08\/0014-oso-zwyzki-nozycowe-i-wysiegnikowe-768x640.jpg 768w, https:\/\/szkolenia-udt.pl\/wp-content\/uploads\/2021\/08\/0014-oso-zwyzki-nozycowe-i-wysiegnikowe.jpg 1200w\" sizes=\"auto, (max-width: 750px) 100vw, 750px\" \/><\/a><\/p>","protected":false},"excerpt":{"rendered":"<p>Podno\u015bnik no\u017cycowy (oficjalna nazwa to: podest ruchomy przejezdny wolnobie\u017cny) to uniwersalne urz\u0105dzenie, wykorzystywane do podnoszenia os\u00f3b pracuj\u0105cych na wysoko\u015bciach. Tzw. zwy\u017cka no\u017cycowa wolnobie\u017cna sk\u0142ada si\u0119 z platformy, na kt\u00f3r\u0105 wchodz\u0105 pracownicy oraz ze sk\u0142adanych element\u00f3w przypominaj\u0105cych no\u017cyce. Ca\u0142o\u015b\u0107 jest umieszczona na w\u00f3zku. Rodzaje zwy\u017cek no\u017cycowych Tego typu podno\u015bniki r\u00f3\u017cni\u0105 si\u0119 od siebie przede wszystkim rodzajem [&hellip;]<\/p>\n","protected":false},"author":3,"featured_media":2488,"parent":2266,"menu_order":0,"comment_status":"closed","ping_status":"closed","template":"","meta":{"footnotes":""},"class_list":["post-2438","page","type-page","status-publish","has-post-thumbnail","hentry"],"aioseo_notices":[],"_links":{"self":[{"href":"https:\/\/szkolenia-udt.pl\/nb\/wp-json\/wp\/v2\/pages\/2438","targetHints":{"allow":["GET"]}}],"collection":[{"href":"https:\/\/szkolenia-udt.pl\/nb\/wp-json\/wp\/v2\/pages"}],"about":[{"href":"https:\/\/szkolenia-udt.pl\/nb\/wp-json\/wp\/v2\/types\/page"}],"author":[{"embeddable":true,"href":"https:\/\/szkolenia-udt.pl\/nb\/wp-json\/wp\/v2\/users\/3"}],"replies":[{"embeddable":true,"href":"https:\/\/szkolenia-udt.pl\/nb\/wp-json\/wp\/v2\/comments?post=2438"}],"version-history":[{"count":8,"href":"https:\/\/szkolenia-udt.pl\/nb\/wp-json\/wp\/v2\/pages\/2438\/revisions"}],"predecessor-version":[{"id":4519,"href":"https:\/\/szkolenia-udt.pl\/nb\/wp-json\/wp\/v2\/pages\/2438\/revisions\/4519"}],"up":[{"embeddable":true,"href":"https:\/\/szkolenia-udt.pl\/nb\/wp-json\/wp\/v2\/pages\/2266"}],"wp:featuredmedia":[{"embeddable":true,"href":"https:\/\/szkolenia-udt.pl\/nb\/wp-json\/wp\/v2\/media\/2488"}],"wp:attachment":[{"href":"https:\/\/szkolenia-udt.pl\/nb\/wp-json\/wp\/v2\/media?parent=2438"}],"curies":[{"name":"wp","href":"https:\/\/api.w.org\/{rel}","templated":true}]}}