{"id":244,"date":"2014-10-08T17:09:32","date_gmt":"2014-10-08T17:09:32","guid":{"rendered":"http:\/\/szkolenia-udt.pl\/?page_id=244"},"modified":"2021-08-31T22:07:24","modified_gmt":"2021-08-31T22:07:24","slug":"farer-ved-handtering-av-mobile-plattformer","status":"publish","type":"page","link":"https:\/\/szkolenia-udt.pl\/nb\/kursy\/podesty-ruchome\/zagrozenia-przy-obsludze-podestow-ruchomych\/","title":{"rendered":"Farer ved drift av mobile plattformer"},"content":{"rendered":"<div style=\"float: left; padding-right: 10px;\"><div id=\"metaslider-id-1420\" style=\"max-width: 300px;\" class=\"ml-slider-3-107-0 metaslider metaslider-flex metaslider-1420 ml-slider ms-theme-default nav-hidden\" role=\"region\" aria-label=\"ulykker\" data-height=\"225\" data-width=\"300\">\n    <div id=\"metaslider_container_1420\">\n        <div id=\"metaslider_1420\">\n            <ul class='slides'>\n                <li style=\"display: block; width: 100%;\" class=\"slide-1416 ms-image\" aria-roledescription=\"slide\" data-date=\"2015-07-11 06:05:09\" data-filename=\"reswyp_09CA008d.jpg\" data-slide-type=\"image\"><img loading=\"lazy\" decoding=\"async\" src=\"https:\/\/szkolenia-udt.pl\/wp-content\/uploads\/2015\/07\/reswyp_09CA008d.jpg\" height=\"225\" width=\"300\" alt=\"\" class=\"slider-1420 slide-1416 msDefaultImage\" \/><\/li>\n                <li style=\"display: none; width: 100%;\" class=\"slide-1419 ms-image\" aria-roledescription=\"slide\" data-date=\"2015-07-11 06:05:13\" data-filename=\"reswyp_philadelphiacranex-topper-medium.jpg\" data-slide-type=\"image\"><img loading=\"lazy\" decoding=\"async\" src=\"https:\/\/szkolenia-udt.pl\/wp-content\/uploads\/2015\/07\/reswyp_philadelphiacranex-topper-medium.jpg\" height=\"225\" width=\"300\" alt=\"\" class=\"slider-1420 slide-1419 msDefaultImage\" \/><\/li>\n                <li style=\"display: none; width: 100%;\" class=\"slide-1418 ms-image\" aria-roledescription=\"slide\" data-date=\"2015-07-11 06:05:12\" data-filename=\"reswyp_8427045_448x252.jpg\" data-slide-type=\"image\"><img loading=\"lazy\" decoding=\"async\" src=\"https:\/\/szkolenia-udt.pl\/wp-content\/uploads\/2015\/07\/reswyp_8427045_448x252.jpg\" height=\"225\" width=\"300\" alt=\"\" class=\"slider-1420 slide-1418 msDefaultImage\" \/><\/li>\n                <li style=\"display: none; width: 100%;\" class=\"slide-1417 ms-image\" aria-roledescription=\"slide\" data-date=\"2015-07-11 06:05:11\" data-filename=\"reswyp_091014-07.jpg\" data-slide-type=\"image\"><img loading=\"lazy\" decoding=\"async\" src=\"https:\/\/szkolenia-udt.pl\/wp-content\/uploads\/2015\/07\/reswyp_091014-07.jpg\" height=\"225\" width=\"300\" alt=\"\" class=\"slider-1420 slide-1417 msDefaultImage\" \/><\/li>\n                <li style=\"display: none; width: 100%;\" class=\"slide-1415 ms-image\" aria-roledescription=\"slide\" data-date=\"2015-07-11 06:05:09\" data-filename=\"reswyp_07NY080c.jpg\" data-slide-type=\"image\"><img loading=\"lazy\" decoding=\"async\" src=\"https:\/\/szkolenia-udt.pl\/wp-content\/uploads\/2015\/07\/reswyp_07NY080c.jpg\" height=\"225\" width=\"300\" alt=\"\" class=\"slider-1420 slide-1415 msDefaultImage\" \/><\/li>\n                <li style=\"display: none; width: 100%;\" class=\"slide-1414 ms-image\" aria-roledescription=\"slide\" data-date=\"2015-07-11 06:05:07\" data-filename=\"reswyp_06-Scissor-Lift-Tipover-in-Wind.jpg\" data-slide-type=\"image\"><img loading=\"lazy\" decoding=\"async\" src=\"https:\/\/szkolenia-udt.pl\/wp-content\/uploads\/2015\/07\/reswyp_06-Scissor-Lift-Tipover-in-Wind.jpg\" height=\"225\" width=\"300\" alt=\"\" class=\"slider-1420 slide-1414 msDefaultImage\" \/><\/li>\n            <\/ul>\n        <\/div>\n        \n    <\/div>\n<\/div><\/div>\n<div class=\"wyjustuj\">\n<p>Det oppst\u00e5r ulike farer ved bruk av mobile plattformer, og det er viktig at arbeidstakerne er klar over disse. Derfor har hver av v\u00e5re <a href=\"https:\/\/szkolenia-udt.pl\/nb\/kursy\/uprawnienia-udt-tdt-wdt\/kurs-podnosnik-koszowy\/\">kurs i arbeidsplattform<\/a>, saksel\u00f8ft eller andre mobile gjennomgangsplattformer i dette omr\u00e5det omfatter ogs\u00e5 informasjon om helse og sikkerhet og de vanligste \u00e5rsakene til arbeidsulykker i denne stillingen.<\/p>\n<p>N\u00e5r du arbeider med mobile plattformer, m\u00e5 du v\u00e6re ekstra forsiktig og ikke undervurdere farene p\u00e5 arbeidsplassen din.<\/p>\n<h2 class=\"boldnagl\"><strong>De vanligste ulykkene i arbeid med mobile plattformer er s\u00e6rlig<\/strong><\/h2>\n<ul>\n<li>faller fra stor h\u00f8yde og treffer en arbeidsflate<\/li>\n<li>p\u00e5virkninger for\u00e5rsaket av uhensiktsmessig h\u00e5ndtering av materialer<\/li>\n<li>elektriske st\u00f8t<\/li>\n<li>p\u00e5virkning p\u00e5 utstyr og strukturelle komponenter<\/li>\n<li>Fangst av ubeskyttede og bevegelige mekanismer<\/li>\n<\/ul>\n<p>I de fleste tilfeller kan ulykker ved bruk av mobile plattformer forebygges. Det viktigste er \u00e5 overholde helse- og sikkerhetsforskrifter og UDT, noe som resulterer i en betydelig reduksjon av risikoen.<\/p>\n<h2 class=\"boldnagl\"><strong>De vanligste \u00e5rsakene til at ulykker inntreffer er<\/strong><\/h2>\n<ul>\n<li style=\"text-align: left;\">Manglende bruk av obligatorisk personlig verneutstyr - for \u00e5 beskytte mot fall fra h\u00f8yden, dette gjelder ogs\u00e5 ved montering av plattformer, inkludert hengende konstruksjoner<\/li>\n<li style=\"text-align: left;\">utilstrekkelig teknisk tilstand p\u00e5 utstyret, manglende inspeksjon og vedlikehold som f\u00f8rer til skader p\u00e5 utstyret<\/li>\n<li style=\"text-align: left;\">manglende eller feilaktig bruk av vern og sikkerhetsutstyr, noe som kan f\u00f8re til at arbeidere kan bli fanget av maskiner i bevegelse<\/li>\n<li style=\"text-align: left;\">utilstrekkelige tekniske adgangsforhold til arbeidsplassene<\/li>\n<li style=\"text-align: left;\">manglende overholdelse av bruksanvisningen for utstyret<\/li>\n<li style=\"text-align: left;\">arbeider uten \u00e5 ta hensyn til helse- og sikkerhetsregler<\/li>\n<li style=\"text-align: left;\">utilstrekkelig tilstand p\u00e5 elektriske installasjoner p\u00e5 plattformer<\/li>\n<\/ul>\n<p>Kunnskap om reglene for bruk av utstyr som mobile plattformer, mobile gjennomgangsplattformer og mastmonterte, anhengte mobile plattformer kan redusere risikoen for arbeidsulykker. Dessverre er mange ulykker knyttet til feil bruk av utstyret, men de kan enkelt forebygges ved \u00e5 huske p\u00e5 helse- og sikkerhetsreglene.<\/p>\n<p>Hvis du \u00f8nsker \u00e5 betjene mobile plattformer p\u00e5 en sikker m\u00e5te, er et kurs i v\u00e5r <a href=\"https:\/\/szkolenia-udt.pl\/nb\/o-firmie\/\">Sentrum<\/a> er det beste valget!<\/p>\n<\/div>","protected":false},"excerpt":{"rendered":"<p>Przy obs\u0142udze podest\u00f3w ruchomych pojawiaj\u0105 si\u0119 r\u00f3\u017cnego rodzaju zagro\u017cenia, z kt\u00f3rych ryzyka powinien zdawa\u0107 sobie pracownik. W zwi\u0105zku z tym ka\u017cdy nasz kurs na podno\u015bnik koszowy, no\u017cycowy czy inny podest ruchomy przejezdny w tej dziedzinie obejmuje tak\u017ce informacje zwi\u0105zane z bezpiecze\u0144stwem i higien\u0105 pracy oraz najcz\u0119stszymi przyczynami wypadk\u00f3w przy pracy na tym stanowisku. Przy wykonywaniu [&hellip;]<\/p>\n","protected":false},"author":3,"featured_media":1416,"parent":35,"menu_order":0,"comment_status":"closed","ping_status":"closed","template":"","meta":{"footnotes":""},"class_list":["post-244","page","type-page","status-publish","has-post-thumbnail","hentry"],"aioseo_notices":[],"_links":{"self":[{"href":"https:\/\/szkolenia-udt.pl\/nb\/wp-json\/wp\/v2\/pages\/244","targetHints":{"allow":["GET"]}}],"collection":[{"href":"https:\/\/szkolenia-udt.pl\/nb\/wp-json\/wp\/v2\/pages"}],"about":[{"href":"https:\/\/szkolenia-udt.pl\/nb\/wp-json\/wp\/v2\/types\/page"}],"author":[{"embeddable":true,"href":"https:\/\/szkolenia-udt.pl\/nb\/wp-json\/wp\/v2\/users\/3"}],"replies":[{"embeddable":true,"href":"https:\/\/szkolenia-udt.pl\/nb\/wp-json\/wp\/v2\/comments?post=244"}],"version-history":[{"count":8,"href":"https:\/\/szkolenia-udt.pl\/nb\/wp-json\/wp\/v2\/pages\/244\/revisions"}],"predecessor-version":[{"id":2246,"href":"https:\/\/szkolenia-udt.pl\/nb\/wp-json\/wp\/v2\/pages\/244\/revisions\/2246"}],"up":[{"embeddable":true,"href":"https:\/\/szkolenia-udt.pl\/nb\/wp-json\/wp\/v2\/pages\/35"}],"wp:featuredmedia":[{"embeddable":true,"href":"https:\/\/szkolenia-udt.pl\/nb\/wp-json\/wp\/v2\/media\/1416"}],"wp:attachment":[{"href":"https:\/\/szkolenia-udt.pl\/nb\/wp-json\/wp\/v2\/media?parent=244"}],"curies":[{"name":"wp","href":"https:\/\/api.w.org\/{rel}","templated":true}]}}