{"id":2446,"date":"2021-08-22T09:34:44","date_gmt":"2021-08-22T09:34:44","guid":{"rendered":"https:\/\/szkolenia-udt.pl\/?page_id=2446"},"modified":"2021-08-25T12:23:17","modified_gmt":"2021-08-25T12:23:17","slug":"arbeidsplattformer","status":"publish","type":"page","link":"https:\/\/szkolenia-udt.pl\/nb\/kursy\/uprawnienia-udt-tdt-wdt\/podnosniki-koszowe\/","title":{"rendered":"Arbeidsplattformer - UDT-vedlikeholdskurs"},"content":{"rendered":"<p><a href=\"https:\/\/szkolenia-udt.pl\/wp-content\/uploads\/2021\/08\/szkolenia-udt.pl-0014-OPUBLIKOWANY-v11.jpg\"><img loading=\"lazy\" decoding=\"async\" class=\"paddingleft10 alignleft wp-image-2495 size-medium\" src=\"https:\/\/szkolenia-udt.pl\/wp-content\/uploads\/2021\/08\/szkolenia-udt.pl-0014-OPUBLIKOWANY-v11-300x200.jpg\" alt=\"UDT-vedlikeholdsarbeideren utf\u00f8rer reparasjoner p\u00e5 arbeidsplattformen under overholdelse av helse- og sikkerhetsregler og forskrifter for teknisk tilsyn.\" width=\"300\" height=\"200\" srcset=\"https:\/\/szkolenia-udt.pl\/wp-content\/uploads\/2021\/08\/szkolenia-udt.pl-0014-OPUBLIKOWANY-v11-300x200.jpg 300w, https:\/\/szkolenia-udt.pl\/wp-content\/uploads\/2021\/08\/szkolenia-udt.pl-0014-OPUBLIKOWANY-v11-1024x683.jpg 1024w, https:\/\/szkolenia-udt.pl\/wp-content\/uploads\/2021\/08\/szkolenia-udt.pl-0014-OPUBLIKOWANY-v11-768x512.jpg 768w, https:\/\/szkolenia-udt.pl\/wp-content\/uploads\/2021\/08\/szkolenia-udt.pl-0014-OPUBLIKOWANY-v11.jpg 1200w\" sizes=\"auto, (max-width: 300px) 100vw, 300px\" \/><\/a>Arbeidsplattformer, ogs\u00e5 kjent som bomlifter, brukes i bygge- og renoveringsarbeid, samt i industrien, kraftproduksjon eller landskapsarbeid. Det stilles spesielle krav til disse popul\u00e6re maskinene n\u00e5r det gjelder reparasjon og vedlikehold. Dette kan bare utf\u00f8res av personer som har en lisens utstedt av Kontoret for teknisk inspeksjon (UDT), og den eneste m\u00e5ten \u00e5 f\u00e5 denne lisensen p\u00e5 er \u00e5 best\u00e5 en eksamen for en kommisjon ved dette kontoret. Det er praktisk talt umulig \u00e5 forberede seg til denne eksamenen p\u00e5 egen h\u00e5nd, ikke minst fordi man ikke har tilgang til utstyret og ikke kan sette seg inn i hvordan det er konstruert. For de som \u00f8nsker \u00e5 forberede seg raskt og effektivt til UDT, anbefaler vi \u00e5 ta v\u00e5rt vedlikeholdskurs. Det er flere fordeler med \u00e5 delta p\u00e5 kurset: man l\u00e6rer de teoretiske aspektene, man f\u00e5r mulighet til \u00e5 \u00f8ve p\u00e5 de praktiske ferdighetene som trengs p\u00e5 jobben, og man drar nytte av instrukt\u00f8renes erfaring. V\u00e5re kursdeltakere setter ogs\u00e5 pris p\u00e5 muligheten til \u00e5 ta den statlige eksamenen som arrangeres i v\u00e5rt <a href=\"https:\/\/szkolenia-udt.pl\/nb\/o-firmie\/\">sentrum<\/a> umiddelbart etter kurset.<\/p>\n<h2>Kurs i vedlikehold av arbeidsplattformer<\/h2>\n<p>Arbeidsplattformen er et utstyr som st\u00e5r under teknisk tilsyn av Kontoret for teknisk kontroll (UDT), s\u00e5 kurset i vedlikehold av dette utstyret er bestemt av kontorets eksamenskrav. Kursprogrammet er utformet for \u00e5 oppfylle disse kravene. Dermed kan studentene v\u00e6re sikre p\u00e5 at de temaene som gjennomg\u00e5s i l\u00f8pet av kurset, vil bli tatt opp p\u00e5 eksamen.<\/p>\n<p>Programmet for teoretisk undervisning i vedlikehold av heiser omfatter<\/p>\n<ol>\n<li>H\u00f8ydepunkter fra teknisk tilsyn.<\/li>\n<li>Standarder og andre forskrifter knyttet til vedlikeholdsarbeiderens arbeid.<\/li>\n<li>Diskusjon av bruksanvisninger og teknisk dokumentasjon for arbeidsplattformer.<\/li>\n<li>Konstruksjon, typer og drift av mobile plattformer.<\/li>\n<li>Vedlikeholdsoppgaver knyttet til inspeksjoner og reparasjoner.<\/li>\n<li>Helse- og sikkerhetsregler som gjelder for vedlikehold.<\/li>\n<li>Metoder for \u00e5 h\u00e5ndtere vanlige feil.<\/li>\n<li>Elektrisk del.<\/li>\n<li>Mekanisk del, inkludert hydraulisk.<\/li>\n<li>Holde stolpene i god stand.<\/li>\n<\/ol>\n<p>Den teoretiske delen suppleres med praktisk undervisning. Varigheten avhenger av elevens behov og fremgang. Den totale oppl\u00e6ringstiden er omtrent 38-96 timer.<\/p>\n<p>Oppl\u00e6ringen etterf\u00f8lges av en statlig eksamen. Vi organiserer den p\u00e5 v\u00e5rt senter, og en utvalgt avdeling av UDT er ansvarlig for \u00e5 gjennomf\u00f8re den: Warszawa eller en annen avdeling hvis oppl\u00e6ringen finner sted i en annen by.<\/p>\n<h2>UDT-sertifisering etter oppl\u00e6ring<\/h2>\n<p>En person som fullf\u00f8rer kurset og best\u00e5r eksamen, f\u00e5r et kvalifikasjonsbevis i form av et kort. Dette sertifikatet er gyldig for heiser i fem \u00e5r. Det kreves for \u00e5 kunne jobbe som vedlikeholdsarbeider, uavhengig av bransje eller sted.<\/p>\n<h2>Datoer og sted for oppl\u00e6ringskurs for bomvedlikeholdere<\/h2>\n<p>UDT-vedlikeholdskurs holdes regelmessig, etter behov. Vi arrangerer dem b\u00e5de i Warszawa og ved andre avdelinger av senteret v\u00e5rt. I tillegg er det mulig \u00e5 organisere lukkede kurs for bedrifter - de som er interessert i <a href=\"https:\/\/szkolenia-udt.pl\/nb\/kontakt\/\">vennligst kontakt oss<\/a>.<\/p>\n<p>Aktuelle datoer finner du p\u00e5 v\u00e5re nettsider <a href=\"https:\/\/platformaedukacji.pl\/\">https:\/\/platformaedukacji.pl\/<\/a>. Der kan du bestille plass p\u00e5 det kurset du \u00f8nsker, og betale for deltakelsen via et raskt betalingssystem p\u00e5 nettet.<\/p>\n<p><a href=\"https:\/\/szkolenia-udt.pl\/wp-content\/uploads\/2021\/08\/oso-0022-OPUBLIKOWANY-podesty-ruchomepodnosniki-koszowezwyzki.jpg\"><img loading=\"lazy\" decoding=\"async\" class=\"alignnone wp-image-2448 size-large\" src=\"https:\/\/szkolenia-udt.pl\/wp-content\/uploads\/2021\/08\/oso-0022-OPUBLIKOWANY-podesty-ruchomepodnosniki-koszowezwyzki-1024x853.jpg\" alt=\"Reparasjon av arbeidsplattformer krever spesifikke kvalifikasjoner \" width=\"750\" height=\"625\" srcset=\"https:\/\/szkolenia-udt.pl\/wp-content\/uploads\/2021\/08\/oso-0022-OPUBLIKOWANY-podesty-ruchomepodnosniki-koszowezwyzki-1024x853.jpg 1024w, https:\/\/szkolenia-udt.pl\/wp-content\/uploads\/2021\/08\/oso-0022-OPUBLIKOWANY-podesty-ruchomepodnosniki-koszowezwyzki-300x250.jpg 300w, https:\/\/szkolenia-udt.pl\/wp-content\/uploads\/2021\/08\/oso-0022-OPUBLIKOWANY-podesty-ruchomepodnosniki-koszowezwyzki-768x640.jpg 768w, https:\/\/szkolenia-udt.pl\/wp-content\/uploads\/2021\/08\/oso-0022-OPUBLIKOWANY-podesty-ruchomepodnosniki-koszowezwyzki.jpg 1200w\" sizes=\"auto, (max-width: 750px) 100vw, 750px\" \/><\/a><\/p>","protected":false},"excerpt":{"rendered":"<p>Podno\u015bniki koszowe, zwane zwy\u017ckami, wykorzystuje si\u0119 w pracach budowlanych, remontowych, a tak\u017ce w przemy\u015ble, energetyce czy piel\u0119gnacji zieleni. W stosunku do tych popularnych urz\u0105dze\u0144 obowi\u0105zuj\u0105 szczeg\u00f3lne wymagania, je\u015bli chodzi o ich napraw\u0119 i konserwacj\u0119. Mog\u0105 si\u0119 tym zajmowa\u0107 wy\u0142\u0105cznie osoby posiadaj\u0105ce uprawnienia wydane przez UDT, a jedyn\u0105 drog\u0105 do zdobycia tych uprawnie\u0144 jest egzamin zdawany [&hellip;]<\/p>\n","protected":false},"author":3,"featured_media":2495,"parent":2266,"menu_order":0,"comment_status":"closed","ping_status":"closed","template":"","meta":{"footnotes":""},"class_list":["post-2446","page","type-page","status-publish","has-post-thumbnail","hentry"],"aioseo_notices":[],"_links":{"self":[{"href":"https:\/\/szkolenia-udt.pl\/nb\/wp-json\/wp\/v2\/pages\/2446","targetHints":{"allow":["GET"]}}],"collection":[{"href":"https:\/\/szkolenia-udt.pl\/nb\/wp-json\/wp\/v2\/pages"}],"about":[{"href":"https:\/\/szkolenia-udt.pl\/nb\/wp-json\/wp\/v2\/types\/page"}],"author":[{"embeddable":true,"href":"https:\/\/szkolenia-udt.pl\/nb\/wp-json\/wp\/v2\/users\/3"}],"replies":[{"embeddable":true,"href":"https:\/\/szkolenia-udt.pl\/nb\/wp-json\/wp\/v2\/comments?post=2446"}],"version-history":[{"count":4,"href":"https:\/\/szkolenia-udt.pl\/nb\/wp-json\/wp\/v2\/pages\/2446\/revisions"}],"predecessor-version":[{"id":2496,"href":"https:\/\/szkolenia-udt.pl\/nb\/wp-json\/wp\/v2\/pages\/2446\/revisions\/2496"}],"up":[{"embeddable":true,"href":"https:\/\/szkolenia-udt.pl\/nb\/wp-json\/wp\/v2\/pages\/2266"}],"wp:featuredmedia":[{"embeddable":true,"href":"https:\/\/szkolenia-udt.pl\/nb\/wp-json\/wp\/v2\/media\/2495"}],"wp:attachment":[{"href":"https:\/\/szkolenia-udt.pl\/nb\/wp-json\/wp\/v2\/media?parent=2446"}],"curies":[{"name":"wp","href":"https:\/\/api.w.org\/{rel}","templated":true}]}}