{"id":246,"date":"2014-10-08T17:09:57","date_gmt":"2014-10-08T17:09:57","guid":{"rendered":"http:\/\/szkolenia-udt.pl\/?page_id=246"},"modified":"2021-08-31T22:03:34","modified_gmt":"2021-08-31T22:03:34","slug":"organisering-av-arbeidsstasjonen-for-den-mobile-plattformen","status":"publish","type":"page","link":"https:\/\/szkolenia-udt.pl\/nb\/kursy\/podesty-ruchome\/organizacja-stanowiska-pracy-podestu-ruchomego\/","title":{"rendered":"Organisering av arbeidsstasjonen p\u00e5 en mobil plattform i n\u00e6rheten av elektriske nettverk og utstyr"},"content":{"rendered":"<div style=\"float: left; padding-right: 10px;\"><div id=\"metaslider-id-1376\" style=\"max-width: 300px;\" class=\"ml-slider-3-107-0 metaslider metaslider-flex metaslider-1376 ml-slider ms-theme-default nav-hidden\" role=\"region\" aria-label=\"elektriske landinger\" data-height=\"225\" data-width=\"300\">\n    <div id=\"metaslider_container_1376\">\n        <div id=\"metaslider_1376\">\n            <ul class='slides'>\n                <li style=\"display: block; width: 100%;\" class=\"slide-1380 ms-image\" aria-roledescription=\"slide\" data-date=\"2015-07-10 13:44:02\" data-filename=\"ressieci_Manitou-200-ATJ1.jpg\" data-slide-type=\"image\"><img loading=\"lazy\" decoding=\"async\" src=\"https:\/\/szkolenia-udt.pl\/wp-content\/uploads\/2015\/07\/ressieci_Manitou-200-ATJ1.jpg\" height=\"225\" width=\"300\" alt=\"\" class=\"slider-1376 slide-1380 msDefaultImage\" \/><\/li>\n                <li style=\"display: none; width: 100%;\" class=\"slide-1381 ms-image\" aria-roledescription=\"slide\" data-date=\"2015-07-10 13:44:03\" data-filename=\"ressieci_utility-worker-in-bucket-truck-with-wires.jpg\" data-slide-type=\"image\"><img loading=\"lazy\" decoding=\"async\" src=\"https:\/\/szkolenia-udt.pl\/wp-content\/uploads\/2015\/07\/ressieci_utility-worker-in-bucket-truck-with-wires.jpg\" height=\"225\" width=\"300\" alt=\"\" class=\"slider-1376 slide-1381 msDefaultImage\" \/><\/li>\n                <li style=\"display: none; width: 100%;\" class=\"slide-1379 ms-image\" aria-roledescription=\"slide\" data-date=\"2015-07-10 13:44:00\" data-filename=\"ressieci_JLG_Booms.5447e608ccdf6.jpg\" data-slide-type=\"image\"><img loading=\"lazy\" decoding=\"async\" src=\"https:\/\/szkolenia-udt.pl\/wp-content\/uploads\/2015\/07\/ressieci_JLG_Booms.5447e608ccdf6.jpg\" height=\"225\" width=\"300\" alt=\"\" class=\"slider-1376 slide-1379 msDefaultImage\" \/><\/li>\n                <li style=\"display: none; width: 100%;\" class=\"slide-1378 ms-image\" aria-roledescription=\"slide\" data-date=\"2015-07-10 13:44:00\" data-filename=\"ressieci_images.jpg\" data-slide-type=\"image\"><img loading=\"lazy\" decoding=\"async\" src=\"https:\/\/szkolenia-udt.pl\/wp-content\/uploads\/2015\/07\/ressieci_images.jpg\" height=\"225\" width=\"300\" alt=\"\" class=\"slider-1376 slide-1378 msDefaultImage\" \/><\/li>\n                <li style=\"display: none; width: 100%;\" class=\"slide-1377 ms-image\" aria-roledescription=\"slide\" data-date=\"2015-07-10 13:43:58\" data-filename=\"ressieci_13.jpg\" data-slide-type=\"image\"><img loading=\"lazy\" decoding=\"async\" src=\"https:\/\/szkolenia-udt.pl\/wp-content\/uploads\/2015\/07\/ressieci_13.jpg\" height=\"225\" width=\"300\" alt=\"\" class=\"slider-1376 slide-1377 msDefaultImage\" \/><\/li>\n            <\/ul>\n        <\/div>\n        \n    <\/div>\n<\/div><\/div>\n<div class=\"wyjustuj\">\n<p>En av de vanligste \u00e5rsakene til d\u00f8dsulykker ved bruk av mobile plattformer er str\u00f8mgjennomgang. Dette gjelder s\u00e6rlig ved arbeid i n\u00e6rheten av kraftledninger, men ogs\u00e5 installasjoner p\u00e5 mobile plattformer som ikke er tilstrekkelig betjent og vedlikeholdt, utgj\u00f8r en risiko. V\u00e5r <a href=\"https:\/\/szkolenia-udt.pl\/nb\/kursy\/uprawnienia-udt-tdt-wdt\/podnosniki-koszowe\/\">kurs i arbeidsplattform<\/a> og sakser og for andre typer plattformer, l\u00e6rer hvordan man skal g\u00e5 frem n\u00e5r man arbeider i n\u00e6rheten av elektriske nettverk og utstyr.<\/p>\n<h2 class=\"boldnagl\"><strong>De vanligste \u00e5rsakene til arbeidsulykker i n\u00e6rheten av kraftledninger og utstyr er:<\/strong><\/h2>\n<ul>\n<li>et element p\u00e5 plattformen eller en ansatt i farlig n\u00e6rhet av kabler og utstyr<\/li>\n<li>uoppmerksomhet om ledninger eller utstyr i n\u00e6rheten<\/li>\n<li>uhensiktsmessig h\u00e5ndtering av den mobile plattformen i n\u00e6rheten av kabler eller utstyr<\/li>\n<\/ul>\n<p>For \u00e5 redusere risikoen er det n\u00f8dvendig \u00e5 utpeke en faresone for arbeiderne. Denne sonen b\u00f8r v\u00e6re beh\u00f8rig merket og inngjerdet for \u00e5 hindre at utenforst\u00e5ende kommer inn i den.<\/p>\n<h3 class=\"boldnagl\"><strong>Arbeidstakerne b\u00f8r holde en avstand p\u00e5 minst:<\/strong><\/h3>\n<ul>\n<li>3 meter for ledninger med en nominell spenning p\u00e5 opptil 1 kV<\/li>\n<li>5 meter for ledninger med en nominell spenning p\u00e5 over 1 kV, men opptil 15 kV.<\/li>\n<li>10 meter for ledninger med en nominell spenning p\u00e5 over 15 kV, men opp til 30 kV.<\/li>\n<li>15 meter for ledninger med nominell spenning over 30 kV, men opp til 110 kV.<\/li>\n<li>30 meter for ledninger med en nominell spenning p\u00e5 over 110 kV<\/li>\n<\/ul>\n<h3 class=\"boldnagl\"><strong>Viktige sikkerhetsprinsipper:<\/strong><\/h3>\n<ul>\n<li>koble fra utstyr og nettverk der det er mulig<\/li>\n<li>der dette ikke er mulig, m\u00e5 arbeidsomr\u00e5det v\u00e6re tilstrekkelig beskyttet ved hjelp av vern.<\/li>\n<li>arbeidsomr\u00e5det m\u00e5 overv\u00e5kes kontinuerlig<\/li>\n<li>alle ansatte m\u00e5 informeres om prosedyrene<\/li>\n<li>bestemme den maksimale avstanden til bommen<\/li>\n<\/ul>\n<p>Det er avgj\u00f8rende at arbeidstakerne f\u00e5r riktig oppl\u00e6ring og f\u00f8lger rutinene p\u00e5 arbeidsplassen. Kraftledninger og utstyr utgj\u00f8r en betydelig fare for arbeidere som bruker mobile plattformer, og derfor legger vi stor vekt p\u00e5 riktig oppl\u00e6ring i helse- og sikkerhetssp\u00f8rsm\u00e5l.<\/p>\n<p>Hvis du er interessert i \u00e5 ta et sakselift- eller liftkurs i Warszawa eller i v\u00e5re filialer i Polen - Krakow, Katowice og Bielsko-Bia\u0142a - kan du kontakte oss p\u00e5 <a href=\"https:\/\/szkolenia-udt.pl\/nb\/kontakt\/\">Kontakt oss<\/a>!<\/p>\n<\/div>","protected":false},"excerpt":{"rendered":"<p>W\u015br\u00f3d jednych z najcz\u0119\u015bciej wyst\u0119puj\u0105cych powod\u00f3w wypadk\u00f3w \u015bmiertelnych przy obs\u0142udze podest\u00f3w ruchomych znajduje si\u0119 pora\u017cenie pr\u0105dem elektrycznym. Dotyczy to w szczeg\u00f3lno\u015bci pracy w pobli\u017cu linii energetycznych, ale r\u00f3wnie\u017c zagro\u017ceniem s\u0105 nieodpowiednio eksploatowane i konserwowane instalacje podest\u00f3w ruchomych. Nasz kurs podno\u015bniki koszowe oraz no\u017cycowe i dla innych rodzaj\u00f3w podest\u00f3w uczy, jak post\u0119powa\u0107 w przypadku prac w [&hellip;]<\/p>\n","protected":false},"author":3,"featured_media":1380,"parent":35,"menu_order":0,"comment_status":"closed","ping_status":"closed","template":"","meta":{"footnotes":""},"class_list":["post-246","page","type-page","status-publish","has-post-thumbnail","hentry"],"aioseo_notices":[],"_links":{"self":[{"href":"https:\/\/szkolenia-udt.pl\/nb\/wp-json\/wp\/v2\/pages\/246","targetHints":{"allow":["GET"]}}],"collection":[{"href":"https:\/\/szkolenia-udt.pl\/nb\/wp-json\/wp\/v2\/pages"}],"about":[{"href":"https:\/\/szkolenia-udt.pl\/nb\/wp-json\/wp\/v2\/types\/page"}],"author":[{"embeddable":true,"href":"https:\/\/szkolenia-udt.pl\/nb\/wp-json\/wp\/v2\/users\/3"}],"replies":[{"embeddable":true,"href":"https:\/\/szkolenia-udt.pl\/nb\/wp-json\/wp\/v2\/comments?post=246"}],"version-history":[{"count":11,"href":"https:\/\/szkolenia-udt.pl\/nb\/wp-json\/wp\/v2\/pages\/246\/revisions"}],"predecessor-version":[{"id":2380,"href":"https:\/\/szkolenia-udt.pl\/nb\/wp-json\/wp\/v2\/pages\/246\/revisions\/2380"}],"up":[{"embeddable":true,"href":"https:\/\/szkolenia-udt.pl\/nb\/wp-json\/wp\/v2\/pages\/35"}],"wp:featuredmedia":[{"embeddable":true,"href":"https:\/\/szkolenia-udt.pl\/nb\/wp-json\/wp\/v2\/media\/1380"}],"wp:attachment":[{"href":"https:\/\/szkolenia-udt.pl\/nb\/wp-json\/wp\/v2\/media?parent=246"}],"curies":[{"name":"wp","href":"https:\/\/api.w.org\/{rel}","templated":true}]}}