{"id":2470,"date":"2021-08-22T11:14:38","date_gmt":"2021-08-22T11:14:38","guid":{"rendered":"https:\/\/szkolenia-udt.pl\/?page_id=2470"},"modified":"2023-03-13T16:35:16","modified_gmt":"2023-03-13T15:35:16","slug":"mobile-plattformer-pajak","status":"publish","type":"page","link":"https:\/\/szkolenia-udt.pl\/nb\/kursy\/uprawnienia-udt-tdt-wdt\/podesty-ruchome-pajak\/","title":{"rendered":"Kurs for mobile plattformer av edderkopptypen"},"content":{"rendered":"<p><a href=\"https:\/\/szkolenia-udt.pl\/wp-content\/uploads\/2021\/08\/szkolenia-udt.pl-0014-OPUBLIKOWANY-v6.jpg\"><img loading=\"lazy\" decoding=\"async\" class=\"paddingleft10 alignleft wp-image-2490 size-medium\" src=\"https:\/\/szkolenia-udt.pl\/wp-content\/uploads\/2021\/08\/szkolenia-udt.pl-0014-OPUBLIKOWANY-v6-300x200.jpg\" alt=\"Spider-plattformer - en mobil type plattform, montert p\u00e5 en biltilhenger.\" width=\"300\" height=\"200\" srcset=\"https:\/\/szkolenia-udt.pl\/wp-content\/uploads\/2021\/08\/szkolenia-udt.pl-0014-OPUBLIKOWANY-v6-300x200.jpg 300w, https:\/\/szkolenia-udt.pl\/wp-content\/uploads\/2021\/08\/szkolenia-udt.pl-0014-OPUBLIKOWANY-v6-1024x684.jpg 1024w, https:\/\/szkolenia-udt.pl\/wp-content\/uploads\/2021\/08\/szkolenia-udt.pl-0014-OPUBLIKOWANY-v6-768x513.jpg 768w, https:\/\/szkolenia-udt.pl\/wp-content\/uploads\/2021\/08\/szkolenia-udt.pl-0014-OPUBLIKOWANY-v6-1536x1025.jpg 1536w, https:\/\/szkolenia-udt.pl\/wp-content\/uploads\/2021\/08\/szkolenia-udt.pl-0014-OPUBLIKOWANY-v6.jpg 2000w\" sizes=\"auto, (max-width: 300px) 100vw, 300px\" \/><\/a>UDTs autorisasjon til \u00e5 betjene mobile plattformer, s\u00e5kalte edderkoppplattformer, er et dokument som gj\u00f8r det mulig \u00e5 utf\u00f8re arbeid i selskaper i en rekke sektorer: de som driver med renovering, historisk bevaring, lagervedlikehold eller landskapsarkitektur. Autorisasjonene utstedes av Office of Technical Inspection til de som best\u00e5r en teoretisk og praktisk eksamen i bruk av det aktuelle utstyret. Kursene, hvis omfang er i samsvar med kravene fra UDT, er en p\u00e5litelig m\u00e5te \u00e5 forberede personer som har til hensikt \u00e5 jobbe som operat\u00f8rer av mobile plattformer til eksamen.<\/p>\n<h2>Kursinnhold for mobile plattformer (edderkopper)<\/h2>\n<p>Oppl\u00e6ringen foreg\u00e5r i form av forelesninger - enten p\u00e5 stedet eller p\u00e5 nettet, avhengig av kundens valg. I l\u00f8pet av oppl\u00e6ringen vil deltakerne l\u00e6re om emner som f.eks:<\/p>\n<ul>\n<li>Konstruksjon av utstyr<\/li>\n<li>Regler for sikker bruk av plattformer<\/li>\n<li>Gj\u00f8r deg kjent med bruksanvisningene<\/li>\n<li>Utf\u00f8re tester og fors\u00f8k p\u00e5 utstyret.<\/li>\n<li>Bestemmelser for teknisk tilsyn<\/li>\n<\/ul>\n<p>Teoretisk kunnskap suppleres med praktiske ferdigheter. Ved hjelp av det tekniske grunnlaget <a href=\"https:\/\/szkolenia-udt.pl\/nb\/o-firmie\/\">Sentrum<\/a>De l\u00e6rer hvordan apparatet skal klargj\u00f8res for bruk, hvordan det brukes p\u00e5 en sikker m\u00e5te og hvordan det skal betjenes.<\/p>\n<h2>Kurs for operat\u00f8rer av mobile plattformer av edderkopptypen - praktisk informasjon<\/h2>\n<p>Kursene arrangeres i de st\u00f8rste byene i Polen og p\u00e5 v\u00e5r oppl\u00e6ringsplattform - som webinarer. Vi har grupper p\u00e5 ulike niv\u00e5er, ogs\u00e5 fra grunnleggende niv\u00e5. Vi fokuserer p\u00e5 \u00e5 forberede deltakerne best mulig p\u00e5 eksamenene som gjennomf\u00f8res av UDT - oppl\u00e6ringen innledes med innledende kunnskapstester, og deretter kontrolleres deltakernes fremgang fortl\u00f8pende. I tillegg er det mulig \u00e5 supplere kunnskapen ved hjelp av materiell og eksempler p\u00e5 pr\u00f8ver som er lagt ut p\u00e5 plattformen.<\/p>\n<p>For mer informasjon om organisering av kurs for mobile plattformer (priser, datoer, krav osv.), vennligst bes\u00f8k v\u00e5r nettside <a href=\"https:\/\/szkolenia-udt.pl\/nb\/faq\/\">OFTE STILTE SP\u00d8RSM\u00c5L<\/a>.<\/p>\n<div class=\"filmw\">\n<div class=\"responsive-youtube\"><iframe loading=\"lazy\" title=\"YouTube-videospiller\" src=\"https:\/\/www.youtube.com\/embed\/OUKdY5V51M4\" width=\"560\" height=\"315\" frameborder=\"0\" allowfullscreen=\"allowfullscreen\"><\/iframe><\/div>\n<\/div>\n<h2>UDT-eksamen og sertifisering<\/h2>\n<p>Som en del av v\u00e5r oppl\u00e6ring representerer vi v\u00e5re traineer i m\u00f8te med Tekniske kontrollmyndigheter og formidler eksamen. Denne best\u00e5r av en test med lukkede sp\u00f8rsm\u00e5l og en test av praktisk kunnskap i form av en samtale med en sensor ved en enhet. Etter \u00e5 ha best\u00e5tt begge deler, gir UDT kandidaten lisens til \u00e5 arbeide med mobile plattformer. Disse kvalifikasjonene er gyldige i Polen, men kan ogs\u00e5 anerkjennes i andre land, avhengig av regelverket.<br \/>\n<div style=\"width: 640px;\" class=\"wp-video\"><video id=\"video-2470-1\" width=\"640\" height=\"360\" poster=\"https:\/\/szkolenia-udt.pl\/wp-content\/uploads\/2023\/03\/okladka-podnosnik-OSO.jpg\" preload=\"metadata\" controls=\"controls\"><source type=\"video\/mp4\" src=\"https:\/\/szkolenia-udt.pl\/wp-content\/uploads\/2023\/03\/podnosnik-SZKOLENIA-UDT.PL-OSO.mp4?_=1\" \/><a href=\"https:\/\/szkolenia-udt.pl\/wp-content\/uploads\/2023\/03\/podnosnik-SZKOLENIA-UDT.PL-OSO.mp4\">https:\/\/szkolenia-udt.pl\/wp-content\/uploads\/2023\/03\/podnosnik-SZKOLENIA-UDT.PL-OSO.mp4<\/a><\/video><\/div>\n<h2>Mobile plattformer av typen \"edderkopp\" - egenskaper<\/h2>\n<p>\u00c5 bli sertifisert til \u00e5 betjene \"edderkopper\" kan v\u00e6re en verdifull investering i din egen eller bedriftens utvikling. P\u00e5 grunn av sin lille st\u00f8rrelse og h\u00f8ye funksjonalitet har disse enhetene et bredt spekter av bruksomr\u00e5der. I motsetning til arbeidsplattformer og andre mobile plattformer har de ingen egen bevegelsesmekanisme. De har understell (plattformer som ligner en edderkopp - derav navnet) som gj\u00f8r det mulig \u00e5 feste dem til en lastebiltilhenger. Den relativt lave vekten og st\u00f8rrelsen gj\u00f8r at de kan brukes b\u00e5de utend\u00f8rs og innend\u00f8rs, selv p\u00e5 gulv med lav b\u00e6reevne. Kurvens l\u00f8fteh\u00f8yde og arbeidsomr\u00e5de skiller seg ikke vesentlig fra andre, st\u00f8rre lifter.<\/p>\n<p><a href=\"https:\/\/szkolenia-udt.pl\/wp-content\/uploads\/2021\/08\/szkolenia-udt.pl-0015-OPUBLIKOWANY-podesty-przewozne-pajaki.jpg\"><img loading=\"lazy\" decoding=\"async\" class=\"alignnone wp-image-2473 size-large\" src=\"https:\/\/szkolenia-udt.pl\/wp-content\/uploads\/2021\/08\/szkolenia-udt.pl-0015-OPUBLIKOWANY-podesty-przewozne-pajaki-1024x853.jpg\" alt=\"Transporteres p\u00e5 lastebiltilhengere og kan brukes i praktisk talt alle typer terreng.\" width=\"750\" height=\"625\" srcset=\"https:\/\/szkolenia-udt.pl\/wp-content\/uploads\/2021\/08\/szkolenia-udt.pl-0015-OPUBLIKOWANY-podesty-przewozne-pajaki-1024x853.jpg 1024w, https:\/\/szkolenia-udt.pl\/wp-content\/uploads\/2021\/08\/szkolenia-udt.pl-0015-OPUBLIKOWANY-podesty-przewozne-pajaki-300x250.jpg 300w, https:\/\/szkolenia-udt.pl\/wp-content\/uploads\/2021\/08\/szkolenia-udt.pl-0015-OPUBLIKOWANY-podesty-przewozne-pajaki-768x640.jpg 768w, https:\/\/szkolenia-udt.pl\/wp-content\/uploads\/2021\/08\/szkolenia-udt.pl-0015-OPUBLIKOWANY-podesty-przewozne-pajaki.jpg 1200w\" sizes=\"auto, (max-width: 750px) 100vw, 750px\" \/><\/a><\/p>","protected":false},"excerpt":{"rendered":"<p>Uprawnienia UDT do obs\u0142ugi podest\u00f3w przewo\u017anych, zwanych paj\u0105kami, to dokument, kt\u00f3ry pozwala na wykonywanie prac w firmach z wielu bran\u017c: zajmuj\u0105cych si\u0119 remontami, konserwacj\u0105 zabytk\u00f3w, obs\u0142ug\u0105 magazyn\u00f3w czy piel\u0119gnacj\u0105 zieleni. Uprawnienia s\u0105 wystawiane przez Urz\u0105d Dozoru Technicznego tym osobom, kt\u00f3re zalicz\u0105 egzamin teoretyczny i praktyczny z zakresu obs\u0142ugi danego urz\u0105dzenia. Kursy, kt\u00f3rych zakres jest zgodny [&hellip;]<\/p>\n","protected":false},"author":3,"featured_media":2490,"parent":2266,"menu_order":0,"comment_status":"closed","ping_status":"closed","template":"","meta":{"footnotes":""},"class_list":["post-2470","page","type-page","status-publish","has-post-thumbnail","hentry"],"aioseo_notices":[],"_links":{"self":[{"href":"https:\/\/szkolenia-udt.pl\/nb\/wp-json\/wp\/v2\/pages\/2470","targetHints":{"allow":["GET"]}}],"collection":[{"href":"https:\/\/szkolenia-udt.pl\/nb\/wp-json\/wp\/v2\/pages"}],"about":[{"href":"https:\/\/szkolenia-udt.pl\/nb\/wp-json\/wp\/v2\/types\/page"}],"author":[{"embeddable":true,"href":"https:\/\/szkolenia-udt.pl\/nb\/wp-json\/wp\/v2\/users\/3"}],"replies":[{"embeddable":true,"href":"https:\/\/szkolenia-udt.pl\/nb\/wp-json\/wp\/v2\/comments?post=2470"}],"version-history":[{"count":4,"href":"https:\/\/szkolenia-udt.pl\/nb\/wp-json\/wp\/v2\/pages\/2470\/revisions"}],"predecessor-version":[{"id":4520,"href":"https:\/\/szkolenia-udt.pl\/nb\/wp-json\/wp\/v2\/pages\/2470\/revisions\/4520"}],"up":[{"embeddable":true,"href":"https:\/\/szkolenia-udt.pl\/nb\/wp-json\/wp\/v2\/pages\/2266"}],"wp:featuredmedia":[{"embeddable":true,"href":"https:\/\/szkolenia-udt.pl\/nb\/wp-json\/wp\/v2\/media\/2490"}],"wp:attachment":[{"href":"https:\/\/szkolenia-udt.pl\/nb\/wp-json\/wp\/v2\/media?parent=2470"}],"curies":[{"name":"wp","href":"https:\/\/api.w.org\/{rel}","templated":true}]}}