{"id":2479,"date":"2021-08-22T11:24:27","date_gmt":"2021-08-22T11:24:27","guid":{"rendered":"https:\/\/szkolenia-udt.pl\/?page_id=2479"},"modified":"2023-03-13T16:36:33","modified_gmt":"2023-03-13T15:36:33","slug":"kurs-i-betjening-av-stasjonaere-mobile-lifter","status":"publish","type":"page","link":"https:\/\/szkolenia-udt.pl\/nb\/kursy\/uprawnienia-udt-tdt-wdt\/stacjonarne-podesty-ruchome-kurs-obslugi\/","title":{"rendered":"Stasjon\u00e6re mobile lifter - kurs for operat\u00f8rer"},"content":{"rendered":"<p>En stasjon\u00e6r mobil plattform er ikke like mobil som for eksempel en bomlift, men bruksmulighetene er likevel store. Personer som kan betjene disse enhetene, er etterspurte spesialister p\u00e5 arbeidsmarkedet: De kan utf\u00f8re arbeid under bygging, renovering av store bygninger og ogs\u00e5 i h\u00f8ylagre.<\/p>\n<p>Alle som \u00f8nsker \u00e5 tilegne seg de n\u00f8dvendige kvalifikasjonene for \u00e5 jobbe i dette yrket, er velkomne til \u00e5 delta p\u00e5 et kurs for operat\u00f8rer av stasjon\u00e6re mobile plattformer med UDT-eksamen. Oppl\u00e6ringen forbereder deg effektivt p\u00e5 \u00e5 oppn\u00e5 de n\u00f8dvendige UDT-kvalifikasjonene og deretter ut\u00f8ve yrket.<\/p>\n<h2>Informasjon om kurset for stasjon\u00e6re mobile plattformer<\/h2>\n<p>Undervisningen foreg\u00e5r i grupper tilpasset deltakernes behov. Deltakerne er velkomne, enten de er nye i faget plattformdrift eller allerede har erfaring med det, for eksempel som assistentoperat\u00f8r.<\/p>\n<p>P\u00e5 grunn av det varierte aktivitetsprogrammet kan varigheten variere:<\/p>\n<ul>\n<li>Fra ca. 8 timer i grupper av mennesker som bare trenger \u00e5 fullf\u00f8re, oppdatere sine kunnskaper og ferdigheter.<\/li>\n<li>Opptil 20-35 timer i grupper best\u00e5ende av personer uten erfaring.<\/li>\n<\/ul>\n<p>Hvert kurs omfatter forelesninger (p\u00e5 stedet eller p\u00e5 nettet - webinarer i sanntid) og praktisk undervisning. Vi arrangerer kurs i de fleste st\u00f8rre polske byer. Vi tilbyr ogs\u00e5 lukkede oppl\u00e6ringskurs som er forbeholdt kundens egne ansatte.<\/p>\n<p>For de som \u00f8nsker \u00e5 betjene stasjon\u00e6re, mobile plattformer, gir kurset kunnskap om blant annet konstruksjon av utstyret, sikkerhet under drift, operat\u00f8rens plikter ved klargj\u00f8ring av plattformen for arbeid og regler for teknisk tilsyn.<\/p>\n<p>Aktuelle datoer, steder og annen informasjon om oppl\u00e6ring for mobile plattformer (priser osv.) finner du p\u00e5 v\u00e5re nettsider. Hvis du har ytterligere sp\u00f8rsm\u00e5l, er du velkommen til \u00e5 kontakte oss p\u00e5 telefon eller e-post. Vi oppfordrer deg ogs\u00e5 til \u00e5 ta en titt p\u00e5 FAQ-siden v\u00e5r for \u00e5 finne svar p\u00e5 f\u00f8lgende sp\u00f8rsm\u00e5l <a href=\"https:\/\/szkolenia-udt.pl\/nb\/faq\/\">ofte stilte sp\u00f8rsm\u00e5l<\/a>.<\/p>\n<div class=\"filmw\">\n<div class=\"responsive-youtube\"><iframe loading=\"lazy\" title=\"YouTube-videospiller\" src=\"https:\/\/www.youtube.com\/embed\/OUKdY5V51M4\" width=\"560\" height=\"315\" frameborder=\"0\" allowfullscreen=\"allowfullscreen\"><\/iframe><\/div>\n<\/div>\n<h2>Kurset \"Stasjon\u00e6re mobile plattformer\" - hvorfor delta?<\/h2>\n<p>I likhet med hengeheiser er stasjon\u00e6re mobile heiser i kategori II P maskiner som krever et kvalifikasjonsbevis (UDT-sertifikat) for \u00e5 kunne brukes. Dette oppn\u00e5s ved \u00e5 avlegge en teoretisk og praktisk eksamen, som gjennomf\u00f8res av UDT-kommisjonen. Som en del av kurset v\u00e5rt f\u00e5r alle som \u00f8nsker det, muligheten til \u00e5 best\u00e5 en slik eksamen, noe som i praksis betyr at de etter endt oppl\u00e6ring er fullt ut forberedt p\u00e5 \u00e5 arbeide i yrket sitt. Profesjonslisenser utstedt av UDT er gyldige i 10 \u00e5r og gjelder for arbeid i Polen, men kan ogs\u00e5 anerkjennes i enkelte andre land.<br \/>\n<div style=\"width: 640px;\" class=\"wp-video\"><video id=\"video-2479-1\" width=\"640\" height=\"360\" poster=\"https:\/\/szkolenia-udt.pl\/wp-content\/uploads\/2023\/03\/okladka-podnosnik-OSO.jpg\" preload=\"metadata\" controls=\"controls\"><source type=\"video\/mp4\" src=\"https:\/\/szkolenia-udt.pl\/wp-content\/uploads\/2023\/03\/podnosnik-SZKOLENIA-UDT.PL-OSO.mp4?_=1\" \/><a href=\"https:\/\/szkolenia-udt.pl\/wp-content\/uploads\/2023\/03\/podnosnik-SZKOLENIA-UDT.PL-OSO.mp4\">https:\/\/szkolenia-udt.pl\/wp-content\/uploads\/2023\/03\/podnosnik-SZKOLENIA-UDT.PL-OSO.mp4<\/a><\/video><\/div>\nEn stasjon\u00e6r mobil plattform er en enhet som brukes til \u00e5 flytte personer, verkt\u00f8y og materialer for arbeid i h\u00f8yden. Den har ingen egen fremdriftsmekanisme og er konstruert for \u00e5 fungere i ett bestemt omr\u00e5de. Dette begrenser imidlertid ikke bruken nevneverdig. Denne typen utstyr brukes til renovering, vedlikehold, montering og konstruksjon b\u00e5de innend\u00f8rs og utend\u00f8rs. Etter \u00e5 ha <a href=\"https:\/\/szkolenia-udt.pl\/nb\/kursy\/uprawnienia-udt-tdt-wdt\/podesty-ruchome\/\">lisensiering av mobile lifter<\/a> stasjon\u00e6r, er det mulig \u00e5 finne arbeid i selskaper i alle de ovennevnte sektorene, samt \u00e5 utf\u00f8re tjenester med dette utstyret selv.<\/p>","protected":false},"excerpt":{"rendered":"<p>Podest ruchomy stacjonarny nie jest tak mobilnym urz\u0105dzeniem, jak na przyk\u0142ad zwy\u017cki, jednak mo\u017cliwo\u015bci jego wykorzystania s\u0105 nadal du\u017ce. Osoby potrafi\u0105ce obs\u0142ugiwa\u0107 te urz\u0105dzenia s\u0105 specjalistami poszukiwanymi na rynku pracy: mog\u0105 wykonywa\u0107 prace podczas budowy, remont\u00f3w du\u017cych budynk\u00f3w, a tak\u017ce w magazynach wysokiego sk\u0142adowania. Wszystkim, kt\u00f3rzy chcieliby zdoby\u0107 kwalifikacje potrzebne do pracy w tym zawodzie, [&hellip;]<\/p>\n","protected":false},"author":3,"featured_media":3422,"parent":2266,"menu_order":0,"comment_status":"closed","ping_status":"closed","template":"","meta":{"footnotes":""},"class_list":["post-2479","page","type-page","status-publish","has-post-thumbnail","hentry"],"aioseo_notices":[],"_links":{"self":[{"href":"https:\/\/szkolenia-udt.pl\/nb\/wp-json\/wp\/v2\/pages\/2479","targetHints":{"allow":["GET"]}}],"collection":[{"href":"https:\/\/szkolenia-udt.pl\/nb\/wp-json\/wp\/v2\/pages"}],"about":[{"href":"https:\/\/szkolenia-udt.pl\/nb\/wp-json\/wp\/v2\/types\/page"}],"author":[{"embeddable":true,"href":"https:\/\/szkolenia-udt.pl\/nb\/wp-json\/wp\/v2\/users\/3"}],"replies":[{"embeddable":true,"href":"https:\/\/szkolenia-udt.pl\/nb\/wp-json\/wp\/v2\/comments?post=2479"}],"version-history":[{"count":4,"href":"https:\/\/szkolenia-udt.pl\/nb\/wp-json\/wp\/v2\/pages\/2479\/revisions"}],"predecessor-version":[{"id":4522,"href":"https:\/\/szkolenia-udt.pl\/nb\/wp-json\/wp\/v2\/pages\/2479\/revisions\/4522"}],"up":[{"embeddable":true,"href":"https:\/\/szkolenia-udt.pl\/nb\/wp-json\/wp\/v2\/pages\/2266"}],"wp:featuredmedia":[{"embeddable":true,"href":"https:\/\/szkolenia-udt.pl\/nb\/wp-json\/wp\/v2\/media\/3422"}],"wp:attachment":[{"href":"https:\/\/szkolenia-udt.pl\/nb\/wp-json\/wp\/v2\/media?parent=2479"}],"curies":[{"name":"wp","href":"https:\/\/api.w.org\/{rel}","templated":true}]}}