{"id":2514,"date":"2021-09-21T19:24:19","date_gmt":"2021-09-21T19:24:19","guid":{"rendered":"https:\/\/szkolenia-udt.pl\/?page_id=2514"},"modified":"2021-10-16T00:48:58","modified_gmt":"2021-10-15T22:48:58","slug":"kranvedlikeholdsoperator","status":"publish","type":"page","link":"https:\/\/szkolenia-udt.pl\/nb\/operator-konserwator-suwnic\/","title":{"rendered":"Krankurs med en UDT-eksamen i Warszawa"},"content":{"rendered":"<p><a href=\"https:\/\/szkolenia-udt.pl\/wp-content\/uploads\/2021\/09\/suwnice.jpg\"><img loading=\"lazy\" decoding=\"async\" class=\"obrazekpadding alignleft wp-image-2553 size-medium\" src=\"https:\/\/szkolenia-udt.pl\/wp-content\/uploads\/2021\/09\/suwnice-300x169.jpg\" alt=\"\" width=\"300\" height=\"169\" srcset=\"https:\/\/szkolenia-udt.pl\/wp-content\/uploads\/2021\/09\/suwnice-300x169.jpg 300w, https:\/\/szkolenia-udt.pl\/wp-content\/uploads\/2021\/09\/suwnice-1024x576.jpg 1024w, https:\/\/szkolenia-udt.pl\/wp-content\/uploads\/2021\/09\/suwnice-768x432.jpg 768w, https:\/\/szkolenia-udt.pl\/wp-content\/uploads\/2021\/09\/suwnice.jpg 1327w\" sizes=\"auto, (max-width: 300px) 100vw, 300px\" \/><\/a><strong>Oppl\u00e6ring for kraner<\/strong> finner sted i v\u00e5r oppl\u00e6ringshall i Warszawa p\u00e5 v\u00e5r kran eller i kundens lokaler. Kurset som organiseres av senteret v\u00e5rt best\u00e5r av flere deler:<\/p>\n<ul>\n<li>Teoretisk<\/li>\n<li>Praktisk<\/li>\n<li>UDT-unders\u00f8kelse<\/li>\n<\/ul>\n<p>Alle deler av kurset foreg\u00e5r i v\u00e5r oppl\u00e6ringshall i Warszawa eller hos kunden - reisen til kunden er gratis. Kranen som UDT-eksamenen skal gjennomf\u00f8res p\u00e5, m\u00e5 ha et gyldig UDT-vedtak. Oppl\u00e6ring av kranf\u00f8rere og -vedlikeholdere avsluttes alltid med en statlig eksamen. V\u00e5re instrukt\u00f8rer forbereder deg p\u00e5 en p\u00e5litelig m\u00e5te til \u00e5 best\u00e5 UDT-eksamenen i b\u00e5de den teoretiske og praktiske delen.<\/p>\n<h2>Hvem trenger kranf\u00f8rerbevis?<\/h2>\n<p class=\"big\">Kurset er rettet mot personer som \u00f8nsker \u00e5 utvikle seg personlig, tjene bedre og ha en interessant jobb. Hvis du \u00f8nsker \u00e5 bli spesialist i betjening av UDT-sertifiserte traverskraner, inviterer vi deg til v\u00e5r oppl\u00e6ring.<a href=\"https:\/\/szkolenia-udt.pl\/wp-content\/uploads\/2021\/09\/UDT-ERGON1-e1632345371420.jpg\"><img loading=\"lazy\" decoding=\"async\" class=\"aligncenter wp-image-2555 size-large\" src=\"https:\/\/szkolenia-udt.pl\/wp-content\/uploads\/2021\/09\/UDT-ERGON1-e1632345371420-1024x310.jpg\" alt=\"\" width=\"750\" height=\"227\" srcset=\"https:\/\/szkolenia-udt.pl\/wp-content\/uploads\/2021\/09\/UDT-ERGON1-e1632345371420-1024x310.jpg 1024w, https:\/\/szkolenia-udt.pl\/wp-content\/uploads\/2021\/09\/UDT-ERGON1-e1632345371420-300x91.jpg 300w, https:\/\/szkolenia-udt.pl\/wp-content\/uploads\/2021\/09\/UDT-ERGON1-e1632345371420-768x232.jpg 768w, https:\/\/szkolenia-udt.pl\/wp-content\/uploads\/2021\/09\/UDT-ERGON1-e1632345371420-1536x464.jpg 1536w, https:\/\/szkolenia-udt.pl\/wp-content\/uploads\/2021\/09\/UDT-ERGON1-e1632345371420.jpg 1588w\" sizes=\"auto, (max-width: 750px) 100vw, 750px\" \/><\/a><\/p>\n<h2>Pris p\u00e5 kranoppl\u00e6ring<\/h2>\n<div>Gjeldende pris for kranoppl\u00e6ring fastsettes per telefon.<\/div>\n<div>Du er velkommen til \u00e5 kontakte oss p\u00e5 dette nummeret:<\/div>\n<div style=\"text-align: center;\"><a style=\"font-size: 28px; font-weight: bold;\" href=\"tel:+48504477077\">+48 504 477 077<\/a><\/div>\n<p><a href=\"https:\/\/szkolenia-udt.pl\/wp-content\/uploads\/2021\/09\/suwnica_2.jpg\"><img loading=\"lazy\" decoding=\"async\" class=\"size-medium wp-image-2519 alignright obrazekpadding\" src=\"https:\/\/szkolenia-udt.pl\/wp-content\/uploads\/2021\/09\/suwnica_2-300x185.jpg\" alt=\"\" width=\"300\" height=\"185\" srcset=\"https:\/\/szkolenia-udt.pl\/wp-content\/uploads\/2021\/09\/suwnica_2-300x185.jpg 300w, https:\/\/szkolenia-udt.pl\/wp-content\/uploads\/2021\/09\/suwnica_2-1024x631.jpg 1024w, https:\/\/szkolenia-udt.pl\/wp-content\/uploads\/2021\/09\/suwnica_2-768x474.jpg 768w, https:\/\/szkolenia-udt.pl\/wp-content\/uploads\/2021\/09\/suwnica_2.jpg 1273w\" sizes=\"auto, (max-width: 300px) 100vw, 300px\" \/><\/a><\/p>\n<h2 class=\"boldnagl\">Hvert krankurs tar for seg f\u00f8lgende informasjon som er n\u00f8dvendig for operat\u00f8rens stilling:<\/h2>\n<ul>\n<li>tilsyn med teknisk utstyr<\/li>\n<li>konstruksjon og drift av utstyr<\/li>\n<li>operat\u00f8rens arbeidsoppgaver<\/li>\n<li>regler for helse og sikkerhet<\/li>\n<li>praktiske \u00f8velser<\/li>\n<\/ul>\n<p>N\u00e5r det gjelder traverskraner, er kurset v\u00e5rt ikke bare rikt p\u00e5 teori, men ogs\u00e5 p\u00e5 praktiske \u00f8velser med utstyret. I disse \u00f8velsene kan deltakerne anvende kunnskapen de har tilegnet seg og l\u00e6re \u00e5 bruke utstyret p\u00e5 en korrekt og sikker m\u00e5te p\u00e5 arbeidsplassen. Etter endt kurs avlegger deltakerne en eksamen, mottar et sertifikat for fullf\u00f8rt kranoppl\u00e6ringskurs og en lisens til \u00e5 betjene utstyret utstedt av UDT.<\/p>\n<h2 class=\"boldnagl\">Krav<\/h2>\n<p>Krankurset er utviklet for deg som oppfyller f\u00f8lgende krav:<\/p>\n<ul>\n<li>er minst 18 \u00e5r gamle<\/li>\n<li>har fullf\u00f8rt minst grunnskolen<\/li>\n<li>ikke har noen medisinske kontraindikasjoner mot \u00e5 jobbe som operat\u00f8r<\/li>\n<\/ul>\n<h2 class=\"boldnagl\">Hvor opererer vi?<\/h2>\n<p>Kurser for kraner gjennomf\u00f8res b\u00e5de i Polen og p\u00e5 andre steder som kundene v\u00e5re \u00f8nsker - vi kommer til hele landet. Hovedkontoret v\u00e5rt ligger i Warszawa.<\/p>\n<p><a href=\"https:\/\/szkolenia-udt.pl\/wp-content\/uploads\/2021\/10\/Kopia-0031-oso-suwnice-ogolnego-i-specjalnego-przeznaczenia.jpg\"><img loading=\"lazy\" decoding=\"async\" class=\"alignnone wp-image-2569 size-large\" src=\"https:\/\/szkolenia-udt.pl\/wp-content\/uploads\/2021\/10\/Kopia-0031-oso-suwnice-ogolnego-i-specjalnego-przeznaczenia-1024x853.jpg\" alt=\"\" width=\"750\" height=\"625\" srcset=\"https:\/\/szkolenia-udt.pl\/wp-content\/uploads\/2021\/10\/Kopia-0031-oso-suwnice-ogolnego-i-specjalnego-przeznaczenia-1024x853.jpg 1024w, https:\/\/szkolenia-udt.pl\/wp-content\/uploads\/2021\/10\/Kopia-0031-oso-suwnice-ogolnego-i-specjalnego-przeznaczenia-300x250.jpg 300w, https:\/\/szkolenia-udt.pl\/wp-content\/uploads\/2021\/10\/Kopia-0031-oso-suwnice-ogolnego-i-specjalnego-przeznaczenia-768x640.jpg 768w, https:\/\/szkolenia-udt.pl\/wp-content\/uploads\/2021\/10\/Kopia-0031-oso-suwnice-ogolnego-i-specjalnego-przeznaczenia.jpg 1200w\" sizes=\"auto, (max-width: 750px) 100vw, 750px\" \/><\/a><\/p>","protected":false},"excerpt":{"rendered":"<p>Szkolenie na suwnice odbywa si\u0119 na naszej hali szkoleniowej w Warszawie na naszej suwnicy lub na terenie firmy klienta. Organizowany przez nasz o\u015brodek kurs sk\u0142ada si\u0119 z cz\u0119\u015bci: Teoretycznej Praktycznej Egzaminu UDT Wszystkie cz\u0119\u015bci kursu odbywaj\u0105 si\u0119 na naszej hali szkoleniowej w Warszawie lub w firmie klienta \u2013 dojazd do klienta gratis. Suwnica na kt\u00f3rej [&hellip;]<\/p>\n","protected":false},"author":3,"featured_media":2517,"parent":0,"menu_order":0,"comment_status":"closed","ping_status":"closed","template":"","meta":{"footnotes":""},"class_list":["post-2514","page","type-page","status-publish","has-post-thumbnail","hentry"],"aioseo_notices":[],"_links":{"self":[{"href":"https:\/\/szkolenia-udt.pl\/nb\/wp-json\/wp\/v2\/pages\/2514","targetHints":{"allow":["GET"]}}],"collection":[{"href":"https:\/\/szkolenia-udt.pl\/nb\/wp-json\/wp\/v2\/pages"}],"about":[{"href":"https:\/\/szkolenia-udt.pl\/nb\/wp-json\/wp\/v2\/types\/page"}],"author":[{"embeddable":true,"href":"https:\/\/szkolenia-udt.pl\/nb\/wp-json\/wp\/v2\/users\/3"}],"replies":[{"embeddable":true,"href":"https:\/\/szkolenia-udt.pl\/nb\/wp-json\/wp\/v2\/comments?post=2514"}],"version-history":[{"count":26,"href":"https:\/\/szkolenia-udt.pl\/nb\/wp-json\/wp\/v2\/pages\/2514\/revisions"}],"predecessor-version":[{"id":2572,"href":"https:\/\/szkolenia-udt.pl\/nb\/wp-json\/wp\/v2\/pages\/2514\/revisions\/2572"}],"wp:featuredmedia":[{"embeddable":true,"href":"https:\/\/szkolenia-udt.pl\/nb\/wp-json\/wp\/v2\/media\/2517"}],"wp:attachment":[{"href":"https:\/\/szkolenia-udt.pl\/nb\/wp-json\/wp\/v2\/media?parent=2514"}],"curies":[{"name":"wp","href":"https:\/\/api.w.org\/{rel}","templated":true}]}}