{"id":2583,"date":"2022-01-03T13:02:14","date_gmt":"2022-01-03T12:02:14","guid":{"rendered":"https:\/\/szkolenia-udt.pl\/?page_id=2583"},"modified":"2023-03-27T01:20:11","modified_gmt":"2023-03-26T23:20:11","slug":"sveising","status":"publish","type":"page","link":"https:\/\/szkolenia-udt.pl\/nb\/kursy\/spawanie\/","title":{"rendered":"Sveisekurs"},"content":{"rendered":"<h2><span data-contrast=\"auto\"><a href=\"https:\/\/szkolenia-udt.pl\/wp-content\/uploads\/2022\/01\/spawanie_szkoleniaudt.jpg\"><img loading=\"lazy\" decoding=\"async\" class=\"size-medium wp-image-2584 alignleft\" src=\"https:\/\/szkolenia-udt.pl\/wp-content\/uploads\/2022\/01\/spawanie_szkoleniaudt-300x200.jpg\" alt=\"En teknikk for sammenf\u00f8yning av metall med tr\u00e5d som bindemiddel.\" width=\"300\" height=\"200\" srcset=\"https:\/\/szkolenia-udt.pl\/wp-content\/uploads\/2022\/01\/spawanie_szkoleniaudt-300x200.jpg 300w, https:\/\/szkolenia-udt.pl\/wp-content\/uploads\/2022\/01\/spawanie_szkoleniaudt-1024x683.jpg 1024w, https:\/\/szkolenia-udt.pl\/wp-content\/uploads\/2022\/01\/spawanie_szkoleniaudt-768x512.jpg 768w, https:\/\/szkolenia-udt.pl\/wp-content\/uploads\/2022\/01\/spawanie_szkoleniaudt.jpg 1483w\" sizes=\"auto, (max-width: 300px) 100vw, 300px\" \/><\/a><\/span>HVA ER SVEISING<\/h2>\n<p>Sveising er prosessen med \u00e5 binde sammen metaller ved hjelp av varme for \u00e5 smelte kantene p\u00e5 metallet med eller uten bruk av tilsatsmateriale p\u00e5 en permanent m\u00e5te for \u00e5 oppn\u00e5 materialkontinuitet i skj\u00f8ten. Det finnes mange metoder for sammenf\u00f8yning av metaller ved sveising. De vanligste av disse er:<\/p>\n<ul>\n<li>Gassveising<\/li>\n<li>lysbuesveising med tildekkede elektroder<\/li>\n<li>gassbeskyttet sveising<\/li>\n<li>nedsenket lysbuesveising<\/li>\n<\/ul>\n<h2>GASSVEISEMETODE<\/h2>\n<p>Gassveising er en teknikk for sammenf\u00f8yning av metaller ved hjelp av en tr\u00e5d som tilsatsmateriale, som smeltes sammen i en brennende flamme av en brennbar gass med oksygen. Det er hovedsakelig acetylen som brukes i denne metoden, ikke minst p\u00e5 grunn av forbrenningstemperaturen p\u00e5 opptil ca. 3100 grader C, som gj\u00f8r at sveiseren kan utf\u00f8re sveiseoperasjonen raskt og enkelt.<br \/>\n<div style=\"width: 640px;\" class=\"wp-video\"><video id=\"video-2583-1\" width=\"640\" height=\"360\" poster=\"https:\/\/szkolenia-udt.pl\/wp-content\/uploads\/2023\/03\/okladka-spawacz-OSO.jpg\" preload=\"metadata\" controls=\"controls\"><source type=\"video\/mp4\" src=\"https:\/\/szkolenia-udt.pl\/wp-content\/uploads\/2023\/03\/spawacz-SZKOLENIA-UDT.PL-OSO.mp4?_=1\" \/><a href=\"https:\/\/szkolenia-udt.pl\/wp-content\/uploads\/2023\/03\/spawacz-SZKOLENIA-UDT.PL-OSO.mp4\">https:\/\/szkolenia-udt.pl\/wp-content\/uploads\/2023\/03\/spawacz-SZKOLENIA-UDT.PL-OSO.mp4<\/a><\/video><\/div>\n<h2>LYSBUESVEISING MED TILDEKKEDE ELEKTRODER<\/h2>\n<p>Sveiseteknikken med tildekkede elektroder inneb\u00e6rer at det dannes en lysbue mellom en smeltelektrode og materialet som skal sveises. Det dannes en sveis fra det smeltede metallets oversmeltede kanter med metallene i den smeltede elektrodekjernens etterslep. Sveisen, som krystalliserer i smeltebadet, danner et gassskjold som hovedsakelig best\u00e5r av CO2, CO og H2O samt et slaggbelegg som beskytter mot oksygen og nitrogen fra atmosf\u00e6ren. Sveising med tildekkede elektroder er vanligvis en manuell teknikk som krever at sveiseren er sv\u00e6rt dyktig, men er samtidig den mest allsidige for mange materialer takket v\u00e6re det store utvalget av elektroder, det brede spekteret av justeringsparametere og de mange ulike sveiseposisjonene.<\/p>\n<h2>GASSBESKYTTET METALLSVEISING<\/h2>\n<p>Gassmetallbuesveising med forbrukselektroder - GMA (Gas Metal Arc), er den mest brukte metoden innen metallkonstruksjon. P\u00e5 grunn av bruken av gasser med ulike egenskaper deles denne metoden inn i MIG (Metal Inert Gas) og MAG (Metal Active Gas). Ved MIG-sveising brukes inerte gasser som argon eller helium, mens det ved MAG-sveising brukes kjemisk aktive gasser som karbondioksid, oksygen, hydrogen, nitrogen eller lystgass. Disse brukes enten alene eller i kombinasjon med helium eller argon.<\/p>\n<div class=\"filmw\">\n<div class=\"responsive-youtube\"><iframe loading=\"lazy\" title=\"YouTube-videospiller\" src=\"https:\/\/www.youtube.com\/embed\/2qYimGxwoVU\" width=\"560\" height=\"315\" frameborder=\"0\" allowfullscreen=\"allowfullscreen\"><\/iframe><\/div>\n<\/div>\n<h2>SVEISETEKNIKK MED NEDSENKET LYSBUE<\/h2>\n<p>Nedsenket lysbuesveising, ogs\u00e5 kjent som fluxsveising, er den vanligste mekaniserte metoden p\u00e5 grunn av prosessens h\u00f8ye presisjon. Den gl\u00f8dende lysbuen mellom en kontinuerlig tilf\u00f8rt elektrode og metallene som skal sammenf\u00f8yes, dekkes av et lag med granulat. P\u00e5 denne m\u00e5ten stabiliserer flussmiddelet lysbuen og beskytter smeltebadet mot luftens p\u00e5virkning p\u00e5 legeringens kjemiske sammensetning.<\/p>\n<p>P\u00e5 v\u00e5re kurs vil du under veiledning av kvalifiserte kursledere - spesialister p\u00e5 sitt felt - tilegne deg de n\u00f8dvendige kvalifikasjonene og ferdighetene i teori og praksis, samtidig som du l\u00e6rer om sveiseteknikker og -prinsipper. Vi tilbyr kurs p\u00e5 ulike niv\u00e5er, ogs\u00e5 for deg som \u00f8nsker \u00e5 fornye kvalifikasjonene dine. Kursene v\u00e5re er i samsvar med gjeldende lover og forskrifter.<\/p>\n<p><a href=\"https:\/\/szkolenia-udt.pl\/wp-content\/uploads\/2022\/01\/0072-oso.edu_.pl_.jpg\"><img loading=\"lazy\" decoding=\"async\" class=\"wp-image-2591 size-large aligncenter\" src=\"https:\/\/szkolenia-udt.pl\/wp-content\/uploads\/2022\/01\/0072-oso.edu_.pl_-1024x853.jpg\" alt=\"Inndeling av metoder for lysbuesveising med beskyttelsesgass.\" width=\"750\" height=\"625\" srcset=\"https:\/\/szkolenia-udt.pl\/wp-content\/uploads\/2022\/01\/0072-oso.edu_.pl_-1024x853.jpg 1024w, https:\/\/szkolenia-udt.pl\/wp-content\/uploads\/2022\/01\/0072-oso.edu_.pl_-300x250.jpg 300w, https:\/\/szkolenia-udt.pl\/wp-content\/uploads\/2022\/01\/0072-oso.edu_.pl_-768x640.jpg 768w, https:\/\/szkolenia-udt.pl\/wp-content\/uploads\/2022\/01\/0072-oso.edu_.pl_.jpg 1200w\" sizes=\"auto, (max-width: 750px) 100vw, 750px\" \/><\/a><\/p>","protected":false},"excerpt":{"rendered":"<p>CZYM JEST SPAWANIE Spawanie to proces spajania metali z u\u017cyciem ciep\u0142a topi\u0105cego brzegi metalu z u\u017cyciem spoiwa lub bez w spos\u00f3b trwa\u0142y w celu uzyskania ci\u0105g\u0142o\u015bci materia\u0142owej w miejscu po\u0142\u0105czenia. W spawalnictwie istnieje wiele metod spajania metali. Najpopularniejsze z nich to: spawanie gazowe spawanie \u0142ukowe elektrodami otulonymi spawanie w os\u0142onach gazowych spawanie \u0142ukiem krytym METODA [&hellip;]<\/p>\n","protected":false},"author":3,"featured_media":2584,"parent":22,"menu_order":0,"comment_status":"closed","ping_status":"closed","template":"template-podkategorie.php","meta":{"footnotes":""},"class_list":["post-2583","page","type-page","status-publish","has-post-thumbnail","hentry"],"aioseo_notices":[],"_links":{"self":[{"href":"https:\/\/szkolenia-udt.pl\/nb\/wp-json\/wp\/v2\/pages\/2583","targetHints":{"allow":["GET"]}}],"collection":[{"href":"https:\/\/szkolenia-udt.pl\/nb\/wp-json\/wp\/v2\/pages"}],"about":[{"href":"https:\/\/szkolenia-udt.pl\/nb\/wp-json\/wp\/v2\/types\/page"}],"author":[{"embeddable":true,"href":"https:\/\/szkolenia-udt.pl\/nb\/wp-json\/wp\/v2\/users\/3"}],"replies":[{"embeddable":true,"href":"https:\/\/szkolenia-udt.pl\/nb\/wp-json\/wp\/v2\/comments?post=2583"}],"version-history":[{"count":9,"href":"https:\/\/szkolenia-udt.pl\/nb\/wp-json\/wp\/v2\/pages\/2583\/revisions"}],"predecessor-version":[{"id":4504,"href":"https:\/\/szkolenia-udt.pl\/nb\/wp-json\/wp\/v2\/pages\/2583\/revisions\/4504"}],"up":[{"embeddable":true,"href":"https:\/\/szkolenia-udt.pl\/nb\/wp-json\/wp\/v2\/pages\/22"}],"wp:featuredmedia":[{"embeddable":true,"href":"https:\/\/szkolenia-udt.pl\/nb\/wp-json\/wp\/v2\/media\/2584"}],"wp:attachment":[{"href":"https:\/\/szkolenia-udt.pl\/nb\/wp-json\/wp\/v2\/media?parent=2583"}],"curies":[{"name":"wp","href":"https:\/\/api.w.org\/{rel}","templated":true}]}}