{"id":2593,"date":"2022-01-03T14:17:24","date_gmt":"2022-01-03T13:17:24","guid":{"rendered":"https:\/\/szkolenia-udt.pl\/?page_id=2593"},"modified":"2022-01-08T02:24:19","modified_gmt":"2022-01-08T01:24:19","slug":"fiberoptisk-sveising","status":"publish","type":"page","link":"https:\/\/szkolenia-udt.pl\/nb\/kursy\/spawanie\/spawanie-swiatlowodow\/","title":{"rendered":"Kurs i fiberoptisk sveising."},"content":{"rendered":"<p><span data-contrast=\"auto\"><a href=\"https:\/\/szkolenia-udt.pl\/wp-content\/uploads\/2022\/01\/spawanie_swiatlowodow.jpg\"><img loading=\"lazy\" decoding=\"async\" class=\"size-medium wp-image-2594 alignleft\" src=\"https:\/\/szkolenia-udt.pl\/wp-content\/uploads\/2022\/01\/spawanie_swiatlowodow-300x200.jpg\" alt=\"Forberedende aktiviteter i sveiseprosessen og konsekvensene av disse.\" width=\"300\" height=\"200\" srcset=\"https:\/\/szkolenia-udt.pl\/wp-content\/uploads\/2022\/01\/spawanie_swiatlowodow-300x200.jpg 300w, https:\/\/szkolenia-udt.pl\/wp-content\/uploads\/2022\/01\/spawanie_swiatlowodow-1024x683.jpg 1024w, https:\/\/szkolenia-udt.pl\/wp-content\/uploads\/2022\/01\/spawanie_swiatlowodow-768x512.jpg 768w, https:\/\/szkolenia-udt.pl\/wp-content\/uploads\/2022\/01\/spawanie_swiatlowodow-1536x1025.jpg 1536w, https:\/\/szkolenia-udt.pl\/wp-content\/uploads\/2022\/01\/spawanie_swiatlowodow.jpg 1559w\" sizes=\"auto, (max-width: 300px) 100vw, 300px\" \/><\/a>Fiberoptisk sveising er sammenf\u00f8yning av fiberoptiske kabler ved hjelp av en termisk prosess med elektrisk lysbue, noe som resulterer i en s\u00e5kalt permanent forbindelse. P\u00e5 grunn av kablenes struktur og tiltenkte bruksomr\u00e5de krever utf\u00f8relsen av en slik sammenf\u00f8yning spesiell presisjon og omhu fra operat\u00f8ren allerede n\u00e5r den optiske fiberen klargj\u00f8res for sveising. Dette er fordi kvaliteten, styrken og holdbarheten til forbindelsen i stor grad avhenger av disse egenskapene.<\/span><span data-ccp-props=\"{&quot;201341983&quot;:0,&quot;335559739&quot;:160,&quot;335559740&quot;:256}\">\u00a0<\/span><\/p>\n<p><strong>Forberedende aktiviteter for sveising:\u00a0<\/strong><\/p>\n<ul>\n<li data-leveltext=\"\uf0b7\" data-font=\"Symbol\" data-listid=\"1\" aria-setsize=\"-1\" data-aria-posinset=\"1\" data-aria-level=\"1\"><span data-contrast=\"auto\">Valg og p\u00e5f\u00f8ring av krympeslange med passende lengde og diameter p\u00e5 den optiske fiberen, som skal brukes til \u00e5 beskytte tilkoblingsstedet etter sveising.<\/span><span data-ccp-props=\"{&quot;134233279&quot;:true,&quot;201341983&quot;:0,&quot;335559739&quot;:160,&quot;335559740&quot;:256}\">\u00a0<\/span><\/li>\n<li data-leveltext=\"\uf0b7\" data-font=\"Symbol\" data-listid=\"1\" aria-setsize=\"-1\" data-aria-posinset=\"2\" data-aria-level=\"1\"><span data-contrast=\"auto\">Fjerning av det beskyttende laget p\u00e5 den optiske fiberen med en justerbar strippetang - Stripper. Minst 50 mm ytre lag og 30 mm indre lag.<\/span><span data-ccp-props=\"{&quot;134233279&quot;:true,&quot;201341983&quot;:0,&quot;335559739&quot;:160,&quot;335559740&quot;:256}\">\u00a0<\/span><\/li>\n<li data-leveltext=\"\uf0b7\" data-font=\"Symbol\" data-listid=\"1\" aria-setsize=\"-1\" data-aria-posinset=\"2\" data-aria-level=\"1\"><span data-contrast=\"auto\">Grundig rengj\u00f8ring av den fiberoptiske kabelen ved skj\u00f8tepunktet ved hjelp av egnede produkter beregnet for dette form\u00e5let eller ganske enkelt en etanol- eller propanolv\u00e6det bomullspinne.<\/span><span data-ccp-props=\"{&quot;134233279&quot;:true,&quot;201341983&quot;:0,&quot;335559739&quot;:160,&quot;335559740&quot;:256}\">\u00a0<\/span><\/li>\n<li data-leveltext=\"\uf0b7\" data-font=\"Symbol\" data-listid=\"1\" aria-setsize=\"-1\" data-aria-posinset=\"2\" data-aria-level=\"1\"><span data-contrast=\"auto\">Kutt den fiberoptiske kabelen s\u00e5 n\u00f8yaktig som mulig med en spesialdesignet fiberoptisk kniv med diamantskive, da dette er den viktigste faktoren som avgj\u00f8r om tilkoblingen blir korrekt.<\/span><span data-ccp-props=\"{&quot;134233279&quot;:true,&quot;201341983&quot;:0,&quot;335559739&quot;:160,&quot;335559740&quot;:256}\">\u00a0<\/span><\/li>\n<li data-leveltext=\"\uf0b7\" data-font=\"Symbol\" data-listid=\"1\" aria-setsize=\"-1\" data-aria-posinset=\"2\" data-aria-level=\"1\"><span data-contrast=\"auto\">Klargj\u00f8ring av sveiseboksen for sveiseoperasjoner, valg av riktig program og plassering av tr\u00e5dene i v-riller som tilsvarer diameteren.<\/span><span data-ccp-props=\"{&quot;134233279&quot;:true,&quot;201341983&quot;:0,&quot;335559739&quot;:160,&quot;335559740&quot;:256}\">\u00a0<\/span><\/li>\n<li data-leveltext=\"\uf0b7\" data-font=\"Symbol\" data-listid=\"1\" aria-setsize=\"-1\" data-aria-posinset=\"2\" data-aria-level=\"1\"><span data-contrast=\"auto\">Fest kabelen i sveiseomr\u00e5det med en krympeslange av passende st\u00f8rrelse p\u00e5 forh\u00e5nd og sveis det hele i ovnen.\u00a0<\/span><span data-ccp-props=\"{&quot;134233279&quot;:true,&quot;201341983&quot;:0,&quot;335559739&quot;:160,&quot;335559740&quot;:256}\">\u00a0<\/span><\/li>\n<\/ul>\n<p><span data-contrast=\"auto\">Ettersom enhver skj\u00f8teforbindelse av en optisk fiber inneb\u00e6rer tap av overf\u00f8ringsegenskaper, er klargj\u00f8ring av den optiske fiberen en av de viktigste faktorene i skj\u00f8teprosessen. Derfor b\u00f8r klargj\u00f8ringen av kablene f\u00f8r skj\u00f8ting utf\u00f8res med stor forsiktighet for \u00e5 minimere tapet av signalkvalitet ved skj\u00f8tepunktet. Dette m\u00e5 vi alltid huske p\u00e5, for det har en direkte innvirkning p\u00e5 kvaliteten og effektiviteten i arbeidet v\u00e5rt.<\/span><span data-ccp-props=\"{&quot;201341983&quot;:0,&quot;335559739&quot;:160,&quot;335559740&quot;:256}\">\u00a0<\/span><\/p>\n<p><span data-contrast=\"auto\">Det neste trinnet i sveiseprosessen for optiske fibre, rett etter at fibrene er klargjort og plassert i de riktige v-sporene p\u00e5 sveisemaskinen, er \u00e5 klargj\u00f8re selve maskinen for sveiseoperasjonen. Dette gj\u00f8res ved \u00e5 bruke bruksanvisningen til maskinen og velge et sveiseprogram som passer til parametrene til de optiske fibrene som skal skj\u00f8tes. Avhengig av modell har de fleste fiberoptiske sveiseapparater fra flere til et dusin sveiseprogrammer lagret i apparatets minne. Bare noen av dem har et omfattende system som gj\u00f8r det mulig \u00e5 opprette og lagre egne programmer, noe som for eksempel er nyttig ved skj\u00f8ting av optiske fibre fra forskjellige produsenter. Men ikke bare det. Dette alternativet kan ogs\u00e5 brukes ved utilfredsstillende sveisedempingsparametere som f\u00f8lge av forvrengninger eller s\u00e5kalt sveiseoverl\u00f8p, ved \u00e5 justere og velge riktig sveisestr\u00f8m.<\/span><span data-ccp-props=\"{&quot;201341983&quot;:0,&quot;335559739&quot;:160,&quot;335559740&quot;:256}\">\u00a0<\/span><\/p>\n<p><span data-contrast=\"auto\">Selve sveiseprosessen skjer i fire trinn og foreg\u00e5r i en sveiseboks, ofte kalt sveisemaskin. Det f\u00f8rste trinnet, som utf\u00f8res av sveisemaskinen, er n\u00f8yaktig posisjonering av kablene som skal sammenf\u00f8yes, med fibrene n\u00f8yaktig sentrert i forhold til hverandre. Det andre trinnet er forvarming av kabelendene samtidig som de bringes n\u00e6rmere hverandre over en avstand p\u00e5 <\/span><span data-contrast=\"auto\">~ <\/span><span data-contrast=\"auto\">\u00b5m med et kontrollert valg av lysbuestr\u00f8m for \u00e5 oppn\u00e5 riktig temperatur, og deretter mykgj\u00f8res kablene slik at de f\u00e5r den n\u00f8dvendige fleksibiliteten for \u00e5 oppn\u00e5 \u00f8nsket skj\u00f8tekvalitet. I det tredje trinnet sammenf\u00f8yes kablene ved hjelp av riktig trykk p\u00e5 et n\u00f8yaktig definert tidspunkt, slik at ledningene blir riktig sammenf\u00f8yd. I det avsluttende fjerde trinnet frigj\u00f8res varme fra de sammenf\u00f8yde ledningene, noe som f\u00f8rer til en fortykning og krystallisering av strukturen ved sammenf\u00f8yningspunktet.<\/span><span data-ccp-props=\"{&quot;201341983&quot;:0,&quot;335559739&quot;:160,&quot;335559740&quot;:256}\">\u00a0<\/span><\/p>\n<p><span data-contrast=\"auto\">Etter at sveiseoperasjonen er utf\u00f8rt av sveiseboksen, utf\u00f8rer enheten automatisk en diagnose av den ferdige skj\u00f8ten. Etter at testen er utf\u00f8rt ved hjelp av en estimeringsanalyse med en akseptabel liten feilmargin, f\u00e5r vi informasjon om sveisekvaliteten i forhold til den oppn\u00e5dde dempingen. Det forventede resultatet b\u00f8r ligge mellom 0,01 dB og 0,05 dB, ellers m\u00e5 hele sveiseprosessen utf\u00f8res p\u00e5 nytt fra begynnelsen.<\/span><span data-ccp-props=\"{&quot;201341983&quot;:0,&quot;335559739&quot;:160,&quot;335559740&quot;:256}\">\u00a0<\/span><\/p>\n<p><a href=\"https:\/\/szkolenia-udt.pl\/wp-content\/uploads\/2022\/01\/0074-edu.oso_.pl_.jpg\"><img loading=\"lazy\" decoding=\"async\" class=\"wp-image-2595 size-large aligncenter\" src=\"https:\/\/szkolenia-udt.pl\/wp-content\/uploads\/2022\/01\/0074-edu.oso_.pl_-1024x853.jpg\" alt=\"Fiberoptisk sveiseapparat, driftsprinsipp, sveisediagnostikk og dempningsresultat.\" width=\"750\" height=\"625\" srcset=\"https:\/\/szkolenia-udt.pl\/wp-content\/uploads\/2022\/01\/0074-edu.oso_.pl_-1024x853.jpg 1024w, https:\/\/szkolenia-udt.pl\/wp-content\/uploads\/2022\/01\/0074-edu.oso_.pl_-300x250.jpg 300w, https:\/\/szkolenia-udt.pl\/wp-content\/uploads\/2022\/01\/0074-edu.oso_.pl_-768x640.jpg 768w, https:\/\/szkolenia-udt.pl\/wp-content\/uploads\/2022\/01\/0074-edu.oso_.pl_.jpg 1200w\" sizes=\"auto, (max-width: 750px) 100vw, 750px\" \/><\/a><\/p>","protected":false},"excerpt":{"rendered":"<p>Spawanie \u015bwiat\u0142owod\u00f3w to \u0142\u0105czenie przewod\u00f3w \u015bwiat\u0142owodowych w procesie cieplnym z u\u017cyciem \u0142uku elektrycznego w wyniku, kt\u00f3rego otrzymujemy tak zwane po\u0142\u0105czenie sta\u0142e. Z uwagi na budow\u0119 samych przewod\u00f3w i ich przeznaczenia wykonanie takiego po\u0142\u0105czenia wymaga szczeg\u00f3lnej precyzji i staranno\u015bci od operatora ju\u017c w samej czynno\u015bci przygotowania w\u0142\u00f3kien \u015bwiat\u0142owodu do wykonania spawu. Od tych bowiem cech w [&hellip;]<\/p>\n","protected":false},"author":3,"featured_media":2594,"parent":2583,"menu_order":0,"comment_status":"closed","ping_status":"closed","template":"","meta":{"footnotes":""},"class_list":["post-2593","page","type-page","status-publish","has-post-thumbnail","hentry"],"aioseo_notices":[],"_links":{"self":[{"href":"https:\/\/szkolenia-udt.pl\/nb\/wp-json\/wp\/v2\/pages\/2593","targetHints":{"allow":["GET"]}}],"collection":[{"href":"https:\/\/szkolenia-udt.pl\/nb\/wp-json\/wp\/v2\/pages"}],"about":[{"href":"https:\/\/szkolenia-udt.pl\/nb\/wp-json\/wp\/v2\/types\/page"}],"author":[{"embeddable":true,"href":"https:\/\/szkolenia-udt.pl\/nb\/wp-json\/wp\/v2\/users\/3"}],"replies":[{"embeddable":true,"href":"https:\/\/szkolenia-udt.pl\/nb\/wp-json\/wp\/v2\/comments?post=2593"}],"version-history":[{"count":2,"href":"https:\/\/szkolenia-udt.pl\/nb\/wp-json\/wp\/v2\/pages\/2593\/revisions"}],"predecessor-version":[{"id":2607,"href":"https:\/\/szkolenia-udt.pl\/nb\/wp-json\/wp\/v2\/pages\/2593\/revisions\/2607"}],"up":[{"embeddable":true,"href":"https:\/\/szkolenia-udt.pl\/nb\/wp-json\/wp\/v2\/pages\/2583"}],"wp:featuredmedia":[{"embeddable":true,"href":"https:\/\/szkolenia-udt.pl\/nb\/wp-json\/wp\/v2\/media\/2594"}],"wp:attachment":[{"href":"https:\/\/szkolenia-udt.pl\/nb\/wp-json\/wp\/v2\/media?parent=2593"}],"curies":[{"name":"wp","href":"https:\/\/api.w.org\/{rel}","templated":true}]}}