{"id":2599,"date":"2022-01-03T16:14:56","date_gmt":"2022-01-03T15:14:56","guid":{"rendered":"https:\/\/szkolenia-udt.pl\/?page_id=2599"},"modified":"2023-03-13T16:08:23","modified_gmt":"2023-03-13T15:08:23","slug":"kranforer","status":"publish","type":"page","link":"https:\/\/szkolenia-udt.pl\/nb\/kursy\/uprawnienia-udt-tdt-wdt\/operator-suwnicy\/","title":{"rendered":"Kranf\u00f8rer"},"content":{"rendered":"<p><a href=\"https:\/\/szkolenia-udt.pl\/wp-content\/uploads\/2022\/01\/suwnce.jpg\"><img loading=\"lazy\" decoding=\"async\" class=\"alignleft\" src=\"https:\/\/szkolenia-udt.pl\/wp-content\/uploads\/2022\/01\/suwnce-300x289.jpg\" alt=\"H\u00e5ndteringsutstyr\" width=\"300\" height=\"289\" \/><\/a><a href=\"https:\/\/szkolenia-udt.pl\/nb\/kursy\/suwnice\/\">Traverskran<\/a> er en type kran som er konstruert for h\u00e5ndtering ved hjelp av intermitterende bevegelser. Denne krantypen kjennetegnes av sin enkle konstruksjon, med en tverrg\u00e5ende metallbjelke som bro, st\u00f8ttet i endene av skinner som kranen kan bevege seg langs i begge retninger. En vinsj (eller flere vinsjer, avhengig av behov og konstruksjonsbegrensninger) er festet til broen, slik at lasten kan l\u00f8ftes og senkes og beveges i to retninger parallelt med broens lengdeakse mellom st\u00f8ttepunktene.<\/p>\n<p>Takket v\u00e6re denne designtiln\u00e6rmingen er det mulig \u00e5 bruke kraner i b\u00e5de \u00e5pne og lukkede omr\u00e5der for \u00e5 flytte sv\u00e6rt tunge komponenter p\u00e5 byggeplasser eller i industrianlegg, eller for \u00e5 flytte, laste eller losse last innen logistikk i vid forstand, for eksempel p\u00e5 lagre, depoter eller i havner. Disse enkle l\u00f8sningene har imidlertid ogs\u00e5 sine begrensninger n\u00e5r det gjelder kranens bevegelses- og arbeidsomr\u00e5de. Dette skyldes hovedsakelig lengden p\u00e5 skinnene, som begrenser kranens bane, lengden p\u00e5 kranbroen, som bestemmer kranens horisontale arbeidsomr\u00e5de, og h\u00f8yden p\u00e5 brofestet, som p\u00e5virker kranens vertikale arbeidsomr\u00e5de, noe som igjen begrenser valget av last i forhold til h\u00f8yden.<\/p>\n<p>Disse geniale og enkle tekniske l\u00f8sningene, som er basert p\u00e5 fysikkens grunnleggende lover, har gjort det mulig for konstrukt\u00f8rene \u00e5 bygge kraner som er konstruksjonsmessig forskjellige alt etter hva de skal brukes til. De vanligste og mest gjenkjennelige er l\u00f8pekraner og traverskraner, men det finnes mange andre typer kraner med forskjellige konstruksjoner, for eksempel portalkraner, halvportalkraner, utkragingskraner, s\u00f8ylekraner og modulkraner. Hvilke typer drivverk som brukes i kraner (manuelle, elektriske, hydrauliske, pneumatiske eller kombinasjoner av disse), hvilke typer bjelker som brukes (sylindriske, fagverk) og antall (enkeltbjelke, dobbeltbjelke, flerbjelke) spiller ogs\u00e5 en rolle i kategoriseringen av kraner.<\/p>\n<p>Kranenes allsidighet n\u00e5r det gjelder kontroll b\u00f8r ogs\u00e5 nevnes. Avhengig av behov, form\u00e5l og eksterne faktorer kan traverskraner styres fra f\u00f8rerhuset, fra arbeidsniv\u00e5et, med tr\u00e5dbasert eller tr\u00e5dl\u00f8s fjernkontroll eller automatisk.<\/p>\n<p>Ut fra informasjonen ovenfor er det tydelig at vi har \u00e5 gj\u00f8re med en sv\u00e6rt praktisk, brukervennlig, effektiv og effektiv krantype, der de viktigste parametrene er:<\/p>\n<ul>\n<li>l\u00f8ftekapasiteten, dvs. vekten av lasten som kranen kan l\u00f8fte under gitte forhold.<\/li>\n<li>l\u00f8fteh\u00f8yde, dvs. den h\u00f8yden kranen kan l\u00f8fte en last til, m\u00e5lt fra bakken for traverskraner, eller h\u00f8yden fra bakken til gripekloen i toppstilling for gripekraner.<\/li>\n<li>spennvidden, som er avstanden m\u00e5lt mellom skinnene p\u00e5 sporet som kranen beveger seg p\u00e5.<\/li>\n<\/ul>\n<p>Hvis du tror at du kan bli kranf\u00f8rer, at en slik jobb kan v\u00e6re interessant for deg og gi deg mulighet til \u00e5 utvikle og realisere deg selv profesjonelt, m\u00e5 du v\u00e6re klar over hvilke krav og begrensninger som gjelder for \u00e5 f\u00e5 sertifikat for dette yrket. I Polen er det kontoret for teknisk inspeksjon, ogs\u00e5 kjent som UDT, som utsteder sertifikater som gir tillatelse til \u00e5 jobbe som kranf\u00f8rer. UDT f\u00f8rer tilsyn med riktig og sikker bruk av alle typer teknisk utstyr, inkludert kraner og traverskraner. UDT kontrollerer ogs\u00e5 den tekniske tilstanden til disse innretningene ved \u00e5 gjennomf\u00f8re periodiske tekniske inspeksjoner og utstede sikkerhetssertifikater p\u00e5 grunnlag av disse.<\/p>\n<div class=\"filmw\">\n<div class=\"responsive-youtube\"><iframe loading=\"lazy\" title=\"YouTube-videospiller\" src=\"https:\/\/www.youtube.com\/embed\/EFy-SGiLltQ\" width=\"560\" height=\"315\" frameborder=\"0\" allowfullscreen=\"allowfullscreen\"><\/iframe><\/div>\n<\/div>\n<p>F\u00f8r Office of Technical Inspection kan utstede det aktuelle sertifikatet, m\u00e5 du imidlertid best\u00e5 en eksamen som arrangeres av denne institusjonen. For \u00e5 kunne avlegge en slik eksamen b\u00f8r kranf\u00f8rerkandidaten delta p\u00e5 et kurs som forbereder ham eller henne p\u00e5 den nevnte eksamenen, b\u00e5de teoretisk og praktisk. Helst p\u00e5 et kurs som arrangeres av den relevante, eller enda bedre, av TUV-sertifiserte tilbydere av dedikert oppl\u00e6ring og coaching. Men f\u00f8r du kan bli elev p\u00e5 et slikt kurs, m\u00e5 du ha en legeerkl\u00e6ring som bekrefter at du ikke har helsemessige forutsetninger for \u00e5 jobbe som kranf\u00f8rer, samt en positiv psyko-teknisk unders\u00f8kelse som bekrefter at du har de spesielle mentale egenskapene som kreves for dette yrket.<\/p>\n<p>Hvorfor er medisinske unders\u00f8kelser og en psyko-teknisk test viktige elementer p\u00e5 veien mot kranf\u00f8rerbevis? Som med alt annet fysisk arbeid, ogs\u00e5 arbeid med traverskran, er det mange risikoer og ulemper. Det kan blant annet v\u00e6re mye st\u00f8y, d\u00e5rlig belysning, skiftende v\u00e6rforhold, for lang tid i samme stilling, store fysiske anstrengelser, langvarig konsentrasjon om ofte sv\u00e6rt kompliserte operasjoner eller stresset med \u00e5 utf\u00f8re oppgavene p\u00e5 en sikker m\u00e5te uten \u00e5 utsette seg selv eller andre for ulykkesrisiko. Alt det ovennevnte, og mye mer, er et resultat av arbeidets spesielle natur, som krever at operat\u00f8ren er spesielt presis, t\u00e5lmodig, uforstyrret og ikke minst forsiktig og n\u00f8ye med \u00e5 overholde sikkerhetsreglene.<br \/>\n<div style=\"width: 640px;\" class=\"wp-video\"><video id=\"video-2599-1\" width=\"640\" height=\"360\" poster=\"https:\/\/szkolenia-udt.pl\/wp-content\/uploads\/2023\/03\/okladka-suwnice-OSO.jpg\" preload=\"metadata\" controls=\"controls\"><source type=\"video\/mp4\" src=\"https:\/\/szkolenia-udt.pl\/wp-content\/uploads\/2023\/03\/suwnice-SZKOLENIA-UDT.PL-OSO.mp4?_=1\" \/><a href=\"https:\/\/szkolenia-udt.pl\/wp-content\/uploads\/2023\/03\/suwnice-SZKOLENIA-UDT.PL-OSO.mp4\">https:\/\/szkolenia-udt.pl\/wp-content\/uploads\/2023\/03\/suwnice-SZKOLENIA-UDT.PL-OSO.mp4<\/a><\/video><\/div>\nN\u00e5r du har best\u00e5tt den medisinske unders\u00f8kelsen, kan du fokusere p\u00e5 \u00e5 finne og velge riktig selskap for oppl\u00e6ring av fremtidige kranf\u00f8rere. Fremfor alt b\u00f8r man ta hensyn til kvaliteten p\u00e5 oppl\u00e6ringen. Dette garanteres blant annet av TUV-sertifiseringen som oppl\u00e6ringsleverand\u00f8ren m\u00e5 ha. TUV er en internasjonal organisasjon som blant annet sikrer at de h\u00f8yeste industristandardene opprettholdes n\u00e5r det gjelder arbeidssikkerhet, teknologiske prosessl\u00f8sninger, oppl\u00e6ring og periodisk verifisering av personalets kompetanse gjennom hele karrieren. I et slikt selskap er vi sikre p\u00e5 \u00e5 finne kursholdere med relevant erfaring innen det yrket vi er interessert i, med bred kunnskap om de involverte temaene, og med didaktiske forberedelser som gj\u00f8r at kursholderne kan formidle denne kunnskapen videre til deltakerne, b\u00e5de teoretisk og praktisk. Ved \u00e5 delta p\u00e5 et kurs i regi av et slikt selskap er vi tryggere p\u00e5 at vi vil tilegne oss tilstrekkelig kunnskap og v\u00e6re godt forberedt til eksamen.<\/p>\n<p>En ekstra fordel med \u00e5 ta kurset og fullf\u00f8re det i et TUV-sertifisert anlegg er at det blir respektert og \u00f8nsket velkommen av ikke bare polske, men fremfor alt utenlandske arbeidsgivere, noe som gj\u00f8r at vi kan v\u00e6re sikre p\u00e5 \u00e5 bli vurdert gunstigere ved utlysning av ledige stillinger.<\/p>\n<p><a href=\"https:\/\/szkolenia-udt.pl\/wp-content\/uploads\/2022\/01\/0031-oso-suwnice-ogolnego-i-specjalnego-przeznaczenia.jpg\"><img loading=\"lazy\" decoding=\"async\" src=\"https:\/\/szkolenia-udt.pl\/wp-content\/uploads\/2022\/01\/0031-oso-suwnice-ogolnego-i-specjalnego-przeznaczenia-1024x853.jpg\" alt=\"\" width=\"750\" height=\"625\" \/><\/a><\/p>","protected":false},"excerpt":{"rendered":"<p>Suwnica jest rodzajem d\u017awigu, d\u017awignicy przeznaczonej do transportu bliskiego pracuj\u0105cej w trybie ruchu przerywanego. Ten rodzaj d\u017awigu charakteryzuje si\u0119 prostot\u0105 rozwi\u0105za\u0144 konstrukcyjnych polegaj\u0105cym na wykorzystaniu poprzecznej belki metalowej jako mostu opartego w jego skrajnych punktach na szynach dzi\u0119ki kt\u00f3rym mo\u017cliwe jest jego przemieszczanie wzd\u0142u\u017c nich w obu kierunkach. Do mostu natomiast przymocowana jest wci\u0105garka (b\u0105d\u017a [&hellip;]<\/p>\n","protected":false},"author":3,"featured_media":2600,"parent":2266,"menu_order":0,"comment_status":"closed","ping_status":"closed","template":"","meta":{"footnotes":""},"class_list":["post-2599","page","type-page","status-publish","has-post-thumbnail","hentry"],"aioseo_notices":[],"_links":{"self":[{"href":"https:\/\/szkolenia-udt.pl\/nb\/wp-json\/wp\/v2\/pages\/2599","targetHints":{"allow":["GET"]}}],"collection":[{"href":"https:\/\/szkolenia-udt.pl\/nb\/wp-json\/wp\/v2\/pages"}],"about":[{"href":"https:\/\/szkolenia-udt.pl\/nb\/wp-json\/wp\/v2\/types\/page"}],"author":[{"embeddable":true,"href":"https:\/\/szkolenia-udt.pl\/nb\/wp-json\/wp\/v2\/users\/3"}],"replies":[{"embeddable":true,"href":"https:\/\/szkolenia-udt.pl\/nb\/wp-json\/wp\/v2\/comments?post=2599"}],"version-history":[{"count":7,"href":"https:\/\/szkolenia-udt.pl\/nb\/wp-json\/wp\/v2\/pages\/2599\/revisions"}],"predecessor-version":[{"id":4505,"href":"https:\/\/szkolenia-udt.pl\/nb\/wp-json\/wp\/v2\/pages\/2599\/revisions\/4505"}],"up":[{"embeddable":true,"href":"https:\/\/szkolenia-udt.pl\/nb\/wp-json\/wp\/v2\/pages\/2266"}],"wp:featuredmedia":[{"embeddable":true,"href":"https:\/\/szkolenia-udt.pl\/nb\/wp-json\/wp\/v2\/media\/2600"}],"wp:attachment":[{"href":"https:\/\/szkolenia-udt.pl\/nb\/wp-json\/wp\/v2\/media?parent=2599"}],"curies":[{"name":"wp","href":"https:\/\/api.w.org\/{rel}","templated":true}]}}