{"id":2609,"date":"2022-01-12T16:33:31","date_gmt":"2022-01-12T15:33:31","guid":{"rendered":"https:\/\/szkolenia-udt.pl\/?page_id=2609"},"modified":"2023-05-05T23:11:46","modified_gmt":"2023-05-05T21:11:46","slug":"sveiseteknikker","status":"publish","type":"page","link":"https:\/\/szkolenia-udt.pl\/nb\/kursy\/spawanie\/spawanie-metody-techniki\/","title":{"rendered":"Sveising. Metoder og teknikker."},"content":{"rendered":"<h2>Sveising. Teknikker for sammenf\u00f8yning av materialer.<\/h2>\n<h2>Hva er sveising?<\/h2>\n<p><a href=\"https:\/\/szkolenia-udt.pl\/wp-content\/uploads\/2022\/01\/canva-bez-tytulu-MAEPrJLAfoI.jpg\"><img loading=\"lazy\" decoding=\"async\" class=\"size-medium wp-image-2610 alignright\" src=\"https:\/\/szkolenia-udt.pl\/wp-content\/uploads\/2022\/01\/canva-bez-tytulu-MAEPrJLAfoI-300x200.jpg\" alt=\"Sveisemetoder. Definisjon. Beskrivelse av metoder.\" width=\"300\" height=\"200\" srcset=\"https:\/\/szkolenia-udt.pl\/wp-content\/uploads\/2022\/01\/canva-bez-tytulu-MAEPrJLAfoI-300x200.jpg 300w, https:\/\/szkolenia-udt.pl\/wp-content\/uploads\/2022\/01\/canva-bez-tytulu-MAEPrJLAfoI-1024x684.jpg 1024w, https:\/\/szkolenia-udt.pl\/wp-content\/uploads\/2022\/01\/canva-bez-tytulu-MAEPrJLAfoI-768x513.jpg 768w, https:\/\/szkolenia-udt.pl\/wp-content\/uploads\/2022\/01\/canva-bez-tytulu-MAEPrJLAfoI-1536x1025.jpg 1536w, https:\/\/szkolenia-udt.pl\/wp-content\/uploads\/2022\/01\/canva-bez-tytulu-MAEPrJLAfoI.jpg 1600w\" sizes=\"auto, (max-width: 300px) 100vw, 300px\" \/><\/a>Det er en m\u00e5te \u00e5 sammenf\u00f8ye metaller p\u00e5 ved \u00e5 varme dem opp og smelte dem med eller uten bruk av tilsatsmateriale. Varmekilden er vanligvis sveisebuen. Den skapes av str\u00f8mmen som genereres av sveiseapparatet.<\/p>\n<p>Vi kan skille mellom f\u00f8lgende typer sveising som den vanligste metoden for sammenf\u00f8yning av metaller:<\/p>\n<ul>\n<li>gass<\/li>\n<li>lysbuesveising med dekkede elektroder<\/li>\n<li>overbygd bue<\/li>\n<li>speedway<\/li>\n<\/ul>\n<p>I gassavskjerming, derimot, er disse:<\/p>\n<ul>\n<li>MIG<\/li>\n<li>TIG<\/li>\n<li>MAG<\/li>\n<li>plasma<\/li>\n<li>elektron<\/li>\n<\/ul>\n<h2>Beskrivelse av sveisemetoder og deres bruksomr\u00e5der<\/h2>\n<ul>\n<li>gass (metode 311)<\/li>\n<li>lysbuesveising med dekkelektrode (metode 111)<\/li>\n<li>overbygd bue<\/li>\n<li>I askeblokk<\/li>\n<\/ul>\n<h2>Sveisemetoder, beskrivelse av virkem\u00e5te og bruk:<\/h2>\n<h3>311 - gassveising<\/h3>\n<ul>\n<li>sammensmelting av kantene p\u00e5 sammenf\u00f8yde metaller ved oppvarming med en flamme av brennende brennbar gass<\/li>\n<li>foreg\u00e5r i en atmosf\u00e6re med tilf\u00f8rt oksygen.<\/li>\n<li>hovedsakelig acetylen brukes som brenngass<\/li>\n<\/ul>\n<p><strong>Anvendelse av metoden<\/strong><\/p>\n<p>Metoden brukes p\u00e5 alle typer st\u00e5l og ikke-jernholdige metaller.<\/p>\n<h3>111 - lysbuesveising med tildekkede elektroner<\/h3>\n<ul>\n<li>Metoden g\u00e5r ut p\u00e5 \u00e5 smelte metaller der de sammenf\u00f8yes ved hjelp av en elektrisk lysbue som genereres mellom arbeidsstykket og en tildekket elektrode.<\/li>\n<li>likestr\u00f8m eller vekselstr\u00f8m brukes til sveising<\/li>\n<li>Til denne metoden brukes tildekkede elektroder:<\/li>\n<li>sur (A)<\/li>\n<li>rutil (R)<\/li>\n<li>alkalisk (B)<\/li>\n<li>rutilsyre (RA)<\/li>\n<li>cellulose (C)<\/li>\n<li>rutil-cellulose (RC)<\/li>\n<li>andre<\/li>\n<\/ul>\n<p><strong>Anvendelse av metoden<\/strong><\/p>\n<p>Denne sveisemetoden brukes til sammenf\u00f8yning av ulegert, lavlegert og h\u00f8ylegert st\u00e5l, st\u00f8pest\u00e5l, st\u00f8pejern og ikke-jernholdige metaller.<\/p>\n<h3>135 - MAG-metoden (Metal Active Gas) - smeltesveising med aktiv gassbeskyttelse<\/h3>\n<ul>\n<li>lysbuesveising med en forbrukselektrode i et skjold av kjemisk aktive gasser eller gassblandinger.<\/li>\n<li>fast eller pulverisert tr\u00e5d (fyllstoff) anses som en smeltbar elektrode<\/li>\n<li>Karbondioksid eller gassblandinger best\u00e5ende av:\n<ul>\n<li>argon,<\/li>\n<li>oksygen,<\/li>\n<li>karbondioksid<\/li>\n<\/ul>\n<\/li>\n<\/ul>\n<p><strong>Anvendelse av metoden<\/strong><\/p>\n<p>MAG-metoden brukes til sveising av ulegert, lavlegert og h\u00f8ylegert st\u00e5l.<\/p>\n<h3>131 - MIG-metoden (Metal Insert Gas) - r\u00f8rbuesveising med beskyttelsesgasser<\/h3>\n<ul>\n<li>lysbuesveising med elektroder med massiv tr\u00e5d i en inertgassbeskyttelse.<\/li>\n<li>Som i MAG-metoden fungerer tr\u00e5den ogs\u00e5 som et bindemiddel. Det er en elektrodetr\u00e5d<\/li>\n<li>MIG-sveiseprosessen bruker edle beskyttelsesgasser som argon og helium og blandinger av disse.<\/li>\n<\/ul>\n<p><strong>Anvendelse av metoden<\/strong><\/p>\n<p>Vi bruker den til sveising av uavhengige metaller.<\/p>\n<h3>141 - TIG-metoden - sveising med ikke-smeltbar elektrode under inertgassdeksel<\/h3>\n<ul>\n<li>lysbuesveising med en ikke-smeltbar elektrode i en inertgassbeskyttelse.<\/li>\n<li>gassene som brukes til \u00e5 dekke sveiseomr\u00e5det ved TIG-sveising, er argon, helium eller en blanding av disse (som ved MIG-sveising)<\/li>\n<\/ul>\n<p><strong>Anvendelse av metoden<\/strong><\/p>\n<p>TIG-sveising brukes til sammenf\u00f8yning av lav- og h\u00f8ylegert st\u00e5l og ikke-jernholdige metaller (kobber, aluminium, magnesium og legeringer av disse samt nikkel). TIG-metoden er en av de mest effektive metodene, men gir h\u00f8y kvalitet og presis utf\u00f8relse.<\/p>\n<h2>Hvor mye tjener en sveiser i Polen og i utlandet?<\/h2>\n<p>Tall for 2021:<\/p>\n<p><strong>Polen<\/strong><\/p>\n<table width=\"642\">\n<tbody>\n<tr>\n<td width=\"321\">Nybegynner<\/td>\n<td width=\"321\">3 000 PLN per m\u00e5ned<\/td>\n<\/tr>\n<tr>\n<td width=\"321\">Erfarne<\/td>\n<td width=\"321\">PLN 5000 per m\u00e5ned<\/td>\n<\/tr>\n<\/tbody>\n<\/table>\n<p><strong>I utlandet<\/strong><\/p>\n<table>\n<tbody>\n<tr>\n<td width=\"321\">Tyskland<\/td>\n<td width=\"321\">EUR 5 000 per m\u00e5ned<\/td>\n<\/tr>\n<tr>\n<td width=\"321\">USA<\/td>\n<td width=\"321\">USD 25 000 per m\u00e5ned<\/td>\n<\/tr>\n<tr>\n<td width=\"321\">Nederland<\/td>\n<td width=\"321\">EUR 3 000 - 4 000 per m\u00e5ned<\/td>\n<\/tr>\n<tr>\n<td width=\"321\">Sveits<\/td>\n<td width=\"321\">EUR 6 000 per m\u00e5ned<\/td>\n<\/tr>\n<\/tbody>\n<\/table>\n<p>&nbsp;<\/p>\n<p>OSO arrangerer sveisekurs i TIG-, MAG- og MIG-metoder.<\/p>\n<p><a href=\"https:\/\/szkolenia-udt.pl\/wp-content\/uploads\/2022\/01\/0072-oso.edu_.pl-1.jpg\"><img loading=\"lazy\" decoding=\"async\" class=\"alignnone wp-image-2611 size-large\" src=\"https:\/\/szkolenia-udt.pl\/wp-content\/uploads\/2022\/01\/0072-oso.edu_.pl-1-1024x853.jpg\" alt=\"Inntektene til en sveiser i Polen og i utlandet.\" width=\"750\" height=\"625\" srcset=\"https:\/\/szkolenia-udt.pl\/wp-content\/uploads\/2022\/01\/0072-oso.edu_.pl-1-1024x853.jpg 1024w, https:\/\/szkolenia-udt.pl\/wp-content\/uploads\/2022\/01\/0072-oso.edu_.pl-1-300x250.jpg 300w, https:\/\/szkolenia-udt.pl\/wp-content\/uploads\/2022\/01\/0072-oso.edu_.pl-1-768x640.jpg 768w, https:\/\/szkolenia-udt.pl\/wp-content\/uploads\/2022\/01\/0072-oso.edu_.pl-1.jpg 1200w\" sizes=\"auto, (max-width: 750px) 100vw, 750px\" \/><\/a><\/p>","protected":false},"excerpt":{"rendered":"<p>Spawanie. Techniki \u0142\u0105czenia materia\u0142\u00f3w. Czym jest spawanie? To spos\u00f3b \u0142\u0105czenia metali przez nagrzanie ich oraz stopienie za pomoc\u0105 spoiwa lub bez jego zastosowania. \u0179r\u00f3d\u0142em ciep\u0142a jest zazwyczaj \u0142uk spawalniczy. Powstaje on dzi\u0119ki pr\u0105dowi, kt\u00f3ry jest generowany przez urz\u0105dzenie spawalnicze. Rozr\u00f3\u017cni\u0107 mo\u017cemy nast\u0119puj\u0105ce rodzaje spawania jako najbardziej powszechnej metody \u0142\u0105czenia metali: gazowe \u0142ukowe elektrodami otulonymi \u0142ukiem [&hellip;]<\/p>\n","protected":false},"author":3,"featured_media":2610,"parent":2583,"menu_order":0,"comment_status":"closed","ping_status":"closed","template":"","meta":{"footnotes":""},"class_list":["post-2609","page","type-page","status-publish","has-post-thumbnail","hentry"],"aioseo_notices":[],"_links":{"self":[{"href":"https:\/\/szkolenia-udt.pl\/nb\/wp-json\/wp\/v2\/pages\/2609","targetHints":{"allow":["GET"]}}],"collection":[{"href":"https:\/\/szkolenia-udt.pl\/nb\/wp-json\/wp\/v2\/pages"}],"about":[{"href":"https:\/\/szkolenia-udt.pl\/nb\/wp-json\/wp\/v2\/types\/page"}],"author":[{"embeddable":true,"href":"https:\/\/szkolenia-udt.pl\/nb\/wp-json\/wp\/v2\/users\/3"}],"replies":[{"embeddable":true,"href":"https:\/\/szkolenia-udt.pl\/nb\/wp-json\/wp\/v2\/comments?post=2609"}],"version-history":[{"count":4,"href":"https:\/\/szkolenia-udt.pl\/nb\/wp-json\/wp\/v2\/pages\/2609\/revisions"}],"predecessor-version":[{"id":4849,"href":"https:\/\/szkolenia-udt.pl\/nb\/wp-json\/wp\/v2\/pages\/2609\/revisions\/4849"}],"up":[{"embeddable":true,"href":"https:\/\/szkolenia-udt.pl\/nb\/wp-json\/wp\/v2\/pages\/2583"}],"wp:featuredmedia":[{"embeddable":true,"href":"https:\/\/szkolenia-udt.pl\/nb\/wp-json\/wp\/v2\/media\/2610"}],"wp:attachment":[{"href":"https:\/\/szkolenia-udt.pl\/nb\/wp-json\/wp\/v2\/media?parent=2609"}],"curies":[{"name":"wp","href":"https:\/\/api.w.org\/{rel}","templated":true}]}}