{"id":2615,"date":"2022-01-14T01:07:11","date_gmt":"2022-01-14T00:07:11","guid":{"rendered":"https:\/\/szkolenia-udt.pl\/?page_id=2615"},"modified":"2022-10-21T16:13:47","modified_gmt":"2022-10-21T14:13:47","slug":"sveisemetode","status":"publish","type":"page","link":"https:\/\/szkolenia-udt.pl\/nb\/kursy\/spawanie\/spawanie-metody\/","title":{"rendered":"Sveising - metoder"},"content":{"rendered":"<p><span data-contrast=\"auto\"><a href=\"https:\/\/szkolenia-udt.pl\/wp-content\/uploads\/2022\/01\/screen_2x-6.jpg\"><img loading=\"lazy\" decoding=\"async\" class=\"size-medium wp-image-2618 alignright\" src=\"https:\/\/szkolenia-udt.pl\/wp-content\/uploads\/2022\/01\/screen_2x-6-300x200.jpg\" alt=\"\" width=\"300\" height=\"200\" srcset=\"https:\/\/szkolenia-udt.pl\/wp-content\/uploads\/2022\/01\/screen_2x-6-300x200.jpg 300w, https:\/\/szkolenia-udt.pl\/wp-content\/uploads\/2022\/01\/screen_2x-6-1024x684.jpg 1024w, https:\/\/szkolenia-udt.pl\/wp-content\/uploads\/2022\/01\/screen_2x-6-768x513.jpg 768w, https:\/\/szkolenia-udt.pl\/wp-content\/uploads\/2022\/01\/screen_2x-6-1536x1025.jpg 1536w, https:\/\/szkolenia-udt.pl\/wp-content\/uploads\/2022\/01\/screen_2x-6.jpg 1600w\" sizes=\"auto, (max-width: 300px) 100vw, 300px\" \/><\/a>Vi forbinder hovedsakelig sveising med metoder for sammenf\u00f8yning av materialer ved h\u00f8ye temperaturer ved hjelp av gasser eller elektrisitet, for eksempel gassveising eller lysbuesveising. Det finnes imidlertid ogs\u00e5 andre sveisemetoder som er en del av sveisefaget. Disse inkluderer teknikker:<\/span><span data-ccp-props=\"{&quot;201341983&quot;:0,&quot;335559739&quot;:160,&quot;335559740&quot;:259}\">\u00a0<\/span><\/p>\n<ul>\n<li data-leveltext=\"\uf0b7\" data-font=\"Symbol\" data-listid=\"1\" aria-setsize=\"-1\" data-aria-posinset=\"1\" data-aria-level=\"1\"><span data-contrast=\"auto\">elektrisk motstandssveising<\/span><span data-ccp-props=\"{&quot;134233279&quot;:true,&quot;201341983&quot;:0,&quot;335559739&quot;:160,&quot;335559740&quot;:259}\">\u00a0<\/span><\/li>\n<li data-leveltext=\"\uf0b7\" data-font=\"Symbol\" data-listid=\"1\" aria-setsize=\"-1\" data-aria-posinset=\"2\" data-aria-level=\"1\"><span data-contrast=\"auto\">friksjonssveising<\/span><span data-ccp-props=\"{&quot;134233279&quot;:true,&quot;201341983&quot;:0,&quot;335559739&quot;:160,&quot;335559740&quot;:259}\">\u00a0<\/span><\/li>\n<li data-leveltext=\"\uf0b7\" data-font=\"Symbol\" data-listid=\"1\" aria-setsize=\"-1\" data-aria-posinset=\"3\" data-aria-level=\"1\"><span data-contrast=\"auto\">lodding<\/span><span data-ccp-props=\"{&quot;134233279&quot;:true,&quot;201341983&quot;:0,&quot;335559739&quot;:160,&quot;335559740&quot;:259}\">\u00a0<\/span><\/li>\n<li data-leveltext=\"\uf0b7\" data-font=\"Symbol\" data-listid=\"1\" aria-setsize=\"-1\" data-aria-posinset=\"4\" data-aria-level=\"1\"><span data-contrast=\"auto\">binding<\/span><span data-ccp-props=\"{&quot;134233279&quot;:true,&quot;201341983&quot;:0,&quot;335559739&quot;:160,&quot;335559740&quot;:259}\">\u00a0<\/span><\/li>\n<\/ul>\n<h2><span data-contrast=\"auto\">ELEKTRISK SVEISING<\/span><span data-ccp-props=\"{&quot;201341983&quot;:0,&quot;335559739&quot;:160,&quot;335559740&quot;:259}\">\u00a0<\/span><\/h2>\n<p><span data-contrast=\"auto\">I denne metoden sammenf\u00f8yes materialene lokalt ved hjelp av trykk, ledsaget av oppvarming eller smelting av materialene, ved hjelp av varmen fra en elektrisk motstandsstr\u00f8m som flyter gjennom dem, ved hjelp av Joule - Lenz-relasjonen. Det er ikke behov for andre materialer som bindemiddel. Denne metoden brukes oftest ved sammenf\u00f8yning av metallplater, seksjoner eller deler i design av en bestemt konstruksjon. Kvaliteten p\u00e5 sveiseskj\u00f8ten p\u00e5virkes i stor grad av varmemengden og kontakttrykket, der det tas hensyn til motstanden i delene som skal sveises, kontaktmotstanden mellom delene og materialet og sveiseelektroden. Disse faktorene bestemmer varmemengden som kreves, str\u00f8mstyrken som brukes og lengden p\u00e5 sveiseoperasjonen som utf\u00f8res i en bestemt prosess. De mest brukte metodene for elektrisk sveising er<\/span><span data-ccp-props=\"{&quot;201341983&quot;:0,&quot;335559739&quot;:160,&quot;335559740&quot;:259}\">\u00a0<\/span><\/p>\n<ul>\n<li data-leveltext=\"\uf0b7\" data-font=\"Symbol\" data-listid=\"2\" aria-setsize=\"-1\" data-aria-posinset=\"1\" data-aria-level=\"1\"><span data-contrast=\"auto\">punkt<\/span><span data-ccp-props=\"{&quot;134233279&quot;:true,&quot;201341983&quot;:0,&quot;335559739&quot;:160,&quot;335559740&quot;:259}\">\u00a0<\/span><\/li>\n<li data-leveltext=\"\uf0b7\" data-font=\"Symbol\" data-listid=\"2\" aria-setsize=\"-1\" data-aria-posinset=\"2\" data-aria-level=\"1\"><span data-contrast=\"auto\">line\u00e6r<\/span><span data-ccp-props=\"{&quot;134233279&quot;:true,&quot;201341983&quot;:0,&quot;335559739&quot;:160,&quot;335559740&quot;:259}\">\u00a0<\/span><\/li>\n<li data-leveltext=\"\uf0b7\" data-font=\"Symbol\" data-listid=\"2\" aria-setsize=\"-1\" data-aria-posinset=\"3\" data-aria-level=\"1\"><span data-contrast=\"auto\">rumpe<\/span><span data-ccp-props=\"{&quot;134233279&quot;:true,&quot;201341983&quot;:0,&quot;335559739&quot;:160,&quot;335559740&quot;:259}\">\u00a0<\/span><\/li>\n<li data-leveltext=\"\uf0b7\" data-font=\"Symbol\" data-listid=\"2\" aria-setsize=\"-1\" data-aria-posinset=\"3\" data-aria-level=\"1\"><span data-contrast=\"auto\">pukkelrygg<\/span><span data-ccp-props=\"{&quot;134233279&quot;:true,&quot;201341983&quot;:0,&quot;335559739&quot;:160,&quot;335559740&quot;:259}\">\u00a0<\/span><\/li>\n<\/ul>\n<p><span data-contrast=\"auto\">Hvilken metode som er best egnet, avhenger av hvilke konstruksjonsl\u00f8sninger som skal brukes. Motstandssveising er mye brukt i industrien p\u00e5 grunn av det brede spekteret av materialer som kan sammenf\u00f8yes ved hjelp av denne metoden. Blant disse er jernholdige og ikke-jernholdige metaller, karbonst\u00e5l, legert st\u00e5l og h\u00f8ylegert st\u00e5l, aluminium, nikkel, kobber, titan og legeringer av disse. St\u00e5lplater med sink-, aluminium- eller kadmiumbelegg kan ogs\u00e5 sammenf\u00f8yes.<\/span><span data-ccp-props=\"{&quot;201341983&quot;:0,&quot;335559739&quot;:160,&quot;335559740&quot;:259}\">\u00a0<\/span><\/p>\n<h2><span data-contrast=\"auto\">FRIKSJONSSVEISING<\/span><span data-ccp-props=\"{&quot;201341983&quot;:0,&quot;335559739&quot;:160,&quot;335559740&quot;:259}\">\u00a0<\/span><\/h2>\n<p><span data-contrast=\"auto\">I denne metoden bindes komponentene sammen ved hjelp av temperaturen som genereres av friksjonen mellom overflatene deres. I denne prosessen immobiliseres en av komponentene, og den andre settes i en roterende bevegelse i forhold til deres felles akse samtidig som det p\u00e5f\u00f8res trykk.  Denne teknikken utnytter fenomenet kryping og partikkelspredning p\u00e5 det punktet der faste materialer sammenf\u00f8yes. I operasjonen som utf\u00f8res, f\u00e5r vi energi som omdannes til den varmen som trengs for \u00e5 varme opp overflatene p\u00e5 metallene som sammenf\u00f8yes, til en temperatur som ligger n\u00e6r smeltepunktet for det aktuelle materialet. Temperaturen styres av energien som tilf\u00f8res fra klemmekraften, i henhold til f\u00f8lgende formel: h\u00f8yere klemmekraft = h\u00f8yere energitilf\u00f8rsel = h\u00f8yere temperatur. N\u00e5r tilstrekkelig duktilitet er oppn\u00e5dd som f\u00f8lge av friksjon, immobiliseres gjenstandene som skal sammenf\u00f8yes, og utsettes deretter for en kontaktkraft som i de fleste tilfeller er st\u00f8rre enn kontaktkraften som brukes i prosessen med \u00e5 varme opp kontaktflatene. Friksjonssveising er en relativt ny teknologi som dukket opp i andre halvdel av forrige \u00e5rhundre, men som n\u00e5 brukes i stor skala i metallindustrien, s\u00e6rlig i h\u00f8yvolumproduksjoner som verkt\u00f8y, bildeler og aluminiumsfelger. Teknologien blir stadig forsket p\u00e5 og forbedret, med nye og stadig mer utbredte bruksomr\u00e5der.<\/span><span data-ccp-props=\"{&quot;201341983&quot;:0,&quot;335559739&quot;:160,&quot;335559740&quot;:259}\">\u00a0<\/span><\/p>\n<h2><span data-contrast=\"auto\">BUTTING<\/span><span data-ccp-props=\"{&quot;201341983&quot;:0,&quot;335559739&quot;:160,&quot;335559740&quot;:259}\">\u00a0<\/span><\/h2>\n<p><span data-contrast=\"auto\">Det er en annen prosess enn sveising og inneb\u00e6rer at komponenter sammenf\u00f8yes uten \u00e5 smelte dem. Det er bare tilsatsmaterialet som smeltes. Materialet som brukes til sammenf\u00f8yningen, m\u00e5 ha et lavere smeltepunkt enn komponentene som skal loddes. Det mest brukte sammenf\u00f8yningsmaterialet i loddeprosessen er flussmiddel og loddetinn. Et viktig og karakteristisk trekk ved denne teknikken er avstanden mellom komponentene som skal loddes, kalt loddespalten, og dens kapill\u00e6re egenskaper. Det vil si det flytende loddets evne til \u00e5 fylle spalten, som er n\u00e6rt knyttet til det indre trykket i spalten og omgivelsestrykket. Bredden p\u00e5 sveisespalten har st\u00f8rst innvirkning p\u00e5 kapillariteten, i tillegg til loddets tetthet og viskositet og overflatespenningen. Hvis sammenf\u00f8yningsprosessen inneb\u00e6rer en ikke-kapill\u00e6r spalte eller fasing av delene som skal sveises, kalles operasjonen lodding. Lodding kan deles inn i to metoder avhengig av temperaturene som brukes i prosessen. Myk lodding, der sammenf\u00f8yningen skjer ved temperaturer opp til 450 \u00b0C, og lodding, der prosessen foreg\u00e5r ved temperaturer over 450 \u00b0C. Lodding er en av de mest popul\u00e6re og eldste teknikkene for sammenf\u00f8yning av materialer, kjent helt tilbake til 5000 f.Kr. I arkeologien har vi mange eksempler p\u00e5 gjenstander i form av ornamenter eller smykker som er laget av edle metaller ved hjelp av denne teknologien. I dag er lodding den mest brukte sammenf\u00f8yningsmetoden ved siden av sveising. Vi bruker den b\u00e5de til metaller og ikke-metaller, som keramikk, glass, grafitt og mange andre, og ikke bare i homogene sammenf\u00f8yninger, men ogs\u00e5 til sammenf\u00f8yning av strukturelt forskjellige materialer.<\/span><span data-ccp-props=\"{&quot;201341983&quot;:0,&quot;335559739&quot;:160,&quot;335559740&quot;:259}\">\u00a0<\/span><\/p>\n<h2><span data-contrast=\"auto\">GLUING<\/span><span data-ccp-props=\"{&quot;201341983&quot;:0,&quot;335559739&quot;:160,&quot;335559740&quot;:259}\">\u00a0<\/span><\/h2>\n<p><span data-contrast=\"auto\">Det er en prosess der man sammenf\u00f8yer ulike materialer ved hjelp av et ikke-metallisk stoff som bindemiddel i form av et lim. Valget av riktig lim er en spesielt viktig teknologisk faktor, ettersom det er avgj\u00f8rende for sammenf\u00f8yningens funksjonalitet p\u00e5 grunn av dets betydelige innflytelse p\u00e5 sammenf\u00f8yningens mekaniske styrke, motstandsdyktighet mot h\u00f8ye temperaturer, elastisitet og holdbarhet under ugunstige milj\u00f8forhold. For \u00e5 oppn\u00e5 den rette sammenf\u00f8yningen m\u00e5 vi ta hensyn til typen materialer som skal sammenf\u00f8yes i en gitt teknologisk prosess, med tanke p\u00e5 konstruksjonstype og form\u00e5l, samt driftsbetingelsenes innvirkning p\u00e5 sammenf\u00f8yningens funksjon. Det f\u00f8rste trinnet i liming er riktig forberedelse av elementene som skal sammenf\u00f8yes, noe som p\u00e5virker kvaliteten og egenskapene til sammenf\u00f8yningen. Et viktig element i limingsprosessen er metoden for p\u00e5f\u00f8ring av limet, enten dette gj\u00f8res manuelt eller mekanisk. Det er viktig at tykkelsen p\u00e5 limlaget som p\u00e5f\u00f8res er riktig, og at det fordeles jevnt over overflatene som skal sammenf\u00f8yes. Metoden for p\u00e5f\u00f8ring av limet velges ut fra limets egenskaper, for eksempel viskositet, konsistens og brukstid. Avhengig av limtype og bruksomr\u00e5de p\u00e5f\u00f8res limet p\u00e5 den ene eller begge overflatene som skal sammenf\u00f8yes, med punkt, linje, sting eller flate. Det siste elementet i limingsprosessen er herding. Herdingen avhenger av typen lim som brukes, og kan skje gjennom en fysisk prosess eller en kjemisk reaksjon ved hjelp av varme eller ultrafiolett str\u00e5ling. Tid, temperatur, trykk og immobilisering av delene som skal limes, er viktig for herdingen.<\/span><span data-ccp-props=\"{&quot;201341983&quot;:0,&quot;335559739&quot;:160,&quot;335559740&quot;:259}\">\u00a0<\/span><\/p>\n<p><a href=\"https:\/\/szkolenia-udt.pl\/wp-content\/uploads\/2022\/01\/0072-oso.edu_.pl-1.jpg\"><img loading=\"lazy\" decoding=\"async\" class=\"aligncenter wp-image-2611 size-large\" src=\"https:\/\/szkolenia-udt.pl\/wp-content\/uploads\/2022\/01\/0072-oso.edu_.pl-1-1024x853.jpg\" alt=\"Inntektene til en sveiser i Polen og i utlandet.\" width=\"750\" height=\"625\" srcset=\"https:\/\/szkolenia-udt.pl\/wp-content\/uploads\/2022\/01\/0072-oso.edu_.pl-1-1024x853.jpg 1024w, https:\/\/szkolenia-udt.pl\/wp-content\/uploads\/2022\/01\/0072-oso.edu_.pl-1-300x250.jpg 300w, https:\/\/szkolenia-udt.pl\/wp-content\/uploads\/2022\/01\/0072-oso.edu_.pl-1-768x640.jpg 768w, https:\/\/szkolenia-udt.pl\/wp-content\/uploads\/2022\/01\/0072-oso.edu_.pl-1.jpg 1200w\" sizes=\"auto, (max-width: 750px) 100vw, 750px\" \/><\/a><\/p>","protected":false},"excerpt":{"rendered":"<p>Spawanie kojarzy si\u0119 nam g\u0142\u00f3wnie z metodami \u0142\u0105czenia materia\u0142\u00f3w w wysokich temperaturach z u\u017cyciem gaz\u00f3w czy pr\u0105du, takimi jak spawanie gazowe czy spawanie z u\u017cyciem \u0142uku elektrycznego. Istniej\u0105 jednak inne metody spajania, kt\u00f3re wchodz\u0105 w sk\u0142ad zagadnienia jakim jest spawalnictwo. Nale\u017c\u0105 do nich techniki:\u00a0 zgrzewanie elektryczne oporowe\u00a0 zgrzewanie tarciowe\u00a0 lutowanie\u00a0 klejenie\u00a0 ZGRZEWANIE ELEKTRYCZNE\u00a0 W metodzie [&hellip;]<\/p>\n","protected":false},"author":3,"featured_media":2618,"parent":2583,"menu_order":0,"comment_status":"closed","ping_status":"closed","template":"","meta":{"footnotes":""},"class_list":["post-2615","page","type-page","status-publish","has-post-thumbnail","hentry"],"aioseo_notices":[],"_links":{"self":[{"href":"https:\/\/szkolenia-udt.pl\/nb\/wp-json\/wp\/v2\/pages\/2615","targetHints":{"allow":["GET"]}}],"collection":[{"href":"https:\/\/szkolenia-udt.pl\/nb\/wp-json\/wp\/v2\/pages"}],"about":[{"href":"https:\/\/szkolenia-udt.pl\/nb\/wp-json\/wp\/v2\/types\/page"}],"author":[{"embeddable":true,"href":"https:\/\/szkolenia-udt.pl\/nb\/wp-json\/wp\/v2\/users\/3"}],"replies":[{"embeddable":true,"href":"https:\/\/szkolenia-udt.pl\/nb\/wp-json\/wp\/v2\/comments?post=2615"}],"version-history":[{"count":5,"href":"https:\/\/szkolenia-udt.pl\/nb\/wp-json\/wp\/v2\/pages\/2615\/revisions"}],"predecessor-version":[{"id":3426,"href":"https:\/\/szkolenia-udt.pl\/nb\/wp-json\/wp\/v2\/pages\/2615\/revisions\/3426"}],"up":[{"embeddable":true,"href":"https:\/\/szkolenia-udt.pl\/nb\/wp-json\/wp\/v2\/pages\/2583"}],"wp:featuredmedia":[{"embeddable":true,"href":"https:\/\/szkolenia-udt.pl\/nb\/wp-json\/wp\/v2\/media\/2618"}],"wp:attachment":[{"href":"https:\/\/szkolenia-udt.pl\/nb\/wp-json\/wp\/v2\/media?parent=2615"}],"curies":[{"name":"wp","href":"https:\/\/api.w.org\/{rel}","templated":true}]}}