{"id":2627,"date":"2022-02-02T22:50:09","date_gmt":"2022-02-02T21:50:09","guid":{"rendered":"https:\/\/szkolenia-udt.pl\/?page_id=2627"},"modified":"2023-03-24T19:48:23","modified_gmt":"2023-03-24T18:48:23","slug":"konstruksjon-av-kraner","status":"publish","type":"page","link":"https:\/\/szkolenia-udt.pl\/nb\/kursy\/suwnice\/budowa-suwnic\/","title":{"rendered":"Kranf\u00f8rer- og vedlikeholdskurs"},"content":{"rendered":"<h2 class=\"wp-block-heading\">Kurs i drift og vedlikehold av traverskraner<\/h2>\n\n\n<div class=\"wp-block-image\">\n<figure class=\"alignleft size-large is-resized\"><a href=\"https:\/\/szkolenia-udt.pl\/wp-content\/uploads\/2022\/02\/s2.jpg\"><img loading=\"lazy\" decoding=\"async\" src=\"https:\/\/szkolenia-udt.pl\/wp-content\/uploads\/2022\/02\/s2-1024x684.jpg\" alt=\"kran p\u00e5 lager\" class=\"wp-image-2628\" width=\"512\" height=\"342\" srcset=\"https:\/\/szkolenia-udt.pl\/wp-content\/uploads\/2022\/02\/s2-1024x684.jpg 1024w, https:\/\/szkolenia-udt.pl\/wp-content\/uploads\/2022\/02\/s2-300x200.jpg 300w, https:\/\/szkolenia-udt.pl\/wp-content\/uploads\/2022\/02\/s2-768x513.jpg 768w, https:\/\/szkolenia-udt.pl\/wp-content\/uploads\/2022\/02\/s2.jpg 1493w\" sizes=\"auto, (max-width: 512px) 100vw, 512px\" \/><\/a><\/figure>\n<\/div>\n\n\n<p><a href=\"https:\/\/szkolenia-udt.pl\/nb\/kursy\/suwnice\/\">Traverskran<\/a> er en type kranutstyr som brukes til \u00e5 l\u00f8fte, senke og flytte laster ved hjelp av vinsjer eller taljer. Det brukes blant annet i monterings-, transport-, h\u00e5ndterings- og produksjonsprosesser. Ved \u00e5 melde deg p\u00e5 v\u00e5rt sertifikatkurs i kranbetjening og -vedlikehold kan du forvente \u00e5 f\u00e5 omfattende oppl\u00e6ring for \u00e5 jobbe i disse stillingene\u00a0\u00a0<\/p>\n\n\n\n<h2 class=\"wp-block-heading\"><strong>Om oss<\/strong> <strong>CSO<\/strong>\u00a0<\/h2>\n\n\n\n<p>Sivilsamfunnsorganisasjoner er <a href=\"https:\/\/szkolenia-udt.pl\/nb\/o-firmie\/\">sentrum<\/a> oppl\u00e6ringskurs med mange \u00e5rs erfaring i bransjen, kvalifiserte instrukt\u00f8rer og hundrevis av forn\u00f8yde kursdeltakere. Kursene v\u00e5re best\u00e5r av en forelesningsdel, der det undervises i fagstoffet, og en praktisk del, der kursdeltakeren l\u00e6rer \u00e5 betjene maskinene p\u00e5 et spesielt man\u00f8vreringsomr\u00e5de.&nbsp;<\/p>\n\n\n\n<h2 class=\"wp-block-heading\"><strong>Omfanget av oppl\u00e6ringen<\/strong>&nbsp;<\/h2>\n\n\n\n<p>Oppl\u00e6ringsprogrammet omfatter blant annet emner om:&nbsp;<\/p>\n\n\n\n<ul class=\"dwiekolumny wp-block-list\">\n<li>regler for helse og sikkerhet,&nbsp;&nbsp;<\/li>\n\n\n\n<li>teknisk tilsyn med kraner,&nbsp;&nbsp;<\/li>\n\n\n\n<li>konstruksjon av utstyr,&nbsp;&nbsp;<\/li>\n\n\n\n<li>prinsipper for korrekt bruk&nbsp;&nbsp;<\/li>\n\n\n\n<li>kranf\u00f8rer- og vedlikeholdsoppgaver.&nbsp;<\/li>\n<\/ul>\n\n\n\n<h2 class=\"wp-block-heading\"><strong>Krav<\/strong>&nbsp;<\/h2>\n\n\n\n<p>Alt du trenger \u00e5 gj\u00f8re for \u00e5 delta p\u00e5 kurset v\u00e5rt er:&nbsp;<\/p>\n\n\n\n<ul class=\"wp-block-list\">\n<li>v\u00e6re over 18 \u00e5r,&nbsp;<\/li>\n\n\n\n<li>har i det minste en grunnleggende utdanning,&nbsp;<\/li>\n\n\n\n<li>ikke har medisinske kontraindikasjoner mot \u00e5 betjene eller vedlikeholde denne typen maskiner.&nbsp;<\/li>\n<\/ul>\n\n\n\n<h2 class=\"wp-block-heading\"><strong>Kjennetegn ved kranutstyr<\/strong>&nbsp;<\/h2>\n\n\n\n<h4 class=\"wp-block-heading\">Komponenter til mekanisk utstyr:&nbsp;<\/h4>\n\n\n<div class=\"wp-block-image\">\n<figure class=\"alignright size-large is-resized\"><a href=\"https:\/\/szkolenia-udt.pl\/wp-content\/uploads\/2022\/02\/s2-1.jpg\"><img loading=\"lazy\" decoding=\"async\" src=\"https:\/\/szkolenia-udt.pl\/wp-content\/uploads\/2022\/02\/s2-1-1024x684.jpg\" alt=\"betjening av kranen\" class=\"wp-image-2631\" width=\"512\" height=\"342\" srcset=\"https:\/\/szkolenia-udt.pl\/wp-content\/uploads\/2022\/02\/s2-1-1024x684.jpg 1024w, https:\/\/szkolenia-udt.pl\/wp-content\/uploads\/2022\/02\/s2-1-300x200.jpg 300w, https:\/\/szkolenia-udt.pl\/wp-content\/uploads\/2022\/02\/s2-1-768x513.jpg 768w, https:\/\/szkolenia-udt.pl\/wp-content\/uploads\/2022\/02\/s2-1-1536x1026.jpg 1536w, https:\/\/szkolenia-udt.pl\/wp-content\/uploads\/2022\/02\/s2-1.jpg 1549w\" sizes=\"auto, (max-width: 512px) 100vw, 512px\" \/><\/a><\/figure>\n<\/div>\n\n\n<ul class=\"wp-block-list\">\n<li><strong>l\u00f8pebane og frontender<\/strong> - elementer i drivmekanismen,&nbsp;<\/li>\n\n\n\n<li><strong>kj\u00f8revogn<\/strong> - motor, girkasse,&nbsp;<\/li>\n\n\n\n<li><strong>bro<\/strong> - trolleyspor inkludert buffere,&nbsp;<\/li>\n\n\n\n<li><strong>L\u00f8ftemekanisme<\/strong> - utstyrt med et hus som inneholder drivmotor, krok og krokblokk, st\u00e5ltau med f\u00f8ringsring, girkasse, rillet eller kjedet line\u00e6r trommel og stang med buffere og endebryter.&nbsp;<\/li>\n<\/ul>\n\n\n\n<h4 class=\"wp-block-heading\">Komponenter til elektrisk utstyr:&nbsp;<\/h4>\n\n\n\n<ul class=\"wp-block-list\">\n<li><strong>Krankobling og kraftkobling<\/strong> - brukes til \u00e5 sl\u00e5 den totale str\u00f8mforsyningen av og p\u00e5,&nbsp;<\/li>\n\n\n\n<li><strong>Troll<\/strong> - n\u00e5v\u00e6rende samlere,&nbsp;<\/li>\n\n\n\n<li><strong>kontrollanheng<\/strong> - brukes til \u00e5 styre enheten,\u00a0<\/li>\n\n\n\n<li><strong>kontrollskap <\/strong>- koblingsanlegget p\u00e5 drivboggien og det elektriske koblingsskapet p\u00e5 broen,\u00a0<\/li>\n\n\n\n<li><strong>Grensebrytere<\/strong>.&nbsp;<\/li>\n<\/ul>\n\n\n\n<h2 class=\"wp-block-heading\"><strong>Form\u00e5l med kraner<\/strong>&nbsp;<\/h2>\n\n\n\n<p>Kranenes funksjonalitet sikres av deres h\u00f8ye design, som tillater ulike og frie kombinasjoner av bevegelser. Ved hjelp av dem kan tunge materialer transporteres og flyttes. Disse kranene brukes blant annet i haller, lagerbygninger og fabrikker. Bruksomr\u00e5det avhenger av de tekniske parametrene og konstruksjonstypen:\u00a0<\/p>\n\n\n\n<ul class=\"wp-block-list\">\n<li><strong>prosesskraner<\/strong> - er fullt ut tilpasset det p\u00e5g\u00e5ende arbeidet,\u00a0<\/li>\n\n\n\n<li><strong>spesialiserte kraner<\/strong> - er skreddersydd for \u00e5 utf\u00f8re spesifikke aktiviteter i forbindelse med oppdrag,\u00a0<\/li>\n\n\n\n<li><strong>flerbrukskraner<\/strong> - kalt kroker, brukes til en rekke oppgaver.\u00a0<\/li>\n<\/ul>\n\n\n\n<p>Andre typer kraner inkluderer:&nbsp;<\/p>\n\n\n\n<ul class=\"wp-block-list\">\n<li><strong>Portalkraner<\/strong> - er konstruert av en plattform som er hengt opp fra portalens sidebroer, som koblingsanordningen beveger seg over og er montert utvendig,\u00a0<\/li>\n\n\n\n<li><strong>traverskraner<\/strong> - som best\u00e5r av en fagverksplattform plassert p\u00e5 skinner med en bevegelig kobling, installeres oftest i produksjonshaller,\u00a0<\/li>\n\n\n\n<li><strong>traverskraner<\/strong> - er beregnet for montering under takkonstruksjonen i haller og lagerbygninger.\u00a0<\/li>\n<\/ul>\n\n\n\n<h2 class=\"wp-block-heading\"><strong>Kontrollmetoder for kraner<\/strong>&nbsp;<\/h2>\n\n\n\n<p>Kraner varierer i m\u00e5ten de styres p\u00e5. Tradisjonelle kraner styres manuelt ved hjelp av et anheng eller et kontrollpanel. Automatisering har muliggjort halvautomatisk eller helautomatisk drift. En traverskran som er utstyrt med et styresystem, kan forh\u00e5ndsprogrammeres og deretter utf\u00f8re oppgaven selv. De som opererer helt uten operat\u00f8rens innblanding, er forh\u00e5ndsprogrammert i hele driftsalgoritmen.\u00a0<\/p>\n\n\n\n<h2 class=\"wp-block-heading\"><strong>L\u00e6r av CSO!<\/strong><\/h2>\n\n\n\n<p>Vi inviterer deg til \u00e5 kontakte oss og melde deg p\u00e5 \u00e5pne og lukkede kurs. Vi vil tilby individuelle priser og oppl\u00e6ringsprogrammer til fremtidige kursdeltakere. Vi tilbyr oppl\u00e6ring i Warszawa og i hele Polen.<\/p>\n\n\n\n<p>Vi inviterer deg til UDT-kvalifiserte kurs i betjening av kraner.&nbsp;<\/p>\n\n\n\n<ul class=\"wp-block-list\">\n<li>Kurs for kranf\u00f8rere&nbsp;<\/li>\n\n\n\n<li>Kurs i vedlikehold av traverskraner\u00a0<\/li>\n<\/ul>","protected":false},"excerpt":{"rendered":"<p>Kurs na uprawnienia do obs\u0142ugi i konserwacji suwnic Suwnica jest typem urz\u0105dzenia d\u017awignicowego s\u0142u\u017c\u0105cego do podnoszenia, opuszczania oraz przemieszczania \u0142adunk\u00f3w z u\u017cyciem wci\u0105garek lub wci\u0105gnik\u00f3w. Wykorzystuje si\u0119 j\u0105 m.in. do proces\u00f3w monta\u017cowych, transportowych, prze\u0142adunkowych oraz produkcyjnych. Zapisuj\u0105c si\u0119 na nasz kurs na uprawnienia do obs\u0142ugi i konserwacji suwnic, mo\u017cesz liczy\u0107 na kompleksowe przeszkolenie do wykonywania [&hellip;]<\/p>\n","protected":false},"author":10,"featured_media":2628,"parent":823,"menu_order":0,"comment_status":"closed","ping_status":"closed","template":"","meta":{"footnotes":""},"class_list":["post-2627","page","type-page","status-publish","has-post-thumbnail","hentry"],"aioseo_notices":[],"_links":{"self":[{"href":"https:\/\/szkolenia-udt.pl\/nb\/wp-json\/wp\/v2\/pages\/2627","targetHints":{"allow":["GET"]}}],"collection":[{"href":"https:\/\/szkolenia-udt.pl\/nb\/wp-json\/wp\/v2\/pages"}],"about":[{"href":"https:\/\/szkolenia-udt.pl\/nb\/wp-json\/wp\/v2\/types\/page"}],"author":[{"embeddable":true,"href":"https:\/\/szkolenia-udt.pl\/nb\/wp-json\/wp\/v2\/users\/10"}],"replies":[{"embeddable":true,"href":"https:\/\/szkolenia-udt.pl\/nb\/wp-json\/wp\/v2\/comments?post=2627"}],"version-history":[{"count":8,"href":"https:\/\/szkolenia-udt.pl\/nb\/wp-json\/wp\/v2\/pages\/2627\/revisions"}],"predecessor-version":[{"id":4686,"href":"https:\/\/szkolenia-udt.pl\/nb\/wp-json\/wp\/v2\/pages\/2627\/revisions\/4686"}],"up":[{"embeddable":true,"href":"https:\/\/szkolenia-udt.pl\/nb\/wp-json\/wp\/v2\/pages\/823"}],"wp:featuredmedia":[{"embeddable":true,"href":"https:\/\/szkolenia-udt.pl\/nb\/wp-json\/wp\/v2\/media\/2628"}],"wp:attachment":[{"href":"https:\/\/szkolenia-udt.pl\/nb\/wp-json\/wp\/v2\/media?parent=2627"}],"curies":[{"name":"wp","href":"https:\/\/api.w.org\/{rel}","templated":true}]}}