{"id":2707,"date":"2022-04-22T15:04:25","date_gmt":"2022-04-22T13:04:25","guid":{"rendered":"https:\/\/szkolenia-udt.pl\/?page_id=2707"},"modified":"2023-03-26T10:08:53","modified_gmt":"2023-03-26T08:08:53","slug":"mobile-plattformer","status":"publish","type":"page","link":"https:\/\/szkolenia-udt.pl\/nb\/kursy\/uprawnienia-udt-tdt-wdt\/podesty-ruchome\/","title":{"rendered":"Oppl\u00e6ring i godkjenning av mobile plattformer"},"content":{"rendered":"<h2 class=\"wp-block-heading\"><strong>Kurs for mobilplattformoperat\u00f8rer hos CSO<\/strong>&nbsp;<\/h2>\n\n\n<div class=\"wp-block-image\">\n<figure class=\"alignright size-large is-resized\"><a href=\"https:\/\/szkolenia-udt.pl\/wp-content\/uploads\/2022\/04\/odk-ergon_podesty_ruchome13AHI_Aerial_1600x900.jpg\"><img loading=\"lazy\" decoding=\"async\" src=\"https:\/\/szkolenia-udt.pl\/wp-content\/uploads\/2022\/04\/odk-ergon_podesty_ruchome13AHI_Aerial_1600x900-1024x576.jpg\" alt=\"Mobile plattformer\" class=\"wp-image-2713\" width=\"512\" height=\"288\" srcset=\"https:\/\/szkolenia-udt.pl\/wp-content\/uploads\/2022\/04\/odk-ergon_podesty_ruchome13AHI_Aerial_1600x900-1024x576.jpg 1024w, https:\/\/szkolenia-udt.pl\/wp-content\/uploads\/2022\/04\/odk-ergon_podesty_ruchome13AHI_Aerial_1600x900-300x169.jpg 300w, https:\/\/szkolenia-udt.pl\/wp-content\/uploads\/2022\/04\/odk-ergon_podesty_ruchome13AHI_Aerial_1600x900-768x432.jpg 768w, https:\/\/szkolenia-udt.pl\/wp-content\/uploads\/2022\/04\/odk-ergon_podesty_ruchome13AHI_Aerial_1600x900-1536x864.jpg 1536w, https:\/\/szkolenia-udt.pl\/wp-content\/uploads\/2022\/04\/odk-ergon_podesty_ruchome13AHI_Aerial_1600x900.jpg 1600w\" sizes=\"auto, (max-width: 512px) 100vw, 512px\" \/><\/a><\/figure>\n<\/div>\n\n\n<p><a href=\"https:\/\/szkolenia-udt.pl\/nb\/o-firmie\/\">Oppl\u00e6ringssenter for operat\u00f8rer<\/a> er \u00e5 melde deg p\u00e5 kurset for operat\u00f8r av mobile plattformer. Enten du jobber i bygg-, anleggs-, installasjons- eller elektrobransjen og \u00f8nsker \u00e5 utvide kvalifikasjonene dine, eller om du tilh\u00f8rer et helt annet yrke, men \u00f8nsker \u00e5 omskolere deg, er du velkommen til \u00e5 delta i v\u00e5re klasser. Oppl\u00e6ringen vil ogs\u00e5 v\u00e6re et utmerket valg hvis du har behov for \u00e5 skaffe UDT-kvalifikasjoner og autorisasjoner for ditt team av fagfolk.&nbsp;&nbsp;<\/p>\n\n\n\n<h2 class=\"wp-block-heading\"><strong>Hvem er denne oppl\u00e6ringen for, og hvordan melder jeg meg p\u00e5?<\/strong>&nbsp;<\/h2>\n\n\n\n<p>Oppl\u00e6ring i betjening av mobile plattformer er virkelig for alle. Enten du allerede er kjent med dette omr\u00e5det eller det er nytt for deg - vi kan forberede deg godt til UDT-eksamen. Vi tilbyr oppl\u00e6ring for enkeltpersoner, men ogs\u00e5 for organiserte grupper. Hvis du er bedriftseier og \u00f8nsker \u00e5 l\u00e6re opp teamet ditt, kan du derfor melde p\u00e5 alle dine ansatte samtidig.\u00a0<\/p>\n\n\n\n<div class=\"filmw\">\n<div class=\"responsive-youtube\"><iframe loading=\"lazy\" title=\"YouTube-videospiller\" src=\"https:\/\/www.youtube.com\/embed\/OUKdY5V51M4\" width=\"560\" height=\"315\" frameborder=\"0\" allowfullscreen=\"allowfullscreen\"><\/iframe><\/div>\n<\/div>\n\n\n\n<h2 class=\"wp-block-heading\"><strong>Hvem kan delta p\u00e5 kurset?<\/strong>&nbsp;<\/h2>\n\n\n\n<p>De eneste kravene vi stiller til praktikantene er&nbsp;<\/p>\n\n\n\n<ul class=\"wp-block-list\">\n<li>n\u00e5r man fyller atten \u00e5r,&nbsp;<\/li>\n\n\n\n<li>minimum grunnskoleutdanning,&nbsp;<\/li>\n\n\n\n<li>ingen helsemessige kontraindikasjoner for \u00e5 utf\u00f8re yrket som operat\u00f8r av mobile plattformer.&nbsp;<\/li>\n<\/ul>\n\n\n\n<p>S\u00e5 vi inviterer deg til \u00e5 registrere deg. Individuelle kunder kan melde seg p\u00e5 via e-post eller telefon.  Vi svarer ogs\u00e5 gjerne p\u00e5 dine sp\u00f8rsm\u00e5l!&nbsp;&nbsp;&nbsp;<\/p>\n\n\n\n<h2 class=\"wp-block-heading\"><strong>Oppl\u00e6ringsprogram for operat\u00f8rer av arbeidsplattformer (OSO)<\/strong>&nbsp;<\/h2>\n\n\n\n<p><a href=\"https:\/\/szkolenia-udt.pl\/nb\/kursy\/uprawnienia-udt-tdt-wdt\/podesty-ruchome-wiszace\/\">Oppl\u00e6ring for mobile plattformer<\/a> best\u00e5r av en praktisk og en teoretisk del. Programmet er lagt opp slik at det ikke bare forbereder eleven p\u00e5 UDT-eksamen, men f\u00f8rst og fremst p\u00e5 det daglige arbeidet i fremtiden.&nbsp;&nbsp;<\/p>\n\n\n\n<h4 class=\"wp-block-heading\"><strong>Oppl\u00e6ringen tar for seg temaer som<\/strong>&nbsp;<\/h4>\n\n\n\n<ul class=\"wp-block-list\">\n<li>konstruksjon og typer mobile plattformer;&nbsp;<\/li>\n\n\n\n<li>informasjon om teknisk overv\u00e5king av utstyret;&nbsp;<\/li>\n\n\n\n<li>operat\u00f8rens arbeid og ansvarsomr\u00e5der b\u00e5de f\u00f8r, under og etter arbeidet;&nbsp;<\/li>\n\n\n\n<li>praktiske \u00f8velser;&nbsp;<\/li>\n\n\n\n<li>helse- og sikkerhetsregler;&nbsp;<\/li>\n<\/ul>\n\n\n\n<h4 class=\"wp-block-heading\"><strong>Kategorier av mobile plattformer som diskuteres i kurset:<\/strong>&nbsp;<\/h4>\n\n\n\n<ul class=\"wp-block-list\">\n<li>stasjon\u00e6re mobile plattformer,&nbsp;<\/li>\n\n\n\n<li>Suspenderte mobile plattformer,&nbsp;<\/li>\n\n\n\n<li>mobile plattformer med mast,&nbsp;<\/li>\n\n\n\n<li>mobile plattformer,\u00a0<\/li>\n\n\n\n<li>plattformer p\u00e5 jernbanekj\u00f8ret\u00f8y.&nbsp;<\/li>\n<\/ul>\n\n\n\n<h2 class=\"wp-block-heading\"><strong>Spesifikasjoner for mobile plattformer<\/strong>\u00a0<\/h2>\n\n\n<div class=\"wp-block-image\">\n<figure class=\"alignleft size-large is-resized\"><a href=\"https:\/\/szkolenia-udt.pl\/wp-content\/uploads\/2022\/04\/38300-e1650632216742.webp\"><img loading=\"lazy\" decoding=\"async\" src=\"https:\/\/szkolenia-udt.pl\/wp-content\/uploads\/2022\/04\/38300-e1650632216742-1024x555.webp\" alt=\"Mobile plattformer\" class=\"wp-image-2711\" width=\"512\" height=\"278\" srcset=\"https:\/\/szkolenia-udt.pl\/wp-content\/uploads\/2022\/04\/38300-e1650632216742-1024x555.webp 1024w, https:\/\/szkolenia-udt.pl\/wp-content\/uploads\/2022\/04\/38300-e1650632216742-300x163.webp 300w, https:\/\/szkolenia-udt.pl\/wp-content\/uploads\/2022\/04\/38300-e1650632216742-768x416.webp 768w, https:\/\/szkolenia-udt.pl\/wp-content\/uploads\/2022\/04\/38300-e1650632216742-1536x833.webp 1536w, https:\/\/szkolenia-udt.pl\/wp-content\/uploads\/2022\/04\/38300-e1650632216742-2048x1110.webp 2048w\" sizes=\"auto, (max-width: 512px) 100vw, 512px\" \/><\/a><\/figure>\n<\/div>\n\n\n<p>Mobile plattformer er en l\u00f8fteinnretning som brukes til \u00e5 flytte personer eller last til bestemte h\u00f8yder. Konstruksjonen best\u00e5r av en arbeidsplattform, en bom og et understell. Det varierer avhengig av hvilken type mobil plattform det er snakk om. Arbeidsplattformen ligner en stor kurv, og det er derfor den ofte omtales som en slik. Det er her arbeidere eller gjenstander flyttes til arbeidsstasjoner. Alle mobile plattformer er underlagt teknisk tilsyn, og derfor m\u00e5 personen som betjener enheten ha et UDT-sertifikat, som du selvf\u00f8lgelig kan f\u00e5 hos oss ved \u00e5 ta UDT-kurs og -eksamen.\u00a0<\/p>\n\n\n\n<h2 class=\"wp-block-heading\"><strong>Hva utgj\u00f8r prisen p\u00e5 kurset?<\/strong>&nbsp;<\/h2>\n\n\n\n<p>I tillegg til et visst antall timer med teoretisk (forelesning) og praktisk undervisning, tilbyr CSO oppl\u00e6ringsmateriell som for eksempel pr\u00f8veeksamener og instruksjonsvideoer. Disse legges ut p\u00e5 en nettbasert plattform. P\u00e5 denne m\u00e5ten kan studentene n\u00e5r som helst konsolidere kunnskapen sin. Senteret stiller ogs\u00e5 n\u00f8dvendig l\u00e6ringsutstyr til r\u00e5dighet og bist\u00e5r med oppmelding og organisering av UDT-eksamen.\u00a0<\/p>\n\n\n\n<h2 class=\"wp-block-heading\"><strong>Sted for oppl\u00e6ring<\/strong>&nbsp;<\/h2>\n\n\n\n<p>Operator Training Centre har hovedkontor i Warszawa, men vi arrangerer oppl\u00e6ringskurs i hele Polen. Vi tilbyr ogs\u00e5 muligheten til \u00e5 reise til kundens lokasjon i hele landet n\u00e5r det gjelder lukkede oppl\u00e6ringskurs. Detaljer avtales ved p\u00e5melding. Vi tilbyr ogs\u00e5 oppl\u00e6ring i utlandet.&nbsp;<\/p>\n\n\n\n<h2 class=\"wp-block-heading\"><strong>Hva med tiden etter kurset?<\/strong>&nbsp;<\/h2>\n\n\n<div class=\"wp-block-image\">\n<figure class=\"alignright size-large is-resized\"><a href=\"https:\/\/szkolenia-udt.pl\/wp-content\/uploads\/2022\/04\/img-3.jpg\"><img loading=\"lazy\" decoding=\"async\" src=\"https:\/\/szkolenia-udt.pl\/wp-content\/uploads\/2022\/04\/img-3-1024x768.jpg\" alt=\"lagertruck, gaffeltruck\" class=\"wp-image-2715\" width=\"512\" height=\"384\" srcset=\"https:\/\/szkolenia-udt.pl\/wp-content\/uploads\/2022\/04\/img-3-1024x768.jpg 1024w, https:\/\/szkolenia-udt.pl\/wp-content\/uploads\/2022\/04\/img-3-300x225.jpg 300w, https:\/\/szkolenia-udt.pl\/wp-content\/uploads\/2022\/04\/img-3-768x576.jpg 768w, https:\/\/szkolenia-udt.pl\/wp-content\/uploads\/2022\/04\/img-3-1536x1152.jpg 1536w, https:\/\/szkolenia-udt.pl\/wp-content\/uploads\/2022\/04\/img-3-135x100.jpg 135w, https:\/\/szkolenia-udt.pl\/wp-content\/uploads\/2022\/04\/img-3.jpg 2048w\" sizes=\"auto, (max-width: 512px) 100vw, 512px\" \/><\/a><\/figure>\n<\/div>\n\n\n<p>N\u00e5r oppl\u00e6ringen er over, sendes eleven til en intern eksamen, som vurderes av instrukt\u00f8rene, etterfulgt av en egentlig eksamen, som allerede er avholdt for en nemnd oppnevnt av Office of Technical Inspection. Teknisk kontrollorgan skal fastsette en dato for eksamen innen 30 virkedager etter at s\u00f8knaden er mottatt. Hvis en dato fastsettes, gis det informasjon om den ca. 14 dager f\u00f8r.\u00a0\u00a0<\/p>\n\n\n\n<h2 class=\"wp-block-heading\"><strong>Rettighetsunders\u00f8kelse&nbsp;<\/strong>&nbsp;<\/h2>\n\n\n\n<p>Pr\u00f8ven best\u00e5r av en teoretisk del og en praktisk del. Omfanget av materialet som skal dekkes i kunnskapspr\u00f8ven, gj\u00f8res tilgjengelig av CSO i l\u00e6remidler p\u00e5 den elektroniske plattformen. Etter \u00e5 ha best\u00e5tt den teoretiske delen, f\u00e5r deltakeren adgang til den praktiske delen. Under den praktiske delen kontrollerer sensoren deltakerens drifts- og vedlikeholdsferdigheter. Hvis du best\u00e5r den teoretiske delen og stryker p\u00e5 den praktiske delen, m\u00e5 du best\u00e5 begge delene av eksamenen p\u00e5 nytt. Tillatelser for mobile plattformer er gyldige b\u00e5de nasjonalt og internasjonalt. Dokumentene kan ogs\u00e5 utstedes p\u00e5 andre spr\u00e5k. Avhengig av det spesifikke utstyret er lisensen gyldig i mellom 5 og 10 \u00e5r.\u00a0<\/p>\n\n\n\n<h2 class=\"wp-block-heading\"><strong>Noen ord om sivilsamfunnsorganisasjoner<\/strong>&nbsp;<\/h2>\n\n\n\n<p>OSO-senteret har spesialisert seg p\u00e5 teknisk oppl\u00e6ring i mange \u00e5r. I l\u00f8pet av denne tiden har vi utdannet tusenvis av fagfolk som har f\u00e5tt de n\u00f8dvendige kvalifikasjonene for arbeidet sitt. I tillegg til <a href=\"https:\/\/szkolenia-udt.pl\/nb\/kursy\/podesty-ruchome\/\">oppl\u00e6ring i drift av mobile plattformer<\/a>og vi har et bredt utvalg av andre kurs. Vi har instrukt\u00f8rer med mange \u00e5rs erfaring og omfattende fagkunnskap. Hvis du har noen sp\u00f8rsm\u00e5l, er du velkommen til \u00e5 kontakte oss, <a href=\"https:\/\/szkolenia-udt.pl\/nb\/kontakt\/\">vi st\u00e5r til din disposisjon<\/a>.\u00a0<\/p>\n\n\n<div class=\"wp-block-image\">\n<figure class=\"aligncenter\"><a href=\"https:\/\/szkolenia-udt.pl\/wp-content\/uploads\/2022\/04\/0013-oso-podesty-ruchome-obsluga.jpg\"><img loading=\"lazy\" decoding=\"async\" width=\"1024\" height=\"853\" src=\"https:\/\/szkolenia-udt.pl\/wp-content\/uploads\/2022\/04\/0013-oso-podesty-ruchome-obsluga-1024x853.jpg\" alt=\"grafisk reklame for oppl\u00e6ringen\" class=\"wp-image-2851\" srcset=\"https:\/\/szkolenia-udt.pl\/wp-content\/uploads\/2022\/04\/0013-oso-podesty-ruchome-obsluga-1024x853.jpg 1024w, https:\/\/szkolenia-udt.pl\/wp-content\/uploads\/2022\/04\/0013-oso-podesty-ruchome-obsluga-300x250.jpg 300w, https:\/\/szkolenia-udt.pl\/wp-content\/uploads\/2022\/04\/0013-oso-podesty-ruchome-obsluga-768x640.jpg 768w, https:\/\/szkolenia-udt.pl\/wp-content\/uploads\/2022\/04\/0013-oso-podesty-ruchome-obsluga.jpg 1200w\" sizes=\"auto, (max-width: 1024px) 100vw, 1024px\" \/><\/a><\/figure>\n<\/div>","protected":false},"excerpt":{"rendered":"<p>Kurs obs\u0142ugi podest\u00f3w ruchomych w OSO&nbsp; O\u015brodek Szkolenia Operator\u00f3w prowadzi zapisy na kurs operatora podest\u00f3w ruchomych. Zar\u00f3wno, je\u017celi pracujesz w bran\u017cy budowlanej, monta\u017cowej lub elektrycznej i chcesz poszerzy\u0107 swoje kwalifikacje, jak r\u00f3wnie\u017c w wypadku, gdy nale\u017cysz do grupy zupe\u0142nie innych zawod\u00f3w, ale chcesz si\u0119 przebran\u017cowi\u0107, zapraszamy na nasze zaj\u0119cia. Szkolenie b\u0119dzie tak\u017ce doskona\u0142ym wyborem, je\u015bli [&hellip;]<\/p>\n","protected":false},"author":10,"featured_media":2712,"parent":2266,"menu_order":0,"comment_status":"closed","ping_status":"closed","template":"","meta":{"footnotes":""},"class_list":["post-2707","page","type-page","status-publish","has-post-thumbnail","hentry"],"aioseo_notices":[],"_links":{"self":[{"href":"https:\/\/szkolenia-udt.pl\/nb\/wp-json\/wp\/v2\/pages\/2707","targetHints":{"allow":["GET"]}}],"collection":[{"href":"https:\/\/szkolenia-udt.pl\/nb\/wp-json\/wp\/v2\/pages"}],"about":[{"href":"https:\/\/szkolenia-udt.pl\/nb\/wp-json\/wp\/v2\/types\/page"}],"author":[{"embeddable":true,"href":"https:\/\/szkolenia-udt.pl\/nb\/wp-json\/wp\/v2\/users\/10"}],"replies":[{"embeddable":true,"href":"https:\/\/szkolenia-udt.pl\/nb\/wp-json\/wp\/v2\/comments?post=2707"}],"version-history":[{"count":23,"href":"https:\/\/szkolenia-udt.pl\/nb\/wp-json\/wp\/v2\/pages\/2707\/revisions"}],"predecessor-version":[{"id":4731,"href":"https:\/\/szkolenia-udt.pl\/nb\/wp-json\/wp\/v2\/pages\/2707\/revisions\/4731"}],"up":[{"embeddable":true,"href":"https:\/\/szkolenia-udt.pl\/nb\/wp-json\/wp\/v2\/pages\/2266"}],"wp:featuredmedia":[{"embeddable":true,"href":"https:\/\/szkolenia-udt.pl\/nb\/wp-json\/wp\/v2\/media\/2712"}],"wp:attachment":[{"href":"https:\/\/szkolenia-udt.pl\/nb\/wp-json\/wp\/v2\/media?parent=2707"}],"curies":[{"name":"wp","href":"https:\/\/api.w.org\/{rel}","templated":true}]}}