{"id":2719,"date":"2022-04-25T15:58:39","date_gmt":"2022-04-25T13:58:39","guid":{"rendered":"https:\/\/szkolenia-udt.pl\/?page_id=2719"},"modified":"2023-03-26T12:01:24","modified_gmt":"2023-03-26T10:01:24","slug":"gaffeltrucker","status":"publish","type":"page","link":"https:\/\/szkolenia-udt.pl\/nb\/kursy\/uprawnienia-udt-tdt-wdt\/wozki-widlowe\/","title":{"rendered":"Kurs for gaffeltruckf\u00f8rere"},"content":{"rendered":"<div class=\"wp-block-image\">\n<figure class=\"aligncenter size-large is-resized\"><a href=\"https:\/\/szkolenia-udt.pl\/wp-content\/uploads\/2022\/04\/oso-reklama.edu_.pl-009-k-1920x800-1.jpg\"><img loading=\"lazy\" decoding=\"async\" src=\"https:\/\/szkolenia-udt.pl\/wp-content\/uploads\/2022\/04\/oso-reklama.edu_.pl-009-k-1920x800-1-1024x427.jpg\" alt=\"Gaffeltruck i bruk p\u00e5 et lager\" class=\"wp-image-2724\" width=\"1024\" height=\"427\" srcset=\"https:\/\/szkolenia-udt.pl\/wp-content\/uploads\/2022\/04\/oso-reklama.edu_.pl-009-k-1920x800-1-1024x427.jpg 1024w, https:\/\/szkolenia-udt.pl\/wp-content\/uploads\/2022\/04\/oso-reklama.edu_.pl-009-k-1920x800-1-300x125.jpg 300w, https:\/\/szkolenia-udt.pl\/wp-content\/uploads\/2022\/04\/oso-reklama.edu_.pl-009-k-1920x800-1-768x320.jpg 768w, https:\/\/szkolenia-udt.pl\/wp-content\/uploads\/2022\/04\/oso-reklama.edu_.pl-009-k-1920x800-1-1536x640.jpg 1536w, https:\/\/szkolenia-udt.pl\/wp-content\/uploads\/2022\/04\/oso-reklama.edu_.pl-009-k-1920x800-1.jpg 1920w\" sizes=\"auto, (max-width: 1024px) 100vw, 1024px\" \/><\/a><\/figure>\n<\/div>\n\n\n<h2 class=\"wp-block-heading\"><strong>Hvorfor delta i oppl\u00e6ringen?<\/strong><\/h2>\n\n\n\n<p>\u00c5 l\u00e6re seg \u00e5 kj\u00f8re gaffeltruck og bli kvalifisert er en fin m\u00e5te \u00e5 utvikle seg p\u00e5.  Lagerarbeid er n\u00e6rt knyttet til dette utstyret. En gaffeltruck er konstruert for \u00e5 l\u00f8fte og flytte tyngre materialer, og derfor er det n\u00f8dvendig med ferdigheter i kj\u00f8ring og lasth\u00e5ndtering som du l\u00e6rer p\u00e5 kurset v\u00e5rt!&nbsp;<\/p>\n\n\n\n<h2 class=\"wp-block-heading\"><strong>Hvilke kvalifikasjoner kreves for gaffeltrucker?<\/strong>&nbsp;<\/h2>\n\n\n\n<p>Kontoret for teknisk inspeksjon lister opp flere kategorier av godkjenninger for gaffeltrucker. Og disse er:&nbsp;<\/p>\n\n\n\n<ul class=\"wp-block-list\">\n<li><strong>L\u00f8ftetrucker med mekanisk l\u00f8ftemekanisme<\/strong> <strong>med bom<\/strong> og <strong>Motordrevne stablere med f\u00f8rer hevet med last<\/strong> (gir deg ogs\u00e5 rett til \u00e5 betjene alle andre <a href=\"https:\/\/szkolenia-udt.pl\/nb\/kursy\/wozki-widlowe\/budowa-wozka-jezdniowego\/\">gaffeltrucker<\/a> motordrevne trucker) - gyldig i 5 \u00e5r,&nbsp;<\/li>\n\n\n\n<li><strong>Motordrevne stablere med mekanisk l\u00f8ftemekanisme, unntatt skyvemasttrucker og stablere med operat\u00f8ren plassert med lasten.<\/strong> - gyldig i 10 \u00e5r.&nbsp;&nbsp;<\/li>\n<\/ul>\n\n\n\n<h2 class=\"wp-block-heading\"><strong>Hva er kravene for \u00e5 gjennomf\u00f8re kurset?<\/strong>&nbsp;<\/h2>\n\n\n\n<p>Det eneste du trenger for \u00e5 delta p\u00e5 kurset v\u00e5rt er:&nbsp;&nbsp;<\/p>\n\n\n\n<ul class=\"wp-block-list\">\n<li>minst 18 \u00e5r gammel,&nbsp;&nbsp;<\/li>\n\n\n\n<li>minst grunnskoleutdanning,&nbsp;&nbsp;<\/li>\n\n\n\n<li>ingen kontraindikasjoner for arbeid med gaffeltrucker.<\/li>\n<\/ul>\n\n\n\n<div class=\"filmw\">\n<div class=\"responsive-youtube\"><iframe loading=\"lazy\" title=\"YouTube-videospiller\" src=\"https:\/\/www.youtube.com\/embed\/lBt7_7QgUVU\" width=\"560\" height=\"315\" frameborder=\"0\" allowfullscreen=\"allowfullscreen\"><\/iframe><\/div>\n<\/div>\n\n\n\n<h2 class=\"wp-block-heading\"><strong>Hvem er m\u00e5lgruppen for oppl\u00e6ringen v\u00e5r?<\/strong>&nbsp;<\/h2>\n\n\n\n<p>Oppl\u00e6ring er en fin m\u00e5te \u00e5 l\u00e6re seg spesifikke ferdigheter som du f\u00e5r bruk for i jobben. Kursene er ikke bare ideelle for yngre mennesker, men ogs\u00e5 for dem som \u00f8nsker \u00e5 skifte karriere, er p\u00e5 jobbjakt eller \u00f8nsker \u00e5 fornye kunnskapene sine! Hvis du er p\u00e5 utkikk etter jobb i utlandet, er et kurs et godt valg ogs\u00e5 i dette tilfellet. Kvalifikasjonene du oppn\u00e5r i Polen, respekteres ogs\u00e5 i alle EU-land. Dessuten er . <a href=\"https:\/\/szkolenia-udt.pl\/nb\/oferta\/\">TILBUDET V\u00c5RT<\/a> er for alle som er p\u00e5 jakt etter jobb, for eksempel p\u00e5 lager, hos grossister, p\u00e5 fabrikk eller i byggebransjen.&nbsp;<\/p>\n\n\n\n<h2 class=\"wp-block-heading\"><strong>Eksamen<\/strong>&nbsp;<\/h2>\n\n\n\n<p>UDT-eksamenen er delt inn i to deler - en teoretisk og en praktisk. Du tar f\u00f8rst den teoretiske eksamenen, som gjennomf\u00f8res i form av en skriftlig pr\u00f8ve under tilsyn av en kommisjon. Den praktiske delen av eksamen foreg\u00e5r p\u00e5 et man\u00f8vreringsomr\u00e5de, ogs\u00e5 under tilsyn av en kommisjon. I denne delen kontrollerer sensorene din evne til \u00e5 kj\u00f8re og man\u00f8vrere gaffeltrucken, samtidig som de ogs\u00e5 tar hensyn til overholdelse av helse- og sikkerhetsforskrifter. <\/p>\n\n\n\n<h2 class=\"wp-block-heading\"><strong>Hvordan underviser vi?<\/strong>&nbsp;<\/h2>\n\n\n\n<p>Vi fokuserer p\u00e5 at kursene v\u00e5re skal formidle kunnskap p\u00e5 en original og aktiviserende m\u00e5te. Vi er overbevist om at en engasjert elev vil v\u00e6re i stand til \u00e5 takle ikke bare eksamen, men ogs\u00e5 jobben. V\u00e5re kvalifiserte instrukt\u00f8rer s\u00f8rger for at kursene leveres p\u00e5 h\u00f8yest mulig pedagogisk niv\u00e5 og ikke blir monotone.&nbsp;<\/p>\n\n\n<div class=\"wp-block-image\">\n<figure class=\"aligncenter size-large is-resized\"><a href=\"https:\/\/szkolenia-udt.pl\/wp-content\/uploads\/2022\/04\/stapler_background-scaled-1-e1650895034709.jpg\"><img loading=\"lazy\" decoding=\"async\" src=\"https:\/\/szkolenia-udt.pl\/wp-content\/uploads\/2022\/04\/stapler_background-scaled-1-e1650895034709-1024x417.jpg\" alt=\"nye gaffeltrucker i k\u00f8\" class=\"wp-image-2722\" width=\"1024\" height=\"417\" srcset=\"https:\/\/szkolenia-udt.pl\/wp-content\/uploads\/2022\/04\/stapler_background-scaled-1-e1650895034709-1024x417.jpg 1024w, https:\/\/szkolenia-udt.pl\/wp-content\/uploads\/2022\/04\/stapler_background-scaled-1-e1650895034709-300x122.jpg 300w, https:\/\/szkolenia-udt.pl\/wp-content\/uploads\/2022\/04\/stapler_background-scaled-1-e1650895034709-768x313.jpg 768w, https:\/\/szkolenia-udt.pl\/wp-content\/uploads\/2022\/04\/stapler_background-scaled-1-e1650895034709-1536x626.jpg 1536w, https:\/\/szkolenia-udt.pl\/wp-content\/uploads\/2022\/04\/stapler_background-scaled-1-e1650895034709.jpg 2048w\" sizes=\"auto, (max-width: 1024px) 100vw, 1024px\" \/><\/a><\/figure>\n<\/div>\n\n\n<h2 class=\"wp-block-heading\"><strong>Typer av gaffeltrucker<\/strong>&nbsp;<\/h2>\n\n\n\n<p>Gaffeltrucker, vanligvis kjent som gaffeltrucker, er betegnelsen p\u00e5 trucker. De brukes til h\u00e5ndtering, transport og kontroll og kan deles inn i to grunnleggende grupper: etter drivverk og etter funksjon.&nbsp;<\/p>\n\n\n\n<h4 class=\"wp-block-heading\">N\u00e5r det gjelder stasjonen, gj\u00f8res det et skille:&nbsp;<\/h4>\n\n\n<div class=\"wp-block-image\">\n<figure class=\"alignright size-large is-resized\"><a href=\"https:\/\/szkolenia-udt.pl\/wp-content\/uploads\/2022\/04\/d30s-7.jpg\"><img loading=\"lazy\" decoding=\"async\" src=\"https:\/\/szkolenia-udt.pl\/wp-content\/uploads\/2022\/04\/d30s-7-1024x808.jpg\" alt=\"gaffeltruck i ro\" class=\"wp-image-2720\" width=\"512\" height=\"404\" srcset=\"https:\/\/szkolenia-udt.pl\/wp-content\/uploads\/2022\/04\/d30s-7-1024x808.jpg 1024w, https:\/\/szkolenia-udt.pl\/wp-content\/uploads\/2022\/04\/d30s-7-300x237.jpg 300w, https:\/\/szkolenia-udt.pl\/wp-content\/uploads\/2022\/04\/d30s-7-768x606.jpg 768w, https:\/\/szkolenia-udt.pl\/wp-content\/uploads\/2022\/04\/d30s-7-1536x1213.jpg 1536w, https:\/\/szkolenia-udt.pl\/wp-content\/uploads\/2022\/04\/d30s-7.jpg 1824w\" sizes=\"auto, (max-width: 512px) 100vw, 512px\" \/><\/a><\/figure>\n<\/div>\n\n\n<ul class=\"wp-block-list\">\n<li><strong>gaffeltrucker med forbrenningsmotor<\/strong> - De kan drives av diesel, bensin, LPG eller CNG. Disse fremdriftssystemene kjennetegnes av eksosutslipp og b\u00f8r derfor ikke brukes i \u00e5pne omr\u00e5der. Denne typen gaffeltrucker kan bare brukes innend\u00f8rs hvis de er utstyrt med spesielle filtre.&nbsp;<\/li>\n\n\n\n<li><strong>elektriske gaffeltrucker <\/strong>(batteridrevne) - drives av et batteri og brukes i omr\u00e5der der forbrennings- og gassdrevne lastebiler ikke kan brukes p\u00e5 grunn av utslipp.&nbsp;<\/li>\n\n\n\n<li><strong>gaffeltrucker med gass<\/strong> - gassdrevet, anbefales for \u00e5pne omr\u00e5der.&nbsp;<\/li>\n<\/ul>\n\n\n\n<h4 class=\"wp-block-heading\">P\u00e5 den annen side, p\u00e5 grunn av funksjonene som utf\u00f8res, skiller vi:&nbsp;<\/h4>\n\n\n\n<ul class=\"wp-block-list\">\n<li><strong>gaffeltrucker med variabel rekkevidde <\/strong>- Ogs\u00e5 kjent som teleskoptrucker. De kjennetegnes ved at de har en lang teleskopbom som gir lang rekkevidde,&nbsp;<\/li>\n\n\n\n<li><strong>terrengg\u00e5ende gaffeltrucker<\/strong> - brukes i vanskelig tilgjengelige omr\u00e5der med ujevnt og glatt underlag (f.eks. byggeplasser),&nbsp;<\/li>\n\n\n\n<li><strong>sidelastere<\/strong> - Disse truckene, som ogs\u00e5 kalles sidetrucker, kjennetegnes ved at f\u00f8reren sitter p\u00e5 siden av kj\u00f8reretningen,&nbsp;<\/li>\n\n\n\n<li><strong>skyvemasttrucker som styres fra et niv\u00e5 eller en arbeidsplattform<\/strong> - Med disse enhetene styrer operat\u00f8ren vognen ved \u00e5 st\u00e5 direkte p\u00e5 plattformen eller ved \u00e5 g\u00e5 ved siden av vognen,&nbsp;<\/li>\n\n\n\n<li><strong>gaffeltrucker med f\u00f8rer l\u00f8ftet med last<\/strong>,&nbsp;<\/li>\n\n\n\n<li><strong>gaffeltrucker med uttrekkbar mast<\/strong>.&nbsp;<\/li>\n<\/ul>\n\n\n\n<p>P\u00e5 grunn av det store antallet ulike typer gaffeltrucker velges et passende kursopplegg avhengig av behov og spesifikasjoner, s\u00e5 det er viktig \u00e5 ta hensyn til den relevante kvalifikasjonen.&nbsp;<\/p>\n\n\n<div class=\"wp-block-image\">\n<figure class=\"alignleft size-large is-resized\"><a href=\"https:\/\/szkolenia-udt.pl\/wp-content\/uploads\/2022\/04\/GOPR1143_Tech-Reviewing-Checklist3-scaled.jpg\"><img loading=\"lazy\" decoding=\"async\" src=\"https:\/\/szkolenia-udt.pl\/wp-content\/uploads\/2022\/04\/GOPR1143_Tech-Reviewing-Checklist3-1024x768.jpg\" alt=\"gaffeltruckf\u00f8rer\" class=\"wp-image-2721\" width=\"512\" height=\"384\" srcset=\"https:\/\/szkolenia-udt.pl\/wp-content\/uploads\/2022\/04\/GOPR1143_Tech-Reviewing-Checklist3-1024x768.jpg 1024w, https:\/\/szkolenia-udt.pl\/wp-content\/uploads\/2022\/04\/GOPR1143_Tech-Reviewing-Checklist3-300x225.jpg 300w, https:\/\/szkolenia-udt.pl\/wp-content\/uploads\/2022\/04\/GOPR1143_Tech-Reviewing-Checklist3-768x576.jpg 768w, https:\/\/szkolenia-udt.pl\/wp-content\/uploads\/2022\/04\/GOPR1143_Tech-Reviewing-Checklist3-1536x1152.jpg 1536w, https:\/\/szkolenia-udt.pl\/wp-content\/uploads\/2022\/04\/GOPR1143_Tech-Reviewing-Checklist3-2048x1536.jpg 2048w, https:\/\/szkolenia-udt.pl\/wp-content\/uploads\/2022\/04\/GOPR1143_Tech-Reviewing-Checklist3-135x100.jpg 135w\" sizes=\"auto, (max-width: 512px) 100vw, 512px\" \/><\/a><\/figure>\n<\/div>\n\n\n<h2 class=\"wp-block-heading\"><strong>Ytterligere informasjon om rettigheter<\/strong>&nbsp;<\/h2>\n\n\n\n<p>Hvis du tenker p\u00e5 \u00e5 bruke gaffeltrucker med mekanisk l\u00f8ftemekanisme, b\u00f8r du vite at en person som er sertifisert som truckf\u00f8rer i form av et kvalifikasjonsbevis utstedt av kontoret for teknisk inspeksjon, har lov til \u00e5 bruke dem. Det er verdt \u00e5 vite at det ikke er s\u00e5 lenge siden det juridiske grunnlaget for personlige tillatelser utstedt av arbeidsgiveren som gir tillatelse til \u00e5 kj\u00f8re gaffeltrucker, ble endret. Slike tillatelser ble selvf\u00f8lgelig utstedt p\u00e5 grunnlag av best\u00e5tt oppl\u00e6ring. Her er en nyttig oversikt som kan hjelpe deg med \u00e5 orientere deg hvis du allerede har truckf\u00f8rerbevis. &nbsp;<\/p>\n\n\n\n<h4 class=\"wp-block-heading\"><strong>Tillatelser utstedt av arbeidsgiveren:<\/strong>&nbsp;<\/h4>\n\n\n\n<ul class=\"wp-block-list\">\n<li>utstedt frem til 31.12.2004 er gyldige frem til senest 31.12.2023.&nbsp;<\/li>\n\n\n\n<li>utstedt frem til 31.12.2014 er gyldige frem til senest 31.12.2026.&nbsp;<\/li>\n\n\n\n<li>utstedt frem til 01.01.2015 er gyldige frem til senest 31.12.2027.&nbsp;<\/li>\n<\/ul>\n\n\n\n<p>&nbsp;<br>Du er hjertelig velkommen til \u00e5 ringe oss for \u00e5 melde deg p\u00e5 kurset!&nbsp;<\/p>\n\n\n<div class=\"wp-block-image\">\n<figure class=\"aligncenter\"><a href=\"https:\/\/szkolenia-udt.pl\/wp-content\/uploads\/2022\/05\/0012-oso-wozki-widlowe-obsluga-konserwacja.jpeg\"><img loading=\"lazy\" decoding=\"async\" width=\"1024\" height=\"853\" src=\"https:\/\/szkolenia-udt.pl\/wp-content\/uploads\/2022\/05\/0012-oso-wozki-widlowe-obsluga-konserwacja-1024x853.jpeg\" alt=\"grafikk som beskriver oppl\u00e6ringen\" class=\"wp-image-2858\" srcset=\"https:\/\/szkolenia-udt.pl\/wp-content\/uploads\/2022\/05\/0012-oso-wozki-widlowe-obsluga-konserwacja-1024x853.jpeg 1024w, https:\/\/szkolenia-udt.pl\/wp-content\/uploads\/2022\/05\/0012-oso-wozki-widlowe-obsluga-konserwacja-300x250.jpeg 300w, https:\/\/szkolenia-udt.pl\/wp-content\/uploads\/2022\/05\/0012-oso-wozki-widlowe-obsluga-konserwacja-768x640.jpeg 768w, https:\/\/szkolenia-udt.pl\/wp-content\/uploads\/2022\/05\/0012-oso-wozki-widlowe-obsluga-konserwacja.jpeg 1200w\" sizes=\"auto, (max-width: 1024px) 100vw, 1024px\" \/><\/a><\/figure>\n<\/div>","protected":false},"excerpt":{"rendered":"<p>Dlaczego warto wzi\u0105\u0107 udzia\u0142 w szkoleniu? Nauka obs\u0142ugi w\u00f3zk\u00f3w wid\u0142owych i zdobycie odpowiednich kwalifikacji to \u015bwietny spos\u00f3b na rozw\u00f3j.&nbsp; Praca na magazynie jest \u015bci\u015ble powi\u0105zana z tymi urz\u0105dzeniami. W\u00f3zek wid\u0142owy jest przeznaczony do podnoszenia i przenoszenia ci\u0119\u017cszych materia\u0142\u00f3w, st\u0105d potrzebne umiej\u0119tno\u015bci prowadzenia i operowania \u0142adunkiem, kt\u00f3rych nauczysz si\u0119 na naszym kursie!&nbsp; Jakie s\u0105 uprawnienia na [&hellip;]<\/p>\n","protected":false},"author":10,"featured_media":2720,"parent":2266,"menu_order":0,"comment_status":"closed","ping_status":"closed","template":"","meta":{"footnotes":""},"class_list":["post-2719","page","type-page","status-publish","has-post-thumbnail","hentry"],"aioseo_notices":[],"_links":{"self":[{"href":"https:\/\/szkolenia-udt.pl\/nb\/wp-json\/wp\/v2\/pages\/2719","targetHints":{"allow":["GET"]}}],"collection":[{"href":"https:\/\/szkolenia-udt.pl\/nb\/wp-json\/wp\/v2\/pages"}],"about":[{"href":"https:\/\/szkolenia-udt.pl\/nb\/wp-json\/wp\/v2\/types\/page"}],"author":[{"embeddable":true,"href":"https:\/\/szkolenia-udt.pl\/nb\/wp-json\/wp\/v2\/users\/10"}],"replies":[{"embeddable":true,"href":"https:\/\/szkolenia-udt.pl\/nb\/wp-json\/wp\/v2\/comments?post=2719"}],"version-history":[{"count":8,"href":"https:\/\/szkolenia-udt.pl\/nb\/wp-json\/wp\/v2\/pages\/2719\/revisions"}],"predecessor-version":[{"id":4763,"href":"https:\/\/szkolenia-udt.pl\/nb\/wp-json\/wp\/v2\/pages\/2719\/revisions\/4763"}],"up":[{"embeddable":true,"href":"https:\/\/szkolenia-udt.pl\/nb\/wp-json\/wp\/v2\/pages\/2266"}],"wp:featuredmedia":[{"embeddable":true,"href":"https:\/\/szkolenia-udt.pl\/nb\/wp-json\/wp\/v2\/media\/2720"}],"wp:attachment":[{"href":"https:\/\/szkolenia-udt.pl\/nb\/wp-json\/wp\/v2\/media?parent=2719"}],"curies":[{"name":"wp","href":"https:\/\/api.w.org\/{rel}","templated":true}]}}