{"id":2778,"date":"2022-05-06T09:33:34","date_gmt":"2022-05-06T07:33:34","guid":{"rendered":"https:\/\/szkolenia-udt.pl\/?page_id=2778"},"modified":"2023-03-26T12:14:41","modified_gmt":"2023-03-26T10:14:41","slug":"montering-av-flensforbindelser-2","status":"publish","type":"page","link":"https:\/\/szkolenia-udt.pl\/nb\/kursy\/uprawnienia-udt-tdt-wdt\/polaczenia-kolnierzowe-montaz\/","title":{"rendered":"Kvalifiseringskurs for flensmont\u00f8rer"},"content":{"rendered":"<div class=\"wp-block-image\">\n<figure class=\"alignright size-large is-resized\"><a href=\"https:\/\/szkolenia-udt.pl\/wp-content\/uploads\/2022\/05\/still-flangemovie.jpg\"><img loading=\"lazy\" decoding=\"async\" src=\"https:\/\/szkolenia-udt.pl\/wp-content\/uploads\/2022\/05\/still-flangemovie-1024x576.jpg\" alt=\"konstruksjon av flensforbindelsen\" class=\"wp-image-2781\" width=\"512\" height=\"288\" srcset=\"https:\/\/szkolenia-udt.pl\/wp-content\/uploads\/2022\/05\/still-flangemovie-1024x576.jpg 1024w, https:\/\/szkolenia-udt.pl\/wp-content\/uploads\/2022\/05\/still-flangemovie-300x169.jpg 300w, https:\/\/szkolenia-udt.pl\/wp-content\/uploads\/2022\/05\/still-flangemovie-768x432.jpg 768w, https:\/\/szkolenia-udt.pl\/wp-content\/uploads\/2022\/05\/still-flangemovie-1536x864.jpg 1536w, https:\/\/szkolenia-udt.pl\/wp-content\/uploads\/2022\/05\/still-flangemovie.jpg 1920w\" sizes=\"auto, (max-width: 512px) 100vw, 512px\" \/><\/a><\/figure>\n<\/div>\n\n\n<h2 class=\"wp-block-heading\"><strong>Oppl\u00e6ring i sivilsamfunnsorganisasjoner<\/strong>\u00a0<\/h2>\n\n\n\n<p><a href=\"https:\/\/szkolenia-udt.pl\/nb\/o-firmie\/\">Oppl\u00e6ringssenter for operat\u00f8rer<\/a> har et kurs i flensmontering. M\u00e5let v\u00e5rt er \u00e5 l\u00e6re mont\u00f8rene korrekt installasjon og sikker drift av trykkp\u00e5kjent utstyr: tanker, r\u00f8rledninger, r\u00f8rdeler og r\u00f8r, noe som krever kunnskap fra en p\u00e5litelig kilde innen helse, milj\u00f8 og sikkerhet, teori og praksis.\u00a0<\/p>\n\n\n\n<h2 class=\"wp-block-heading\"><strong>Oppl\u00e6ringsprogram<\/strong>&nbsp;<\/h2>\n\n\n\n<figure class=\"wp-block-table\"><table><tbody><tr><td><strong>Oppl\u00e6ringsprogram - teori<\/strong>\u00a0<\/td><td><strong>Oppl\u00e6ringsprogram - praktisk<\/strong>\u00a0<\/td><td><strong>Hva tilbyr vi?<\/strong>&nbsp;<\/td><\/tr><tr><td><strong>Typer flensforbindelser<\/strong>&nbsp;<\/td><td>Praktiske \u00f8velser i montering av flensforbindelser.&nbsp;<\/td><td>T\u00dcV-sertifikat p\u00e5 polsk og engelsk.&nbsp;<\/td><\/tr><tr><td><strong>Kunnskap om de vanligste feilene og hvordan de kan forebygges<\/strong>&nbsp;<\/td><td>Valg av personlig verneutstyr og inspeksjon av arbeidsplassen.&nbsp;<\/td><td>N\u00f8dvendige ferdigheter for \u00e5 jobbe som mont\u00f8r.&nbsp;<\/td><\/tr><tr><td><strong>Tetningstyper og deres egenskaper<\/strong>&nbsp;<\/td><td>Inspeksjon og valg av pakninger for montering.&nbsp;<\/td><td>Grundig eksamensforberedelse, som dekker kunnskap om teori og praksis.&nbsp;<\/td><\/tr><tr><td><strong>Generelle helse- og sikkerhetstiltak<\/strong>&nbsp;<\/td><td>Trinnrekkef\u00f8lge for montering og demontering av flensforbindelser.&nbsp;<\/td><td>Konkurransedyktige priser sammenlignet med andre oppl\u00e6ringsleverand\u00f8rer.&nbsp;<\/td><\/tr><tr><td><strong>Sikker demontering av flensforbindelser<\/strong>&nbsp;<\/td><td>Lekkasjetest av den ferdige flensforbindelsen.&nbsp;<\/td><td>Organisering av oppl\u00e6ring i kundens lokaler.&nbsp;<\/td><\/tr><tr><td><strong>Klargj\u00f8ring av tetningsoverflaten<\/strong>&nbsp;<\/td><td>Pleie og tilsyn med instrukt\u00f8rens arbeid.&nbsp;<\/td><td>Et sertifikat for fullf\u00f8rt oppl\u00e6ring, samt n\u00f8dvendig l\u00e6ringsmateriell.&nbsp;<\/td><\/tr><\/tbody><\/table><\/figure>\n\n\n\n<h2 class=\"wp-block-heading\"><strong>Rettigheter<\/strong>&nbsp;<\/h2>\n\n\n<div class=\"wp-block-image\">\n<figure class=\"alignleft size-large is-resized\"><a href=\"https:\/\/szkolenia-udt.pl\/wp-content\/uploads\/2022\/05\/HL-005-copy_lar-e1651822318974.jpg\"><img loading=\"lazy\" decoding=\"async\" src=\"https:\/\/szkolenia-udt.pl\/wp-content\/uploads\/2022\/05\/HL-005-copy_lar-e1651822318974-1024x384.jpg\" alt=\"flensforbindelse\" class=\"wp-image-2780\" width=\"512\" height=\"192\" srcset=\"https:\/\/szkolenia-udt.pl\/wp-content\/uploads\/2022\/05\/HL-005-copy_lar-e1651822318974-1024x384.jpg 1024w, https:\/\/szkolenia-udt.pl\/wp-content\/uploads\/2022\/05\/HL-005-copy_lar-e1651822318974-300x113.jpg 300w, https:\/\/szkolenia-udt.pl\/wp-content\/uploads\/2022\/05\/HL-005-copy_lar-e1651822318974-768x288.jpg 768w, https:\/\/szkolenia-udt.pl\/wp-content\/uploads\/2022\/05\/HL-005-copy_lar-e1651822318974-1536x576.jpg 1536w, https:\/\/szkolenia-udt.pl\/wp-content\/uploads\/2022\/05\/HL-005-copy_lar-e1651822318974.jpg 1600w\" sizes=\"auto, (max-width: 512px) 100vw, 512px\" \/><\/a><\/figure>\n<\/div>\n\n\n<p>Vi tilbyr omfattende oppl\u00e6ring slik at du kan f\u00e5 et T\u00dcV-sertifikat (i samsvar med EN 1591-4) som gir deg tillatelse til \u00e5 utf\u00f8re og overv\u00e5ke flensforbindelser i Polen og andre europeiske land. Etter at du har fullf\u00f8rt hele oppl\u00e6ringen, som overv\u00e5kes av v\u00e5re h\u00f8yt kvalifiserte medarbeidere, vil vi gjennomf\u00f8re en eksamen for \u00e5 teste kandidatens teoretiske kunnskaper og praktiske ferdigheter. Etter \u00e5 ha best\u00e5tt begge testene f\u00e5r du UDT-lisens og et sertifikat for fullf\u00f8rt oppl\u00e6ring.\u00a0\u00a0<\/p>\n\n\n\n<h2 class=\"wp-block-heading\">Om oss<\/h2>\n\n\n\n<p>Oppl\u00e6ringen ved Operator Training Centre gjennomf\u00f8res i hele Polen, og oppfyller kravene fra Office of Technical Inspection. For \u00e5 gj\u00f8re deg kjent med <a href=\"https:\/\/szkolenia-udt.pl\/nb\/oferta\/\">fullstendig tilbud<\/a> oppl\u00e6ring og andre tjenester som tilbys av CSO, kan du bes\u00f8ke v\u00e5re offisielle nettsider eller ringe oss.\u00a0<\/p>\n\n\n<div class=\"wp-block-image\">\n<figure class=\"aligncenter\"><a href=\"https:\/\/szkolenia-udt.pl\/wp-content\/uploads\/2022\/05\/0060-oso.edu_.pl_.jpg\"><img loading=\"lazy\" decoding=\"async\" width=\"1024\" height=\"853\" src=\"https:\/\/szkolenia-udt.pl\/wp-content\/uploads\/2022\/05\/0060-oso.edu_.pl_-1024x853.jpg\" alt=\"grafikk som beskriver kurset\" class=\"wp-image-2861\" srcset=\"https:\/\/szkolenia-udt.pl\/wp-content\/uploads\/2022\/05\/0060-oso.edu_.pl_-1024x853.jpg 1024w, https:\/\/szkolenia-udt.pl\/wp-content\/uploads\/2022\/05\/0060-oso.edu_.pl_-300x250.jpg 300w, https:\/\/szkolenia-udt.pl\/wp-content\/uploads\/2022\/05\/0060-oso.edu_.pl_-768x640.jpg 768w, https:\/\/szkolenia-udt.pl\/wp-content\/uploads\/2022\/05\/0060-oso.edu_.pl_.jpg 1200w\" sizes=\"auto, (max-width: 1024px) 100vw, 1024px\" \/><\/a><\/figure>\n<\/div>","protected":false},"excerpt":{"rendered":"<p>Szkolenie w OSO\u00a0 O\u015brodek Szkolenia Operator\u00f3w posiada w swojej ofercie kurs monta\u017cu po\u0142\u0105cze\u0144 ko\u0142nierzowych. Naszym celem jest nauczenie monta\u017cyst\u00f3w prawid\u0142owej instalacji i bezpiecznej eksploatacji urz\u0105dze\u0144 ci\u015bnieniowych: zbiornik\u00f3w, ruroci\u0105g\u00f3w, armatury i przewod\u00f3w, wymagaj\u0105cych znajomo\u015bci wiedzy z rzetelnego \u017ar\u00f3d\u0142a z zakresu BHP oraz teorii i praktyki.\u00a0 Program szkolenia&nbsp; Program szkolenia \u2013 teoria\u00a0 Program szkolenia \u2013 praktyka\u00a0 Co [&hellip;]<\/p>\n","protected":false},"author":10,"featured_media":2781,"parent":2266,"menu_order":0,"comment_status":"closed","ping_status":"closed","template":"","meta":{"footnotes":""},"class_list":["post-2778","page","type-page","status-publish","has-post-thumbnail","hentry"],"aioseo_notices":[],"_links":{"self":[{"href":"https:\/\/szkolenia-udt.pl\/nb\/wp-json\/wp\/v2\/pages\/2778","targetHints":{"allow":["GET"]}}],"collection":[{"href":"https:\/\/szkolenia-udt.pl\/nb\/wp-json\/wp\/v2\/pages"}],"about":[{"href":"https:\/\/szkolenia-udt.pl\/nb\/wp-json\/wp\/v2\/types\/page"}],"author":[{"embeddable":true,"href":"https:\/\/szkolenia-udt.pl\/nb\/wp-json\/wp\/v2\/users\/10"}],"replies":[{"embeddable":true,"href":"https:\/\/szkolenia-udt.pl\/nb\/wp-json\/wp\/v2\/comments?post=2778"}],"version-history":[{"count":7,"href":"https:\/\/szkolenia-udt.pl\/nb\/wp-json\/wp\/v2\/pages\/2778\/revisions"}],"predecessor-version":[{"id":4767,"href":"https:\/\/szkolenia-udt.pl\/nb\/wp-json\/wp\/v2\/pages\/2778\/revisions\/4767"}],"up":[{"embeddable":true,"href":"https:\/\/szkolenia-udt.pl\/nb\/wp-json\/wp\/v2\/pages\/2266"}],"wp:featuredmedia":[{"embeddable":true,"href":"https:\/\/szkolenia-udt.pl\/nb\/wp-json\/wp\/v2\/media\/2781"}],"wp:attachment":[{"href":"https:\/\/szkolenia-udt.pl\/nb\/wp-json\/wp\/v2\/media?parent=2778"}],"curies":[{"name":"wp","href":"https:\/\/api.w.org\/{rel}","templated":true}]}}