{"id":2784,"date":"2022-05-06T11:52:32","date_gmt":"2022-05-06T09:52:32","guid":{"rendered":"https:\/\/szkolenia-udt.pl\/?page_id=2784"},"modified":"2023-03-20T14:53:21","modified_gmt":"2023-03-20T13:53:21","slug":"stillasbygger","status":"publish","type":"page","link":"https:\/\/szkolenia-udt.pl\/nb\/kursy\/montazysta-rusztowan\/","title":{"rendered":"Stillasmont\u00f8r - OSO-kurs"},"content":{"rendered":"<h2 class=\"wp-block-heading\"><strong>Stillasmont\u00f8rkurs hos OSO<\/strong><\/h2>\n\n\n<div class=\"wp-block-image\">\n<figure class=\"alignleft size-large is-resized\"><a href=\"https:\/\/szkolenia-udt.pl\/wp-content\/uploads\/2022\/05\/H61e44d7cfccc4584a6e821885c4445460.jpg\"><img loading=\"lazy\" decoding=\"async\" src=\"https:\/\/szkolenia-udt.pl\/wp-content\/uploads\/2022\/05\/H61e44d7cfccc4584a6e821885c4445460-1024x624.jpg\" alt=\"stillas installert\" class=\"wp-image-2788\" width=\"512\" height=\"312\" srcset=\"https:\/\/szkolenia-udt.pl\/wp-content\/uploads\/2022\/05\/H61e44d7cfccc4584a6e821885c4445460-1024x624.jpg 1024w, https:\/\/szkolenia-udt.pl\/wp-content\/uploads\/2022\/05\/H61e44d7cfccc4584a6e821885c4445460-300x183.jpg 300w, https:\/\/szkolenia-udt.pl\/wp-content\/uploads\/2022\/05\/H61e44d7cfccc4584a6e821885c4445460-768x468.jpg 768w, https:\/\/szkolenia-udt.pl\/wp-content\/uploads\/2022\/05\/H61e44d7cfccc4584a6e821885c4445460.jpg 1458w\" sizes=\"auto, (max-width: 512px) 100vw, 512px\" \/><\/a><\/figure>\n<\/div>\n\n\n<p>Velkommen til stillasmonteringskurset som arrangeres av <a href=\"https:\/\/szkolenia-udt.pl\/nb\/o-firmie\/\">Oppl\u00e6ringssenter for operat\u00f8rer<\/a>.&nbsp;&nbsp;<\/p>\n\n\n\n<h2 class=\"wp-block-heading\"><strong>Spesifikasjoner for \u00e5 jobbe som stillasbygger<\/strong>&nbsp;<\/h2>\n\n\n\n<p>En stillasbygger er en bygningsarbeider som er ansvarlig for \u00e5 sette opp og demontere stillas. Stillasmont\u00f8rens oppgave er \u00e5 s\u00f8rge for at hele konstruksjonen er stabil og ikke minst sikker. Stillasmont\u00f8ren m\u00e5 kunne lese tekniske tegninger og byggeplassplaner, som er grunnlaget for at stillaset skal kunne settes opp p\u00e5 riktig m\u00e5te. For \u00e5 kunne jobbe som stillasmont\u00f8r m\u00e5 man ha gjennomf\u00f8rt en fagutdanning og best\u00e5tt IMBiGS-eksamen, som du kan forberede deg til hos oss.&nbsp;&nbsp;&nbsp;<\/p>\n\n\n\n<h2 class=\"wp-block-heading\"><strong>Hvem kan melde seg p\u00e5 kurset?<\/strong>&nbsp;<\/h2>\n\n\n\n<p>CSO-kursene er beregnet p\u00e5 b\u00e5de enkeltpersoner og organiserte grupper. Kursprogrammet er strukturert slik at det er mulig \u00e5 utdanne seg til yrket fra bunnen av. Alle som \u00f8nsker \u00e5 delta p\u00e5 kursene, m\u00e5 oppfylle f\u00f8lgende formelle krav:&nbsp;<\/p>\n\n\n\n<ul class=\"wp-block-list\">\n<li>fylte 18 \u00e5r,&nbsp;<\/li>\n\n\n\n<li>har et minimum av grunnutdanning,&nbsp;<\/li>\n\n\n\n<li>ingen helsemessige kontraindikasjoner for \u00e5 ut\u00f8ve yrket.&nbsp;<\/li>\n<\/ul>\n\n\n<div class=\"wp-block-image\">\n<figure class=\"alignright size-large is-resized\"><a href=\"https:\/\/szkolenia-udt.pl\/wp-content\/uploads\/2022\/05\/D145_32_093_1200-1.jpg\"><img loading=\"lazy\" decoding=\"async\" src=\"https:\/\/szkolenia-udt.pl\/wp-content\/uploads\/2022\/05\/D145_32_093_1200-1-1024x683.jpg\" alt=\"stillasbygger\" class=\"wp-image-2787\" width=\"512\" height=\"342\" srcset=\"https:\/\/szkolenia-udt.pl\/wp-content\/uploads\/2022\/05\/D145_32_093_1200-1-1024x683.jpg 1024w, https:\/\/szkolenia-udt.pl\/wp-content\/uploads\/2022\/05\/D145_32_093_1200-1-300x200.jpg 300w, https:\/\/szkolenia-udt.pl\/wp-content\/uploads\/2022\/05\/D145_32_093_1200-1-768x512.jpg 768w, https:\/\/szkolenia-udt.pl\/wp-content\/uploads\/2022\/05\/D145_32_093_1200-1.jpg 1200w\" sizes=\"auto, (max-width: 512px) 100vw, 512px\" \/><\/a><\/figure>\n<\/div>\n\n\n<h2 class=\"wp-block-heading\"><strong>Helsemessige kontraindikasjoner<\/strong>&nbsp;<\/h2>\n\n\n\n<p>N\u00e5r du skal jobbe som stillasbygger, m\u00e5 du f\u00f8rst og fremst ikke ha h\u00f8ydeskrekk. F\u00f8r du starter p\u00e5 kurset, gjennomg\u00e5r du en unders\u00f8kelse som blant annet skal fastsl\u00e5 om du er i stand til \u00e5 arbeide i h\u00f8yder p\u00e5 over tre meter. Stillasmont\u00f8ren m\u00e5 ha god fysisk form, for det \u00e5 klatre p\u00e5 stillas er ikke det enkleste.<\/p>\n\n\n\n<h4 class=\"wp-block-heading\">Helsekontraindikasjoner verifisert under studien er:\u00a0<\/h4>\n\n\n\n<ul class=\"dwiekolumny wp-block-list\">\n<li>synshemming,&nbsp;<\/li>\n\n\n\n<li>ubalanser,&nbsp;<\/li>\n\n\n\n<li>en tendens til \u00e5 besvime,&nbsp;<\/li>\n\n\n\n<li>h\u00f8ydeskrekk,&nbsp;<\/li>\n\n\n\n<li>sykdommer i det sentrale og perifere nervesystemet,&nbsp;<\/li>\n\n\n\n<li>epilepsi,&nbsp;<\/li>\n\n\n\n<li>parese i lemmer,&nbsp;<\/li>\n\n\n\n<li>diabetes,&nbsp;<\/li>\n\n\n\n<li>hjerte- og karsykdommer,&nbsp;<\/li>\n\n\n\n<li>kroniske luftveissykdommer,&nbsp;<\/li>\n\n\n\n<li>betydelig nedsatt fargesyn,&nbsp;<\/li>\n\n\n\n<li>h\u00f8rselstap, \u00f8resykdommer.\u00a0<\/li>\n<\/ul>\n\n\n\n<h2 class=\"wp-block-heading\"><strong>Hvordan ser registreringen ut?<\/strong>&nbsp;<\/h2>\n\n\n\n<p>For \u00e5 melde deg p\u00e5 et kurs er det bare \u00e5 kontakte oss p\u00e5 telefon. Kandidaten kan selv velge sted og dato for kurset. N\u00e5r vilk\u00e5rene er avtalt, fullf\u00f8rer vi p\u00e5meldingen til kurset.&nbsp;&nbsp;&nbsp;<\/p>\n\n\n\n<h2 class=\"wp-block-heading\"><strong>Oppl\u00e6ringsprogram<\/strong>&nbsp;<\/h2>\n\n\n\n<h4 class=\"wp-block-heading\">Den teoretiske delen av oppl\u00e6ringen dekker sp\u00f8rsm\u00e5l knyttet til blant annet:&nbsp;<\/h4>\n\n\n\n<ul class=\"wp-block-list\">\n<li>stillasets inndeling og funksjoner,&nbsp;<\/li>\n\n\n\n<li>bygging av bestemte typer konstruksjoner,&nbsp;<\/li>\n\n\n\n<li>gj\u00f8re deg kjent med den tekniske dokumentasjonen som brukes under arbeidet,&nbsp;<\/li>\n\n\n\n<li>organisering av omr\u00e5det,&nbsp;<\/li>\n\n\n\n<li>prinsippene for sikker arbeidshygiene ved montering og demontering av stillas.&nbsp;<\/li>\n<\/ul>\n\n\n\n<h4 class=\"wp-block-heading\">Den praktiske delen av oppl\u00e6ringen omfatter:&nbsp;<\/h4>\n\n\n\n<ul class=\"wp-block-list\">\n<li>l\u00e6re aktivitetene f\u00f8r, under og etter jobb,&nbsp;<\/li>\n\n\n\n<li>forsvarlig sikring av arbeidsomr\u00e5det,&nbsp;<\/li>\n\n\n\n<li>\u00f8velser for montering og demontering av stillas,&nbsp;<\/li>\n\n\n\n<li>inspeksjonsaktiviteter for strukturell helse.&nbsp;<\/li>\n<\/ul>\n\n\n\n<h2 class=\"wp-block-heading\"><strong>Hva er stillasbygging? - et av temaene som tas opp i undervisningen<\/strong>\u00a0<\/h2>\n\n\n\n<p>Ved \u00e5 melde deg p\u00e5 kurset v\u00e5rt vil du f\u00e5 omfattende kunnskap om stillaser, som er konstruksjoner (vanligvis av metall) som gir sikker tilgang til h\u00f8ye konstruksjoner. Et stillas best\u00e5r vanligvis av vertikale st\u00f8ttestolper som det festes horisontale stolper til. P\u00e5 toppen av disse legges en plattform av planker. I moderne konstruksjoner er denne plattformen konstruert av lett prefabrikkert metall, mens de vertikale stolpene er laget av st\u00e5lr\u00f8r.\u00a0<\/p>\n\n\n\n<h2 class=\"wp-block-heading\"><strong>Klassifisering og typer stillas<\/strong><\/h2>\n\n\n\n<figure class=\"wp-block-table\"><table><tbody><tr><td>Utforming<\/td><td>Bruksm\u00e5te<\/td><td>Konstruksjonsmateriale<\/td><\/tr><tr><td>\n<ul>\n<li>Modul\u00e6r<\/li>\n<li>Stativ<\/li>\n<li>Spesielle<\/li>\n<li>S\u00f8yler (Warszawa)<\/li>\n<li>Rammeverk<\/li>\n<li>Geiter<\/li>\n<li>I parentes<\/li>\n<\/ul>\n<\/td><td>\n<ul>\n<li>Mobil (l\u00f8pende)<\/li>\n<li>Ubevegelig<\/li>\n<\/ul>\n<\/td><td>\n<ul>\n<li>Av tre<\/li>\n<li>Aluminium<\/li>\n<li>St\u00e5l<\/li>\n<li>Andre materialer<\/li>\n<\/ul>\n<\/td><\/tr><\/tbody><\/table><\/figure>\n\n\n\n<h2 class=\"wp-block-heading\"><strong>Hva kan du f\u00e5 fra oss?<\/strong>&nbsp;<\/h2>\n\n\n\n<p>Vi tilbyr oppl\u00e6ring av h\u00f8y kvalitet og profesjonell kundeservice gjennom hele oppl\u00e6ringsprosessen, fra p\u00e5melding til IMBiGS-eksamen.&nbsp;&nbsp;<\/p>\n\n\n\n<p>Inkludert i prisen for oppl\u00e6ringen f\u00e5r du tilgang til undervisningsmateriell p\u00e5 en nettbasert plattform. Her finner du blant annet instruksjonsvideoer og eksempler p\u00e5 sp\u00f8rsm\u00e5l som kan dukke opp p\u00e5 den teoretiske delen av eksamen.&nbsp;&nbsp;&nbsp;<\/p>\n\n\n\n<figure class=\"wp-block-video\"><video controls poster=\"https:\/\/szkolenia-udt.pl\/wp-content\/uploads\/2023\/03\/okladka-rusztowania-OSO.EDU_.PL-OSO-3.jpg\" src=\"https:\/\/szkolenia-udt.pl\/wp-content\/uploads\/2023\/03\/rusztowania-SZKOLENIA-UDT.PL-OSO.mp4\"><\/video><\/figure>\n\n\n\n<h2 class=\"wp-block-heading\"><strong>Sted for oppl\u00e6ring<\/strong>&nbsp;<\/h2>\n\n\n\n<p>Oppl\u00e6ringskursene gjennomf\u00f8res ved v\u00e5re avdelinger over hele Polen - du finner oss blant annet i Warszawa. N\u00e5r det gjelder kurs for organiserte grupper, tilbyr vi reise til det stedet kunden \u00f8nsker, over hele landet.\u00a0\u00a0\u00a0<\/p>\n\n\n\n<h2 class=\"wp-block-heading\"><strong>IMBiGS-eksamenen gj\u00f8r det mulig for deg \u00e5 bli sertifisert for<\/strong>&nbsp;<\/h2>\n\n\n\n<p>For at du skal bli sertifisert som stillasmont\u00f8r, m\u00e5 resultatet av eksamen v\u00e6re positivt. Eksamen er, i likhet med oppl\u00e6ringen, delt inn i to deler. Under den teoretiske delen av eksamenen f\u00e5r du en pr\u00f8ve som du skal gjennomf\u00f8re, og under den praktiske delen m\u00e5 du demonstrere dine ferdigheter i stillasmontering. Kvalifikasjonene for stillasmontering utstedes av Institute of Construction and Rock Mining Mechanisation i Warszawa. Etter best\u00e5tt eksamen f\u00e5r deltakeren et stillasmont\u00f8rhefte. Autorisasjonene gis p\u00e5 ubestemt tid og er gyldige i hele landet og i EU-land. Det er ulovlig \u00e5 arbeide uten autorisasjon.&nbsp;&nbsp;&nbsp;<\/p>\n\n\n\n<h2 class=\"wp-block-heading\"><strong>Jobbmuligheter i Polen og i utlandet<\/strong>&nbsp;<\/h2>\n\n\n<div class=\"wp-block-image\">\n<figure class=\"alignleft size-large is-resized\"><a href=\"https:\/\/szkolenia-udt.pl\/wp-content\/uploads\/2022\/05\/D25_142_240_1200.jpg\"><img loading=\"lazy\" decoding=\"async\" src=\"https:\/\/szkolenia-udt.pl\/wp-content\/uploads\/2022\/05\/D25_142_240_1200-1024x683.jpg\" alt=\"mont\u00f8rer under montering av stillas\" class=\"wp-image-2786\" width=\"512\" height=\"342\" srcset=\"https:\/\/szkolenia-udt.pl\/wp-content\/uploads\/2022\/05\/D25_142_240_1200-1024x683.jpg 1024w, https:\/\/szkolenia-udt.pl\/wp-content\/uploads\/2022\/05\/D25_142_240_1200-300x200.jpg 300w, https:\/\/szkolenia-udt.pl\/wp-content\/uploads\/2022\/05\/D25_142_240_1200-768x512.jpg 768w, https:\/\/szkolenia-udt.pl\/wp-content\/uploads\/2022\/05\/D25_142_240_1200.jpg 1200w\" sizes=\"auto, (max-width: 512px) 100vw, 512px\" \/><\/a><\/figure>\n<\/div>\n\n\n<p>Arbeidsmarkedet for stillasmont\u00f8rer byr p\u00e5 store muligheter for potensielle kandidater til denne stillingen. Med de rette kvalifikasjonene kan du f\u00e5 jobb i byggebransjen - i bedrifter som jobber med \u00e5 sette opp nye bygninger, reparere fasader, bygge broer og tunneler og utf\u00f8re etterarbeid. Det er ogs\u00e5 behov for stillasbyggere i vindus- og fasadevaskerier, bygg- og monteringsfirmaer, selskaper som tilbyr telt- og scenebygging for massearrangementer, og ved bygging av frittst\u00e5ende konstruksjoner som reklame eller vedlikehold av skorsteiner.\u00a0\u00a0<\/p>\n\n\n\n<p>Jobbmulighetene for stillasbyggere strekker seg ogs\u00e5 utenfor Polens grenser. Det er imidlertid verdt \u00e5 merke seg at ikke alle europeiske land anerkjenner kvalifikasjoner som er oppn\u00e5dd i Polen. N\u00e5r du velger land, er det derfor viktig at du setter deg inn i det aktuelle landets regelverk. Stillasbyggeryrket kan v\u00e6re sv\u00e6rt l\u00f8nnsomt i noen europeiske land.&nbsp;<\/p>\n\n\n\n<h2 class=\"wp-block-heading\"><strong>Velg CSO<\/strong>!\u00a0<\/h2>\n\n\n\n<p>Operat\u00f8roppl\u00e6ringssenteret er det beste stedet \u00e5 skaffe seg faglige kvalifikasjoner. Teamet v\u00e5rt best\u00e5r av instrukt\u00f8rer med mange \u00e5rs undervisningserfaring. I l\u00f8pet av oppl\u00e6ringen legger vi vekt p\u00e5 en individuell tiln\u00e6rming til deltakerne. Takket v\u00e6re oss kan du oppn\u00e5 kvalifikasjoner og autorisasjoner! Vi inviterer deg til \u00e5 melde deg p\u00e5.<\/p>\n\n\n<div class=\"wp-block-image\">\n<figure class=\"aligncenter size-large\"><a href=\"https:\/\/szkolenia-udt.pl\/wp-content\/uploads\/2022\/05\/0076-oso.edu_.pl_.jpg\"><img loading=\"lazy\" decoding=\"async\" width=\"1024\" height=\"853\" src=\"https:\/\/szkolenia-udt.pl\/wp-content\/uploads\/2022\/05\/0076-oso.edu_.pl_-1024x853.jpg\" alt=\"grafikk som beskriver oppl\u00e6ringen\" class=\"wp-image-2863\" srcset=\"https:\/\/szkolenia-udt.pl\/wp-content\/uploads\/2022\/05\/0076-oso.edu_.pl_-1024x853.jpg 1024w, https:\/\/szkolenia-udt.pl\/wp-content\/uploads\/2022\/05\/0076-oso.edu_.pl_-300x250.jpg 300w, https:\/\/szkolenia-udt.pl\/wp-content\/uploads\/2022\/05\/0076-oso.edu_.pl_-768x640.jpg 768w, https:\/\/szkolenia-udt.pl\/wp-content\/uploads\/2022\/05\/0076-oso.edu_.pl_.jpg 1200w\" sizes=\"auto, (max-width: 1024px) 100vw, 1024px\" \/><\/a><\/figure>\n<\/div>","protected":false},"excerpt":{"rendered":"<p>Kurs monta\u017cysty rusztowa\u0144 w OSO Zapraszamy na kurs monta\u017cysty rusztowa\u0144, organizowany przez O\u015brodek Szkolenia Operator\u00f3w.&nbsp;&nbsp; Specyfika pracy jako monta\u017cysta rusztowa\u0144&nbsp; Monta\u017cysta rusztowa\u0144 jest pracownikiem budowlanym odpowiedzianym za monta\u017c oraz demonta\u017c rusztowa\u0144. Jego zadaniem jest zadba\u0107 o to, aby ca\u0142a konstrukcja by\u0142a stabilna i, co najwa\u017cniejsze, bezpieczna. Osoba na tym stanowisku musi posiada\u0107 umiej\u0119tno\u015bci w zakresie [&hellip;]<\/p>\n","protected":false},"author":10,"featured_media":2786,"parent":22,"menu_order":0,"comment_status":"closed","ping_status":"closed","template":"","meta":{"footnotes":""},"class_list":["post-2784","page","type-page","status-publish","has-post-thumbnail","hentry"],"aioseo_notices":[],"_links":{"self":[{"href":"https:\/\/szkolenia-udt.pl\/nb\/wp-json\/wp\/v2\/pages\/2784","targetHints":{"allow":["GET"]}}],"collection":[{"href":"https:\/\/szkolenia-udt.pl\/nb\/wp-json\/wp\/v2\/pages"}],"about":[{"href":"https:\/\/szkolenia-udt.pl\/nb\/wp-json\/wp\/v2\/types\/page"}],"author":[{"embeddable":true,"href":"https:\/\/szkolenia-udt.pl\/nb\/wp-json\/wp\/v2\/users\/10"}],"replies":[{"embeddable":true,"href":"https:\/\/szkolenia-udt.pl\/nb\/wp-json\/wp\/v2\/comments?post=2784"}],"version-history":[{"count":13,"href":"https:\/\/szkolenia-udt.pl\/nb\/wp-json\/wp\/v2\/pages\/2784\/revisions"}],"predecessor-version":[{"id":4646,"href":"https:\/\/szkolenia-udt.pl\/nb\/wp-json\/wp\/v2\/pages\/2784\/revisions\/4646"}],"up":[{"embeddable":true,"href":"https:\/\/szkolenia-udt.pl\/nb\/wp-json\/wp\/v2\/pages\/22"}],"wp:featuredmedia":[{"embeddable":true,"href":"https:\/\/szkolenia-udt.pl\/nb\/wp-json\/wp\/v2\/media\/2786"}],"wp:attachment":[{"href":"https:\/\/szkolenia-udt.pl\/nb\/wp-json\/wp\/v2\/media?parent=2784"}],"curies":[{"name":"wp","href":"https:\/\/api.w.org\/{rel}","templated":true}]}}