{"id":2793,"date":"2022-05-09T15:43:45","date_gmt":"2022-05-09T13:43:45","guid":{"rendered":"https:\/\/szkolenia-udt.pl\/?page_id=2793"},"modified":"2023-03-26T10:49:40","modified_gmt":"2023-03-26T08:49:40","slug":"hengende-plattformer","status":"publish","type":"page","link":"https:\/\/szkolenia-udt.pl\/nb\/kursy\/uprawnienia-udt-tdt-wdt\/podesty-ruchome-wiszace\/","title":{"rendered":"Oppl\u00e6ring for mobile plattformer"},"content":{"rendered":"<h2 class=\"wp-block-heading\"><strong>Om kurset<\/strong><\/h2>\n\n\n<div class=\"wp-block-image\">\n<figure class=\"alignright size-large is-resized\"><a href=\"https:\/\/szkolenia-udt.pl\/wp-content\/uploads\/2023\/03\/123.jpeg\"><img loading=\"lazy\" decoding=\"async\" src=\"https:\/\/szkolenia-udt.pl\/wp-content\/uploads\/2023\/03\/123-1024x683.jpeg\" alt=\"Hengende mobil plattform\" class=\"wp-image-4176\" width=\"512\" height=\"342\" srcset=\"https:\/\/szkolenia-udt.pl\/wp-content\/uploads\/2023\/03\/123-1024x683.jpeg 1024w, https:\/\/szkolenia-udt.pl\/wp-content\/uploads\/2023\/03\/123-300x200.jpeg 300w, https:\/\/szkolenia-udt.pl\/wp-content\/uploads\/2023\/03\/123-768x512.jpeg 768w, https:\/\/szkolenia-udt.pl\/wp-content\/uploads\/2023\/03\/123-1536x1024.jpeg 1536w, https:\/\/szkolenia-udt.pl\/wp-content\/uploads\/2023\/03\/123-18x12.jpeg 18w, https:\/\/szkolenia-udt.pl\/wp-content\/uploads\/2023\/03\/123.jpeg 1600w\" sizes=\"auto, (max-width: 512px) 100vw, 512px\" \/><\/a><\/figure>\n<\/div>\n\n\n<p>Hvis du vurderer \u00e5 utf\u00f8re arbeid i h\u00f8yden eller \u00e5 la dine ansatte utf\u00f8re slikt arbeid, er det f\u00f8rste du m\u00e5 tenke p\u00e5, riktig utstyr. Stillas brukes ofte til arbeid i h\u00f8yden. Men for mange jobber, som for eksempel plassering av reklametavler eller vedlikehold av h\u00f8yspentledninger, er ikke vanlige stillaser egnet. I visse situasjoner kan det l\u00f8nne seg \u00e5 st\u00f8tte arbeidet ved hjelp av mobile plattformer. Disse maskinene m\u00e5 kun betjenes og vedlikeholdes av personer som har relevante kvalifikasjonsbevis.&nbsp;&nbsp;<\/p>\n\n\n\n<h2 class=\"wp-block-heading\"><strong>Hvordan f\u00e5r jeg tillatelse til \u00e5 drive eller vedlikeholde mobile plattformer?<\/strong>&nbsp;<\/h2>\n\n\n\n<p>Ikke alle kan betjene mobile plattformer. Den gode nyheten er at nesten hvem som helst kan tilegne seg de n\u00f8dvendige kvalifikasjonene. <a href=\"https:\/\/szkolenia-udt.pl\/nb\/kursy\/podesty-ruchome\/obsluga-podestow-ruchomych\/\">Drift av mobile plattformer<\/a> krever at man er i besittelse av relevante dokumenter som gir tillatelse til \u00e5 bruke maskinen. N\u00e5r det gjelder mobile plattformer, finnes det fortsatt ulike typer tillatelser, avhengig av hvilken type plattform det er snakk om. N\u00e5r det gjelder de ulike typene plattformer, f.eks. faste, hengende, fritt bevegelige eller mastede, kan personen som betjener det spesifikke utstyret, trenge en tillatelse av en bestemt type. Tillatelse til \u00e5 betjene mobile plattformer kan erverves p\u00e5 et profesjonelt oppl\u00e6ringssenter, som tilbyr sine kunder et eget kurs og muligheten til \u00e5 ta UDT-eksamen. OSO Brand arrangerer kurs for \u00e5 forberede seg til eksamen for \u00e5 bli operat\u00f8r og vedlikeholdsansvarlig for mobile plattformer.\u00a0<\/p>\n\n\n\n<h2 class=\"wp-block-heading\"><strong>Hvordan gir vi oppl\u00e6ring i sivilsamfunnsorganisasjoner?<\/strong>\u00a0<\/h2>\n\n\n\n<p>Hos OSO st\u00e5r v\u00e5re instrukt\u00f8rer alltid klare til \u00e5 gi v\u00e5re kunder oppl\u00e6ring p\u00e5 h\u00f8yeste niv\u00e5. Varemerket v\u00e5rt har v\u00e6rt p\u00e5 markedet i mange \u00e5r. Hundrevis av forn\u00f8yde kunder har allerede f\u00e5tt oppl\u00e6ring hos oss. Vi tilbyr et bredt spekter av ulike kurs innen teknisk oppl\u00e6ring, inkludert kurs for mobile plattformer. I mange \u00e5r har vi gitt kundene v\u00e5re tilfredsstillende service p\u00e5 h\u00f8yeste niv\u00e5.\u00a0<\/p>\n\n\n\n<figure class=\"wp-block-video\"><video controls poster=\"https:\/\/szkolenia-udt.pl\/wp-content\/uploads\/2023\/03\/okladka-podnosnik-OSO.jpg\" src=\"https:\/\/szkolenia-udt.pl\/wp-content\/uploads\/2023\/03\/podnosnik-SZKOLENIA-UDT.PL-OSO.mp4\"><\/video><\/figure>\n\n\n\n<h2 class=\"wp-block-heading\"><strong>Formelle krav<\/strong><\/h2>\n\n\n\n<p>For \u00e5 kunne delta p\u00e5 kurset om mobile plattformer som OSO tilbyr, er det noen f\u00e5 enkle betingelser som m\u00e5 oppfylles:&nbsp;<\/p>\n\n\n\n<ul class=\"wp-block-list\">\n<li>v\u00e6re minst 18 \u00e5r gammel;&nbsp;<\/li>\n\n\n\n<li>har minimum grunnskoleutdanning;&nbsp;<\/li>\n\n\n\n<li>v\u00e6re i besittelse av en legeerkl\u00e6ring som bekrefter at det ikke foreligger noen medisinske kontraindikasjoner mot \u00e5 arbeide med den mobile plattformen.&nbsp;<\/li>\n<\/ul>\n\n\n\n<p>Alle som oppfyller kravene ovenfor, kan delta p\u00e5 kursene v\u00e5re.\u00a0\u00a0<\/p>\n\n\n\n<h2 class=\"wp-block-heading\"><strong>P\u00e5melding til oppl\u00e6ring<\/strong>&nbsp;<\/h2>\n\n\n<div class=\"wp-block-image\">\n<figure class=\"alignleft size-large is-resized\"><a href=\"https:\/\/szkolenia-udt.pl\/wp-content\/uploads\/2022\/05\/operatorzy.edu_.pl-0013-587-gs4047.jpg\"><img loading=\"lazy\" decoding=\"async\" src=\"https:\/\/szkolenia-udt.pl\/wp-content\/uploads\/2022\/05\/operatorzy.edu_.pl-0013-587-gs4047-1024x682.jpg\" alt=\"ansatt som betjener en sakselift\" class=\"wp-image-2797\" width=\"512\" height=\"341\" srcset=\"https:\/\/szkolenia-udt.pl\/wp-content\/uploads\/2022\/05\/operatorzy.edu_.pl-0013-587-gs4047-1024x682.jpg 1024w, https:\/\/szkolenia-udt.pl\/wp-content\/uploads\/2022\/05\/operatorzy.edu_.pl-0013-587-gs4047-300x200.jpg 300w, https:\/\/szkolenia-udt.pl\/wp-content\/uploads\/2022\/05\/operatorzy.edu_.pl-0013-587-gs4047-768x512.jpg 768w, https:\/\/szkolenia-udt.pl\/wp-content\/uploads\/2022\/05\/operatorzy.edu_.pl-0013-587-gs4047-1536x1024.jpg 1536w, https:\/\/szkolenia-udt.pl\/wp-content\/uploads\/2022\/05\/operatorzy.edu_.pl-0013-587-gs4047.jpg 2000w\" sizes=\"auto, (max-width: 512px) 100vw, 512px\" \/><\/a><\/figure>\n<\/div>\n\n\n<p>For \u00e5 melde deg selv eller gruppen din p\u00e5 <a href=\"https:\/\/szkolenia-udt.pl\/nb\/kursy\/\">v\u00e5re oppl\u00e6ringskurs<\/a>Det beste du kan gj\u00f8re er \u00e5 kontakte v\u00e5re konsulenter. De er klare til \u00e5 gi deg all n\u00f8dvendig informasjon og utarbeide et attraktivt tilbud til hver enkelt kunde.  Vi oppfordrer deg til \u00e5 sjekke <a href=\"https:\/\/szkolenia-udt.pl\/nb\/oferta\/\">v\u00e5rt tilbud<\/a> p\u00e5 nettstedet. Vi gj\u00f8r v\u00e5rt ytterste for \u00e5 sikre at utdanningsprosjektene v\u00e5re kjennetegnes av h\u00f8y kvalitet.\u00a0 \u00a0<\/p>\n\n\n\n<h2 class=\"wp-block-heading\"><strong>Hvordan g\u00e5r det med kurset?<\/strong>&nbsp;<\/h2>\n\n\n\n<p>Varemerket OSO tilbyr oppl\u00e6ring for mobile plattformer i begge kategorier. <a href=\"https:\/\/szkolenia-udt.pl\/nb\/kursy\/podesty-ruchome\/\">Kurs for mobile plattformer<\/a> best\u00e5r av to deler: teori og praksis. Teoridelen er utformet for \u00e5 gi eleven grunnleggende informasjon om utstyr som mobile plattformer, det vil si at eleven skal l\u00e6re:\u00a0<\/p>\n\n\n\n<ul class=\"wp-block-list\">\n<li>typer og konstruksjon av den mobile plattformen,&nbsp;<\/li>\n\n\n\n<li>operat\u00f8r- og vedlikeholdsoppgaver p\u00e5 arbeidsstasjonen (f\u00f8r, under og etter arbeidet),&nbsp;<\/li>\n\n\n\n<li>kunnskap om det tekniske tilsynet med utstyret,&nbsp;<\/li>\n\n\n\n<li>helse- og sikkerhetsregler for arbeid med en mobil plattform.&nbsp;<\/li>\n<\/ul>\n\n\n\n<p>I tillegg til den teoretiske delen omfatter kurset for mobile plattformer ogs\u00e5 praktisk oppl\u00e6ring. Teoriundervisningen kan foreg\u00e5 p\u00e5 et av v\u00e5re sentre, p\u00e5 et egnet sted utpekt av kunden, eller online p\u00e5 v\u00e5r e-l\u00e6ringsplattform. Den praktiske oppl\u00e6ringen for mobile plattformer foreg\u00e5r p\u00e5 v\u00e5re sentre, som er fullt utstyrt med n\u00f8dvendig oppl\u00e6ringsutstyr. Hovedkontoret v\u00e5rt ligger i Warszawa, men vi tilbyr oppl\u00e6ring over hele landet. For st\u00f8rre organiserte grupper kan v\u00e5re instrukt\u00f8rer reise til det stedet som er avtalt med kunden.<strong>\u00a0<\/strong>\u00a0\u00a0<\/p>\n\n\n\n<div class=\"filmw\">\n<div class=\"responsive-youtube\"><iframe loading=\"lazy\" title=\"YouTube-videospiller\" src=\"https:\/\/www.youtube.com\/embed\/OUKdY5V51M4\" width=\"560\" height=\"315\" frameborder=\"0\" allowfullscreen=\"allowfullscreen\"><\/iframe><\/div>\n<\/div>\n\n\n\n<h2 class=\"wp-block-heading\"><strong>UDT-tillatelser<\/strong>&nbsp;<\/h2>\n\n\n\n<p>Oppl\u00e6ringen for mobile plattformer avsluttes med en eksamen for UDT-kommisjonen. Best\u00e5tt eksamen gir deg lisens til \u00e5 betjene eller vedlikeholde mobile plattformer. De som fullf\u00f8rer kurset med best\u00e5tt eksamen, f\u00e5r et kompetansebevis. Hvis du jobber i utlandet, kan det hende du trenger et sertifikat i et skjema med bilde. OSO tilbyr v\u00e5re kunder utstedelse av et slikt vitnem\u00e5l.\u00a0\u00a0<\/p>\n\n\n\n<h2 class=\"wp-block-heading\"><strong>Spesifikasjoner for mobile plattformer<\/strong>&nbsp;<\/h2>\n\n\n<div class=\"wp-block-image\">\n<figure class=\"aligncenter size-large is-resized\"><a href=\"https:\/\/szkolenia-udt.pl\/wp-content\/uploads\/2022\/05\/4.Promax_Landingpage.jpg\"><img loading=\"lazy\" decoding=\"async\" src=\"https:\/\/szkolenia-udt.pl\/wp-content\/uploads\/2022\/05\/4.Promax_Landingpage-1024x365.jpg\" alt=\"arbeidsplattformer med operat\u00f8rer\" class=\"wp-image-2794\" width=\"1024\" height=\"365\" srcset=\"https:\/\/szkolenia-udt.pl\/wp-content\/uploads\/2022\/05\/4.Promax_Landingpage-1024x365.jpg 1024w, https:\/\/szkolenia-udt.pl\/wp-content\/uploads\/2022\/05\/4.Promax_Landingpage-300x107.jpg 300w, https:\/\/szkolenia-udt.pl\/wp-content\/uploads\/2022\/05\/4.Promax_Landingpage-768x274.jpg 768w, https:\/\/szkolenia-udt.pl\/wp-content\/uploads\/2022\/05\/4.Promax_Landingpage-1536x548.jpg 1536w, https:\/\/szkolenia-udt.pl\/wp-content\/uploads\/2022\/05\/4.Promax_Landingpage.jpg 1900w\" sizes=\"auto, (max-width: 1024px) 100vw, 1024px\" \/><\/a><\/figure>\n<\/div>\n\n\n<p>Mobile plattformer gj\u00f8r det mulig \u00e5 n\u00e5 mange h\u00f8ytliggende steder, spesielt p\u00e5 steder der det er fysisk umulig \u00e5 sette opp stillas. De best\u00e5r av et karosseri, en l\u00f8ftekran og en arbeidsplattform. Kranen, som er montert p\u00e5 karosseriet, hever arbeidsplattformen til \u00f8nsket h\u00f8yde. Det finnes ulike typer mobile plattformer. De varierer avhengig av hvilket arbeid de skal brukes til og hvor de skal plasseres. I tillegg til dette kan disse enhetene ogs\u00e5 variere i type drivverk - noen er helt stasjon\u00e6re, mens andre er plassert p\u00e5 karosseriet til et kj\u00f8ret\u00f8y. Avhengig av plattformtype kan bevegelsen enten v\u00e6re vertikal eller full range, det vil si vertikal og horisontal. Dette gj\u00f8r det mulig for mobile plattformer \u00e5 n\u00e5 vanskelig tilgjengelige steder. I tillegg sparer man tid og ressurser ved \u00e5 bruke mobile plattformer, s\u00e6rlig der det er for tidkrevende \u00e5 sette opp et helt stillas. Det er viktig \u00e5 huske at mobile plattformer ogs\u00e5 er utstyr som er underlagt teknisk kontroll.\u00a0<\/p>\n\n\n\n<h2 class=\"wp-block-heading\"><strong>Hva kjennetegner merkevaren OSO?<\/strong>\u00a0<\/h2>\n\n\n\n<p>Varemerket v\u00e5rt kjennetegnes ikke bare av service av topp kvalitet, men ogs\u00e5 av en personlig tiln\u00e6rming til hver enkelt kunde. For individuelle kunder kan vi tilby deltakelse p\u00e5 v\u00e5re \u00e5pne kurs, som holdes regelmessig og er \u00e5pne for alle. For bedriftskunder og institusjonelle kunder tilbyr OSO gunstige prispakker og rabatter. Med v\u00e5re kurs kan du v\u00e6re sikker p\u00e5 at du eller dine ansatte alltid f\u00e5r oppl\u00e6ring av topp kvalitet.\u00a0<\/p>\n\n\n<div class=\"wp-block-image\">\n<figure class=\"aligncenter\"><a href=\"https:\/\/szkolenia-udt.pl\/wp-content\/uploads\/2022\/04\/0013-oso-podesty-ruchome-obsluga.jpg\"><img loading=\"lazy\" decoding=\"async\" width=\"1024\" height=\"853\" src=\"https:\/\/szkolenia-udt.pl\/wp-content\/uploads\/2022\/04\/0013-oso-podesty-ruchome-obsluga-1024x853.jpg\" alt=\"grafisk reklame for oppl\u00e6ringen\" class=\"wp-image-2851\" srcset=\"https:\/\/szkolenia-udt.pl\/wp-content\/uploads\/2022\/04\/0013-oso-podesty-ruchome-obsluga-1024x853.jpg 1024w, https:\/\/szkolenia-udt.pl\/wp-content\/uploads\/2022\/04\/0013-oso-podesty-ruchome-obsluga-300x250.jpg 300w, https:\/\/szkolenia-udt.pl\/wp-content\/uploads\/2022\/04\/0013-oso-podesty-ruchome-obsluga-768x640.jpg 768w, https:\/\/szkolenia-udt.pl\/wp-content\/uploads\/2022\/04\/0013-oso-podesty-ruchome-obsluga.jpg 1200w\" sizes=\"auto, (max-width: 1024px) 100vw, 1024px\" \/><\/a><\/figure>\n<\/div>","protected":false},"excerpt":{"rendered":"<p>O kursie Je\u015bli rozwa\u017casz wykonywanie pracy na wysoko\u015bciach lub zlecenie takiej pracy swoim pracownikom, nale\u017cy przede wszystkim pami\u0119ta\u0107 o odpowiednim wyposa\u017ceniu. Do prac na wysoko\u015bci cz\u0119sto stosuje si\u0119 rusztowania. Jednak w przypadku wielu prac, takich jak umieszczanie billboard\u00f3w czy konserwacja linii wysokiego napi\u0119cia, zwyczajne rusztowanie nie b\u0119dzie odpowiednie. W pewnych sytuacjach warto wesprze\u0107 wykonywanie prac [&hellip;]<\/p>\n","protected":false},"author":10,"featured_media":4176,"parent":2266,"menu_order":0,"comment_status":"closed","ping_status":"closed","template":"","meta":{"footnotes":""},"class_list":["post-2793","page","type-page","status-publish","has-post-thumbnail","hentry"],"aioseo_notices":[],"_links":{"self":[{"href":"https:\/\/szkolenia-udt.pl\/nb\/wp-json\/wp\/v2\/pages\/2793","targetHints":{"allow":["GET"]}}],"collection":[{"href":"https:\/\/szkolenia-udt.pl\/nb\/wp-json\/wp\/v2\/pages"}],"about":[{"href":"https:\/\/szkolenia-udt.pl\/nb\/wp-json\/wp\/v2\/types\/page"}],"author":[{"embeddable":true,"href":"https:\/\/szkolenia-udt.pl\/nb\/wp-json\/wp\/v2\/users\/10"}],"replies":[{"embeddable":true,"href":"https:\/\/szkolenia-udt.pl\/nb\/wp-json\/wp\/v2\/comments?post=2793"}],"version-history":[{"count":14,"href":"https:\/\/szkolenia-udt.pl\/nb\/wp-json\/wp\/v2\/pages\/2793\/revisions"}],"predecessor-version":[{"id":4745,"href":"https:\/\/szkolenia-udt.pl\/nb\/wp-json\/wp\/v2\/pages\/2793\/revisions\/4745"}],"up":[{"embeddable":true,"href":"https:\/\/szkolenia-udt.pl\/nb\/wp-json\/wp\/v2\/pages\/2266"}],"wp:featuredmedia":[{"embeddable":true,"href":"https:\/\/szkolenia-udt.pl\/nb\/wp-json\/wp\/v2\/media\/4176"}],"wp:attachment":[{"href":"https:\/\/szkolenia-udt.pl\/nb\/wp-json\/wp\/v2\/media?parent=2793"}],"curies":[{"name":"wp","href":"https:\/\/api.w.org\/{rel}","templated":true}]}}