{"id":2820,"date":"2022-05-20T10:12:38","date_gmt":"2022-05-20T08:12:38","guid":{"rendered":"https:\/\/szkolenia-udt.pl\/?page_id=2820"},"modified":"2023-03-25T23:45:06","modified_gmt":"2023-03-25T22:45:06","slug":"gaffeltrucker-3","status":"publish","type":"page","link":"https:\/\/szkolenia-udt.pl\/nb\/kursy\/uprawnienia-udt-tdt-wdt\/wozki-widlowe-oso\/","title":{"rendered":"Kurs for gaffeltruckf\u00f8rere OSO"},"content":{"rendered":"<h2 class=\"wp-block-heading\">Om oppl\u00e6ring i sivilsamfunnsorganisasjoner<\/h2>\n\n\n\n<p>Oppl\u00e6ringen er organisert av OSO, og er dedikert til alle aspekter av en gaffeltruckf\u00f8rer. S\u00e5 enten du jobber i transportbransjen eller i industrien og \u00f8nsker \u00e5 forbedre kvalifikasjonene dine, eller om du \u00f8nsker \u00e5 endre karriereveien din helt, er oppl\u00e6ringen v\u00e5r noe for deg. Omfattende kunnskaper og ferdigheter innen truckkj\u00f8ring kan du tilegne deg ved \u00e5 delta p\u00e5 profesjonelle oppl\u00e6ringskurs, der v\u00e5re forelesere vil gj\u00f8re sitt beste for \u00e5 forberede deltakerne p\u00e5 arbeidet deres. Vi har delt v\u00e5r kunnskap og erfaring i mange \u00e5r. Stol p\u00e5 oss, og best\u00e5tt UDT-eksamen vil bare v\u00e6re en formalitet for deg!\u00a0<\/p>\n\n\n\n<h2 class=\"has-text-align-center wp-block-heading\"><a href=\"https:\/\/szkolenia-udt.pl\/wp-content\/uploads\/2022\/05\/odk-ergon-008-wozki-widlowe-podnosnikowe-item1-33-w1254.jpg\"><img loading=\"lazy\" decoding=\"async\" class=\"aligncenter wp-image-2823 size-large\" src=\"https:\/\/szkolenia-udt.pl\/wp-content\/uploads\/2022\/05\/odk-ergon-008-wozki-widlowe-podnosnikowe-item1-33-w1254-1024x369.jpg\" alt=\"Gaffeltrucker transporterer last\" width=\"750\" height=\"270\" srcset=\"https:\/\/szkolenia-udt.pl\/wp-content\/uploads\/2022\/05\/odk-ergon-008-wozki-widlowe-podnosnikowe-item1-33-w1254-1024x369.jpg 1024w, https:\/\/szkolenia-udt.pl\/wp-content\/uploads\/2022\/05\/odk-ergon-008-wozki-widlowe-podnosnikowe-item1-33-w1254-300x108.jpg 300w, https:\/\/szkolenia-udt.pl\/wp-content\/uploads\/2022\/05\/odk-ergon-008-wozki-widlowe-podnosnikowe-item1-33-w1254-768x276.jpg 768w, https:\/\/szkolenia-udt.pl\/wp-content\/uploads\/2022\/05\/odk-ergon-008-wozki-widlowe-podnosnikowe-item1-33-w1254-1536x553.jpg 1536w, https:\/\/szkolenia-udt.pl\/wp-content\/uploads\/2022\/05\/odk-ergon-008-wozki-widlowe-podnosnikowe-item1-33-w1254.jpg 1920w\" sizes=\"auto, (max-width: 750px) 100vw, 750px\" \/><\/a><\/h2>\n\n\n\n<h2 class=\"wp-block-heading\"><strong>Hva tilbyr vi? - kursets omfang<\/strong>\u00a0<\/h2>\n\n\n\n<p>Kurset som tilbys av CSO gir:&nbsp;<\/p>\n\n\n\n<ul class=\"wp-block-list\">\n<li>kunnskap om typer og utforming av gaffeltrucker,&nbsp;<\/li>\n\n\n\n<li>kunnskap om aktiviteter f\u00f8r og etter drift p\u00e5 utstyret,&nbsp;<\/li>\n\n\n\n<li>evne til \u00e5 man\u00f8vrere gaffeltrucken og lasten som transporteres,&nbsp;<\/li>\n\n\n\n<li>kunnskap om forskrifter for teknisk tilsyn,&nbsp;<\/li>\n\n\n\n<li>l\u00e6re prinsippene for sikker utskifting av gassflasker,&nbsp;<\/li>\n\n\n\n<li>praktiske \u00f8velser med utstyr.&nbsp;<\/li>\n<\/ul>\n\n\n\n<p>Ved \u00e5 velge OSO l\u00e6rer du \u00e5 styre en gaffeltruck p\u00e5 riktig m\u00e5te, siden instrukt\u00f8rene v\u00e5re bruker mye tid p\u00e5 praktiske \u00f8velser.&nbsp;<\/p>\n\n\n\n<h2 class=\"wp-block-heading\"><strong>Hvilke krav m\u00e5 oppfylles for \u00e5 bli med p\u00e5 kurset?<\/strong>&nbsp;<\/h2>\n\n\n\n<p>Du m\u00e5 oppfylle f\u00f8lgende krav for \u00e5 kunne melde deg p\u00e5 et truckf\u00f8rerkurs:&nbsp;<\/p>\n\n\n\n<ul class=\"wp-block-list\">\n<li>minst 18 \u00e5r gammel,&nbsp;<\/li>\n\n\n\n<li>minst grunnskoleutdanning,&nbsp;<\/li>\n\n\n\n<li>ingen helsemessige kontraindikasjoner for \u00e5 jobbe i stillingen.&nbsp;<\/li>\n<\/ul>\n\n\n\n<h2 class=\"wp-block-heading\"><strong>Hva er verdt \u00e5 vite om gaffeltrucker?<\/strong>&nbsp;<\/h2>\n\n\n\n<p>L\u00f8ftetrucker tilh\u00f8rer kategorien materialh\u00e5ndteringsutstyr og er det vanligste utstyret man finner p\u00e5 lager- og byggeplasser. De brukes hovedsakelig i industri-, transport- og n\u00e6ringsmiddelindustrien. Dette utstyret er uunnv\u00e6rlig for operasjoner som f.eks:&nbsp;<\/p>\n\n\n\n<ul class=\"wp-block-list\">\n<li>transport av flere laster samtidig - gj\u00f8r det mulig \u00e5 transportere flere paller fra sted til sted,&nbsp;<\/li>\n\n\n\n<li>h\u00f8y lagring - p\u00e5 lagre der varer stables fra ca. 7 meter og oppover, er det behov for kj\u00f8ret\u00f8y med uttrekkbare master,&nbsp;<\/li>\n\n\n\n<li>transport av last med uvanlige st\u00f8rrelser og former - sidel\u00f8ftere er spesielt godt egnet for denne typen last.&nbsp;<\/li>\n<\/ul>\n\n\n\n<div class=\"filmw\">\n<div class=\"responsive-youtube\"><iframe loading=\"lazy\" title=\"YouTube-videospiller\" src=\"https:\/\/www.youtube.com\/embed\/lBt7_7QgUVU\" width=\"560\" height=\"315\" frameborder=\"0\" allowfullscreen=\"allowfullscreen\"><\/iframe><\/div>\n<\/div>\n\n\n\n<h2 class=\"wp-block-heading\"><strong>Typer l\u00f8ftetrucker<\/strong>&nbsp;<\/h2>\n\n\n\n<p>Vi skiller mellom gaffeltrucker:&nbsp;<\/p>\n\n\n\n<ul class=\"trzykolumny wp-block-list\">\n<li>frontal,&nbsp;<\/li>\n\n\n\n<li>Side,&nbsp;<\/li>\n\n\n\n<li>med en innvendig mast,&nbsp;<\/li>\n\n\n\n<li>med operat\u00f8ren l\u00f8ftet sammen med lasten,&nbsp;<\/li>\n\n\n\n<li>gated,&nbsp;<\/li>\n\n\n\n<li>teleskopisk,&nbsp;<\/li>\n\n\n\n<li>spesialisert med en variabel bom.&nbsp;<\/li>\n<\/ul>\n\n\n\n<h2 class=\"wp-block-heading\"><strong>Annen klassifisering av gaffeltrucker<\/strong>&nbsp;<\/h2>\n\n\n\n<p>N\u00e5r det gjelder type stasjon kan vi skille:&nbsp;<\/p>\n\n\n\n<ul class=\"wp-block-list\">\n<li><strong>elektriske traller <\/strong>- Takket v\u00e6re batteridriften er de stilleg\u00e5ende og garanterer ubetydelige eksosutslipp. I arbeidet kan operat\u00f8ren st\u00f8te p\u00e5 kj\u00f8ret\u00f8y med blysyrebatteri, som krever gjentatte oppladninger, og det m\u00e5 utvises spesiell forsiktighet under denne prosessen. Det finnes ogs\u00e5 nyere maskiner med litium-ion-batterier, som har den store fordelen at det ikke er noen risiko for \u00e5 s\u00f8le svovelsyre, noe som gj\u00f8r det mulig \u00e5 lade batteriet hvor som helst p\u00e5 lageret. Elektriske gaffeltrucker er ekstremt oppladbare og man\u00f8vrerbare, slik at de kan h\u00e5ndtere trange eller smale omr\u00e5der,\u00a0<\/li>\n\n\n\n<li><strong>traller med forbrenningsmotor<\/strong> - har st\u00f8rre utholdenhet enn elektriske kj\u00f8ret\u00f8y, fungerer godt under oppdrag som varer i flere timer, men brukes hovedsakelig utend\u00f8rs p\u00e5 grunn av avgassene,<\/li>\n\n\n\n<li><strong>LPG-lastebiler<\/strong> - De brukes hovedsakelig utend\u00f8rs, er billigere i drift og er ogs\u00e5 sv\u00e6rt holdbare, ettersom de tillater nesten kontinuerlig drift - du trenger bare \u00e5 skifte sylinder.&nbsp;<\/li>\n<\/ul>\n\n\n<div class=\"wp-block-image\">\n<figure class=\"alignleft size-large is-resized\"><a href=\"https:\/\/szkolenia-udt.pl\/wp-content\/uploads\/2022\/05\/Combilift-\u2013-COMBI-CB-\u2013-Multi-Directional-counterbalance-forklift-\u2013-handling-long-loads-Building-Supply-DIY-Timber-Lumber-Outdoor-1200x800-1.jpg\"><img loading=\"lazy\" decoding=\"async\" src=\"https:\/\/szkolenia-udt.pl\/wp-content\/uploads\/2022\/05\/Combilift-\u2013-COMBI-CB-\u2013-Multi-Directional-counterbalance-forklift-\u2013-handling-long-loads-Building-Supply-DIY-Timber-Lumber-Outdoor-1200x800-1-1024x683.jpg\" alt=\"Gaffeltrucken plasserer lasten i en h\u00f8yde av\" class=\"wp-image-2821\" width=\"512\" height=\"342\" srcset=\"https:\/\/szkolenia-udt.pl\/wp-content\/uploads\/2022\/05\/Combilift-\u2013-COMBI-CB-\u2013-Multi-Directional-counterbalance-forklift-\u2013-handling-long-loads-Building-Supply-DIY-Timber-Lumber-Outdoor-1200x800-1-1024x683.jpg 1024w, https:\/\/szkolenia-udt.pl\/wp-content\/uploads\/2022\/05\/Combilift-\u2013-COMBI-CB-\u2013-Multi-Directional-counterbalance-forklift-\u2013-handling-long-loads-Building-Supply-DIY-Timber-Lumber-Outdoor-1200x800-1-300x200.jpg 300w, https:\/\/szkolenia-udt.pl\/wp-content\/uploads\/2022\/05\/Combilift-\u2013-COMBI-CB-\u2013-Multi-Directional-counterbalance-forklift-\u2013-handling-long-loads-Building-Supply-DIY-Timber-Lumber-Outdoor-1200x800-1-768x512.jpg 768w, https:\/\/szkolenia-udt.pl\/wp-content\/uploads\/2022\/05\/Combilift-\u2013-COMBI-CB-\u2013-Multi-Directional-counterbalance-forklift-\u2013-handling-long-loads-Building-Supply-DIY-Timber-Lumber-Outdoor-1200x800-1.jpg 1200w\" sizes=\"auto, (max-width: 512px) 100vw, 512px\" \/><\/a><\/figure>\n<\/div>\n\n\n<h2 class=\"wp-block-heading\"><strong>Sertifikat for truckf\u00f8rer<\/strong>\u00a0<\/h2>\n\n\n\n<p>I henhold til lov om teknisk tilsyn og gjeldende helse- og sikkerhetsforskrifter m\u00e5 alle truckf\u00f8rere ha den relevante lisensen utstedt av teknisk tilsynskontor, som kun kan oppn\u00e5s ved hjelp av en statlig eksamen. Gaffeltruckf\u00f8reren m\u00e5 oppfylle f\u00f8lgende krav:&nbsp;<\/p>\n\n\n\n<ul class=\"wp-block-list\">\n<li>gjennomf\u00f8rt truckf\u00f8rerkurs (du m\u00e5 minst ha grunnskoleutdanning og v\u00e6re myndig for \u00e5 ta kurset - dette er ogs\u00e5 eksamenskrav),\u00a0<\/li>\n\n\n\n<li>et kurs i hvordan man bytter gassflaske hvis det brukes LPG-trucker p\u00e5 fabrikken,&nbsp;<\/li>\n\n\n\n<li>en legeerkl\u00e6ring som bekrefter at det ikke foreligger kontraindikasjoner mot denne typen arbeid.&nbsp;<\/li>\n<\/ul>\n\n\n\n<h2 class=\"wp-block-heading\"><strong>Kategorier av rettigheter<\/strong>&nbsp;<\/h2>\n\n\n\n<p>Rettigheter utstedes i kategorier:&nbsp;<\/p>\n\n\n\n<ul class=\"wp-block-list\">\n<li><strong>L\u00f8ftetrucker med mekanisk l\u00f8ftemekanisme <\/strong>(med bom) og <strong>L\u00f8ftetrucker med mekanisk l\u00f8ftemekanisme<\/strong> (med mulighet for \u00e5 l\u00f8fte operat\u00f8ren med lasten),&nbsp;<\/li>\n\n\n\n<li><strong>L\u00f8ftetrucker med mekanisk l\u00f8ftemekanisme<\/strong> (unntatt skyvemasttrucker og trucker med mulighet for \u00e5 l\u00f8fte operat\u00f8ren sammen med det l\u00f8ftede godset).\u00a0<\/li>\n<\/ul>\n\n\n\n<h2 class=\"wp-block-heading\"><strong>Gaffeltruckf\u00f8rerens ansvarsomr\u00e5der<\/strong>&nbsp;<\/h2>\n\n\n\n<p>Det er vanskelig \u00e5 forestille seg en effektiv drift av et lager, et produksjonsanlegg eller et byggeverksted uten gaffeltrucker. Truckf\u00f8rerens jobb best\u00e5r hovedsakelig i effektiv lasting og lossing av varer. F\u00f8reren m\u00e5 v\u00e6re \u00e5rv\u00e5ken n\u00e5r det gjelder den tekniske tilstanden til kj\u00f8ret\u00f8yet som brukes. Han eller hun m\u00e5 ogs\u00e5 huske \u00e5 kun kj\u00f8re p\u00e5 truckspor som er anvist av selskapet. Noen ganger er personen som er ansatt i denne stillingen ogs\u00e5 ansvarlig for mottak og kontroll av ordrer, plukking osv.&nbsp;<\/p>\n\n\n\n<h2 class=\"wp-block-heading\"><strong>Oppl\u00e6ringssted<\/strong>&nbsp;<\/h2>\n\n\n\n<p>Oppl\u00e6ringskurs for truckf\u00f8rere holdes p\u00e5 ulike steder i landet, blant annet i Warszawa. Vi tilbyr ogs\u00e5 oppl\u00e6ring for lukkede d\u00f8rer, som er rettet mot organiserte grupper og finner sted p\u00e5 et sted som passer kunden etter avtale.&nbsp;<\/p>\n\n\n\n<h2 class=\"wp-block-heading\"><strong>Hvorfor trene med sivilsamfunnsorganisasjoner?<\/strong>&nbsp;<\/h2>\n\n\n<div class=\"wp-block-image\">\n<figure class=\"alignright size-large is-resized\"><a href=\"https:\/\/szkolenia-udt.pl\/wp-content\/uploads\/2022\/05\/liste-amlift-_0.jpg\"><img loading=\"lazy\" decoding=\"async\" src=\"https:\/\/szkolenia-udt.pl\/wp-content\/uploads\/2022\/05\/liste-amlift-_0-1024x768.jpg\" alt=\"Gaffeltruckkurs: elever og instrukt\u00f8r under undervisningen\" class=\"wp-image-2822\" width=\"512\" height=\"384\" srcset=\"https:\/\/szkolenia-udt.pl\/wp-content\/uploads\/2022\/05\/liste-amlift-_0-1024x768.jpg 1024w, https:\/\/szkolenia-udt.pl\/wp-content\/uploads\/2022\/05\/liste-amlift-_0-300x225.jpg 300w, https:\/\/szkolenia-udt.pl\/wp-content\/uploads\/2022\/05\/liste-amlift-_0-768x576.jpg 768w, https:\/\/szkolenia-udt.pl\/wp-content\/uploads\/2022\/05\/liste-amlift-_0-135x100.jpg 135w, https:\/\/szkolenia-udt.pl\/wp-content\/uploads\/2022\/05\/liste-amlift-_0.jpg 1030w\" sizes=\"auto, (max-width: 512px) 100vw, 512px\" \/><\/a><\/figure>\n<\/div>\n\n\n<p>Ved \u00e5 gjennomf\u00f8re oppl\u00e6ringen vi organiserer, kan du tilegne deg den n\u00f8dvendige kunnskapen for \u00e5 kj\u00f8re gaffeltruck p\u00e5 en selvstendig og sikker m\u00e5te. Kurset vi tilbyr gir teoretisk og praktisk forberedelse til arbeidet som truckf\u00f8rer. I l\u00f8pet av oppl\u00e6ringen fokuserer vi p\u00e5 en omfattende kvalifisering av v\u00e5re elever. Vi har mange \u00e5rs erfaring, og i l\u00f8pet av v\u00e5r virksomhet har vi allerede l\u00e6rt opp tusenvis av mennesker.\u00a0<\/p>\n\n\n\n<p>I disse dager er det mange bedrifter som flytter lagrene sine fra Vesten til nettopp Polen, s\u00e5 du kan forvente en \u00f8kning i ettersp\u00f8rselen etter gaffeltruckf\u00f8rere. Benytt deg av denne muligheten og s\u00f8k jobb hos oss i dag! Vi innfrir kundenes forventninger og formidler kunnskap p\u00e5 en tydelig og effektiv m\u00e5te.\u00a0\u00a0<\/p>\n\n\n\n<p>Vi oppfordrer deg til \u00e5 benytte deg av v\u00e5re tjenester! Andre oppl\u00e6ringskurs fra <a href=\"https:\/\/szkolenia-udt.pl\/nb\/oferta\/\">v\u00e5rt tilbud<\/a> Disse inkluderer:&nbsp;<\/p>\n\n\n\n<ul class=\"wp-block-list\">\n<li>energioppl\u00e6ring <a href=\"https:\/\/szkolenia-udt.pl\/nb\/kursy\/sep-g1-g2-g3\/g1\/\">G1<\/a>, <a href=\"https:\/\/szkolenia-udt.pl\/nb\/kursy\/sep-g1-g2-g3\/g2\/\">G2<\/a>, <a href=\"https:\/\/szkolenia-udt.pl\/nb\/kursy\/sep-g1-g2-g3\/g3\/\">G3<\/a>,&nbsp;<\/li>\n\n\n\n<li>arbeid i h\u00f8yden,&nbsp;<\/li>\n\n\n\n<li>drift av mobile plattformer.&nbsp;<\/li>\n<\/ul>\n\n\n<div class=\"wp-block-image\">\n<figure class=\"aligncenter\"><a href=\"https:\/\/szkolenia-udt.pl\/wp-content\/uploads\/2022\/05\/0008-oso-wozki-widlowe-wysokiego-skladowania.jpg\"><img loading=\"lazy\" decoding=\"async\" width=\"1024\" height=\"853\" src=\"https:\/\/szkolenia-udt.pl\/wp-content\/uploads\/2022\/05\/0008-oso-wozki-widlowe-wysokiego-skladowania-1024x853.jpg\" alt=\"grafisk reklame for oppl\u00e6ringen\" class=\"wp-image-2868\" srcset=\"https:\/\/szkolenia-udt.pl\/wp-content\/uploads\/2022\/05\/0008-oso-wozki-widlowe-wysokiego-skladowania-1024x853.jpg 1024w, https:\/\/szkolenia-udt.pl\/wp-content\/uploads\/2022\/05\/0008-oso-wozki-widlowe-wysokiego-skladowania-300x250.jpg 300w, https:\/\/szkolenia-udt.pl\/wp-content\/uploads\/2022\/05\/0008-oso-wozki-widlowe-wysokiego-skladowania-768x640.jpg 768w, https:\/\/szkolenia-udt.pl\/wp-content\/uploads\/2022\/05\/0008-oso-wozki-widlowe-wysokiego-skladowania.jpg 1200w\" sizes=\"auto, (max-width: 1024px) 100vw, 1024px\" \/><\/a><\/figure>\n<\/div>","protected":false},"excerpt":{"rendered":"<p>O szkoleniu w OSO Organizowane przez OSO szkolenie po\u015bwi\u0119cone jest wszystkim aspektom pracy operatora w\u00f3zk\u00f3w wid\u0142owych. Zatem zar\u00f3wno, je\u015bli pracujesz w bran\u017cy transportowej lub przemy\u015ble i chcesz podnie\u015b\u0107 swoje kwalifikacje, b\u0105d\u017a te\u017c pragniesz ca\u0142kowicie zmieni\u0107 \u015bcie\u017ck\u0119 swojej kariery zawodowej, nasze szkolenie jest w\u0142a\u015bnie dla Ciebie.\u00a0Kompleksow\u0105 wiedz\u0119 i umiej\u0119tno\u015bci z zakresu poruszania si\u0119 tzw. widlakiem, mo\u017cna [&hellip;]<\/p>\n","protected":false},"author":10,"featured_media":2823,"parent":2266,"menu_order":0,"comment_status":"closed","ping_status":"closed","template":"","meta":{"footnotes":""},"class_list":["post-2820","page","type-page","status-publish","has-post-thumbnail","hentry"],"aioseo_notices":[],"_links":{"self":[{"href":"https:\/\/szkolenia-udt.pl\/nb\/wp-json\/wp\/v2\/pages\/2820","targetHints":{"allow":["GET"]}}],"collection":[{"href":"https:\/\/szkolenia-udt.pl\/nb\/wp-json\/wp\/v2\/pages"}],"about":[{"href":"https:\/\/szkolenia-udt.pl\/nb\/wp-json\/wp\/v2\/types\/page"}],"author":[{"embeddable":true,"href":"https:\/\/szkolenia-udt.pl\/nb\/wp-json\/wp\/v2\/users\/10"}],"replies":[{"embeddable":true,"href":"https:\/\/szkolenia-udt.pl\/nb\/wp-json\/wp\/v2\/comments?post=2820"}],"version-history":[{"count":10,"href":"https:\/\/szkolenia-udt.pl\/nb\/wp-json\/wp\/v2\/pages\/2820\/revisions"}],"predecessor-version":[{"id":4716,"href":"https:\/\/szkolenia-udt.pl\/nb\/wp-json\/wp\/v2\/pages\/2820\/revisions\/4716"}],"up":[{"embeddable":true,"href":"https:\/\/szkolenia-udt.pl\/nb\/wp-json\/wp\/v2\/pages\/2266"}],"wp:featuredmedia":[{"embeddable":true,"href":"https:\/\/szkolenia-udt.pl\/nb\/wp-json\/wp\/v2\/media\/2823"}],"wp:attachment":[{"href":"https:\/\/szkolenia-udt.pl\/nb\/wp-json\/wp\/v2\/media?parent=2820"}],"curies":[{"name":"wp","href":"https:\/\/api.w.org\/{rel}","templated":true}]}}