{"id":2958,"date":"2022-06-24T15:42:16","date_gmt":"2022-06-24T13:42:16","guid":{"rendered":"https:\/\/szkolenia-udt.pl\/?page_id=2958"},"modified":"2023-03-19T17:59:56","modified_gmt":"2023-03-19T16:59:56","slug":"risikofylt-arbeid","status":"publish","type":"page","link":"https:\/\/szkolenia-udt.pl\/nb\/kursy\/bhp-ppoz\/ryzykowna-praca\/","title":{"rendered":"Arbeidshelse og sikkerhet for de som utf\u00f8rer risikofylt arbeid"},"content":{"rendered":"<h2 class=\"wp-block-heading\">Om oppl\u00e6ringen<\/h2>\n\n\n\n<p>V\u00e5r <a href=\"https:\/\/szkolenia-udt.pl\/nb\/o-firmie\/\">Oppl\u00e6ringssenter for operat\u00f8rer<\/a> arrangerer et kurs med fokus p\u00e5 helse og sikkerhet p\u00e5 arbeidsplassen. Oppl\u00e6ringen er f\u00f8rst og fremst rettet mot dem som utf\u00f8rer spesielt risikofylt arbeid, den n\u00f8dvendige dokumentasjonen om det og tilsynet med det.&nbsp;<\/p>\n\n\n\n<figure class=\"wp-block-image size-large\"><img decoding=\"async\" src=\"https:\/\/szkolenia-udt.pl\/wp-content\/uploads\/2022\/06\/hard-hats-decorative.jpg\" alt=\"Helse, milj\u00f8 og sikkerhet p\u00e5 utsatte arbeidsplasser\"\/><\/figure>\n\n\n\n<h2 class=\"wp-block-heading\"><strong>V\u00e5r oppl\u00e6ring i helse og sikkerhet<\/strong>&nbsp;<\/h2>\n\n\n\n<p>For \u00e5 kunne implementere alle helse- og sikkerhetsprosedyrer p\u00e5 arbeidsplassen er det sv\u00e6rt nyttig med spesialisert oppl\u00e6ring for de ansatte. P\u00e5 v\u00e5rt oppl\u00e6ringssenter for operat\u00f8rer vil dine ansatte enkelt f\u00e5 all den informasjonen de trenger om prinsippene for sikker og hygienisk avfallsh\u00e5ndtering i sensitivt arbeid. Metodene som brukes under oppl\u00e6ringen er hovedsakelig: forelesninger, presentasjoner, praktiske \u00f8velser, diskusjoner og avsluttende tester.&nbsp;<\/p>\n\n\n\n<h2 class=\"wp-block-heading\"><strong>Form\u00e5let med oppl\u00e6ringen<\/strong>&nbsp;<\/h2>\n\n\n\n<p>M\u00e5let med kurset er \u00e5 komplettere kunnskapen om ferdigheter og samtidig oppdatere kunnskapen om helse og sikkerhet p\u00e5 arbeidsplassen. I tillegg til dette vil deltakerne p\u00e5 kurset l\u00e6re hvordan man organiserer spesielt risikofylt arbeid, identifiserer farer og bruker utstyr og ressurser til spesielt risikofylt arbeid p\u00e5 en kompetent m\u00e5te. Hver enkelt kursdeltaker vil l\u00e6re om begreper knyttet til arbeidsrett, gjeldende lovgivning, ulykker og regler for helse, milj\u00f8 og sikkerhet.&nbsp;<\/p>\n\n\n\n<p><strong>Til listen over andre temaer i oppl\u00e6ringsprogrammet v\u00e5rt<\/strong><strong>ego<\/strong><strong> inkluderer:<\/strong>&nbsp;<\/p>\n\n\n\n<ul class=\"wp-block-list\">\n<li>begrepet s\u00e6rlig risikofylt arbeid,&nbsp;<\/li>\n\n\n\n<li>egenskaper og liste over spesielt farlig arbeid,&nbsp;<\/li>\n\n\n\n<li>arbeid med \u00f8kt risiko,&nbsp;<\/li>\n\n\n\n<li>dokumentasjon av risikofylt arbeid (typer, former og innhold av dokumenter),&nbsp;<\/li>\n\n\n\n<li>selskapets liste over farlig arbeid,&nbsp;<\/li>\n\n\n\n<li>oppl\u00e6ring av folk i brannsikkerhet,&nbsp;<\/li>\n\n\n\n<li>arbeidsgivers forpliktelser (f.eks. instruksjon av ansatte, sikkerhetstiltak, periodisk oppl\u00e6ring, oppfyllelse av forpliktelser),&nbsp;<\/li>\n\n\n\n<li>helse- og sikkerhetsforskrifter, inkludert s\u00e6rlig farlig arbeid,&nbsp;<\/li>\n\n\n\n<li>farer for\u00e5rsaket av faktorer som finnes i sensitivt arbeid,&nbsp;<\/li>\n\n\n\n<li>farlig arbeid og midlertidig ansatte,&nbsp;<\/li>\n\n\n\n<li>brudd p\u00e5 lovgivningen,&nbsp;<\/li>\n\n\n\n<li>bruk av personlig verneutstyr,&nbsp;<\/li>\n\n\n\n<li>eksempler p\u00e5 omstendigheter og \u00e5rsaker til ulykker og anvendelse av forebyggende tiltak,&nbsp;<\/li>\n\n\n\n<li>prinsipper for f\u00f8rstehjelp til skadde personer og h\u00e5ndtering av ulykker.&nbsp;<\/li>\n<\/ul>\n\n\n\n<h2 class=\"wp-block-heading\"><strong>Styrker ved \u00e5 delta p\u00e5 kurset<\/strong>&nbsp;<\/h2>\n\n\n\n<p>Fordelene du vil f\u00e5 av oppl\u00e6ringen inkluderer&nbsp;<\/p>\n\n\n\n<ul class=\"wp-block-list\">\n<li>for \u00e5 f\u00e5 verdifull kunnskap om sikkerhet ved spesielt risikofylt arbeid,&nbsp;<\/li>\n\n\n\n<li>\u00e5 gj\u00f8re ledelsen oppmerksom p\u00e5 viktigheten av ansvar for de ansatte i forbindelse med arbeid under farlige forhold,&nbsp;<\/li>\n\n\n\n<li>motta verdifulle modelldokumenter som hjelp til utarbeidelse av dokumentasjon,&nbsp;<\/li>\n\n\n\n<li>eliminering av farekilder ved utf\u00f8relse av arbeid av s\u00e6rlig farlig karakter,&nbsp;<\/li>\n\n\n\n<li>kunnskap om hvordan man p\u00e5 en sikker m\u00e5te kan redusere tiden man bruker p\u00e5 \u00e5 utf\u00f8re arbeid av s\u00e6rlig farlig karakter,&nbsp;<\/li>\n\n\n\n<li>kunnskap om hvordan ulykker (fatale, kollektive og alvorlige) skal reduseres,&nbsp;<\/li>\n\n\n\n<li>kunnskap om hvordan man tar vare p\u00e5 arbeidernes liv og helse mens de er p\u00e5 jobb.&nbsp;<\/li>\n<\/ul>\n\n\n\n<h2 class=\"wp-block-heading\"><strong>Krav<\/strong><strong> fra studenter<\/strong><strong><\/strong>&nbsp;<\/h2>\n\n\n\n<p>For \u00e5 melde deg p\u00e5 kurset b\u00f8r du:&nbsp;&nbsp;<\/p>\n\n\n\n<ul class=\"wp-block-list\">\n<li>v\u00e6re myndig,&nbsp;<\/li>\n\n\n\n<li>ha en attest p\u00e5 god helse,<\/li>\n\n\n\n<li>har minimum grunnskoleutdanning.&nbsp;<\/li>\n<\/ul>\n\n\n\n<h2 class=\"wp-block-heading\"><strong>Prinsipper for sikkert arbeid<\/strong>&nbsp;<\/h2>\n\n\n\n<p>N\u00e5r vi lager regler for \u00e5 utf\u00f8re s\u00e5rbart arbeid p\u00e5 en sikker m\u00e5te, kan vi dele dem inn i fire grupper.&nbsp;<\/p>\n\n\n\n<ul class=\"wp-block-list\">\n<li>Det f\u00f8rste trinnet er \u00e5 identifisere arbeidet som kan utgj\u00f8re en risiko for arbeidstakerne.&nbsp;<\/li>\n\n\n\n<li>Den andre fasen er den detaljerte utformingen av retningslinjer og prosedyrer.&nbsp;<\/li>\n\n\n\n<li>Den neste og sannsynligvis viktigste delen er \u00e5 kommunisere funnene til de ansatte&nbsp;<\/li>\n\n\n\n<li>Den siste fasen er \u00e5 overv\u00e5ke om reglene har tr\u00e5dt i kraft og blir fulgt p\u00e5 arbeidsplassen.&nbsp;<\/li>\n<\/ul>\n\n\n\n<h2 class=\"wp-block-heading\"><strong>Arbeidsgiverens forpliktelser<\/strong>&nbsp;<\/h2>\n\n\n\n<p>Alle arbeidsgivere er forpliktet til \u00e5 observere og eliminere eventuelle ulemper og s\u00f8rge for at helse- og sikkerhetsreglene overholdes p\u00e5 arbeidsplassen. Han eller hun skal regelmessig l\u00e6re opp de ansatte i helse- og sikkerhetsregler, og ta vare p\u00e5 rettighetene til gravide og unge arbeidstakere.\u00a0<\/p>\n\n\n\n<figure class=\"wp-block-image size-large\"><img decoding=\"async\" src=\"https:\/\/szkolenia-udt.pl\/wp-content\/uploads\/2022\/06\/sdcsdc.jpg\" alt=\"Instrukt\u00f8ren snakker med en student\"\/><\/figure>\n\n\n\n<h2 class=\"wp-block-heading\"><strong>Sikkerhet p\u00e5 arbeidsplassen - krav<\/strong>&nbsp;<\/h2>\n\n\n\n<p>Lovbestemmelsene betinger prinsippene for trygge arbeidsforhold. Arbeidsmilj\u00f8loven tar for seg b\u00e5de avanserte tiltak og tilsynelatende ubetydelige aspekter. \u00c5 sikre helt optimale arbeidsforhold best\u00e5r av en rekke n\u00f8kkelfaktorer, fra mindre elementer som \u00f8yevennlige skjermer, tilstrekkelig belysning, utforming av skrivebord og optimale ergonomiske stoler, til mer alvorlige aspekter som effektive brannvernl\u00f8sninger, verne- eller arbeidskl\u00e6r, kontroll av utstyrets tekniske tilstand og spesialutstyr i lokalene, inkludert f\u00f8rstehjelpsutstyr. Alle de beskrevne standardene behandles p\u00e5 samme niv\u00e5 og implementeres i samme grad. Dette skyldes \u00f8nsket om \u00e5 sikre trygge og hygieniske lokaler.&nbsp;<\/p>\n\n\n\n<h2 class=\"wp-block-heading\"><strong>Om oss<\/strong>&nbsp;<\/h2>\n\n\n\n<p>Hovedm\u00e5let til selskapet v\u00e5rt er \u00e5 tilby kundene v\u00e5re oppl\u00e6ringstjenester av h\u00f8yeste kvalitet. Kvalifiserte metodologer og resten av personalet v\u00e5rt, med mange \u00e5rs erfaring med oppl\u00e6ring, sikrer kvaliteten p\u00e5 oppl\u00e6ringen og h\u00f8yest mulig tilfredshet i alle v\u00e5re lokaler.&nbsp;<\/p>\n\n\n\n<h2 class=\"wp-block-heading\"><strong>Kurssted og pris<\/strong>&nbsp;<\/h2>\n\n\n\n<p>Kursene holdes p\u00e5 v\u00e5re avdelinger over hele landet, men vi arrangerer ogs\u00e5 lukkede kurs for organiserte grupper, med reise til kunden. Vi holder kurs til sv\u00e6rt konkurransedyktige priser. Ring v\u00e5r kundeserviceavdeling for \u00e5 avtale eventuelle kostnader.&nbsp;<\/p>\n\n\n\n<figure class=\"wp-block-image size-large\"><img decoding=\"async\" src=\"https:\/\/szkolenia-udt.pl\/wp-content\/uploads\/2022\/06\/0084-oso.edu_.pl_.jpg\" alt=\"Grafisk reklame for helse- og sikkerhetsoppl\u00e6ring\"\/><\/figure>","protected":false},"excerpt":{"rendered":"<p>O szkoleniu Nasz O\u015brodek Szkolenia Operator\u00f3w organizuje kurs skupiony na tematyce Bezpiecze\u0144stwa i Higieny Pracy. Szkolenie kierowane jest przede wszystkim do os\u00f3b wykonuj\u0105cych szczeg\u00f3lnie niebezpieczne prace, niezb\u0119dn\u0105 dokumentacj\u0119 w ich zakresie oraz nadz\u00f3r nad nimi.&nbsp; Nasze szkolenia z zakresu BHP&nbsp; Aby m\u00f3c wdr\u0105\u017cy\u0107 do pracy wszelkie procedury BHP, niezwykle przydatne s\u0105 specjalistyczne szkolenia dla pracownik\u00f3w. [&hellip;]<\/p>\n","protected":false},"author":10,"featured_media":2952,"parent":2739,"menu_order":0,"comment_status":"closed","ping_status":"closed","template":"","meta":{"footnotes":""},"class_list":["post-2958","page","type-page","status-publish","has-post-thumbnail","hentry"],"aioseo_notices":[],"_links":{"self":[{"href":"https:\/\/szkolenia-udt.pl\/nb\/wp-json\/wp\/v2\/pages\/2958","targetHints":{"allow":["GET"]}}],"collection":[{"href":"https:\/\/szkolenia-udt.pl\/nb\/wp-json\/wp\/v2\/pages"}],"about":[{"href":"https:\/\/szkolenia-udt.pl\/nb\/wp-json\/wp\/v2\/types\/page"}],"author":[{"embeddable":true,"href":"https:\/\/szkolenia-udt.pl\/nb\/wp-json\/wp\/v2\/users\/10"}],"replies":[{"embeddable":true,"href":"https:\/\/szkolenia-udt.pl\/nb\/wp-json\/wp\/v2\/comments?post=2958"}],"version-history":[{"count":6,"href":"https:\/\/szkolenia-udt.pl\/nb\/wp-json\/wp\/v2\/pages\/2958\/revisions"}],"predecessor-version":[{"id":4598,"href":"https:\/\/szkolenia-udt.pl\/nb\/wp-json\/wp\/v2\/pages\/2958\/revisions\/4598"}],"up":[{"embeddable":true,"href":"https:\/\/szkolenia-udt.pl\/nb\/wp-json\/wp\/v2\/pages\/2739"}],"wp:featuredmedia":[{"embeddable":true,"href":"https:\/\/szkolenia-udt.pl\/nb\/wp-json\/wp\/v2\/media\/2952"}],"wp:attachment":[{"href":"https:\/\/szkolenia-udt.pl\/nb\/wp-json\/wp\/v2\/media?parent=2958"}],"curies":[{"name":"wp","href":"https:\/\/api.w.org\/{rel}","templated":true}]}}