{"id":2963,"date":"2022-06-27T12:58:06","date_gmt":"2022-06-27T10:58:06","guid":{"rendered":"https:\/\/szkolenia-udt.pl\/?page_id=2963"},"modified":"2026-05-06T15:13:46","modified_gmt":"2026-05-06T13:13:46","slug":"anleggsmaskiner","status":"publish","type":"page","link":"https:\/\/szkolenia-udt.pl\/nb\/kursy\/uprawnienia-udt-tdt-wdt\/maszyny-budowlane\/","title":{"rendered":"SPA - kurs for anleggsmaskinf\u00f8rere"},"content":{"rendered":"<div class=\"wp-block-image\">\n<figure class=\"alignleft size-large is-resized\"><a href=\"https:\/\/szkolenia-udt.pl\/wp-content\/uploads\/2022\/06\/p.jpg\"><img loading=\"lazy\" decoding=\"async\" width=\"1024\" height=\"684\" src=\"https:\/\/szkolenia-udt.pl\/wp-content\/uploads\/2022\/06\/p-1024x684.jpg\" alt=\"Oppl\u00e6ring i data om anleggsmaskiner\" class=\"wp-image-2967\" style=\"width:512px;height:342px\" srcset=\"https:\/\/szkolenia-udt.pl\/wp-content\/uploads\/2022\/06\/p-1024x684.jpg 1024w, https:\/\/szkolenia-udt.pl\/wp-content\/uploads\/2022\/06\/p-300x200.jpg 300w, https:\/\/szkolenia-udt.pl\/wp-content\/uploads\/2022\/06\/p-768x513.jpg 768w, https:\/\/szkolenia-udt.pl\/wp-content\/uploads\/2022\/06\/p.jpg 1200w\" sizes=\"auto, (max-width: 1024px) 100vw, 1024px\" \/><\/a><\/figure>\n<\/div>\n\n\n<h2 class=\"wp-block-heading\">Om oppl\u00e6ringen<\/h2>\n\n\n\n<p>I byggebransjen kan vi regne med stabil sysselsetting og sv\u00e6rt god l\u00f8nn. \u00c5 jobbe p\u00e5 en byggeplass er imidlertid en av de tyngste og vanskeligste jobbene n\u00e5r det gjelder fysisk form, men ogs\u00e5 med tanke p\u00e5 v\u00e6rforholdene. Derfor er det sv\u00e6rt viktig \u00e5 ha de rette kvalifikasjonene og de n\u00f8dvendige ferdighetene for \u00e5 sikre at arbeiderne har trygge arbeidsforhold.&nbsp;<\/p>\n\n\n\n<h2 class=\"wp-block-heading\"><strong>Krav som m\u00e5 oppfylles for \u00e5 kunne melde seg p\u00e5<\/strong> <strong>kurs<\/strong>&nbsp;<\/h2>\n\n\n\n<p>For \u00e5 delta i oppl\u00e6ringen m\u00e5 du:&nbsp;&nbsp;<\/p>\n\n\n\n<ul class=\"wp-block-list\">\n<li>har minst grunnskoleutdanning,&nbsp;&nbsp;<\/li>\n\n\n\n<li>v\u00e6re myndig,&nbsp;<\/li>\n\n\n\n<li>v\u00e6re i besittelse av en legeattest som bekrefter at det ikke foreligger helsemessige hindringer for \u00e5 arbeide som f\u00f8rer av en veivals, gravemaskin eller annen anleggsmaskin.&nbsp;<\/li>\n<\/ul>\n\n\n\n<h2 class=\"wp-block-heading\"><strong>Kurs og eksamen<\/strong>&nbsp;<\/h2>\n\n\n\n<p>Realizujemy szkolenia o charakterze zamkni\u0119tym (dla grup zorganizowanych), a tak\u017ce otwartym (dla klient\u00f3w indywidualnych). Zaj\u0119cia w naszym O\u015brodku Szkolenia Operator\u00f3w prowadz\u0105 do\u015bwiadczeni instruktorzy i wykonawcy. Kursy ko\u0144cz\u0105 si\u0119 egzaminem pa\u0144stwowym sk\u0142adaj\u0105cym si\u0119 z dw\u00f3ch cz\u0119\u015bci. Pierwszym z nich jest egzamin teoretyczny, a drugim praktyczny. Po zdanym egzaminie WIT otrzymuje si\u0119 \u015bwiadectwo uko\u0144czenia kursu, a tak\u017ce uprawnienia pa\u0144stwowe do wykonywania zawodu na wybranym stanowisku i wpis w ksi\u0105\u017ceczce operatora.\u00a0<\/p>\n\n\n\n<h2 class=\"wp-block-heading\"><strong>Oppl\u00e6ring av gravemaskinf\u00f8rere i gruppe III<\/strong>&nbsp;<\/h2>\n\n\n\n<h3 class=\"wp-block-heading\"><strong>Typer autorisasjon for gravemaskiner<\/strong>&nbsp;<\/h3>\n\n\n\n<figure class=\"wp-block-table\"><table><tbody><tr><td><strong>Klasse III<\/strong>&nbsp;<\/td><td>Gruppe III-kvalifiseringen tillater arbeid med gravemaskiner med ett hode p\u00e5 opptil 25 tonn.&nbsp;<\/td><\/tr><tr><td><strong>Klasse I<\/strong>&nbsp;<\/td><td>Gruppe I-lisensen gir deg mulighet til \u00e5 arbeide med gravemaskiner med ett hode fra 25 tonn.&nbsp;<\/td><\/tr><\/tbody><\/table><\/figure>\n\n\n<div class=\"wp-block-image\">\n<figure class=\"alignright size-full is-resized\"><a href=\"https:\/\/szkolenia-udt.pl\/wp-content\/uploads\/2022\/06\/operatorzy.edu_.pl-jcb-15c-1-1-5t-mini-excavator79ea9367.jpg\"><img loading=\"lazy\" decoding=\"async\" width=\"1024\" height=\"768\" src=\"https:\/\/szkolenia-udt.pl\/wp-content\/uploads\/2022\/06\/operatorzy.edu_.pl-jcb-15c-1-1-5t-mini-excavator79ea9367.jpg\" alt=\"gravemaskin i drift\" class=\"wp-image-2966\" style=\"width:469px;height:352px\" srcset=\"https:\/\/szkolenia-udt.pl\/wp-content\/uploads\/2022\/06\/operatorzy.edu_.pl-jcb-15c-1-1-5t-mini-excavator79ea9367.jpg 1024w, https:\/\/szkolenia-udt.pl\/wp-content\/uploads\/2022\/06\/operatorzy.edu_.pl-jcb-15c-1-1-5t-mini-excavator79ea9367-300x225.jpg 300w, https:\/\/szkolenia-udt.pl\/wp-content\/uploads\/2022\/06\/operatorzy.edu_.pl-jcb-15c-1-1-5t-mini-excavator79ea9367-768x576.jpg 768w, https:\/\/szkolenia-udt.pl\/wp-content\/uploads\/2022\/06\/operatorzy.edu_.pl-jcb-15c-1-1-5t-mini-excavator79ea9367-135x100.jpg 135w\" sizes=\"auto, (max-width: 1024px) 100vw, 1024px\" \/><\/a><\/figure>\n<\/div>\n\n\n<h3 class=\"wp-block-heading\"><strong>Omfang og form\u00e5l med oppl\u00e6ring for gravemaskiner med ett hode i klasse I og III<\/strong>&nbsp;<\/h3>\n\n\n\n<p>Aby uzyska\u0107 odpowiednie kwalifikacje, nale\u017cy najpierw posiada\u0107 uprawnienia w klasie III, a dopiero p\u00f3\u017aniej z I. Przepisy umo\u017cliwiaj\u0105 jednak zdobycie jednocze\u015bnie uprawnie\u0144 z grupy III i I.\u00a0Celem kursu jest przygotowanie uczestnik\u00f3w do uzyskania kwalifikacji niezb\u0119dnych do prawid\u0142owego wykonywania zawodu operatora koparki w zakresie grupy III oraz jak najlepsze wyszkolenie ich do egzaminu WIT zdawanego przed komisj\u0105 egzaminacyjn\u0105.\u00a0<\/p>\n\n\n\n<h3 class=\"wp-block-heading\"><strong>Kompetanser vi kan oppn\u00e5 gjennom oppl\u00e6ringskurset<\/strong>&nbsp;<\/h3>\n\n\n\n<p>Ved \u00e5 delta p\u00e5 kurset v\u00e5rt vil deltakerne f\u00f8rst og fremst f\u00e5:&nbsp;<\/p>\n\n\n\n<ul class=\"wp-block-list\">\n<li>kunnskap om moderne anleggsmaskiner,&nbsp;<\/li>\n\n\n\n<li>evne til \u00e5 bruke teknologisk og teknisk dokumentasjon,&nbsp;<\/li>\n\n\n\n<li>informasjon om brannsikkerhet og forskrifter og regler for helse, milj\u00f8 og sikkerhet p\u00e5 arbeidsplassen,&nbsp;<\/li>\n\n\n\n<li>muligheten til \u00e5 kontrollere arbeidet som utf\u00f8res,&nbsp;<\/li>\n\n\n\n<li>organisering av arbeid med gravemaskin under ulike v\u00e6rforhold,&nbsp;<\/li>\n\n\n\n<li>evne til \u00e5 arbeide med og betjene gravemaskiner,&nbsp;<\/li>\n\n\n\n<li>przygotowanie do egzaminu WIT i pracy operatora koparki,\u00a0<\/li>\n\n\n\n<li>kunnskap om vedlikehold og reparasjon av gravemaskiner.&nbsp;<\/li>\n<\/ul>\n\n\n\n<h2 class=\"wp-block-heading\"><strong>Kurs for f\u00f8rere av veivalser<\/strong>&nbsp;<\/h2>\n\n\n\n<h3 class=\"wp-block-heading\"><strong>Omfang og form\u00e5l med oppl\u00e6ring i bruk av veivalser<\/strong>&nbsp;<\/h3>\n\n\n\n<p>Program szkolenia obejmuje walce drogowe, czyli ich budow\u0119, obs\u0142ug\u0119 i w\u0142a\u015bciwo\u015bci technologiczne. W sk\u0142ad kursu wchodz\u0105 zaj\u0119cia teoretyczne oraz praktyczne, dotycz\u0105ce BHP oraz prawid\u0142owego u\u017cytkowania i obs\u0142ugi maszyn roboczych.\u00a0Celem szkolenia jest przygotowanie uczestnik\u00f3w do opanowania kwalifikacji niezb\u0119dnych do wykonywania pracy jako operator walc\u00f3w drogowych z zakresu II grupy uprawnie\u0144. Grupa ta obejmuje wszelkie wielko\u015bci i typy walc\u00f3w drogowych.\u00a0Kurs ko\u0144czy si\u0119 egzaminem WIT zdawanym przed komisj\u0105 egzaminacyjn\u0105, przypadku, kt\u00f3rego, je\u015bli kursant zdob\u0119dzie pozytywny wynik, nadawane mu s\u0105 uprawnienia pa\u0144stwowe \u015bwiadcz\u0105ce o zdolno\u015bci wykonywania pracy przy walcach drogowych grupy II oraz wpis w ksi\u0105\u017cce operatora. Po zako\u0144czeniu kursu, uczestnik otrzymuje tak\u017ce dokument potwierdzaj\u0105cy uko\u0144czenie przez niego szkolenia.\u00a0<\/p>\n\n\n\n<h3 class=\"wp-block-heading\"><strong>Kompetanser vi kan oppn\u00e5 gjennom oppl\u00e6ringskurset<\/strong>&nbsp;<\/h3>\n\n\n\n<p>Ved \u00e5 delta p\u00e5 kurset v\u00e5rt vil deltakerne f\u00f8rst og fremst f\u00e5:&nbsp;<\/p>\n\n\n\n<ul class=\"wp-block-list\">\n<li>erfaring fra aktiv deltakelse i reparasjon og vedlikehold av veivalsene,&nbsp;<\/li>\n\n\n\n<li>evne til \u00e5 kontrollere kvaliteten p\u00e5 arbeidet som produseres,&nbsp;<\/li>\n\n\n\n<li>evne til \u00e5 organisere veivalsers arbeidsomfang under ulike v\u00e6r- og klimaforhold,&nbsp;<\/li>\n\n\n\n<li>evne til \u00e5 lede organiseringen av arbeidet,&nbsp;<\/li>\n\n\n\n<li>evne til \u00e5 arbeide med ulike typer veivalser.&nbsp;<\/li>\n<\/ul>\n\n\n<div class=\"wp-block-image\">\n<figure class=\"alignleft size-large is-resized\"><a href=\"https:\/\/szkolenia-udt.pl\/wp-content\/uploads\/2022\/06\/kurso.eu-077.jpg\"><img loading=\"lazy\" decoding=\"async\" width=\"1024\" height=\"784\" src=\"https:\/\/szkolenia-udt.pl\/wp-content\/uploads\/2022\/06\/kurso.eu-077-1024x784.jpg\" alt=\"Oppl\u00e6ringsprogram\" class=\"wp-image-2965\" style=\"width:512px;height:392px\" srcset=\"https:\/\/szkolenia-udt.pl\/wp-content\/uploads\/2022\/06\/kurso.eu-077-1024x784.jpg 1024w, https:\/\/szkolenia-udt.pl\/wp-content\/uploads\/2022\/06\/kurso.eu-077-300x230.jpg 300w, https:\/\/szkolenia-udt.pl\/wp-content\/uploads\/2022\/06\/kurso.eu-077-768x588.jpg 768w, https:\/\/szkolenia-udt.pl\/wp-content\/uploads\/2022\/06\/kurso.eu-077-1536x1176.jpg 1536w, https:\/\/szkolenia-udt.pl\/wp-content\/uploads\/2022\/06\/kurso.eu-077.jpg 1568w\" sizes=\"auto, (max-width: 1024px) 100vw, 1024px\" \/><\/a><\/figure>\n<\/div>\n\n\n<h2 class=\"wp-block-heading\"><strong>Hva koster kurset?<\/strong>&nbsp;<\/h2>\n\n\n\n<p>W por\u00f3wnaniu do innych firm, cena u nas jest bardzo atrakcyjna, gdy\u017c zawsze dbamy o jej konkurencyjno\u015b\u0107, a co za tym idzie zadowolenie klienta. Ponadto, w przypadku wi\u0119kszych grup zorganizowanych, mo\u017cemy zaproponowa\u0107 op\u0142acalne rabaty. Wszelkie informacje dotycz\u0105ce koszt\u00f3w mo\u017cna pozna\u0107 kontaktuj\u0105c si\u0119 z nami telefonicznie.&nbsp;<\/p>\n\n\n\n<h2 class=\"wp-block-heading\"><strong>Hvor kan du finne oss?<\/strong>&nbsp;<\/h2>\n\n\n\n<p>Wszystkich zainteresowanych uzyskaniem uprawnie\u0144 zapraszamy serdecznie do naszego O\u015brodka Szkolenia Operator\u00f3w. Wsp\u00f3\u0142pracujemy z UDT, TDT, WDT oraz WIT, prowadz\u0105c szkolenia nauki zawodu dla operator\u00f3w i konserwator\u00f3w urz\u0105dze\u0144, w tym maszyn budowlanych. Dzi\u0119ki nam mo\u017cesz zdoby\u0107 mi\u0119dzy innymi uprawnienia na walce drogowe, koparki oraz na montera rusztowa\u0144.\u00a0 Zaj\u0119cia prowadzimy w ca\u0142ej Polsce, m.in. w Warszawie. W przypadku szkole\u0144 zamkni\u0119tych, jeste\u015bmy tak\u017ce w stanie zrealizowa\u0107 szkolenie bezpo\u015brednio u zleceniodawcy.\u00a0\u00a0<\/p>\n\n\n\n<p>Zapraszamy do wsp\u00f3\u0142pracy!&nbsp;<\/p>\n\n\n<div class=\"wp-block-image\">\n<figure class=\"aligncenter\"><a href=\"https:\/\/szkolenia-udt.pl\/wp-content\/uploads\/2022\/06\/0077-oso.edu_.pl_.jpg\"><img loading=\"lazy\" decoding=\"async\" width=\"1024\" height=\"853\" src=\"https:\/\/szkolenia-udt.pl\/wp-content\/uploads\/2022\/06\/0077-oso.edu_.pl_-1024x853.jpg\" alt=\"Grafikk som reklamerer for oppl\u00e6ringen\" class=\"wp-image-2964\" srcset=\"https:\/\/szkolenia-udt.pl\/wp-content\/uploads\/2022\/06\/0077-oso.edu_.pl_-1024x853.jpg 1024w, https:\/\/szkolenia-udt.pl\/wp-content\/uploads\/2022\/06\/0077-oso.edu_.pl_-300x250.jpg 300w, https:\/\/szkolenia-udt.pl\/wp-content\/uploads\/2022\/06\/0077-oso.edu_.pl_-768x640.jpg 768w, https:\/\/szkolenia-udt.pl\/wp-content\/uploads\/2022\/06\/0077-oso.edu_.pl_.jpg 1200w\" sizes=\"auto, (max-width: 1024px) 100vw, 1024px\" \/><\/a><\/figure>\n<\/div>","protected":false},"excerpt":{"rendered":"<p>O szkoleniu W bran\u017cy budowlanej mo\u017cemy liczy\u0107 na stabilne zatrudnienie i bardzo dobre wynagrodzenie. Praca na budowie jest jednak jedn\u0105 z ci\u0119\u017cszych i do\u015b\u0107 trudnych pod wzgl\u0119dem kondycji fizycznej, ale r\u00f3wnie\u017c zwa\u017cywszy na warunki atmosferyczne. Dlatego tak bardzo wa\u017cne s\u0105 odpowiednie kwalifikacje i niezb\u0119dne umiej\u0119tno\u015bci, dzi\u0119ki kt\u00f3rym pracownicy utrzymaj\u0105 bezpieczne warunki pracy.&nbsp; Wymagania, jakie nale\u017cy [&hellip;]<\/p>\n","protected":false},"author":10,"featured_media":2965,"parent":2266,"menu_order":0,"comment_status":"closed","ping_status":"closed","template":"","meta":{"footnotes":""},"class_list":["post-2963","page","type-page","status-publish","has-post-thumbnail","hentry"],"aioseo_notices":[],"_links":{"self":[{"href":"https:\/\/szkolenia-udt.pl\/nb\/wp-json\/wp\/v2\/pages\/2963","targetHints":{"allow":["GET"]}}],"collection":[{"href":"https:\/\/szkolenia-udt.pl\/nb\/wp-json\/wp\/v2\/pages"}],"about":[{"href":"https:\/\/szkolenia-udt.pl\/nb\/wp-json\/wp\/v2\/types\/page"}],"author":[{"embeddable":true,"href":"https:\/\/szkolenia-udt.pl\/nb\/wp-json\/wp\/v2\/users\/10"}],"replies":[{"embeddable":true,"href":"https:\/\/szkolenia-udt.pl\/nb\/wp-json\/wp\/v2\/comments?post=2963"}],"version-history":[{"count":11,"href":"https:\/\/szkolenia-udt.pl\/nb\/wp-json\/wp\/v2\/pages\/2963\/revisions"}],"predecessor-version":[{"id":5811,"href":"https:\/\/szkolenia-udt.pl\/nb\/wp-json\/wp\/v2\/pages\/2963\/revisions\/5811"}],"up":[{"embeddable":true,"href":"https:\/\/szkolenia-udt.pl\/nb\/wp-json\/wp\/v2\/pages\/2266"}],"wp:featuredmedia":[{"embeddable":true,"href":"https:\/\/szkolenia-udt.pl\/nb\/wp-json\/wp\/v2\/media\/2965"}],"wp:attachment":[{"href":"https:\/\/szkolenia-udt.pl\/nb\/wp-json\/wp\/v2\/media?parent=2963"}],"curies":[{"name":"wp","href":"https:\/\/api.w.org\/{rel}","templated":true}]}}