{"id":2973,"date":"2022-06-28T14:46:18","date_gmt":"2022-06-28T12:46:18","guid":{"rendered":"https:\/\/szkolenia-udt.pl\/?page_id=2973"},"modified":"2025-07-19T22:59:31","modified_gmt":"2025-07-19T20:59:31","slug":"strona-glowna","status":"publish","type":"page","link":"https:\/\/szkolenia-udt.pl\/","title":{"rendered":"Hjemmeside"},"content":{"rendered":"<div class=\"roww\">\n<div class=\"podzial\">\n<h2>Gaffeltrucker - ta UDT-sertifikat!<\/h2>\n<p><a href=\"https:\/\/szkolenia-udt.pl\/wp-content\/uploads\/2014\/11\/wozki1a.jpg\"><img loading=\"lazy\" decoding=\"async\" class=\"alignright wp-image-1203 size-full\" src=\"https:\/\/szkolenia-udt.pl\/wp-content\/uploads\/2014\/11\/wozki1a.jpg\" alt=\"\" width=\"300\" height=\"225\" srcset=\"https:\/\/szkolenia-udt.pl\/wp-content\/uploads\/2014\/11\/wozki1a.jpg 300w, https:\/\/szkolenia-udt.pl\/wp-content\/uploads\/2014\/11\/wozki1a-135x100.jpg 135w\" sizes=\"auto, (max-width: 300px) 100vw, 300px\" \/><\/a>Gaffeltrucksertifikat er et av de mest etterspurte kursene, og hos oss f\u00e5r du omfattende kunnskap og ferdigheter for \u00e5 best\u00e5 UDT-eksamen. I v\u00e5rt tilbud finner du kurs for gaffeltrucker og teleskoptrucker og relatert utstyr, inkludert:<\/p>\n<ul>\n<li>h\u00f8y lagring,<\/li>\n<li>l\u00f8fting,<\/li>\n<li>l\u00f8fte operat\u00f8ren og lasten,<\/li>\n<li>med variabelt overheng,<\/li>\n<li>teleskoptrucker,<\/li>\n<li>gaffeltrucker.<\/li>\n<\/ul>\n<p><a class=\"read-more bttn\" href=\"https:\/\/szkolenia-udt.pl\/nb\/kurs\/gaffeltrucker\/\">Les mer<\/a><\/p>\n<\/div>\n<div class=\"podzial\">\n<h2>L\u00f8fteplattformer og taljer - UDT-oppl\u00e6ring<\/h2>\n<p><a href=\"https:\/\/szkolenia-udt.pl\/wp-content\/uploads\/2014\/11\/platf-no\u017cycowaa.jpg\"><img loading=\"lazy\" decoding=\"async\" class=\"alignright wp-image-1208 size-full\" src=\"https:\/\/szkolenia-udt.pl\/wp-content\/uploads\/2014\/11\/platf-no\u017cycowaa.jpg\" alt=\"\" width=\"300\" height=\"225\" srcset=\"https:\/\/szkolenia-udt.pl\/wp-content\/uploads\/2014\/11\/platf-no\u017cycowaa.jpg 300w, https:\/\/szkolenia-udt.pl\/wp-content\/uploads\/2014\/11\/platf-no\u017cycowaa-135x100.jpg 135w\" sizes=\"auto, (max-width: 300px) 100vw, 300px\" \/><\/a>Vi tilbyr profesjonelle kurs for \u00e5 forberede deg til UDT-eksamen til attraktive priser. Takket v\u00e6re oss f\u00e5r du kunnskap og ferdigheter til \u00e5 betjene plattformer og heiser som f.eks:<\/p>\n<ul>\n<li>mobile plattformer,<\/li>\n<li>arbeidsplattformer,<\/li>\n<li>sakselifter,<\/li>\n<li>henge- og masteplattformer,<\/li>\n<li>kj\u00f8ret\u00f8y og jernbaneplattformer,<\/li>\n<li>stasjon\u00e6re og fritt bevegelige plattformer,<\/li>\n<li>og lasting.<\/li>\n<\/ul>\n<p><a class=\"read-more bttn\" href=\"https:\/\/szkolenia-udt.pl\/nb\/kurs\/mobile-plattformer\/\">Les mer<\/a><\/p>\n<\/div>\n<\/div>\n<div class=\"roww\">\n<div class=\"podzial\">\n<h2>H\u00f8ydetrening\/Alpinist\/IRATA-trening<\/h2>\n<p><a href=\"https:\/\/szkolenia-udt.pl\/wp-content\/uploads\/2021\/11\/pracawysok.jpg\"><img loading=\"lazy\" decoding=\"async\" class=\"alignright wp-image-2578 size-medium\" src=\"https:\/\/szkolenia-udt.pl\/wp-content\/uploads\/2021\/11\/pracawysok-300x200.jpg\" alt=\"\" width=\"300\" height=\"200\" srcset=\"https:\/\/szkolenia-udt.pl\/wp-content\/uploads\/2021\/11\/pracawysok-300x200.jpg 300w, https:\/\/szkolenia-udt.pl\/wp-content\/uploads\/2021\/11\/pracawysok-1024x681.jpg 1024w, https:\/\/szkolenia-udt.pl\/wp-content\/uploads\/2021\/11\/pracawysok-768x511.jpg 768w, https:\/\/szkolenia-udt.pl\/wp-content\/uploads\/2021\/11\/pracawysok-1536x1022.jpg 1536w, https:\/\/szkolenia-udt.pl\/wp-content\/uploads\/2021\/11\/pracawysok.jpg 1551w\" sizes=\"auto, (max-width: 300px) 100vw, 300px\" \/><\/a>Fjellklatring blir stadig mer popul\u00e6rt, og dermed \u00f8ker ogs\u00e5 behovet for oppl\u00e6ring i h\u00f8yden. Vi vet hvor viktig sikkerhet er ved arbeid i h\u00f8yden, og derfor legger vi stor vekt p\u00e5 dette i undervisningen. Vi tilbyr oppl\u00e6ring i alle typer trening:<\/p>\n<ul>\n<li>tilgang til konstruksjonen (inkludert bruk av sele),<\/li>\n<li>tilkomst til bygg og anlegg med innslag av tilkomstteknikker med tau,<\/li>\n<li>opprettelse av midlertidige sikringspunkter,<\/li>\n<li>fjellklatringstrening i tilkomstteknikker,<\/li>\n<li>oppl\u00e6ring i evakuering av personer i h\u00f8yden,<\/li>\n<li>oppl\u00e6ring i evakuering av personer fra trange rom,<\/li>\n<li>IRATA-kurs - alle niv\u00e5er L1, L2 og L3.<\/li>\n<\/ul>\n<p><a class=\"read-more bttn\" href=\"https:\/\/szkolenia-udt.pl\/nb\/kurs\/arbeid-i-hoyden\/\">Les mer<\/a><\/p>\n<\/div>\n<div class=\"podzial\">\n<h2>Traverskraner, taljer og vinsjer, kraner og signalmann - krok<\/h2>\n<p><a href=\"https:\/\/szkolenia-udt.pl\/wp-content\/uploads\/2021\/09\/suwnice_1.jpg\"><img loading=\"lazy\" decoding=\"async\" class=\"alignright wp-image-2517 size-medium\" src=\"https:\/\/szkolenia-udt.pl\/wp-content\/uploads\/2021\/09\/suwnice_1-300x252.jpg\" alt=\"\" width=\"300\" height=\"252\" srcset=\"https:\/\/szkolenia-udt.pl\/wp-content\/uploads\/2021\/09\/suwnice_1-300x252.jpg 300w, https:\/\/szkolenia-udt.pl\/wp-content\/uploads\/2021\/09\/suwnice_1-1024x859.jpg 1024w, https:\/\/szkolenia-udt.pl\/wp-content\/uploads\/2021\/09\/suwnice_1-768x644.jpg 768w, https:\/\/szkolenia-udt.pl\/wp-content\/uploads\/2021\/09\/suwnice_1.jpg 1455w\" sizes=\"auto, (max-width: 300px) 100vw, 300px\" \/><\/a>Vi inviterer deg til v\u00e5rt senter for oppl\u00e6ring i bruk av l\u00f8fteutstyr. V\u00e5rt kurstilbud gir deg kunnskaper og ferdigheter til \u00e5 arbeide i stillinger som f.eks:<\/p>\n<ul>\n<li>kraner,<\/li>\n<li>taljer<\/li>\n<li>vinsjer,<\/li>\n<li>kraner,<\/li>\n<li>signalgiver-hooker.<\/li>\n<\/ul>\n<p><a class=\"read-more bttn\" href=\"https:\/\/szkolenia-udt.pl\/nb\/kurs\/kraner-2\/\">Les mer<\/a><\/p>\n<\/div>\n<\/div>\n<div class=\"roww\">\n<div class=\"podzial\">\n<h2>HDS-kraner og t\u00e5rnkraner - UDT-kurs<\/h2>\n<p><a href=\"https:\/\/szkolenia-udt.pl\/wp-content\/uploads\/2015\/07\/reshds_wywrotka_trojstronna_W3F_Volvo_6x4_2.jpg\"><img loading=\"lazy\" decoding=\"async\" class=\"alignright wp-image-1361 size-full\" src=\"https:\/\/szkolenia-udt.pl\/wp-content\/uploads\/2015\/07\/reshds_wywrotka_trojstronna_W3F_Volvo_6x4_2.jpg\" alt=\"\" width=\"300\" height=\"225\" srcset=\"https:\/\/szkolenia-udt.pl\/wp-content\/uploads\/2015\/07\/reshds_wywrotka_trojstronna_W3F_Volvo_6x4_2.jpg 300w, https:\/\/szkolenia-udt.pl\/wp-content\/uploads\/2015\/07\/reshds_wywrotka_trojstronna_W3F_Volvo_6x4_2-135x100.jpg 135w\" sizes=\"auto, (max-width: 300px) 100vw, 300px\" \/><\/a>Vi inviterer deg til kurs for \u00e5 f\u00e5 autorisasjon til \u00e5 betjene kraner, fra t\u00e5rnkraner til HDS. Vi har avdelinger i de st\u00f8rste byene i Polen, og i tillegg er vi klare til \u00e5 reise til det stedet kunden \u00f8nsker. I v\u00e5rt tilbud finner du kurs for kraner:<\/p>\n<ul>\n<li>t\u00e5rn,<\/li>\n<li>selvg\u00e5ende,<\/li>\n<li>b\u00e6rbar HDS,<\/li>\n<li>stasjon\u00e6r,<\/li>\n<li>jernbaner og p\u00e5 jernbanekj\u00f8ret\u00f8y,<\/li>\n<li>skinne,<\/li>\n<li>om bord,<\/li>\n<li>flytende,<\/li>\n<li>skipsbygging.<\/li>\n<\/ul>\n<p><a class=\"read-more bttn\" href=\"https:\/\/szkolenia-udt.pl\/nb\/kurs\/hds\/\">Les mer<\/a><\/p>\n<\/div>\n<div class=\"podzial\">\n<h2>Stillasmont\u00f8r - UDT-oppl\u00e6ring<\/h2>\n<p><a href=\"https:\/\/szkolenia-udt.pl\/wp-content\/uploads\/2022\/05\/D25_142_240_1200.jpg\"><img loading=\"lazy\" decoding=\"async\" class=\"size-medium wp-image-2786 alignright\" src=\"https:\/\/szkolenia-udt.pl\/wp-content\/uploads\/2022\/05\/D25_142_240_1200-300x200.jpg\" alt=\"\" width=\"300\" height=\"200\" srcset=\"https:\/\/szkolenia-udt.pl\/wp-content\/uploads\/2022\/05\/D25_142_240_1200-300x200.jpg 300w, https:\/\/szkolenia-udt.pl\/wp-content\/uploads\/2022\/05\/D25_142_240_1200-1024x683.jpg 1024w, https:\/\/szkolenia-udt.pl\/wp-content\/uploads\/2022\/05\/D25_142_240_1200-768x512.jpg 768w, https:\/\/szkolenia-udt.pl\/wp-content\/uploads\/2022\/05\/D25_142_240_1200.jpg 1200w\" sizes=\"auto, (max-width: 300px) 100vw, 300px\" \/><\/a>Kom til v\u00e5rt senter for oppl\u00e6ring i stillasmontering, hos oss f\u00e5r du kunnskap og ferdigheter som er nyttige n\u00e5r du arbeider i denne stillingen. Takket v\u00e6re oss vil du l\u00e6re:<\/p>\n<ul>\n<li>regler for montering av metallstillas,<\/li>\n<li>prinsipper for montering av st\u00e5lr\u00f8r og systemstillas,<\/li>\n<li>regler for demontering av stillas.<\/li>\n<\/ul>\n<p><a class=\"read-more bttn\" href=\"https:\/\/szkolenia-udt.pl\/nb\/kurs\/stillasbygger\/\">Les mer<\/a><\/p>\n<\/div>\n<\/div>\n<div class=\"roww\">\n<div class=\"podzial\">\n<h2>Oppl\u00e6ring i UDT-autorisasjon<\/h2>\n<p>Vi vil gjerne invitere deg til senteret v\u00e5rt for \u00e5 ta kurs i utstyr som krever UDT-lisens. Takket v\u00e6re v\u00e5re ansattes erfaring og kunnskaper vil eksamenen v\u00e6re en ren formalitet som gj\u00f8r at du kan begynne \u00e5 jobbe som operat\u00f8r av et av apparatene som er oppf\u00f8rt nedenfor:<\/p>\n<ul>\n<li><a href=\"https:\/\/szkolenia-udt.pl\/wp-content\/uploads\/2021\/08\/szkolenia-udt.pl-0014-OPUBLIKOWANY-v11.jpg\"><img loading=\"lazy\" decoding=\"async\" class=\"alignright wp-image-2495 size-medium\" src=\"https:\/\/szkolenia-udt.pl\/wp-content\/uploads\/2021\/08\/szkolenia-udt.pl-0014-OPUBLIKOWANY-v11-300x200.jpg\" alt=\"UDT-vedlikeholdsarbeideren utf\u00f8rer reparasjoner p\u00e5 arbeidsplattformen under overholdelse av helse- og sikkerhetsregler og forskrifter for teknisk tilsyn.\" width=\"300\" height=\"200\" srcset=\"https:\/\/szkolenia-udt.pl\/wp-content\/uploads\/2021\/08\/szkolenia-udt.pl-0014-OPUBLIKOWANY-v11-300x200.jpg 300w, https:\/\/szkolenia-udt.pl\/wp-content\/uploads\/2021\/08\/szkolenia-udt.pl-0014-OPUBLIKOWANY-v11-1024x683.jpg 1024w, https:\/\/szkolenia-udt.pl\/wp-content\/uploads\/2021\/08\/szkolenia-udt.pl-0014-OPUBLIKOWANY-v11-768x512.jpg 768w, https:\/\/szkolenia-udt.pl\/wp-content\/uploads\/2021\/08\/szkolenia-udt.pl-0014-OPUBLIKOWANY-v11.jpg 1200w\" sizes=\"auto, (max-width: 300px) 100vw, 300px\" \/><\/a>vinsjer og taljer,<\/li>\n<li>kraner,<\/li>\n<li>stasjon\u00e6re kraner,<\/li>\n<li>mobilkraner,<\/li>\n<li>t\u00e5rn- og h\u00f8yhastighetskraner,<\/li>\n<li>mobile og b\u00e6rbare kraner,<\/li>\n<li>stablerkraner,<\/li>\n<li>vareheiser,<\/li>\n<li>skipsheiser,<\/li>\n<li>Suspenderte mobile plattformer,<\/li>\n<li>stasjon\u00e6re mobile plattformer,<\/li>\n<li>mobile plattformer med mast,<\/li>\n<li>trucker,<\/li>\n<li>byggekraner,<\/li>\n<li>vare- og personheiser.<\/li>\n<\/ul>\n<p><a class=\"read-more bttn\" href=\"https:\/\/szkolenia-udt.pl\/nb\/kurs\/udt-entitlements-tdt-wdt\/\">Les mer<\/a><\/p>\n<\/div>\n<div class=\"podzial\">\n<h2>Sveisekurs<\/h2>\n<p><a href=\"https:\/\/szkolenia-udt.pl\/wp-content\/uploads\/2022\/01\/spawanie_szkoleniaudt.jpg\"><img loading=\"lazy\" decoding=\"async\" class=\"size-medium wp-image-2584 alignright\" src=\"https:\/\/szkolenia-udt.pl\/wp-content\/uploads\/2022\/01\/spawanie_szkoleniaudt-300x200.jpg\" alt=\"En teknikk for sammenf\u00f8yning av metall med tr\u00e5d som bindemiddel.\" width=\"300\" height=\"200\" srcset=\"https:\/\/szkolenia-udt.pl\/wp-content\/uploads\/2022\/01\/spawanie_szkoleniaudt-300x200.jpg 300w, https:\/\/szkolenia-udt.pl\/wp-content\/uploads\/2022\/01\/spawanie_szkoleniaudt-1024x683.jpg 1024w, https:\/\/szkolenia-udt.pl\/wp-content\/uploads\/2022\/01\/spawanie_szkoleniaudt-768x512.jpg 768w, https:\/\/szkolenia-udt.pl\/wp-content\/uploads\/2022\/01\/spawanie_szkoleniaudt.jpg 1483w\" sizes=\"auto, (max-width: 300px) 100vw, 300px\" \/><\/a>Hos oss f\u00e5r du et sveisekurs som gir deg kunnskaper og ferdigheter som hjelper deg med \u00e5 f\u00e5 jobb i denne stillingen. Hos oss l\u00e6rer du ikke bare \u00e5 sveise, men ogs\u00e5 \u00e5 lodde og sveise. I v\u00e5rt tilbud:<\/p>\n<p><strong>Sveising:\u00a0\u00a0<\/strong><\/p>\n<ul>\n<li>MIG\/MAG,<\/li>\n<li>TIG,<\/li>\n<li>MMA,<\/li>\n<li>SAW,<\/li>\n<li>plasmabuesveising,.<\/li>\n<\/ul>\n<p><strong>Sveising:\u00a0\u00a0<\/strong><\/p>\n<ul>\n<li>elektrofusjon,<\/li>\n<li>butt-end.<\/li>\n<\/ul>\n<p><strong>Lodding:\u00a0\u00a0<\/strong><\/p>\n<ul>\n<li>myk,<\/li>\n<li>HARD.<\/li>\n<\/ul>\n<p><a class=\"read-more bttn\" href=\"https:\/\/szkolenia-udt.pl\/nb\/kurs\/sveising\/\">Les mer<\/a><\/p>\n<\/div>\n<\/div>\n<div class=\"roww\">\n<div class=\"podzial\">\n<h2>Flensforbindelser - kurs<\/h2>\n<p>Kom til senteret v\u00e5rt for et kurs som l\u00e6rer deg \u00e5 montere flensforbindelser p\u00e5 riktig m\u00e5te. Den \u00f8kende ettersp\u00f8rselen etter denne typen arbeid gj\u00f8r at det er behov for kvalifiserte spesialister p\u00e5 omr\u00e5det. Kursene gjennomf\u00f8res i henhold til PN EN 1591-4.<\/p>\n<p><a class=\"read-more bttn\" href=\"https:\/\/szkolenia-udt.pl\/nb\/kurs\/udt-entitlements-tdt-wdt\/montering-av-flensforbindelser-2\/\">Les mer<\/a><\/p>\n<\/div>\n<div class=\"podzial\">\n<h2>Periodisk oppl\u00e6ring i helse og sikkerhet p\u00e5 arbeidsplassen<\/h2>\n<p><a href=\"https:\/\/szkolenia-udt.pl\/wp-content\/uploads\/2022\/06\/oso.edu_.pl-84-91-0K2A8465.jpg\"><img loading=\"lazy\" decoding=\"async\" class=\"alignright\" src=\"https:\/\/szkolenia-udt.pl\/wp-content\/uploads\/2022\/06\/oso.edu_.pl-84-91-0K2A8465-300x200.jpg\" alt=\"\" width=\"300\" height=\"200\" \/><\/a>Alle arbeidsgivere er forpliktet til \u00e5 gi de ansatte tilstrekkelig oppl\u00e6ring i helse og sikkerhet. I tillegg til den grunnleggende oppl\u00e6ringen som en ansatt m\u00e5 f\u00e5 n\u00e5r han eller hun begynner i stillingen, b\u00f8r alle ansatte f\u00e5 regelmessig oppl\u00e6ring med noen \u00e5rs mellomrom.<\/p>\n<ul>\n<li>For helse- og sikkerhetspersonell<\/li>\n<li>For arbeidsgivere<\/li>\n<li>For arbeidere<\/li>\n<li>For ingeni\u00f8rer og teknisk personale<\/li>\n<\/ul>\n<p><a class=\"read-more bttn\" href=\"https:\/\/szkolenia-udt.pl\/nb\/kurs\/brann-og-sikkerhet\/risikofylt-arbeid\/\">Les mer<\/a><\/p>\n<\/div>\n<\/div>\n<div class=\"roww\">\n<div class=\"podzial\">\n<h2>Godskraner<\/h2>\n<p>Kraner, ogs\u00e5 kjent som heiser, brukes til \u00e5 flytte varer eller personer vertikalt. De forveksles ofte med hele gruppen av kraner som de er en del av. Det kreves spesiell UDT-oppl\u00e6ring for \u00e5 betjene en kran. Typer av kraner:<\/p>\n<ul>\n<li>sjakt (heiser)<\/li>\n<li>rundskriv<\/li>\n<li>vertikal konstruksjon<\/li>\n<li>havn<\/li>\n<li>skr\u00e5nende<\/li>\n<\/ul>\n<p><a class=\"read-more bttn\" href=\"https:\/\/szkolenia-udt.pl\/nb\/kurs\/udt-entitlements-tdt-wdt\/\">Les mer<\/a><\/p>\n<\/div>\n<div class=\"podzial\">\n<h2>Kursene G1, G2, G3<\/h2>\n<p><a href=\"https:\/\/szkolenia-udt.pl\/wp-content\/uploads\/2017\/12\/SEP_2016-1030x687.jpg\"><img loading=\"lazy\" decoding=\"async\" class=\"size-medium wp-image-1943 alignright\" src=\"https:\/\/szkolenia-udt.pl\/wp-content\/uploads\/2017\/12\/SEP_2016-1030x687-300x200.jpg\" alt=\"\" width=\"300\" height=\"200\" srcset=\"https:\/\/szkolenia-udt.pl\/wp-content\/uploads\/2017\/12\/SEP_2016-1030x687-300x200.jpg 300w, https:\/\/szkolenia-udt.pl\/wp-content\/uploads\/2017\/12\/SEP_2016-1030x687-768x512.jpg 768w, https:\/\/szkolenia-udt.pl\/wp-content\/uploads\/2017\/12\/SEP_2016-1030x687-1024x683.jpg 1024w, https:\/\/szkolenia-udt.pl\/wp-content\/uploads\/2017\/12\/SEP_2016-1030x687.jpg 1030w\" sizes=\"auto, (max-width: 300px) 100vw, 300px\" \/><\/a>Vi holder kurs som forbereder deg til eksamener foran SEP, PSE, SIMP, SITPS-kommisjoner i G1-, G2- og G3-kategoriene - hvis du \u00f8nsker \u00e5 f\u00e5 autorisasjoner opp til 1 kV eller h\u00f8yere, tilbyr v\u00e5rt senter en omfattende og profesjonell tjeneste.  Sammen med oss kan du enda enklere f\u00e5 autorisasjoner fra SEP, PSE, SIMP, SITPS for kategoriene G1 - elektrisitet, G2 - varme og G3 - gass. Autorisasjonene gir deg mulighet til \u00e5 arbeide med:<\/p>\n<div style=\"float: left; width: 50%;\">\n<p>G1:<\/p>\n<ul>\n<li>produksjonsutstyr<\/li>\n<li>elektrolyseutstyr<\/li>\n<li>elektrotermisk utstyr<\/li>\n<li>kontroll- og m\u00e5leutstyr<\/li>\n<\/ul>\n<p>G2:<\/p>\n<ul>\n<li>damp- og vannkjeler<\/li>\n<li>pumper og vifter<\/li>\n<li>kompressorer<\/li>\n<li>termiske installasjoner<\/li>\n<\/ul>\n<\/div>\n<div style=\"float: left; width: 50%;\">\n<p>G3:<\/p>\n<ul>\n<li>gassturbiner<\/li>\n<li>lagringsanlegg<\/li>\n<li>utstyr for produksjon av gassformig drivstoff<\/li>\n<\/ul>\n<\/div>\n<div style=\"clear: both;\"><a class=\"read-more bttn\" href=\"https:\/\/szkolenia-udt.pl\/nb\/kurs\/sep-g1-g2-g3\/\">Les mer<\/a><\/div>\n<\/div>\n<\/div>\n<div class=\"roww\">\n<div class=\"podzial\">\n<h2>Salg av utstyr<\/h2>\n<p>Vi oppfordrer deg til \u00e5 sjekke salgstilbudet v\u00e5rt<\/p>\n<ul>\n<li>HDS-kraner,<\/li>\n<li>gaffeltrucker,<\/li>\n<li>sakselifter og arbeidsplattformer,<\/li>\n<li>teleskoptrucker.<\/li>\n<\/ul>\n<p>Vi selger utstyr fra verdens mest popul\u00e6re merker til konkurransedyktige priser.<\/p>\n<ul>\n<li>Linde,<\/li>\n<li>Haulotte,<\/li>\n<li>Genie,<\/li>\n<li>Manitou,<\/li>\n<li>JLG,<\/li>\n<li>Fortsatt,<\/li>\n<li>Toyota,<\/li>\n<li>Jungheinrich.<\/li>\n<\/ul>\n<\/div>\n<div class=\"podzial\">\n<h2>Vedlikehold av utstyr<\/h2>\n<p>Vedlikehold av utstyret vi selger er av avgj\u00f8rende betydning for \u00e5 forlenge levetiden og sikre mange \u00e5rs feilfri drift. Prisen for vedlikehold av utstyr er langt lavere enn kostnadene som et plutselig sammenbrudd kan medf\u00f8re. V\u00e5rt firma tilbyr reparasjons- og vedlikeholdstjenester for det nevnte utstyret, og i tillegg tar vi ogs\u00e5 h\u00e5nd om kraner og andre typer mobile plattformer. Takket v\u00e6re oss vil utstyret ditt fungere som nytt!<\/p>\n<ul>\n<li>JLG,<\/li>\n<li>Fortsatt,<\/li>\n<li>Toyota,<\/li>\n<li>Haulotte,<\/li>\n<li>Genie,<\/li>\n<li>Manitou,<\/li>\n<li>Linde,<\/li>\n<li>Jungheinrich.<\/li>\n<\/ul>\n<\/div>\n<\/div>\n<div class=\"wyjustuj fullekran\">\n<h2 style=\"text-align: center;\">Sjekk ut detaljene i tilbudet v\u00e5rt n\u00e5, og meld deg p\u00e5 et kurs hos OSO Operator Training Centre!<\/h2>\n<div>\n<p>Nettbasert oppl\u00e6ring<\/p>\n<p>Kj\u00e6re herrer,<\/p>\n<p>CSO gjennomf\u00f8rer #BHP #UDT #TDT #SEP utdanning ved hjelp av moderne teknologi og Internett, i form av nettbasert e-l\u00e6ring og webinarer - lyd- og videooverf\u00f8ring i sanntid.<\/p>\n<p>E-kursene v\u00e5re #UDT #TDT #SEP #BHP og #Heights i tilkomstteknikk, samt for #Hooks eller #Sygnalists er tilgjengelige p\u00e5 nettstedet.<\/p>\n<p><a class=\"read-more bttn\" href=\"\/nb\/e-priser\/\">Les mer<\/a><\/p>\n<\/div>\n<\/div>","protected":false},"excerpt":{"rendered":"<p>W\u00f3zki wid\u0142owe &#8211; zdob\u0105d\u017a uprawnienia UDT! Uprawnienia na w\u00f3zki wid\u0142owe s\u0105 jednymi z najcz\u0119\u015bciej poszukiwanych kurs\u00f3w, z nami otrzymasz kompleksow\u0105 wiedz\u0119 i umiej\u0119tno\u015bci, dzi\u0119ki kt\u00f3rym zdasz egzamin UDT. W naszej ofercie znajdziesz kursy na w\u00f3zki wid\u0142owe i \u0142adowarki teleskopowe oraz pokrewne urz\u0105dzenia w tym: wysokiego sk\u0142adowania, podno\u015bnikowe, unosz\u0105ce operatora i \u0142adunek, ze zmiennym wysi\u0119giem, \u0142adowarki [&hellip;]<\/p>\n","protected":false},"author":3,"featured_media":0,"parent":0,"menu_order":0,"comment_status":"closed","ping_status":"closed","template":"template-home.php","meta":{"footnotes":""},"class_list":["post-2973","page","type-page","status-publish","hentry"],"aioseo_notices":[],"_links":{"self":[{"href":"https:\/\/szkolenia-udt.pl\/nb\/wp-json\/wp\/v2\/pages\/2973","targetHints":{"allow":["GET"]}}],"collection":[{"href":"https:\/\/szkolenia-udt.pl\/nb\/wp-json\/wp\/v2\/pages"}],"about":[{"href":"https:\/\/szkolenia-udt.pl\/nb\/wp-json\/wp\/v2\/types\/page"}],"author":[{"embeddable":true,"href":"https:\/\/szkolenia-udt.pl\/nb\/wp-json\/wp\/v2\/users\/3"}],"replies":[{"embeddable":true,"href":"https:\/\/szkolenia-udt.pl\/nb\/wp-json\/wp\/v2\/comments?post=2973"}],"version-history":[{"count":14,"href":"https:\/\/szkolenia-udt.pl\/nb\/wp-json\/wp\/v2\/pages\/2973\/revisions"}],"predecessor-version":[{"id":5728,"href":"https:\/\/szkolenia-udt.pl\/nb\/wp-json\/wp\/v2\/pages\/2973\/revisions\/5728"}],"wp:attachment":[{"href":"https:\/\/szkolenia-udt.pl\/nb\/wp-json\/wp\/v2\/media?parent=2973"}],"curies":[{"name":"wp","href":"https:\/\/api.w.org\/{rel}","templated":true}]}}