{"id":2986,"date":"2022-06-30T13:52:12","date_gmt":"2022-06-30T11:52:12","guid":{"rendered":"https:\/\/szkolenia-udt.pl\/?page_id=2986"},"modified":"2023-03-24T20:34:25","modified_gmt":"2023-03-24T19:34:25","slug":"tekniker-for-anleggsvedlikehold","status":"publish","type":"page","link":"https:\/\/szkolenia-udt.pl\/nb\/kursy\/uprawnienia-udt-tdt-wdt\/konserwator-urzadzen\/","title":{"rendered":"Kurs i vedlikehold av anlegg for funksjonshemmede"},"content":{"rendered":"<div class=\"wp-block-image\">\n<figure class=\"alignleft size-large is-resized\"><a href=\"https:\/\/szkolenia-udt.pl\/wp-content\/uploads\/2022\/06\/oso.edu_.pl-0027.jpg\"><img loading=\"lazy\" decoding=\"async\" src=\"https:\/\/szkolenia-udt.pl\/wp-content\/uploads\/2022\/06\/oso.edu_.pl-0027-1024x768.jpg\" alt=\"fotogalleri av deltakere p\u00e5 kurs i vedlikehold av utstyr for funksjonshemmede\" class=\"wp-image-2987\" width=\"512\" height=\"384\" srcset=\"https:\/\/szkolenia-udt.pl\/wp-content\/uploads\/2022\/06\/oso.edu_.pl-0027-1024x768.jpg 1024w, https:\/\/szkolenia-udt.pl\/wp-content\/uploads\/2022\/06\/oso.edu_.pl-0027-300x225.jpg 300w, https:\/\/szkolenia-udt.pl\/wp-content\/uploads\/2022\/06\/oso.edu_.pl-0027-768x576.jpg 768w, https:\/\/szkolenia-udt.pl\/wp-content\/uploads\/2022\/06\/oso.edu_.pl-0027-135x100.jpg 135w, https:\/\/szkolenia-udt.pl\/wp-content\/uploads\/2022\/06\/oso.edu_.pl-0027.jpg 1067w\" sizes=\"auto, (max-width: 512px) 100vw, 512px\" \/><\/a><\/figure>\n<\/div>\n\n\n<h2 class=\"wp-block-heading\">Teknisk tilsyn<\/h2>\n\n\n\n<p>I henhold til lovgivningen er utstyr for funksjonshemmede underlagt teknisk tilsyn. Det betyr at alle som er interessert i \u00e5 jobbe med vedlikehold av disse maskinene, m\u00e5 ha et sertifikat som er godkjent av Kontoret for teknisk inspeksjon. Det f\u00f8rste steget for \u00e5 f\u00e5 et autorisasjonsbevis er \u00e5 delta p\u00e5 et kurs for \u00e5 forberede seg til UDT-sertifiseringen i plattformvedlikehold.\u00a0\u00a0<\/p>\n\n\n\n<h2 class=\"wp-block-heading\"><strong>Oppl\u00e6ring i sivilsamfunnsorganisasjoner<\/strong>&nbsp;<\/h2>\n\n\n\n<p>Ved \u00e5 ta v\u00e5rt kurs i vedlikehold og installasjon av spesialutstyr for funksjonshemmede kan du forvente \u00e5 f\u00e5 den omfattende oppl\u00e6ringen som er n\u00f8dvendig for \u00e5 gj\u00f8re jobben din p\u00e5 dette omr\u00e5det. Du finner en detaljert beskrivelse av kurset om utstyr for funksjonshemmede i OSO-tilbudet. Slike kurs undervises av sertifiserte vedlikeholdere og mont\u00f8rer, s\u00e5 vi er sikre p\u00e5 at <a href=\"https:\/\/szkolenia-udt.pl\/nb\/kursy\/\">v\u00e5re oppl\u00e6ringskurs<\/a> vil v\u00e6re p\u00e5 h\u00f8yeste niv\u00e5.&nbsp;<\/p>\n\n\n\n<h2 class=\"wp-block-heading\"><strong>Omfanget av oppl\u00e6ringen<\/strong>\u00a0<\/h2>\n\n\n\n<p>Oppl\u00e6ringen v\u00e5r inkluderer:&nbsp;<\/p>\n\n\n\n<ul class=\"wp-block-list\">\n<li>installasjon av spesialutstyr for personer med nedsatt funksjonsevne,&nbsp;<\/li>\n\n\n\n<li>riktig vedlikehold av disse.\u00a0<\/li>\n<\/ul>\n\n\n<div class=\"wp-block-image\">\n<figure class=\"alignright size-full is-resized\"><a href=\"https:\/\/szkolenia-udt.pl\/wp-content\/uploads\/2022\/06\/oso.edu_.pl-0027.png\"><img loading=\"lazy\" decoding=\"async\" src=\"https:\/\/szkolenia-udt.pl\/wp-content\/uploads\/2022\/06\/oso.edu_.pl-0027.png\" alt=\"en funksjonshemmet person som beveger seg p\u00e5 en plattform p\u00e5 sykehuset\" class=\"wp-image-2988\" width=\"500\" height=\"334\" srcset=\"https:\/\/szkolenia-udt.pl\/wp-content\/uploads\/2022\/06\/oso.edu_.pl-0027.png 1000w, https:\/\/szkolenia-udt.pl\/wp-content\/uploads\/2022\/06\/oso.edu_.pl-0027-300x200.png 300w, https:\/\/szkolenia-udt.pl\/wp-content\/uploads\/2022\/06\/oso.edu_.pl-0027-768x512.png 768w\" sizes=\"auto, (max-width: 500px) 100vw, 500px\" \/><\/a><\/figure>\n<\/div>\n\n\n<h2 class=\"wp-block-heading\"><strong>Hva vil du l\u00e6re i l\u00f8pet av kurset?<\/strong>&nbsp;<\/h2>\n\n\n\n<p>Undervisningen gjennomf\u00f8res i to moduler - en teoretisk og en praktisk. I l\u00f8pet av den f\u00f8rste l\u00e6rer deltakerne grunnleggende informasjon om:&nbsp;<\/p>\n\n\n\n<ul class=\"wp-block-list\">\n<li>typer og konstruksjon av plattformer for transport av funksjonshemmede,&nbsp;<\/li>\n\n\n\n<li>typiske feil som vedlikeholdsingeni\u00f8rer av h\u00e5ndteringsutstyr st\u00e5r overfor,&nbsp;<\/li>\n\n\n\n<li>lovbestemmelser om arbeidet til en vedlikeholdsarbeider for personer med nedsatt funksjonsevne,&nbsp;<\/li>\n\n\n\n<li>oppgaver som vedlikeholdstekniker for utstyr,&nbsp;<\/li>\n\n\n\n<li>helse- og sikkerhetsregler.&nbsp;<\/li>\n<\/ul>\n\n\n\n<h2 class=\"wp-block-heading\"><strong>Rettigheter<\/strong>&nbsp;<\/h2>\n\n\n\n<p>UDT-sertifikatet er en bekreftelse p\u00e5 de ferdighetene du har tilegnet deg og et bevis p\u00e5 dine kvalifikasjoner. Dette er den eneste m\u00e5ten du lovlig kan h\u00e5ndtere utstyr for funksjonshemmede p\u00e5. Autorisasjonen til \u00e5 betjene og vedlikeholde lasteplattformer for transport av funksjonshemmede er gyldig i fem \u00e5r fra utstedelsen.&nbsp;<strong>&nbsp;<\/strong>&nbsp;<\/p>\n\n\n\n<h2 class=\"wp-block-heading\"><strong>Krav for \u00e5 delta p\u00e5 kurset<\/strong>&nbsp;<\/h2>\n\n\n\n<p>For \u00e5 kunne melde seg p\u00e5 kurset og dermed oppn\u00e5 UDT-kvalifikasjonen, m\u00e5 tre krav v\u00e6re oppfylt:&nbsp;<\/p>\n\n\n\n<ul class=\"wp-block-list\">\n<li>v\u00e6re over 18 \u00e5r gammel,&nbsp;<\/li>\n\n\n\n<li>har fullf\u00f8rt minst grunnskolen,&nbsp;<\/li>\n\n\n\n<li>ikke ha noen helsemessige kontraindikasjoner for yrket som konservator.&nbsp;<\/li>\n<\/ul>\n\n\n\n<h2 class=\"wp-block-heading\"><strong>Konservatorens ansvarsomr\u00e5der<\/strong>&nbsp;<\/h2>\n\n\n\n<p>Oppgavene til utstyrsvedlikeholderen inkluderer aktiviteter som:&nbsp;<\/p>\n\n\n\n<ul class=\"dwiekolumny wp-block-list\">\n<li>periodiske tekniske inspeksjoner,&nbsp;<\/li>\n\n\n\n<li>innledende tekniske inspeksjoner,\u00a0<\/li>\n\n\n\n<li>vedlikehold og modernisering av utstyr,&nbsp;<\/li>\n\n\n\n<li>utskifting av deler og v\u00e6sker,&nbsp;<\/li>\n\n\n\n<li>utbedring av feil,&nbsp;<\/li>\n\n\n\n<li>forebygging av ulykker,&nbsp;<\/li>\n\n\n\n<li>fullf\u00f8re teknisk dokumentasjon av utstyr.&nbsp;<\/li>\n<\/ul>\n\n\n\n<h2 class=\"wp-block-heading\"><strong>Hva er hjelpemidler for personer med nedsatt funksjonsevne?<\/strong>&nbsp;<\/h2>\n\n\n\n<p>Blant de mest popul\u00e6re enhetene av denne typen er plattformer. De finnes p\u00e5 kontorer, sykehus og andre offentlige steder. Her er eksempler p\u00e5 denne typen enheter:&nbsp;<\/p>\n\n\n\n<ul class=\"dwiekolumny wp-block-list\">\n<li>stolheiser,&nbsp;<\/li>\n\n\n\n<li>trinnplattformer,\u00a0<\/li>\n\n\n\n<li>vertikale plattformer,\u00a0<\/li>\n\n\n\n<li>vertikale plattformer uten sjakt.\u00a0<\/li>\n<\/ul>\n\n\n\n<h2 class=\"wp-block-heading\"><strong>Hvem er vi? - CSOS<\/strong>\u00a0<\/h2>\n\n\n\n<p>Vi har i mange \u00e5r levert omfattende oppl\u00e6ringstjenester til ulike yrkesgrupper. V\u00e5rt tilbud omfatter blant annet <a href=\"https:\/\/szkolenia-udt.pl\/nb\/kursy\/szkolenie-audytorskie-udt\/\">UDT-oppl\u00e6ring<\/a> og HDS, samt oppl\u00e6ring i arbeidsmilj\u00f8, brannsikkerhet og f\u00f8rstehjelp. Hos oss f\u00e5r du ikke bare de n\u00f8dvendige ferdighetene, men du l\u00e6rer ogs\u00e5 hvordan du kan jobbe p\u00e5 en trygg m\u00e5te.&nbsp;<\/p>\n\n\n\n<h2 class=\"wp-block-heading\"><strong>Annen informasjon om kurset<\/strong>&nbsp;<\/h2>\n\n\n\n<p>Vi tilbyr \u00e5pen og lukket oppl\u00e6ring. Vi trener i hele Polen, inkludert i Warszawa. Organiserte grupper og bedriftseiere <a href=\"https:\/\/szkolenia-udt.pl\/nb\/kontakt\/\">ta gjerne kontakt med oss<\/a> for \u00e5 bestemme dato og sted for oppl\u00e6ringen. P\u00e5 grunn av st\u00f8rrelsen p\u00e5 gruppene og typen oppl\u00e6ring fastsetter vi prisene individuelt sammen med kunden!&nbsp;<\/p>\n\n\n\n<p>Sjekk ut v\u00e5rt utvalg av \u00e5pne kurs!&nbsp;<\/p>\n\n\n\n<h2 class=\"wp-block-heading\"><strong>Vi svarer gjerne p\u00e5 sp\u00f8rsm\u00e5lene dine!<\/strong>\u00a0<\/h2>\n\n\n\n<p>Hvis du har sp\u00f8rsm\u00e5l om tjenestene v\u00e5re, er vi alltid tilgjengelige - ta kontakt med oss. Ta en titt p\u00e5 v\u00e5re <a href=\"https:\/\/szkolenia-udt.pl\/nb\/oferta\/\">fullstendig tilbud<\/a> oppl\u00e6ring som presenteres p\u00e5 nettstedet, og vi oppfordrer deg til \u00e5 velge v\u00e5re tjenester!&nbsp;&nbsp;&nbsp;<\/p>\n\n\n<div class=\"wp-block-image\">\n<figure class=\"aligncenter\"><a href=\"https:\/\/szkolenia-udt.pl\/wp-content\/uploads\/2022\/06\/0027-oso-urzadzenia-dla-osob-niepelnosprawnych.jpg\"><img loading=\"lazy\" decoding=\"async\" width=\"1024\" height=\"853\" src=\"https:\/\/szkolenia-udt.pl\/wp-content\/uploads\/2022\/06\/0027-oso-urzadzenia-dla-osob-niepelnosprawnych-1024x853.jpg\" alt=\"grafisk reklame for oppl\u00e6ringen\" class=\"wp-image-2990\" srcset=\"https:\/\/szkolenia-udt.pl\/wp-content\/uploads\/2022\/06\/0027-oso-urzadzenia-dla-osob-niepelnosprawnych-1024x853.jpg 1024w, https:\/\/szkolenia-udt.pl\/wp-content\/uploads\/2022\/06\/0027-oso-urzadzenia-dla-osob-niepelnosprawnych-300x250.jpg 300w, https:\/\/szkolenia-udt.pl\/wp-content\/uploads\/2022\/06\/0027-oso-urzadzenia-dla-osob-niepelnosprawnych-768x640.jpg 768w, https:\/\/szkolenia-udt.pl\/wp-content\/uploads\/2022\/06\/0027-oso-urzadzenia-dla-osob-niepelnosprawnych.jpg 1200w\" sizes=\"auto, (max-width: 1024px) 100vw, 1024px\" \/><\/a><\/figure>\n<\/div>","protected":false},"excerpt":{"rendered":"<p>Doz\u00f3r techniczny Wed\u0142ug przepis\u00f3w prawnych, urz\u0105dzenia dla os\u00f3b niepe\u0142nosprawnych s\u0105 obj\u0119te dozorem technicznym. Oznacza to, \u017ce dla wszystkich, kt\u00f3rzy s\u0105 zainteresowani prac\u0105 przy konserwacji tych maszyn, niezb\u0119dne b\u0119dzie uzyskanie certyfikatu zatwierdzonego przez Urz\u0105d Dozoru Technicznego. Pierwszym krokiem, jaki nale\u017cy wykona\u0107, by otrzyma\u0107 za\u015bwiadczenie uprawniaj\u0105ce, jest do\u0142\u0105czenie do kursu przygotowuj\u0105cego do uzyskania uprawnie\u0144 UDT w zakresie [&hellip;]<\/p>\n","protected":false},"author":10,"featured_media":2987,"parent":2266,"menu_order":0,"comment_status":"closed","ping_status":"closed","template":"","meta":{"footnotes":""},"class_list":["post-2986","page","type-page","status-publish","has-post-thumbnail","hentry"],"aioseo_notices":[],"_links":{"self":[{"href":"https:\/\/szkolenia-udt.pl\/nb\/wp-json\/wp\/v2\/pages\/2986","targetHints":{"allow":["GET"]}}],"collection":[{"href":"https:\/\/szkolenia-udt.pl\/nb\/wp-json\/wp\/v2\/pages"}],"about":[{"href":"https:\/\/szkolenia-udt.pl\/nb\/wp-json\/wp\/v2\/types\/page"}],"author":[{"embeddable":true,"href":"https:\/\/szkolenia-udt.pl\/nb\/wp-json\/wp\/v2\/users\/10"}],"replies":[{"embeddable":true,"href":"https:\/\/szkolenia-udt.pl\/nb\/wp-json\/wp\/v2\/comments?post=2986"}],"version-history":[{"count":7,"href":"https:\/\/szkolenia-udt.pl\/nb\/wp-json\/wp\/v2\/pages\/2986\/revisions"}],"predecessor-version":[{"id":4708,"href":"https:\/\/szkolenia-udt.pl\/nb\/wp-json\/wp\/v2\/pages\/2986\/revisions\/4708"}],"up":[{"embeddable":true,"href":"https:\/\/szkolenia-udt.pl\/nb\/wp-json\/wp\/v2\/pages\/2266"}],"wp:featuredmedia":[{"embeddable":true,"href":"https:\/\/szkolenia-udt.pl\/nb\/wp-json\/wp\/v2\/media\/2987"}],"wp:attachment":[{"href":"https:\/\/szkolenia-udt.pl\/nb\/wp-json\/wp\/v2\/media?parent=2986"}],"curies":[{"name":"wp","href":"https:\/\/api.w.org\/{rel}","templated":true}]}}