{"id":3004,"date":"2022-07-06T01:28:27","date_gmt":"2022-07-05T23:28:27","guid":{"rendered":"https:\/\/szkolenia-udt.pl\/?page_id=3004"},"modified":"2023-03-24T19:16:44","modified_gmt":"2023-03-24T18:16:44","slug":"praktisk-opplaering-i-fjellklatring","status":"publish","type":"page","link":"https:\/\/szkolenia-udt.pl\/nb\/kursy\/prace-wysokosciowe\/prace-alpinistyczne-szkolenie-praktyczne\/","title":{"rendered":"Fjellklatring - praktisk oppl\u00e6ring"},"content":{"rendered":"<h2 class=\"wp-block-heading\"><strong>Industriklatrer - hvordan bli en?<\/strong>\u00a0<\/h2>\n\n\n\n<p>Jobben som industriklatrer blir stadig mer popul\u00e6r, og yrket blir stadig mer etterspurt<a href=\"https:\/\/szkolenia-udt.pl\/wp-content\/uploads\/2022\/04\/bac0663d5b51544f4e23fcf9a15c377b.jpg\"><img loading=\"lazy\" decoding=\"async\" title=\"Oppl\u00e6ring av sivilsamfunnsorganisasjoner\" width=\"225\" height=\"300\" class=\"alignright\" src=\"https:\/\/szkolenia-udt.pl\/wp-content\/uploads\/2022\/04\/bac0663d5b51544f4e23fcf9a15c377b-225x300.jpg\" alt=\"Oppl\u00e6ring av sivilsamfunnsorganisasjoner\"><\/a> i arbeidsmarkedet. Det krever mot og profesjonalitet \u00e5 gj\u00f8re det. Det er ikke en jobb for folk med svake nerver. H\u00f8yder kan tross alt v\u00e6re veldig imponerende. En person med h\u00f8ydeskrekk kan absolutt ikke klare seg. I h\u00f8yden kan du gj\u00f8re mange forskjellige ting, for eksempel vinduspussing i kontorbygg, arbeid p\u00e5 oljerigger og ulike typer montering. For \u00e5 kunne jobbe i h\u00f8yden trenger du spesialisert oppl\u00e6ring, og derfor inviterer vi deg til \u00e5 delta p\u00e5 et kurs i regi av <a href=\"https:\/\/szkolenia-udt.pl\/nb\/o-firmie\/\">CSO Operat\u00f8roppl\u00e6ringssenter<\/a>.\u00a0<\/p>\n\n\n\n<h2 class=\"wp-block-heading\"><strong>Utforsk CSO-oppl\u00e6ring<\/strong>&nbsp;<\/h2>\n\n\n\n<p>Operator Training Centre har drevet oppl\u00e6ring av fagfolk i mange \u00e5r. Ved \u00e5 samarbeide med oss kan du effektivt tilegne deg blant annet <a href=\"https:\/\/szkolenia-udt.pl\/nb\/kursy\/prace-wysokosciowe\/kurs-alpinistyczny\/\">kvalifikasjoner for fjellklatring<\/a>.\u00a0<\/p>\n\n\n\n<h2 class=\"wp-block-heading\"><strong>Kategorier av arbeid i h\u00f8yden<\/strong>&nbsp;<\/h2>\n\n\n\n<p>Det finnes to kategorier av arbeid i h\u00f8yden:&nbsp;<\/p>\n\n\n\n<ul class=\"wp-block-list\">\n<li>Tilgang med tau,&nbsp;<\/li>\n\n\n\n<li>tilgang til bygningen.&nbsp;<\/li>\n<\/ul>\n\n\n\n<h2 class=\"wp-block-heading\"><strong>Omfanget av oppl\u00e6ringen<\/strong>&nbsp;<\/h2>\n\n\n\n<p>F\u00f8lgende informasjon blir gitt under oppl\u00e6ringen:&nbsp;<\/p>\n\n\n\n<ul class=\"dwiekolumny wp-block-list\">\n<li>typer trusler,&nbsp;<\/li>\n\n\n\n<li>individuell og kollektiv sikring,\u00a0<\/li>\n\n\n\n<li>krav til helse og sikkerhet,&nbsp;<\/li>\n\n\n\n<li>juridiske krav,&nbsp;<\/li>\n\n\n\n<li>redningsteknikker,&nbsp;<\/li>\n\n\n\n<li>praktiske ferdigheter,&nbsp;<\/li>\n\n\n\n<li>egenskaper ved verket.&nbsp;<\/li>\n<\/ul>\n\n\n\n<p>Etter \u00e5 ha fullf\u00f8rt kurset f\u00e5r eleven et sertifikat som gir rett til \u00e5 arbeide i h\u00f8yden i tre \u00e5r. Etterp\u00e5 m\u00e5 man ta et s\u00e5kalt oppfriskningskurs.&nbsp;<\/p>\n\n\n\n<div class=\"filmw\">\n<div class=\"responsive-youtube\"><iframe loading=\"lazy\" title=\"YouTube-videospiller\" src=\"https:\/\/www.youtube.com\/embed\/QcT4h2Z50M0\" width=\"560\" height=\"315\" frameborder=\"0\" allowfullscreen=\"allowfullscreen\"><\/iframe><\/div>\n<\/div>\n\n\n\n<h2 class=\"wp-block-heading\"><strong>Omfanget av arbeidet for en industriklatrer<\/strong>&nbsp;<\/h2>\n\n\n\n<p>Vi forbinder fjellklatring f\u00f8rst og fremst med \u00e5 bestige fjell. Men kunnskapen og ferdighetene kan ogs\u00e5 v\u00e6re nyttige i en spesifikk jobb. Klatrere kan ogs\u00e5 leies inn til renoverings-, reparasjons-, rengj\u00f8rings- og taktekkingsarbeid. Det kreves spesialutstyr og bruk av tauteknikk. En industriklatrer kan utf\u00f8re:\u00a0<\/p>\n\n\n\n<ul class=\"dwiekolumny wp-block-list\">\n<li>trefelling,&nbsp;<\/li>\n\n\n\n<li>reparasjon av takrenner,&nbsp;<\/li>\n\n\n\n<li>rengj\u00f8ring av fasader,&nbsp;<\/li>\n\n\n\n<li>sveisetjenester,&nbsp;<\/li>\n\n\n\n<li>aktiviteter i trange rom,&nbsp;<\/li>\n\n\n\n<li>r\u00f8rmontering,&nbsp;<\/li>\n\n\n\n<li>sn\u00f8rydding fra tak.&nbsp;<\/li>\n<\/ul>\n\n\n\n<p>En industriklatrer m\u00e5 ogs\u00e5 ha manuelle ferdigheter og b\u00f8r kunne h\u00e5ndtere grunnleggende verkt\u00f8y. Klatreerfaring er ogs\u00e5 sv\u00e6rt viktig i dette yrket, i tillegg til en lidenskapelig tiln\u00e6rming til arbeidet.\u00a0\u00a0<\/p>\n\n\n\n<h2 class=\"wp-block-heading\"><strong>Kombinere lidenskap med god avl\u00f8nning<\/strong>&nbsp;<\/h2>\n\n\n\n<p>L\u00f8nningene for industriklatrere er attraktive b\u00e5de i Polen og i utlandet. Industriklatring kan ut\u00f8ves av b\u00e5de menn og kvinner. Den mest aktive arbeidssesongen for en industriklatrer er sommeren, p\u00e5 grunn av gunstige v\u00e6rforhold. Mange klatrere jobber imidlertid ogs\u00e5 om vinteren, for eksempel med sn\u00f8rydding p\u00e5 tak eller vinduspussing.\u00a0\u00a0<\/p>\n\n\n\n<figure class=\"wp-block-video\"><video controls poster=\"https:\/\/szkolenia-udt.pl\/wp-content\/uploads\/2023\/03\/okladka-alpinista-OSO.jpg\" src=\"https:\/\/szkolenia-udt.pl\/wp-content\/uploads\/2023\/03\/wspinacz-SZKOLENIA-UDT.PL-OSO.mp4\"><\/video><\/figure>\n\n\n\n<h2 class=\"wp-block-heading\"><strong>Spesifikasjoner for arbeidet til en industriklatrer<\/strong><\/h2>\n\n\n\n<h4 class=\"wp-block-heading\"><strong>I yrket som industriklatrer er f\u00f8lgende sv\u00e6rt viktig:<\/strong>&nbsp;<\/h4>\n\n\n\n<ul class=\"dwiekolumny wp-block-list\">\n<li>arbeidssikkerhet,&nbsp;<\/li>\n\n\n\n<li>utholdenhet,&nbsp;<\/li>\n\n\n\n<li>styrke,&nbsp;<\/li>\n\n\n\n<li>\u00e5 bli voksen,&nbsp;<\/li>\n\n\n\n<li>klatreerfaring.&nbsp;<\/li>\n<\/ul>\n\n\n\n<p>Industriklatrere er hardf\u00f8re fagfolk som utf\u00f8rer arbeidet sitt med fullt ansvar. Yrket er krevende, men det er virkelig givende. Arbeidet utf\u00f8res av utvalgte spesialister.&nbsp;<\/p>\n\n\n\n<h4 class=\"wp-block-heading\"><strong>Viktige elementer i arbeidet til en fjellklatrer er for eksempel:<\/strong>&nbsp;<\/h4>\n\n\n\n<ul class=\"wp-block-list\">\n<li>fysisk forberedelse,&nbsp;<\/li>\n\n\n\n<li>mental forberedelse,&nbsp;<\/li>\n\n\n\n<li>klatreerfaring.&nbsp;<\/li>\n<\/ul>\n\n\n\n<p>Det skal bemerkes at strukturene som industrielle klatrere jobber med blir h\u00f8yere og h\u00f8yere. Arbeid i h\u00f8yden utf\u00f8res av representanter for moderne selskaper. En industriklatrer arbeider innen sv\u00e6rt forskjellige bransjer. Han eller hun kan utf\u00f8re service p\u00e5 kraftledninger, inspeksjon av telekommunikasjonsantenner og arbeid p\u00e5 oljerigger.\u00a0\u00a0<\/p>\n\n\n\n<h2 class=\"wp-block-heading\"><strong>Krav til praktikanter<\/strong>&nbsp;<\/h2>\n\n\n\n<p>For \u00e5 delta i oppl\u00e6ringen m\u00e5 du oppfylle f\u00f8lgende krav:&nbsp;&nbsp;<\/p>\n\n\n\n<ul class=\"wp-block-list\">\n<li>minst 18 \u00e5r gammel, &nbsp;<\/li>\n\n\n\n<li>ingen helsemessige kontraindikasjoner for \u00e5 jobbe.\u00a0<a href=\"https:\/\/szkolenia-udt.pl\/wp-content\/uploads\/2022\/04\/26-27767.png\"><img loading=\"lazy\" decoding=\"async\" title=\"Oppl\u00e6ring av sivilsamfunnsorganisasjoner\" width=\"300\" height=\"287\" class=\"alignright\" src=\"https:\/\/szkolenia-udt.pl\/wp-content\/uploads\/2022\/04\/26-27767-300x287.png\" alt=\"Oppl\u00e6ring av sivilsamfunnsorganisasjoner\"><\/a><\/li>\n\n\n\n<li>minst grunnskoleutdanning,&nbsp;<\/li>\n<\/ul>\n\n\n\n<h2 class=\"wp-block-heading\"><strong>Kostnader for oppl\u00e6ring<\/strong>&nbsp;<\/h2>\n\n\n\n<p>Prisene for fjellklatringstrening er sv\u00e6rt attraktive og mye lavere enn hos konkurrentene. N\u00e5r det gjelder lukkede kurs for st\u00f8rre organiserte grupper, gis det spesielle rabatter. Vi inviterer deg til \u00e5 kontakte oss for \u00e5 finne ut mer om <a href=\"https:\/\/szkolenia-udt.pl\/nb\/oferta\/\">fullstendig tilbud<\/a> <a href=\"https:\/\/szkolenia-udt.pl\/nb\/kursy\/\">v\u00e5re oppl\u00e6ringskurs<\/a> og meld deg p\u00e5 et utvalg av dem! Vi tilbyr attraktive priser, erfarne mentorer og et kvalifikasjonsbevis!\u00a0\u00a0<\/p>","protected":false},"excerpt":{"rendered":"<p>Alpinista przemys\u0142owy \u2013 jak nim zosta\u0107?\u00a0 Praca alpinisty przemys\u0142owego staje si\u0119 coraz popularniejsza, a zaw\u00f3d ten jest coraz bardziej poszukiwany na rynku pracy. Do jego wykonywania potrzebna jest odwaga i profesjonalizm. Nie jest to praca dla ludzi o s\u0142abych nerwach. Wysoko\u015bci mog\u0105 by\u0107 bowiem bardzo imponuj\u0105ce. Osoba z l\u0119kiem wysoko\u015bci z pewno\u015bci\u0105 sobie nie poradzi. [&hellip;]<\/p>\n","protected":false},"author":10,"featured_media":2659,"parent":1874,"menu_order":0,"comment_status":"closed","ping_status":"closed","template":"","meta":{"footnotes":""},"class_list":["post-3004","page","type-page","status-publish","has-post-thumbnail","hentry"],"aioseo_notices":[],"_links":{"self":[{"href":"https:\/\/szkolenia-udt.pl\/nb\/wp-json\/wp\/v2\/pages\/3004","targetHints":{"allow":["GET"]}}],"collection":[{"href":"https:\/\/szkolenia-udt.pl\/nb\/wp-json\/wp\/v2\/pages"}],"about":[{"href":"https:\/\/szkolenia-udt.pl\/nb\/wp-json\/wp\/v2\/types\/page"}],"author":[{"embeddable":true,"href":"https:\/\/szkolenia-udt.pl\/nb\/wp-json\/wp\/v2\/users\/10"}],"replies":[{"embeddable":true,"href":"https:\/\/szkolenia-udt.pl\/nb\/wp-json\/wp\/v2\/comments?post=3004"}],"version-history":[{"count":9,"href":"https:\/\/szkolenia-udt.pl\/nb\/wp-json\/wp\/v2\/pages\/3004\/revisions"}],"predecessor-version":[{"id":4672,"href":"https:\/\/szkolenia-udt.pl\/nb\/wp-json\/wp\/v2\/pages\/3004\/revisions\/4672"}],"up":[{"embeddable":true,"href":"https:\/\/szkolenia-udt.pl\/nb\/wp-json\/wp\/v2\/pages\/1874"}],"wp:featuredmedia":[{"embeddable":true,"href":"https:\/\/szkolenia-udt.pl\/nb\/wp-json\/wp\/v2\/media\/2659"}],"wp:attachment":[{"href":"https:\/\/szkolenia-udt.pl\/nb\/wp-json\/wp\/v2\/media?parent=3004"}],"curies":[{"name":"wp","href":"https:\/\/api.w.org\/{rel}","templated":true}]}}